{"id":242,"date":"2025-04-25T05:06:40","date_gmt":"2025-04-25T05:06:40","guid":{"rendered":"https:\/\/mostbet.tips\/tr\/?page_id=242"},"modified":"2026-01-12T10:05:57","modified_gmt":"2026-01-12T10:05:57","slug":"app","status":"publish","type":"page","link":"https:\/\/mostbet.tips\/tr\/app\/","title":{"rendered":"Uygulama"},"content":{"rendered":"","protected":false},"excerpt":{"rendered":"","protected":false},"author":1,"featured_media":0,"parent":0,"menu_order":0,"comment_status":"closed","ping_status":"closed","template":"","meta":{"footnotes":""},"yoast_head":"<!-- This site is optimized with the Yoast SEO plugin v23.0 - https:\/\/yoast.com\/wordpress\/plugins\/seo\/ -->\n<title>Android ve iOS i\u00e7in Mostbet uygulamas\u0131: nas\u0131l indirilir ve y\u00fcklenir<\/title>\n<meta name=\"description\" content=\"Android ve iOS i\u00e7in Mostbet uygulamas\u0131n\u0131 web sitemizden \u00fccretsiz indirin. Y\u00fckleyin ve en sevdi\u011finiz casino oyunlar\u0131n\u0131 oynay\u0131n ve do\u011frudan mobil cihaz\u0131n\u0131zda spor bahisleri yap\u0131n!\" \/>\n<meta name=\"robots\" content=\"index, follow, max-snippet:-1, max-image-preview:large, max-video-preview:-1\" \/>\n<meta property=\"og:locale\" content=\"tr_TR\" \/>\n<meta property=\"og:type\" content=\"article\" \/>\n<meta property=\"og:title\" content=\"Android ve iOS i\u00e7in Mostbet uygulamas\u0131: nas\u0131l indirilir ve y\u00fcklenir\" \/>\n<meta property=\"og:description\" content=\"Android ve iOS i\u00e7in Mostbet uygulamas\u0131n\u0131 web sitemizden \u00fccretsiz indirin. Y\u00fckleyin ve en sevdi\u011finiz casino oyunlar\u0131n\u0131 oynay\u0131n ve do\u011frudan mobil cihaz\u0131n\u0131zda spor bahisleri yap\u0131n!\" \/>\n<meta property=\"og:url\" content=\"https:\/\/mostbet.tips\/tr\/app\/\" \/>\n<meta property=\"og:site_name\" content=\"Mostbet TR\" \/>\n<meta property=\"article:modified_time\" content=\"2026-01-12T10:05:57+00:00\" \/>\n<meta name=\"twitter:card\" content=\"summary_large_image\" \/>\n<script type=\"application\/ld+json\" class=\"yoast-schema-graph\">{\"@context\":\"https:\/\/schema.org\",\"@graph\":[{\"@type\":\"WebPage\",\"@id\":\"https:\/\/mostbet.tips\/tr\/app\/\",\"url\":\"https:\/\/mostbet.tips\/tr\/app\/\",\"name\":\"Android ve iOS i\u00e7in Mostbet uygulamas\u0131: nas\u0131l indirilir ve y\u00fcklenir\",\"isPartOf\":{\"@id\":\"https:\/\/mostbet.tips\/tr\/#website\"},\"datePublished\":\"2025-04-25T05:06:40+00:00\",\"dateModified\":\"2026-01-12T10:05:57+00:00\",\"description\":\"Android ve iOS i\u00e7in Mostbet uygulamas\u0131n\u0131 web sitemizden \u00fccretsiz indirin. Y\u00fckleyin ve en sevdi\u011finiz casino oyunlar\u0131n\u0131 oynay\u0131n ve do\u011frudan mobil cihaz\u0131n\u0131zda spor bahisleri yap\u0131n!\",\"breadcrumb\":{\"@id\":\"https:\/\/mostbet.tips\/tr\/app\/#breadcrumb\"},\"inLanguage\":\"tr\",\"potentialAction\":[{\"@type\":\"ReadAction\",\"target\":[\"https:\/\/mostbet.tips\/tr\/app\/\"]}]},{\"@type\":\"BreadcrumbList\",\"@id\":\"https:\/\/mostbet.tips\/tr\/app\/#breadcrumb\",\"itemListElement\":[{\"@type\":\"ListItem\",\"position\":1,\"name\":\"Home\",\"item\":\"https:\/\/mostbet.tips\/tr\/\"},{\"@type\":\"ListItem\",\"position\":2,\"name\":\"Uygulama\"}]},{\"@type\":\"WebSite\",\"@id\":\"https:\/\/mostbet.tips\/tr\/#website\",\"url\":\"https:\/\/mostbet.tips\/tr\/\",\"name\":\"Mostbet TR\",\"description\":\"My WordPress Blog\",\"potentialAction\":[{\"@type\":\"SearchAction\",\"target\":{\"@type\":\"EntryPoint\",\"urlTemplate\":\"https:\/\/mostbet.tips\/tr\/?s={search_term_string}\"},\"query-input\":\"required name=search_term_string\"}],\"inLanguage\":\"tr\"}]}<\/script>\n<!-- \/ Yoast SEO plugin. -->","yoast_head_json":{"title":"Android ve iOS i\u00e7in Mostbet uygulamas\u0131: nas\u0131l indirilir ve y\u00fcklenir","description":"Android ve iOS i\u00e7in Mostbet uygulamas\u0131n\u0131 web sitemizden \u00fccretsiz indirin. Y\u00fckleyin ve en sevdi\u011finiz casino oyunlar\u0131n\u0131 oynay\u0131n ve do\u011frudan mobil cihaz\u0131n\u0131zda spor bahisleri yap\u0131n!","robots":{"index":"index","follow":"follow","max-snippet":"max-snippet:-1","max-image-preview":"max-image-preview:large","max-video-preview":"max-video-preview:-1"},"og_locale":"tr_TR","og_type":"article","og_title":"Android ve iOS i\u00e7in Mostbet uygulamas\u0131: nas\u0131l indirilir ve y\u00fcklenir","og_description":"Android ve iOS i\u00e7in Mostbet uygulamas\u0131n\u0131 web sitemizden \u00fccretsiz indirin. Y\u00fckleyin ve en sevdi\u011finiz casino oyunlar\u0131n\u0131 oynay\u0131n ve do\u011frudan mobil cihaz\u0131n\u0131zda spor bahisleri yap\u0131n!","og_url":"https:\/\/mostbet.tips\/tr\/app\/","og_site_name":"Mostbet TR","article_modified_time":"2026-01-12T10:05:57+00:00","twitter_card":"summary_large_image","schema":{"@context":"https:\/\/schema.org","@graph":[{"@type":"WebPage","@id":"https:\/\/mostbet.tips\/tr\/app\/","url":"https:\/\/mostbet.tips\/tr\/app\/","name":"Android ve iOS i\u00e7in Mostbet uygulamas\u0131: nas\u0131l indirilir ve y\u00fcklenir","isPartOf":{"@id":"https:\/\/mostbet.tips\/tr\/#website"},"datePublished":"2025-04-25T05:06:40+00:00","dateModified":"2026-01-12T10:05:57+00:00","description":"Android ve iOS i\u00e7in Mostbet uygulamas\u0131n\u0131 web sitemizden \u00fccretsiz indirin. Y\u00fckleyin ve en sevdi\u011finiz casino oyunlar\u0131n\u0131 oynay\u0131n ve do\u011frudan mobil cihaz\u0131n\u0131zda spor bahisleri yap\u0131n!","breadcrumb":{"@id":"https:\/\/mostbet.tips\/tr\/app\/#breadcrumb"},"inLanguage":"tr","potentialAction":[{"@type":"ReadAction","target":["https:\/\/mostbet.tips\/tr\/app\/"]}]},{"@type":"BreadcrumbList","@id":"https:\/\/mostbet.tips\/tr\/app\/#breadcrumb","itemListElement":[{"@type":"ListItem","position":1,"name":"Home","item":"https:\/\/mostbet.tips\/tr\/"},{"@type":"ListItem","position":2,"name":"Uygulama"}]},{"@type":"WebSite","@id":"https:\/\/mostbet.tips\/tr\/#website","url":"https:\/\/mostbet.tips\/tr\/","name":"Mostbet TR","description":"My WordPress Blog","potentialAction":[{"@type":"SearchAction","target":{"@type":"EntryPoint","urlTemplate":"https:\/\/mostbet.tips\/tr\/?s={search_term_string}"},"query-input":"required name=search_term_string"}],"inLanguage":"tr"}]}},"_links":{"self":[{"href":"https:\/\/mostbet.tips\/tr\/wp-json\/wp\/v2\/pages\/242"}],"collection":[{"href":"https:\/\/mostbet.tips\/tr\/wp-json\/wp\/v2\/pages"}],"about":[{"href":"https:\/\/mostbet.tips\/tr\/wp-json\/wp\/v2\/types\/page"}],"author":[{"embeddable":true,"href":"https:\/\/mostbet.tips\/tr\/wp-json\/wp\/v2\/users\/1"}],"replies":[{"embeddable":true,"href":"https:\/\/mostbet.tips\/tr\/wp-json\/wp\/v2\/comments?post=242"}],"version-history":[{"count":12,"href":"https:\/\/mostbet.tips\/tr\/wp-json\/wp\/v2\/pages\/242\/revisions"}],"predecessor-version":[{"id":374,"href":"https:\/\/mostbet.tips\/tr\/wp-json\/wp\/v2\/pages\/242\/revisions\/374"}],"wp:attachment":[{"href":"https:\/\/mostbet.tips\/tr\/wp-json\/wp\/v2\/media?parent=242"}],"curies":[{"name":"wp","href":"https:\/\/api.w.org\/{rel}","templated":true}]}}