{"id":228,"date":"2025-04-23T17:32:34","date_gmt":"2025-04-23T17:32:34","guid":{"rendered":"https:\/\/mostbet.tips\/tr\/?page_id=228"},"modified":"2025-05-18T08:11:52","modified_gmt":"2025-05-18T08:11:52","slug":"casino","status":"publish","type":"page","link":"https:\/\/mostbet.tips\/tr\/casino\/","title":{"rendered":"Kumarhane"},"content":{"rendered":"","protected":false},"excerpt":{"rendered":"","protected":false},"author":1,"featured_media":0,"parent":0,"menu_order":0,"comment_status":"closed","ping_status":"closed","template":"","meta":{"footnotes":""},"yoast_head":"<!-- This site is optimized with the Yoast SEO plugin v23.0 - https:\/\/yoast.com\/wordpress\/plugins\/seo\/ -->\n<title>Mostbet Kumarhane: \u2705 \u00c7evrimi\u00e7i kumar i\u00e7in en iyi se\u00e7iminiz<\/title>\n<meta name=\"description\" content=\"Mostbet Kumarhane: \u00c7evrimi\u00e7i kumar d\u00fcnyas\u0131ndaki g\u00fcvenilir orta\u011f\u0131n\u0131z. Kendinizi kumar tarihine b\u0131rak\u0131n ve Mostbet Casino&#039;da oynaman\u0131n avantajlar\u0131ndan yararlan\u0131n\" \/>\n<meta name=\"robots\" content=\"index, follow, max-snippet:-1, max-image-preview:large, max-video-preview:-1\" \/>\n<meta property=\"og:locale\" content=\"tr_TR\" \/>\n<meta property=\"og:type\" content=\"article\" \/>\n<meta property=\"og:title\" content=\"Mostbet Kumarhane: \u2705 \u00c7evrimi\u00e7i kumar i\u00e7in en iyi se\u00e7iminiz\" \/>\n<meta property=\"og:description\" content=\"Mostbet Kumarhane: \u00c7evrimi\u00e7i kumar d\u00fcnyas\u0131ndaki g\u00fcvenilir orta\u011f\u0131n\u0131z. Kendinizi kumar tarihine b\u0131rak\u0131n ve Mostbet Casino&#039;da oynaman\u0131n avantajlar\u0131ndan yararlan\u0131n\" \/>\n<meta property=\"og:url\" content=\"https:\/\/mostbet.tips\/tr\/casino\/\" \/>\n<meta property=\"og:site_name\" content=\"Mostbet TR\" \/>\n<meta property=\"article:modified_time\" content=\"2025-05-18T08:11:52+00:00\" \/>\n<meta name=\"twitter:card\" content=\"summary_large_image\" \/>\n<script type=\"application\/ld+json\" class=\"yoast-schema-graph\">{\"@context\":\"https:\/\/schema.org\",\"@graph\":[{\"@type\":\"WebPage\",\"@id\":\"https:\/\/mostbet.tips\/tr\/casino\/\",\"url\":\"https:\/\/mostbet.tips\/tr\/casino\/\",\"name\":\"Mostbet Kumarhane: \u2705 \u00c7evrimi\u00e7i kumar i\u00e7in en iyi se\u00e7iminiz\",\"isPartOf\":{\"@id\":\"https:\/\/mostbet.tips\/tr\/#website\"},\"datePublished\":\"2025-04-23T17:32:34+00:00\",\"dateModified\":\"2025-05-18T08:11:52+00:00\",\"description\":\"Mostbet Kumarhane: \u00c7evrimi\u00e7i kumar d\u00fcnyas\u0131ndaki g\u00fcvenilir orta\u011f\u0131n\u0131z. Kendinizi kumar tarihine b\u0131rak\u0131n ve Mostbet Casino'da oynaman\u0131n avantajlar\u0131ndan yararlan\u0131n\",\"breadcrumb\":{\"@id\":\"https:\/\/mostbet.tips\/tr\/casino\/#breadcrumb\"},\"inLanguage\":\"tr\",\"potentialAction\":[{\"@type\":\"ReadAction\",\"target\":[\"https:\/\/mostbet.tips\/tr\/casino\/\"]}]},{\"@type\":\"BreadcrumbList\",\"@id\":\"https:\/\/mostbet.tips\/tr\/casino\/#breadcrumb\",\"itemListElement\":[{\"@type\":\"ListItem\",\"position\":1,\"name\":\"Home\",\"item\":\"https:\/\/mostbet.tips\/tr\/\"},{\"@type\":\"ListItem\",\"position\":2,\"name\":\"Kumarhane\"}]},{\"@type\":\"WebSite\",\"@id\":\"https:\/\/mostbet.tips\/tr\/#website\",\"url\":\"https:\/\/mostbet.tips\/tr\/\",\"name\":\"Mostbet TR\",\"description\":\"My WordPress Blog\",\"potentialAction\":[{\"@type\":\"SearchAction\",\"target\":{\"@type\":\"EntryPoint\",\"urlTemplate\":\"https:\/\/mostbet.tips\/tr\/?s={search_term_string}\"},\"query-input\":\"required name=search_term_string\"}],\"inLanguage\":\"tr\"}]}<\/script>\n<!-- \/ Yoast SEO plugin. -->","yoast_head_json":{"title":"Mostbet Kumarhane: \u2705 \u00c7evrimi\u00e7i kumar i\u00e7in en iyi se\u00e7iminiz","description":"Mostbet Kumarhane: \u00c7evrimi\u00e7i kumar d\u00fcnyas\u0131ndaki g\u00fcvenilir orta\u011f\u0131n\u0131z. Kendinizi kumar tarihine b\u0131rak\u0131n ve Mostbet Casino'da oynaman\u0131n avantajlar\u0131ndan yararlan\u0131n","robots":{"index":"index","follow":"follow","max-snippet":"max-snippet:-1","max-image-preview":"max-image-preview:large","max-video-preview":"max-video-preview:-1"},"og_locale":"tr_TR","og_type":"article","og_title":"Mostbet Kumarhane: \u2705 \u00c7evrimi\u00e7i kumar i\u00e7in en iyi se\u00e7iminiz","og_description":"Mostbet Kumarhane: \u00c7evrimi\u00e7i kumar d\u00fcnyas\u0131ndaki g\u00fcvenilir orta\u011f\u0131n\u0131z. Kendinizi kumar tarihine b\u0131rak\u0131n ve Mostbet Casino'da oynaman\u0131n avantajlar\u0131ndan yararlan\u0131n","og_url":"https:\/\/mostbet.tips\/tr\/casino\/","og_site_name":"Mostbet TR","article_modified_time":"2025-05-18T08:11:52+00:00","twitter_card":"summary_large_image","schema":{"@context":"https:\/\/schema.org","@graph":[{"@type":"WebPage","@id":"https:\/\/mostbet.tips\/tr\/casino\/","url":"https:\/\/mostbet.tips\/tr\/casino\/","name":"Mostbet Kumarhane: \u2705 \u00c7evrimi\u00e7i kumar i\u00e7in en iyi se\u00e7iminiz","isPartOf":{"@id":"https:\/\/mostbet.tips\/tr\/#website"},"datePublished":"2025-04-23T17:32:34+00:00","dateModified":"2025-05-18T08:11:52+00:00","description":"Mostbet Kumarhane: \u00c7evrimi\u00e7i kumar d\u00fcnyas\u0131ndaki g\u00fcvenilir orta\u011f\u0131n\u0131z. Kendinizi kumar tarihine b\u0131rak\u0131n ve Mostbet Casino'da oynaman\u0131n avantajlar\u0131ndan yararlan\u0131n","breadcrumb":{"@id":"https:\/\/mostbet.tips\/tr\/casino\/#breadcrumb"},"inLanguage":"tr","potentialAction":[{"@type":"ReadAction","target":["https:\/\/mostbet.tips\/tr\/casino\/"]}]},{"@type":"BreadcrumbList","@id":"https:\/\/mostbet.tips\/tr\/casino\/#breadcrumb","itemListElement":[{"@type":"ListItem","position":1,"name":"Home","item":"https:\/\/mostbet.tips\/tr\/"},{"@type":"ListItem","position":2,"name":"Kumarhane"}]},{"@type":"WebSite","@id":"https:\/\/mostbet.tips\/tr\/#website","url":"https:\/\/mostbet.tips\/tr\/","name":"Mostbet TR","description":"My WordPress Blog","potentialAction":[{"@type":"SearchAction","target":{"@type":"EntryPoint","urlTemplate":"https:\/\/mostbet.tips\/tr\/?s={search_term_string}"},"query-input":"required name=search_term_string"}],"inLanguage":"tr"}]}},"_links":{"self":[{"href":"https:\/\/mostbet.tips\/tr\/wp-json\/wp\/v2\/pages\/228"}],"collection":[{"href":"https:\/\/mostbet.tips\/tr\/wp-json\/wp\/v2\/pages"}],"about":[{"href":"https:\/\/mostbet.tips\/tr\/wp-json\/wp\/v2\/types\/page"}],"author":[{"embeddable":true,"href":"https:\/\/mostbet.tips\/tr\/wp-json\/wp\/v2\/users\/1"}],"replies":[{"embeddable":true,"href":"https:\/\/mostbet.tips\/tr\/wp-json\/wp\/v2\/comments?post=228"}],"version-history":[{"count":10,"href":"https:\/\/mostbet.tips\/tr\/wp-json\/wp\/v2\/pages\/228\/revisions"}],"predecessor-version":[{"id":359,"href":"https:\/\/mostbet.tips\/tr\/wp-json\/wp\/v2\/pages\/228\/revisions\/359"}],"wp:attachment":[{"href":"https:\/\/mostbet.tips\/tr\/wp-json\/wp\/v2\/media?parent=228"}],"curies":[{"name":"wp","href":"https:\/\/api.w.org\/{rel}","templated":true}]}}