{"id":323,"date":"2025-04-30T05:10:26","date_gmt":"2025-04-30T05:10:26","guid":{"rendered":"https:\/\/mostbet.tips\/sk\/?page_id=323"},"modified":"2025-06-08T08:59:21","modified_gmt":"2025-06-08T08:59:21","slug":"registration","status":"publish","type":"page","link":"https:\/\/mostbet.tips\/sk\/registration\/","title":{"rendered":"Registr\u00e1cia"},"content":{"rendered":"","protected":false},"excerpt":{"rendered":"","protected":false},"author":1,"featured_media":0,"parent":0,"menu_order":0,"comment_status":"closed","ping_status":"closed","template":"","meta":{"footnotes":""},"yoast_head":"<!-- This site is optimized with the Yoast SEO plugin v23.0 - https:\/\/yoast.com\/wordpress\/plugins\/seo\/ -->\n<title>Registr\u00e1cia Mostbet | Pr\u00edru\u010dka pre nov\u00fdch pou\u017e\u00edvate\u013eov<\/title>\n<meta name=\"description\" content=\"Mostbet je poprednou platformou pre online st\u00e1vkovanie a kas\u00edno. Objavte \u0161portov\u00e9 st\u00e1vky, kas\u00ednov\u00e9 hry, bonusy a turnaje. Postupujte pod\u013ea n\u00e1\u0161ho jednoduch\u00e9ho sprievodcu registr\u00e1ciou a za\u010dnite\" \/>\n<meta name=\"robots\" content=\"index, follow, max-snippet:-1, max-image-preview:large, max-video-preview:-1\" \/>\n<meta property=\"og:locale\" content=\"sk_SK\" \/>\n<meta property=\"og:type\" content=\"article\" \/>\n<meta property=\"og:title\" content=\"Registr\u00e1cia Mostbet | Pr\u00edru\u010dka pre nov\u00fdch pou\u017e\u00edvate\u013eov\" \/>\n<meta property=\"og:description\" content=\"Mostbet je poprednou platformou pre online st\u00e1vkovanie a kas\u00edno. Objavte \u0161portov\u00e9 st\u00e1vky, kas\u00ednov\u00e9 hry, bonusy a turnaje. Postupujte pod\u013ea n\u00e1\u0161ho jednoduch\u00e9ho sprievodcu registr\u00e1ciou a za\u010dnite\" \/>\n<meta property=\"og:url\" content=\"https:\/\/mostbet.tips\/sk\/registration\/\" \/>\n<meta property=\"og:site_name\" content=\"Mostbet SK\" \/>\n<meta property=\"article:modified_time\" content=\"2025-06-08T08:59:21+00:00\" \/>\n<meta name=\"twitter:card\" content=\"summary_large_image\" \/>\n<script type=\"application\/ld+json\" class=\"yoast-schema-graph\">{\"@context\":\"https:\/\/schema.org\",\"@graph\":[{\"@type\":\"WebPage\",\"@id\":\"https:\/\/mostbet.tips\/sk\/registration\/\",\"url\":\"https:\/\/mostbet.tips\/sk\/registration\/\",\"name\":\"Registr\u00e1cia Mostbet | Pr\u00edru\u010dka pre nov\u00fdch pou\u017e\u00edvate\u013eov\",\"isPartOf\":{\"@id\":\"https:\/\/mostbet.tips\/sk\/#website\"},\"datePublished\":\"2025-04-30T05:10:26+00:00\",\"dateModified\":\"2025-06-08T08:59:21+00:00\",\"description\":\"Mostbet je poprednou platformou pre online st\u00e1vkovanie a kas\u00edno. Objavte \u0161portov\u00e9 st\u00e1vky, kas\u00ednov\u00e9 hry, bonusy a turnaje. Postupujte pod\u013ea n\u00e1\u0161ho jednoduch\u00e9ho sprievodcu registr\u00e1ciou a za\u010dnite\",\"breadcrumb\":{\"@id\":\"https:\/\/mostbet.tips\/sk\/registration\/#breadcrumb\"},\"inLanguage\":\"sk-SK\",\"potentialAction\":[{\"@type\":\"ReadAction\",\"target\":[\"https:\/\/mostbet.tips\/sk\/registration\/\"]}]},{\"@type\":\"BreadcrumbList\",\"@id\":\"https:\/\/mostbet.tips\/sk\/registration\/#breadcrumb\",\"itemListElement\":[{\"@type\":\"ListItem\",\"position\":1,\"name\":\"Home\",\"item\":\"https:\/\/mostbet.tips\/sk\/\"},{\"@type\":\"ListItem\",\"position\":2,\"name\":\"Registr\u00e1cia\"}]},{\"@type\":\"WebSite\",\"@id\":\"https:\/\/mostbet.tips\/sk\/#website\",\"url\":\"https:\/\/mostbet.tips\/sk\/\",\"name\":\"Mostbet SK\",\"description\":\"My WordPress Blog\",\"potentialAction\":[{\"@type\":\"SearchAction\",\"target\":{\"@type\":\"EntryPoint\",\"urlTemplate\":\"https:\/\/mostbet.tips\/sk\/?s={search_term_string}\"},\"query-input\":\"required name=search_term_string\"}],\"inLanguage\":\"sk-SK\"}]}<\/script>\n<!-- \/ Yoast SEO plugin. -->","yoast_head_json":{"title":"Registr\u00e1cia Mostbet | Pr\u00edru\u010dka pre nov\u00fdch pou\u017e\u00edvate\u013eov","description":"Mostbet je poprednou platformou pre online st\u00e1vkovanie a kas\u00edno. Objavte \u0161portov\u00e9 st\u00e1vky, kas\u00ednov\u00e9 hry, bonusy a turnaje. Postupujte pod\u013ea n\u00e1\u0161ho jednoduch\u00e9ho sprievodcu registr\u00e1ciou a za\u010dnite","robots":{"index":"index","follow":"follow","max-snippet":"max-snippet:-1","max-image-preview":"max-image-preview:large","max-video-preview":"max-video-preview:-1"},"og_locale":"sk_SK","og_type":"article","og_title":"Registr\u00e1cia Mostbet | Pr\u00edru\u010dka pre nov\u00fdch pou\u017e\u00edvate\u013eov","og_description":"Mostbet je poprednou platformou pre online st\u00e1vkovanie a kas\u00edno. Objavte \u0161portov\u00e9 st\u00e1vky, kas\u00ednov\u00e9 hry, bonusy a turnaje. Postupujte pod\u013ea n\u00e1\u0161ho jednoduch\u00e9ho sprievodcu registr\u00e1ciou a za\u010dnite","og_url":"https:\/\/mostbet.tips\/sk\/registration\/","og_site_name":"Mostbet SK","article_modified_time":"2025-06-08T08:59:21+00:00","twitter_card":"summary_large_image","schema":{"@context":"https:\/\/schema.org","@graph":[{"@type":"WebPage","@id":"https:\/\/mostbet.tips\/sk\/registration\/","url":"https:\/\/mostbet.tips\/sk\/registration\/","name":"Registr\u00e1cia Mostbet | Pr\u00edru\u010dka pre nov\u00fdch pou\u017e\u00edvate\u013eov","isPartOf":{"@id":"https:\/\/mostbet.tips\/sk\/#website"},"datePublished":"2025-04-30T05:10:26+00:00","dateModified":"2025-06-08T08:59:21+00:00","description":"Mostbet je poprednou platformou pre online st\u00e1vkovanie a kas\u00edno. Objavte \u0161portov\u00e9 st\u00e1vky, kas\u00ednov\u00e9 hry, bonusy a turnaje. Postupujte pod\u013ea n\u00e1\u0161ho jednoduch\u00e9ho sprievodcu registr\u00e1ciou a za\u010dnite","breadcrumb":{"@id":"https:\/\/mostbet.tips\/sk\/registration\/#breadcrumb"},"inLanguage":"sk-SK","potentialAction":[{"@type":"ReadAction","target":["https:\/\/mostbet.tips\/sk\/registration\/"]}]},{"@type":"BreadcrumbList","@id":"https:\/\/mostbet.tips\/sk\/registration\/#breadcrumb","itemListElement":[{"@type":"ListItem","position":1,"name":"Home","item":"https:\/\/mostbet.tips\/sk\/"},{"@type":"ListItem","position":2,"name":"Registr\u00e1cia"}]},{"@type":"WebSite","@id":"https:\/\/mostbet.tips\/sk\/#website","url":"https:\/\/mostbet.tips\/sk\/","name":"Mostbet SK","description":"My WordPress Blog","potentialAction":[{"@type":"SearchAction","target":{"@type":"EntryPoint","urlTemplate":"https:\/\/mostbet.tips\/sk\/?s={search_term_string}"},"query-input":"required name=search_term_string"}],"inLanguage":"sk-SK"}]}},"_links":{"self":[{"href":"https:\/\/mostbet.tips\/sk\/wp-json\/wp\/v2\/pages\/323"}],"collection":[{"href":"https:\/\/mostbet.tips\/sk\/wp-json\/wp\/v2\/pages"}],"about":[{"href":"https:\/\/mostbet.tips\/sk\/wp-json\/wp\/v2\/types\/page"}],"author":[{"embeddable":true,"href":"https:\/\/mostbet.tips\/sk\/wp-json\/wp\/v2\/users\/1"}],"replies":[{"embeddable":true,"href":"https:\/\/mostbet.tips\/sk\/wp-json\/wp\/v2\/comments?post=323"}],"version-history":[{"count":8,"href":"https:\/\/mostbet.tips\/sk\/wp-json\/wp\/v2\/pages\/323\/revisions"}],"predecessor-version":[{"id":371,"href":"https:\/\/mostbet.tips\/sk\/wp-json\/wp\/v2\/pages\/323\/revisions\/371"}],"wp:attachment":[{"href":"https:\/\/mostbet.tips\/sk\/wp-json\/wp\/v2\/media?parent=323"}],"curies":[{"name":"wp","href":"https:\/\/api.w.org\/{rel}","templated":true}]}}