{"id":308,"date":"2025-04-28T17:40:04","date_gmt":"2025-04-28T17:40:04","guid":{"rendered":"https:\/\/mostbet.tips\/sk\/?page_id=308"},"modified":"2025-06-08T08:58:22","modified_gmt":"2025-06-08T08:58:22","slug":"login","status":"publish","type":"page","link":"https:\/\/mostbet.tips\/sk\/login\/","title":{"rendered":"Prihl\u00e1senie"},"content":{"rendered":"","protected":false},"excerpt":{"rendered":"","protected":false},"author":1,"featured_media":0,"parent":0,"menu_order":0,"comment_status":"closed","ping_status":"closed","template":"","meta":{"footnotes":""},"yoast_head":"<!-- This site is optimized with the Yoast SEO plugin v23.0 - https:\/\/yoast.com\/wordpress\/plugins\/seo\/ -->\n<title>Mostbet 24\/7 pr\u00edstup a jednoduch\u00e9 prihl\u00e1senie pre hazardn\u00e9 hry<\/title>\n<meta name=\"description\" content=\"Mostbet poskytuje nepretr\u017eit\u00fd pr\u00edstup k mno\u017estvu online hazardn\u00fdch hier. Jednoduch\u00fd sprievodca prihl\u00e1sen\u00edm v\u00e1m uk\u00e1\u017ee, ako sa prihl\u00e1si\u0165 z ak\u00e9hoko\u013evek zariadenia. Zaregistrujte sa teraz!\" \/>\n<meta name=\"robots\" content=\"index, follow, max-snippet:-1, max-image-preview:large, max-video-preview:-1\" \/>\n<meta property=\"og:locale\" content=\"sk_SK\" \/>\n<meta property=\"og:type\" content=\"article\" \/>\n<meta property=\"og:title\" content=\"Mostbet 24\/7 pr\u00edstup a jednoduch\u00e9 prihl\u00e1senie pre hazardn\u00e9 hry\" \/>\n<meta property=\"og:description\" content=\"Mostbet poskytuje nepretr\u017eit\u00fd pr\u00edstup k mno\u017estvu online hazardn\u00fdch hier. Jednoduch\u00fd sprievodca prihl\u00e1sen\u00edm v\u00e1m uk\u00e1\u017ee, ako sa prihl\u00e1si\u0165 z ak\u00e9hoko\u013evek zariadenia. Zaregistrujte sa teraz!\" \/>\n<meta property=\"og:url\" content=\"https:\/\/mostbet.tips\/sk\/login\/\" \/>\n<meta property=\"og:site_name\" content=\"Mostbet SK\" \/>\n<meta property=\"article:modified_time\" content=\"2025-06-08T08:58:22+00:00\" \/>\n<meta name=\"twitter:card\" content=\"summary_large_image\" \/>\n<script type=\"application\/ld+json\" class=\"yoast-schema-graph\">{\"@context\":\"https:\/\/schema.org\",\"@graph\":[{\"@type\":\"WebPage\",\"@id\":\"https:\/\/mostbet.tips\/sk\/login\/\",\"url\":\"https:\/\/mostbet.tips\/sk\/login\/\",\"name\":\"Mostbet 24\/7 pr\u00edstup a jednoduch\u00e9 prihl\u00e1senie pre hazardn\u00e9 hry\",\"isPartOf\":{\"@id\":\"https:\/\/mostbet.tips\/sk\/#website\"},\"datePublished\":\"2025-04-28T17:40:04+00:00\",\"dateModified\":\"2025-06-08T08:58:22+00:00\",\"description\":\"Mostbet poskytuje nepretr\u017eit\u00fd pr\u00edstup k mno\u017estvu online hazardn\u00fdch hier. Jednoduch\u00fd sprievodca prihl\u00e1sen\u00edm v\u00e1m uk\u00e1\u017ee, ako sa prihl\u00e1si\u0165 z ak\u00e9hoko\u013evek zariadenia. Zaregistrujte sa teraz!\",\"breadcrumb\":{\"@id\":\"https:\/\/mostbet.tips\/sk\/login\/#breadcrumb\"},\"inLanguage\":\"sk-SK\",\"potentialAction\":[{\"@type\":\"ReadAction\",\"target\":[\"https:\/\/mostbet.tips\/sk\/login\/\"]}]},{\"@type\":\"BreadcrumbList\",\"@id\":\"https:\/\/mostbet.tips\/sk\/login\/#breadcrumb\",\"itemListElement\":[{\"@type\":\"ListItem\",\"position\":1,\"name\":\"Home\",\"item\":\"https:\/\/mostbet.tips\/sk\/\"},{\"@type\":\"ListItem\",\"position\":2,\"name\":\"Prihl\u00e1senie\"}]},{\"@type\":\"WebSite\",\"@id\":\"https:\/\/mostbet.tips\/sk\/#website\",\"url\":\"https:\/\/mostbet.tips\/sk\/\",\"name\":\"Mostbet SK\",\"description\":\"My WordPress Blog\",\"potentialAction\":[{\"@type\":\"SearchAction\",\"target\":{\"@type\":\"EntryPoint\",\"urlTemplate\":\"https:\/\/mostbet.tips\/sk\/?s={search_term_string}\"},\"query-input\":\"required name=search_term_string\"}],\"inLanguage\":\"sk-SK\"}]}<\/script>\n<!-- \/ Yoast SEO plugin. -->","yoast_head_json":{"title":"Mostbet 24\/7 pr\u00edstup a jednoduch\u00e9 prihl\u00e1senie pre hazardn\u00e9 hry","description":"Mostbet poskytuje nepretr\u017eit\u00fd pr\u00edstup k mno\u017estvu online hazardn\u00fdch hier. Jednoduch\u00fd sprievodca prihl\u00e1sen\u00edm v\u00e1m uk\u00e1\u017ee, ako sa prihl\u00e1si\u0165 z ak\u00e9hoko\u013evek zariadenia. Zaregistrujte sa teraz!","robots":{"index":"index","follow":"follow","max-snippet":"max-snippet:-1","max-image-preview":"max-image-preview:large","max-video-preview":"max-video-preview:-1"},"og_locale":"sk_SK","og_type":"article","og_title":"Mostbet 24\/7 pr\u00edstup a jednoduch\u00e9 prihl\u00e1senie pre hazardn\u00e9 hry","og_description":"Mostbet poskytuje nepretr\u017eit\u00fd pr\u00edstup k mno\u017estvu online hazardn\u00fdch hier. Jednoduch\u00fd sprievodca prihl\u00e1sen\u00edm v\u00e1m uk\u00e1\u017ee, ako sa prihl\u00e1si\u0165 z ak\u00e9hoko\u013evek zariadenia. Zaregistrujte sa teraz!","og_url":"https:\/\/mostbet.tips\/sk\/login\/","og_site_name":"Mostbet SK","article_modified_time":"2025-06-08T08:58:22+00:00","twitter_card":"summary_large_image","schema":{"@context":"https:\/\/schema.org","@graph":[{"@type":"WebPage","@id":"https:\/\/mostbet.tips\/sk\/login\/","url":"https:\/\/mostbet.tips\/sk\/login\/","name":"Mostbet 24\/7 pr\u00edstup a jednoduch\u00e9 prihl\u00e1senie pre hazardn\u00e9 hry","isPartOf":{"@id":"https:\/\/mostbet.tips\/sk\/#website"},"datePublished":"2025-04-28T17:40:04+00:00","dateModified":"2025-06-08T08:58:22+00:00","description":"Mostbet poskytuje nepretr\u017eit\u00fd pr\u00edstup k mno\u017estvu online hazardn\u00fdch hier. Jednoduch\u00fd sprievodca prihl\u00e1sen\u00edm v\u00e1m uk\u00e1\u017ee, ako sa prihl\u00e1si\u0165 z ak\u00e9hoko\u013evek zariadenia. Zaregistrujte sa teraz!","breadcrumb":{"@id":"https:\/\/mostbet.tips\/sk\/login\/#breadcrumb"},"inLanguage":"sk-SK","potentialAction":[{"@type":"ReadAction","target":["https:\/\/mostbet.tips\/sk\/login\/"]}]},{"@type":"BreadcrumbList","@id":"https:\/\/mostbet.tips\/sk\/login\/#breadcrumb","itemListElement":[{"@type":"ListItem","position":1,"name":"Home","item":"https:\/\/mostbet.tips\/sk\/"},{"@type":"ListItem","position":2,"name":"Prihl\u00e1senie"}]},{"@type":"WebSite","@id":"https:\/\/mostbet.tips\/sk\/#website","url":"https:\/\/mostbet.tips\/sk\/","name":"Mostbet SK","description":"My WordPress Blog","potentialAction":[{"@type":"SearchAction","target":{"@type":"EntryPoint","urlTemplate":"https:\/\/mostbet.tips\/sk\/?s={search_term_string}"},"query-input":"required name=search_term_string"}],"inLanguage":"sk-SK"}]}},"_links":{"self":[{"href":"https:\/\/mostbet.tips\/sk\/wp-json\/wp\/v2\/pages\/308"}],"collection":[{"href":"https:\/\/mostbet.tips\/sk\/wp-json\/wp\/v2\/pages"}],"about":[{"href":"https:\/\/mostbet.tips\/sk\/wp-json\/wp\/v2\/types\/page"}],"author":[{"embeddable":true,"href":"https:\/\/mostbet.tips\/sk\/wp-json\/wp\/v2\/users\/1"}],"replies":[{"embeddable":true,"href":"https:\/\/mostbet.tips\/sk\/wp-json\/wp\/v2\/comments?post=308"}],"version-history":[{"count":12,"href":"https:\/\/mostbet.tips\/sk\/wp-json\/wp\/v2\/pages\/308\/revisions"}],"predecessor-version":[{"id":367,"href":"https:\/\/mostbet.tips\/sk\/wp-json\/wp\/v2\/pages\/308\/revisions\/367"}],"wp:attachment":[{"href":"https:\/\/mostbet.tips\/sk\/wp-json\/wp\/v2\/media?parent=308"}],"curies":[{"name":"wp","href":"https:\/\/api.w.org\/{rel}","templated":true}]}}