{"id":2,"date":"2023-05-18T17:18:34","date_gmt":"2023-05-18T17:18:34","guid":{"rendered":"https:\/\/mostbet.tips\/sk\/?page_id=2"},"modified":"2025-06-08T08:52:58","modified_gmt":"2025-06-08T08:52:58","slug":"sample-page","status":"publish","type":"page","link":"https:\/\/mostbet.tips\/sk\/","title":{"rendered":"Domov"},"content":{"rendered":"","protected":false},"excerpt":{"rendered":"","protected":false},"author":1,"featured_media":0,"parent":0,"menu_order":0,"comment_status":"closed","ping_status":"open","template":"","meta":{"footnotes":""},"yoast_head":"<!-- This site is optimized with the Yoast SEO plugin v23.0 - https:\/\/yoast.com\/wordpress\/plugins\/seo\/ -->\n<title>Mostbet St\u00e1vky a kas\u00edno | V\u00e1\u0161 d\u00f4veryhodn\u00fd partner<\/title>\n<meta name=\"description\" content=\"Za\u017eite online hranie v kas\u00edne Mostbet \ud83d\udd25 Vychutnajte si \u0161irok\u00fa ponuku hier, \u0161portov\u00e9 st\u00e1vky, u\u017e\u00edvate\u013esky pr\u00edvetiv\u00e9 rozhranie a nepretr\u017eit\u00fa z\u00e1kazn\u00edcku podporu\" \/>\n<meta name=\"robots\" content=\"index, follow, max-snippet:-1, max-image-preview:large, max-video-preview:-1\" \/>\n<meta property=\"og:locale\" content=\"sk_SK\" \/>\n<meta property=\"og:type\" content=\"article\" \/>\n<meta property=\"og:title\" content=\"Mostbet St\u00e1vky a kas\u00edno | V\u00e1\u0161 d\u00f4veryhodn\u00fd partner\" \/>\n<meta property=\"og:description\" content=\"Za\u017eite online hranie v kas\u00edne Mostbet \ud83d\udd25 Vychutnajte si \u0161irok\u00fa ponuku hier, \u0161portov\u00e9 st\u00e1vky, u\u017e\u00edvate\u013esky pr\u00edvetiv\u00e9 rozhranie a nepretr\u017eit\u00fa z\u00e1kazn\u00edcku podporu\" \/>\n<meta property=\"og:url\" content=\"https:\/\/mostbet.tips\/sk\/\" \/>\n<meta property=\"og:site_name\" content=\"Mostbet SK\" \/>\n<meta property=\"article:modified_time\" content=\"2025-06-08T08:52:58+00:00\" \/>\n<meta name=\"twitter:card\" content=\"summary_large_image\" \/>\n<script type=\"application\/ld+json\" class=\"yoast-schema-graph\">{\"@context\":\"https:\/\/schema.org\",\"@graph\":[{\"@type\":\"WebPage\",\"@id\":\"https:\/\/mostbet.tips\/sk\/\",\"url\":\"https:\/\/mostbet.tips\/sk\/\",\"name\":\"Mostbet St\u00e1vky a kas\u00edno | V\u00e1\u0161 d\u00f4veryhodn\u00fd partner\",\"isPartOf\":{\"@id\":\"https:\/\/mostbet.tips\/sk\/#website\"},\"datePublished\":\"2023-05-18T17:18:34+00:00\",\"dateModified\":\"2025-06-08T08:52:58+00:00\",\"description\":\"Za\u017eite online hranie v kas\u00edne Mostbet \ud83d\udd25 Vychutnajte si \u0161irok\u00fa ponuku hier, \u0161portov\u00e9 st\u00e1vky, u\u017e\u00edvate\u013esky pr\u00edvetiv\u00e9 rozhranie a nepretr\u017eit\u00fa z\u00e1kazn\u00edcku podporu\",\"breadcrumb\":{\"@id\":\"https:\/\/mostbet.tips\/sk\/#breadcrumb\"},\"inLanguage\":\"sk-SK\",\"potentialAction\":[{\"@type\":\"ReadAction\",\"target\":[\"https:\/\/mostbet.tips\/sk\/\"]}]},{\"@type\":\"BreadcrumbList\",\"@id\":\"https:\/\/mostbet.tips\/sk\/#breadcrumb\",\"itemListElement\":[{\"@type\":\"ListItem\",\"position\":1,\"name\":\"Home\",\"item\":\"https:\/\/mostbet.tips\/sk\/\"},{\"@type\":\"ListItem\",\"position\":2,\"name\":\"Domov\"}]},{\"@type\":\"WebSite\",\"@id\":\"https:\/\/mostbet.tips\/sk\/#website\",\"url\":\"https:\/\/mostbet.tips\/sk\/\",\"name\":\"Mostbet SK\",\"description\":\"My WordPress Blog\",\"potentialAction\":[{\"@type\":\"SearchAction\",\"target\":{\"@type\":\"EntryPoint\",\"urlTemplate\":\"https:\/\/mostbet.tips\/sk\/?s={search_term_string}\"},\"query-input\":\"required name=search_term_string\"}],\"inLanguage\":\"sk-SK\"}]}<\/script>\n<!-- \/ Yoast SEO plugin. -->","yoast_head_json":{"title":"Mostbet St\u00e1vky a kas\u00edno | V\u00e1\u0161 d\u00f4veryhodn\u00fd partner","description":"Za\u017eite online hranie v kas\u00edne Mostbet \ud83d\udd25 Vychutnajte si \u0161irok\u00fa ponuku hier, \u0161portov\u00e9 st\u00e1vky, u\u017e\u00edvate\u013esky pr\u00edvetiv\u00e9 rozhranie a nepretr\u017eit\u00fa z\u00e1kazn\u00edcku podporu","robots":{"index":"index","follow":"follow","max-snippet":"max-snippet:-1","max-image-preview":"max-image-preview:large","max-video-preview":"max-video-preview:-1"},"og_locale":"sk_SK","og_type":"article","og_title":"Mostbet St\u00e1vky a kas\u00edno | V\u00e1\u0161 d\u00f4veryhodn\u00fd partner","og_description":"Za\u017eite online hranie v kas\u00edne Mostbet \ud83d\udd25 Vychutnajte si \u0161irok\u00fa ponuku hier, \u0161portov\u00e9 st\u00e1vky, u\u017e\u00edvate\u013esky pr\u00edvetiv\u00e9 rozhranie a nepretr\u017eit\u00fa z\u00e1kazn\u00edcku podporu","og_url":"https:\/\/mostbet.tips\/sk\/","og_site_name":"Mostbet SK","article_modified_time":"2025-06-08T08:52:58+00:00","twitter_card":"summary_large_image","schema":{"@context":"https:\/\/schema.org","@graph":[{"@type":"WebPage","@id":"https:\/\/mostbet.tips\/sk\/","url":"https:\/\/mostbet.tips\/sk\/","name":"Mostbet St\u00e1vky a kas\u00edno | V\u00e1\u0161 d\u00f4veryhodn\u00fd partner","isPartOf":{"@id":"https:\/\/mostbet.tips\/sk\/#website"},"datePublished":"2023-05-18T17:18:34+00:00","dateModified":"2025-06-08T08:52:58+00:00","description":"Za\u017eite online hranie v kas\u00edne Mostbet \ud83d\udd25 Vychutnajte si \u0161irok\u00fa ponuku hier, \u0161portov\u00e9 st\u00e1vky, u\u017e\u00edvate\u013esky pr\u00edvetiv\u00e9 rozhranie a nepretr\u017eit\u00fa z\u00e1kazn\u00edcku podporu","breadcrumb":{"@id":"https:\/\/mostbet.tips\/sk\/#breadcrumb"},"inLanguage":"sk-SK","potentialAction":[{"@type":"ReadAction","target":["https:\/\/mostbet.tips\/sk\/"]}]},{"@type":"BreadcrumbList","@id":"https:\/\/mostbet.tips\/sk\/#breadcrumb","itemListElement":[{"@type":"ListItem","position":1,"name":"Home","item":"https:\/\/mostbet.tips\/sk\/"},{"@type":"ListItem","position":2,"name":"Domov"}]},{"@type":"WebSite","@id":"https:\/\/mostbet.tips\/sk\/#website","url":"https:\/\/mostbet.tips\/sk\/","name":"Mostbet SK","description":"My WordPress Blog","potentialAction":[{"@type":"SearchAction","target":{"@type":"EntryPoint","urlTemplate":"https:\/\/mostbet.tips\/sk\/?s={search_term_string}"},"query-input":"required name=search_term_string"}],"inLanguage":"sk-SK"}]}},"_links":{"self":[{"href":"https:\/\/mostbet.tips\/sk\/wp-json\/wp\/v2\/pages\/2"}],"collection":[{"href":"https:\/\/mostbet.tips\/sk\/wp-json\/wp\/v2\/pages"}],"about":[{"href":"https:\/\/mostbet.tips\/sk\/wp-json\/wp\/v2\/types\/page"}],"author":[{"embeddable":true,"href":"https:\/\/mostbet.tips\/sk\/wp-json\/wp\/v2\/users\/1"}],"replies":[{"embeddable":true,"href":"https:\/\/mostbet.tips\/sk\/wp-json\/wp\/v2\/comments?post=2"}],"version-history":[{"count":46,"href":"https:\/\/mostbet.tips\/sk\/wp-json\/wp\/v2\/pages\/2\/revisions"}],"predecessor-version":[{"id":372,"href":"https:\/\/mostbet.tips\/sk\/wp-json\/wp\/v2\/pages\/2\/revisions\/372"}],"wp:attachment":[{"href":"https:\/\/mostbet.tips\/sk\/wp-json\/wp\/v2\/media?parent=2"}],"curies":[{"name":"wp","href":"https:\/\/api.w.org\/{rel}","templated":true}]}}