{"id":263,"date":"2025-04-26T13:32:34","date_gmt":"2025-04-26T13:32:34","guid":{"rendered":"https:\/\/mostbet.tips\/pt\/?page_id=263"},"modified":"2026-01-12T10:30:20","modified_gmt":"2026-01-12T10:30:20","slug":"apk","status":"publish","type":"page","link":"https:\/\/mostbet.tips\/pt\/apk\/","title":{"rendered":"Apk"},"content":{"rendered":"","protected":false},"excerpt":{"rendered":"","protected":false},"author":1,"featured_media":0,"parent":0,"menu_order":0,"comment_status":"closed","ping_status":"closed","template":"","meta":{"footnotes":""},"yoast_head":"<!-- This site is optimized with the Yoast SEO plugin v23.0 - https:\/\/yoast.com\/wordpress\/plugins\/seo\/ -->\n<title>Guia APK da Mostbet: Dicas de download, instala\u00e7\u00e3o e uso<\/title>\n<meta name=\"description\" content=\"Este guia cobre tudo sobre o APK Mostbet: links de download seguros, instru\u00e7\u00f5es de instala\u00e7\u00e3o simples e como come\u00e7ar a usar o aplicativo. Tire o m\u00e1ximo partido da Mostbet no seu dispositivo Android hoje mesmo!\" \/>\n<meta name=\"robots\" content=\"index, follow, max-snippet:-1, max-image-preview:large, max-video-preview:-1\" \/>\n<meta property=\"og:locale\" content=\"pt_PT\" \/>\n<meta property=\"og:type\" content=\"article\" \/>\n<meta property=\"og:title\" content=\"Guia APK da Mostbet: Dicas de download, instala\u00e7\u00e3o e uso\" \/>\n<meta property=\"og:description\" content=\"Este guia cobre tudo sobre o APK Mostbet: links de download seguros, instru\u00e7\u00f5es de instala\u00e7\u00e3o simples e como come\u00e7ar a usar o aplicativo. Tire o m\u00e1ximo partido da Mostbet no seu dispositivo Android hoje mesmo!\" \/>\n<meta property=\"og:url\" content=\"https:\/\/mostbet.tips\/pt\/apk\/\" \/>\n<meta property=\"og:site_name\" content=\"Mostbet PT\" \/>\n<meta property=\"article:modified_time\" content=\"2026-01-12T10:30:20+00:00\" \/>\n<meta name=\"twitter:card\" content=\"summary_large_image\" \/>\n<script type=\"application\/ld+json\" class=\"yoast-schema-graph\">{\"@context\":\"https:\/\/schema.org\",\"@graph\":[{\"@type\":\"WebPage\",\"@id\":\"https:\/\/mostbet.tips\/pt\/apk\/\",\"url\":\"https:\/\/mostbet.tips\/pt\/apk\/\",\"name\":\"Guia APK da Mostbet: Dicas de download, instala\u00e7\u00e3o e uso\",\"isPartOf\":{\"@id\":\"https:\/\/mostbet.tips\/pt\/#website\"},\"datePublished\":\"2025-04-26T13:32:34+00:00\",\"dateModified\":\"2026-01-12T10:30:20+00:00\",\"description\":\"Este guia cobre tudo sobre o APK Mostbet: links de download seguros, instru\u00e7\u00f5es de instala\u00e7\u00e3o simples e como come\u00e7ar a usar o aplicativo. Tire o m\u00e1ximo partido da Mostbet no seu dispositivo Android hoje mesmo!\",\"breadcrumb\":{\"@id\":\"https:\/\/mostbet.tips\/pt\/apk\/#breadcrumb\"},\"inLanguage\":\"pt-PT\",\"potentialAction\":[{\"@type\":\"ReadAction\",\"target\":[\"https:\/\/mostbet.tips\/pt\/apk\/\"]}]},{\"@type\":\"BreadcrumbList\",\"@id\":\"https:\/\/mostbet.tips\/pt\/apk\/#breadcrumb\",\"itemListElement\":[{\"@type\":\"ListItem\",\"position\":1,\"name\":\"Home\",\"item\":\"https:\/\/mostbet.tips\/pt\/\"},{\"@type\":\"ListItem\",\"position\":2,\"name\":\"Apk\"}]},{\"@type\":\"WebSite\",\"@id\":\"https:\/\/mostbet.tips\/pt\/#website\",\"url\":\"https:\/\/mostbet.tips\/pt\/\",\"name\":\"Mostbet PT\",\"description\":\"My WordPress Blog\",\"potentialAction\":[{\"@type\":\"SearchAction\",\"target\":{\"@type\":\"EntryPoint\",\"urlTemplate\":\"https:\/\/mostbet.tips\/pt\/?s={search_term_string}\"},\"query-input\":\"required name=search_term_string\"}],\"inLanguage\":\"pt-PT\"}]}<\/script>\n<!-- \/ Yoast SEO plugin. -->","yoast_head_json":{"title":"Guia APK da Mostbet: Dicas de download, instala\u00e7\u00e3o e uso","description":"Este guia cobre tudo sobre o APK Mostbet: links de download seguros, instru\u00e7\u00f5es de instala\u00e7\u00e3o simples e como come\u00e7ar a usar o aplicativo. Tire o m\u00e1ximo partido da Mostbet no seu dispositivo Android hoje mesmo!","robots":{"index":"index","follow":"follow","max-snippet":"max-snippet:-1","max-image-preview":"max-image-preview:large","max-video-preview":"max-video-preview:-1"},"og_locale":"pt_PT","og_type":"article","og_title":"Guia APK da Mostbet: Dicas de download, instala\u00e7\u00e3o e uso","og_description":"Este guia cobre tudo sobre o APK Mostbet: links de download seguros, instru\u00e7\u00f5es de instala\u00e7\u00e3o simples e como come\u00e7ar a usar o aplicativo. Tire o m\u00e1ximo partido da Mostbet no seu dispositivo Android hoje mesmo!","og_url":"https:\/\/mostbet.tips\/pt\/apk\/","og_site_name":"Mostbet PT","article_modified_time":"2026-01-12T10:30:20+00:00","twitter_card":"summary_large_image","schema":{"@context":"https:\/\/schema.org","@graph":[{"@type":"WebPage","@id":"https:\/\/mostbet.tips\/pt\/apk\/","url":"https:\/\/mostbet.tips\/pt\/apk\/","name":"Guia APK da Mostbet: Dicas de download, instala\u00e7\u00e3o e uso","isPartOf":{"@id":"https:\/\/mostbet.tips\/pt\/#website"},"datePublished":"2025-04-26T13:32:34+00:00","dateModified":"2026-01-12T10:30:20+00:00","description":"Este guia cobre tudo sobre o APK Mostbet: links de download seguros, instru\u00e7\u00f5es de instala\u00e7\u00e3o simples e como come\u00e7ar a usar o aplicativo. Tire o m\u00e1ximo partido da Mostbet no seu dispositivo Android hoje mesmo!","breadcrumb":{"@id":"https:\/\/mostbet.tips\/pt\/apk\/#breadcrumb"},"inLanguage":"pt-PT","potentialAction":[{"@type":"ReadAction","target":["https:\/\/mostbet.tips\/pt\/apk\/"]}]},{"@type":"BreadcrumbList","@id":"https:\/\/mostbet.tips\/pt\/apk\/#breadcrumb","itemListElement":[{"@type":"ListItem","position":1,"name":"Home","item":"https:\/\/mostbet.tips\/pt\/"},{"@type":"ListItem","position":2,"name":"Apk"}]},{"@type":"WebSite","@id":"https:\/\/mostbet.tips\/pt\/#website","url":"https:\/\/mostbet.tips\/pt\/","name":"Mostbet PT","description":"My WordPress Blog","potentialAction":[{"@type":"SearchAction","target":{"@type":"EntryPoint","urlTemplate":"https:\/\/mostbet.tips\/pt\/?s={search_term_string}"},"query-input":"required name=search_term_string"}],"inLanguage":"pt-PT"}]}},"_links":{"self":[{"href":"https:\/\/mostbet.tips\/pt\/wp-json\/wp\/v2\/pages\/263"}],"collection":[{"href":"https:\/\/mostbet.tips\/pt\/wp-json\/wp\/v2\/pages"}],"about":[{"href":"https:\/\/mostbet.tips\/pt\/wp-json\/wp\/v2\/types\/page"}],"author":[{"embeddable":true,"href":"https:\/\/mostbet.tips\/pt\/wp-json\/wp\/v2\/users\/1"}],"replies":[{"embeddable":true,"href":"https:\/\/mostbet.tips\/pt\/wp-json\/wp\/v2\/comments?post=263"}],"version-history":[{"count":14,"href":"https:\/\/mostbet.tips\/pt\/wp-json\/wp\/v2\/pages\/263\/revisions"}],"predecessor-version":[{"id":374,"href":"https:\/\/mostbet.tips\/pt\/wp-json\/wp\/v2\/pages\/263\/revisions\/374"}],"wp:attachment":[{"href":"https:\/\/mostbet.tips\/pt\/wp-json\/wp\/v2\/media?parent=263"}],"curies":[{"name":"wp","href":"https:\/\/api.w.org\/{rel}","templated":true}]}}