{"id":242,"date":"2025-04-25T05:06:40","date_gmt":"2025-04-25T05:06:40","guid":{"rendered":"https:\/\/mostbet.tips\/pt\/?page_id=242"},"modified":"2026-01-12T10:31:59","modified_gmt":"2026-01-12T10:31:59","slug":"app","status":"publish","type":"page","link":"https:\/\/mostbet.tips\/pt\/app\/","title":{"rendered":"Aplica\u00e7\u00e3o"},"content":{"rendered":"","protected":false},"excerpt":{"rendered":"","protected":false},"author":1,"featured_media":0,"parent":0,"menu_order":0,"comment_status":"closed","ping_status":"closed","template":"","meta":{"footnotes":""},"yoast_head":"<!-- This site is optimized with the Yoast SEO plugin v23.0 - https:\/\/yoast.com\/wordpress\/plugins\/seo\/ -->\n<title>Aplica\u00e7\u00e3o Mostbet para Android e iOS: como descarregar e instalar<\/title>\n<meta name=\"description\" content=\"Descarregue gratuitamente a aplica\u00e7\u00e3o Mostbet para Android e iOS no nosso site. Instale e jogue os seus jogos de casino favoritos e aposte em desportos diretamente no seu dispositivo m\u00f3vel!\" \/>\n<meta name=\"robots\" content=\"index, follow, max-snippet:-1, max-image-preview:large, max-video-preview:-1\" \/>\n<meta property=\"og:locale\" content=\"pt_PT\" \/>\n<meta property=\"og:type\" content=\"article\" \/>\n<meta property=\"og:title\" content=\"Aplica\u00e7\u00e3o Mostbet para Android e iOS: como descarregar e instalar\" \/>\n<meta property=\"og:description\" content=\"Descarregue gratuitamente a aplica\u00e7\u00e3o Mostbet para Android e iOS no nosso site. Instale e jogue os seus jogos de casino favoritos e aposte em desportos diretamente no seu dispositivo m\u00f3vel!\" \/>\n<meta property=\"og:url\" content=\"https:\/\/mostbet.tips\/pt\/app\/\" \/>\n<meta property=\"og:site_name\" content=\"Mostbet PT\" \/>\n<meta property=\"article:modified_time\" content=\"2026-01-12T10:31:59+00:00\" \/>\n<meta name=\"twitter:card\" content=\"summary_large_image\" \/>\n<script type=\"application\/ld+json\" class=\"yoast-schema-graph\">{\"@context\":\"https:\/\/schema.org\",\"@graph\":[{\"@type\":\"WebPage\",\"@id\":\"https:\/\/mostbet.tips\/pt\/app\/\",\"url\":\"https:\/\/mostbet.tips\/pt\/app\/\",\"name\":\"Aplica\u00e7\u00e3o Mostbet para Android e iOS: como descarregar e instalar\",\"isPartOf\":{\"@id\":\"https:\/\/mostbet.tips\/pt\/#website\"},\"datePublished\":\"2025-04-25T05:06:40+00:00\",\"dateModified\":\"2026-01-12T10:31:59+00:00\",\"description\":\"Descarregue gratuitamente a aplica\u00e7\u00e3o Mostbet para Android e iOS no nosso site. Instale e jogue os seus jogos de casino favoritos e aposte em desportos diretamente no seu dispositivo m\u00f3vel!\",\"breadcrumb\":{\"@id\":\"https:\/\/mostbet.tips\/pt\/app\/#breadcrumb\"},\"inLanguage\":\"pt-PT\",\"potentialAction\":[{\"@type\":\"ReadAction\",\"target\":[\"https:\/\/mostbet.tips\/pt\/app\/\"]}]},{\"@type\":\"BreadcrumbList\",\"@id\":\"https:\/\/mostbet.tips\/pt\/app\/#breadcrumb\",\"itemListElement\":[{\"@type\":\"ListItem\",\"position\":1,\"name\":\"Home\",\"item\":\"https:\/\/mostbet.tips\/pt\/\"},{\"@type\":\"ListItem\",\"position\":2,\"name\":\"Aplica\u00e7\u00e3o\"}]},{\"@type\":\"WebSite\",\"@id\":\"https:\/\/mostbet.tips\/pt\/#website\",\"url\":\"https:\/\/mostbet.tips\/pt\/\",\"name\":\"Mostbet PT\",\"description\":\"My WordPress Blog\",\"potentialAction\":[{\"@type\":\"SearchAction\",\"target\":{\"@type\":\"EntryPoint\",\"urlTemplate\":\"https:\/\/mostbet.tips\/pt\/?s={search_term_string}\"},\"query-input\":\"required name=search_term_string\"}],\"inLanguage\":\"pt-PT\"}]}<\/script>\n<!-- \/ Yoast SEO plugin. -->","yoast_head_json":{"title":"Aplica\u00e7\u00e3o Mostbet para Android e iOS: como descarregar e instalar","description":"Descarregue gratuitamente a aplica\u00e7\u00e3o Mostbet para Android e iOS no nosso site. Instale e jogue os seus jogos de casino favoritos e aposte em desportos diretamente no seu dispositivo m\u00f3vel!","robots":{"index":"index","follow":"follow","max-snippet":"max-snippet:-1","max-image-preview":"max-image-preview:large","max-video-preview":"max-video-preview:-1"},"og_locale":"pt_PT","og_type":"article","og_title":"Aplica\u00e7\u00e3o Mostbet para Android e iOS: como descarregar e instalar","og_description":"Descarregue gratuitamente a aplica\u00e7\u00e3o Mostbet para Android e iOS no nosso site. Instale e jogue os seus jogos de casino favoritos e aposte em desportos diretamente no seu dispositivo m\u00f3vel!","og_url":"https:\/\/mostbet.tips\/pt\/app\/","og_site_name":"Mostbet PT","article_modified_time":"2026-01-12T10:31:59+00:00","twitter_card":"summary_large_image","schema":{"@context":"https:\/\/schema.org","@graph":[{"@type":"WebPage","@id":"https:\/\/mostbet.tips\/pt\/app\/","url":"https:\/\/mostbet.tips\/pt\/app\/","name":"Aplica\u00e7\u00e3o Mostbet para Android e iOS: como descarregar e instalar","isPartOf":{"@id":"https:\/\/mostbet.tips\/pt\/#website"},"datePublished":"2025-04-25T05:06:40+00:00","dateModified":"2026-01-12T10:31:59+00:00","description":"Descarregue gratuitamente a aplica\u00e7\u00e3o Mostbet para Android e iOS no nosso site. Instale e jogue os seus jogos de casino favoritos e aposte em desportos diretamente no seu dispositivo m\u00f3vel!","breadcrumb":{"@id":"https:\/\/mostbet.tips\/pt\/app\/#breadcrumb"},"inLanguage":"pt-PT","potentialAction":[{"@type":"ReadAction","target":["https:\/\/mostbet.tips\/pt\/app\/"]}]},{"@type":"BreadcrumbList","@id":"https:\/\/mostbet.tips\/pt\/app\/#breadcrumb","itemListElement":[{"@type":"ListItem","position":1,"name":"Home","item":"https:\/\/mostbet.tips\/pt\/"},{"@type":"ListItem","position":2,"name":"Aplica\u00e7\u00e3o"}]},{"@type":"WebSite","@id":"https:\/\/mostbet.tips\/pt\/#website","url":"https:\/\/mostbet.tips\/pt\/","name":"Mostbet PT","description":"My WordPress Blog","potentialAction":[{"@type":"SearchAction","target":{"@type":"EntryPoint","urlTemplate":"https:\/\/mostbet.tips\/pt\/?s={search_term_string}"},"query-input":"required name=search_term_string"}],"inLanguage":"pt-PT"}]}},"_links":{"self":[{"href":"https:\/\/mostbet.tips\/pt\/wp-json\/wp\/v2\/pages\/242"}],"collection":[{"href":"https:\/\/mostbet.tips\/pt\/wp-json\/wp\/v2\/pages"}],"about":[{"href":"https:\/\/mostbet.tips\/pt\/wp-json\/wp\/v2\/types\/page"}],"author":[{"embeddable":true,"href":"https:\/\/mostbet.tips\/pt\/wp-json\/wp\/v2\/users\/1"}],"replies":[{"embeddable":true,"href":"https:\/\/mostbet.tips\/pt\/wp-json\/wp\/v2\/comments?post=242"}],"version-history":[{"count":13,"href":"https:\/\/mostbet.tips\/pt\/wp-json\/wp\/v2\/pages\/242\/revisions"}],"predecessor-version":[{"id":375,"href":"https:\/\/mostbet.tips\/pt\/wp-json\/wp\/v2\/pages\/242\/revisions\/375"}],"wp:attachment":[{"href":"https:\/\/mostbet.tips\/pt\/wp-json\/wp\/v2\/media?parent=242"}],"curies":[{"name":"wp","href":"https:\/\/api.w.org\/{rel}","templated":true}]}}