{"id":228,"date":"2025-04-23T17:32:34","date_gmt":"2025-04-23T17:32:34","guid":{"rendered":"https:\/\/mostbet.tips\/pt\/?page_id=228"},"modified":"2025-06-01T07:36:38","modified_gmt":"2025-06-01T07:36:38","slug":"casino","status":"publish","type":"page","link":"https:\/\/mostbet.tips\/pt\/casino\/","title":{"rendered":"Casino"},"content":{"rendered":"","protected":false},"excerpt":{"rendered":"","protected":false},"author":1,"featured_media":0,"parent":0,"menu_order":0,"comment_status":"closed","ping_status":"closed","template":"","meta":{"footnotes":""},"yoast_head":"<!-- This site is optimized with the Yoast SEO plugin v23.0 - https:\/\/yoast.com\/wordpress\/plugins\/seo\/ -->\n<title>Mostbet Casino: \u2705 A melhor escolha para jogos de azar online<\/title>\n<meta name=\"description\" content=\"Mostbet Casino: o seu parceiro de confian\u00e7a no mundo dos jogos de azar online. Mergulhe na hist\u00f3ria do jogo e desfrute dos benef\u00edcios de jogar no Mostbet Casin\" \/>\n<meta name=\"robots\" content=\"index, follow, max-snippet:-1, max-image-preview:large, max-video-preview:-1\" \/>\n<meta property=\"og:locale\" content=\"pt_PT\" \/>\n<meta property=\"og:type\" content=\"article\" \/>\n<meta property=\"og:title\" content=\"Mostbet Casino: \u2705 A melhor escolha para jogos de azar online\" \/>\n<meta property=\"og:description\" content=\"Mostbet Casino: o seu parceiro de confian\u00e7a no mundo dos jogos de azar online. Mergulhe na hist\u00f3ria do jogo e desfrute dos benef\u00edcios de jogar no Mostbet Casin\" \/>\n<meta property=\"og:url\" content=\"https:\/\/mostbet.tips\/pt\/casino\/\" \/>\n<meta property=\"og:site_name\" content=\"Mostbet PT\" \/>\n<meta property=\"article:modified_time\" content=\"2025-06-01T07:36:38+00:00\" \/>\n<meta name=\"twitter:card\" content=\"summary_large_image\" \/>\n<script type=\"application\/ld+json\" class=\"yoast-schema-graph\">{\"@context\":\"https:\/\/schema.org\",\"@graph\":[{\"@type\":\"WebPage\",\"@id\":\"https:\/\/mostbet.tips\/pt\/casino\/\",\"url\":\"https:\/\/mostbet.tips\/pt\/casino\/\",\"name\":\"Mostbet Casino: \u2705 A melhor escolha para jogos de azar online\",\"isPartOf\":{\"@id\":\"https:\/\/mostbet.tips\/pt\/#website\"},\"datePublished\":\"2025-04-23T17:32:34+00:00\",\"dateModified\":\"2025-06-01T07:36:38+00:00\",\"description\":\"Mostbet Casino: o seu parceiro de confian\u00e7a no mundo dos jogos de azar online. Mergulhe na hist\u00f3ria do jogo e desfrute dos benef\u00edcios de jogar no Mostbet Casin\",\"breadcrumb\":{\"@id\":\"https:\/\/mostbet.tips\/pt\/casino\/#breadcrumb\"},\"inLanguage\":\"pt-PT\",\"potentialAction\":[{\"@type\":\"ReadAction\",\"target\":[\"https:\/\/mostbet.tips\/pt\/casino\/\"]}]},{\"@type\":\"BreadcrumbList\",\"@id\":\"https:\/\/mostbet.tips\/pt\/casino\/#breadcrumb\",\"itemListElement\":[{\"@type\":\"ListItem\",\"position\":1,\"name\":\"Home\",\"item\":\"https:\/\/mostbet.tips\/pt\/\"},{\"@type\":\"ListItem\",\"position\":2,\"name\":\"Casino\"}]},{\"@type\":\"WebSite\",\"@id\":\"https:\/\/mostbet.tips\/pt\/#website\",\"url\":\"https:\/\/mostbet.tips\/pt\/\",\"name\":\"Mostbet PT\",\"description\":\"My WordPress Blog\",\"potentialAction\":[{\"@type\":\"SearchAction\",\"target\":{\"@type\":\"EntryPoint\",\"urlTemplate\":\"https:\/\/mostbet.tips\/pt\/?s={search_term_string}\"},\"query-input\":\"required name=search_term_string\"}],\"inLanguage\":\"pt-PT\"}]}<\/script>\n<!-- \/ Yoast SEO plugin. -->","yoast_head_json":{"title":"Mostbet Casino: \u2705 A melhor escolha para jogos de azar online","description":"Mostbet Casino: o seu parceiro de confian\u00e7a no mundo dos jogos de azar online. Mergulhe na hist\u00f3ria do jogo e desfrute dos benef\u00edcios de jogar no Mostbet Casin","robots":{"index":"index","follow":"follow","max-snippet":"max-snippet:-1","max-image-preview":"max-image-preview:large","max-video-preview":"max-video-preview:-1"},"og_locale":"pt_PT","og_type":"article","og_title":"Mostbet Casino: \u2705 A melhor escolha para jogos de azar online","og_description":"Mostbet Casino: o seu parceiro de confian\u00e7a no mundo dos jogos de azar online. Mergulhe na hist\u00f3ria do jogo e desfrute dos benef\u00edcios de jogar no Mostbet Casin","og_url":"https:\/\/mostbet.tips\/pt\/casino\/","og_site_name":"Mostbet PT","article_modified_time":"2025-06-01T07:36:38+00:00","twitter_card":"summary_large_image","schema":{"@context":"https:\/\/schema.org","@graph":[{"@type":"WebPage","@id":"https:\/\/mostbet.tips\/pt\/casino\/","url":"https:\/\/mostbet.tips\/pt\/casino\/","name":"Mostbet Casino: \u2705 A melhor escolha para jogos de azar online","isPartOf":{"@id":"https:\/\/mostbet.tips\/pt\/#website"},"datePublished":"2025-04-23T17:32:34+00:00","dateModified":"2025-06-01T07:36:38+00:00","description":"Mostbet Casino: o seu parceiro de confian\u00e7a no mundo dos jogos de azar online. Mergulhe na hist\u00f3ria do jogo e desfrute dos benef\u00edcios de jogar no Mostbet Casin","breadcrumb":{"@id":"https:\/\/mostbet.tips\/pt\/casino\/#breadcrumb"},"inLanguage":"pt-PT","potentialAction":[{"@type":"ReadAction","target":["https:\/\/mostbet.tips\/pt\/casino\/"]}]},{"@type":"BreadcrumbList","@id":"https:\/\/mostbet.tips\/pt\/casino\/#breadcrumb","itemListElement":[{"@type":"ListItem","position":1,"name":"Home","item":"https:\/\/mostbet.tips\/pt\/"},{"@type":"ListItem","position":2,"name":"Casino"}]},{"@type":"WebSite","@id":"https:\/\/mostbet.tips\/pt\/#website","url":"https:\/\/mostbet.tips\/pt\/","name":"Mostbet PT","description":"My WordPress Blog","potentialAction":[{"@type":"SearchAction","target":{"@type":"EntryPoint","urlTemplate":"https:\/\/mostbet.tips\/pt\/?s={search_term_string}"},"query-input":"required name=search_term_string"}],"inLanguage":"pt-PT"}]}},"_links":{"self":[{"href":"https:\/\/mostbet.tips\/pt\/wp-json\/wp\/v2\/pages\/228"}],"collection":[{"href":"https:\/\/mostbet.tips\/pt\/wp-json\/wp\/v2\/pages"}],"about":[{"href":"https:\/\/mostbet.tips\/pt\/wp-json\/wp\/v2\/types\/page"}],"author":[{"embeddable":true,"href":"https:\/\/mostbet.tips\/pt\/wp-json\/wp\/v2\/users\/1"}],"replies":[{"embeddable":true,"href":"https:\/\/mostbet.tips\/pt\/wp-json\/wp\/v2\/comments?post=228"}],"version-history":[{"count":10,"href":"https:\/\/mostbet.tips\/pt\/wp-json\/wp\/v2\/pages\/228\/revisions"}],"predecessor-version":[{"id":361,"href":"https:\/\/mostbet.tips\/pt\/wp-json\/wp\/v2\/pages\/228\/revisions\/361"}],"wp:attachment":[{"href":"https:\/\/mostbet.tips\/pt\/wp-json\/wp\/v2\/media?parent=228"}],"curies":[{"name":"wp","href":"https:\/\/api.w.org\/{rel}","templated":true}]}}