{"id":152,"date":"2023-05-18T17:39:43","date_gmt":"2023-05-18T17:39:43","guid":{"rendered":"https:\/\/mostbet.tips\/pt\/?page_id=152"},"modified":"2025-06-01T08:18:25","modified_gmt":"2025-06-01T08:18:25","slug":"bonus","status":"publish","type":"page","link":"https:\/\/mostbet.tips\/pt\/bonus\/","title":{"rendered":"B\u00f3nus"},"content":{"rendered":"","protected":false},"excerpt":{"rendered":"","protected":false},"author":1,"featured_media":0,"parent":0,"menu_order":0,"comment_status":"closed","ping_status":"closed","template":"","meta":{"footnotes":""},"yoast_head":"<!-- This site is optimized with the Yoast SEO plugin v23.0 - https:\/\/yoast.com\/wordpress\/plugins\/seo\/ -->\n<title>Mostbet: Os melhores b\u00f3nus de casino e de casa de apostas<\/title>\n<meta name=\"description\" content=\"Programa de B\u00f3nus Mostbet - a sua oportunidade de ganhar mais! Ofertas exclusivas para casino e apostas desportivas. Registe-se e pe\u00e7a o seu b\u00f3nus hoje mesmo!\" \/>\n<meta name=\"robots\" content=\"index, follow, max-snippet:-1, max-image-preview:large, max-video-preview:-1\" \/>\n<meta property=\"og:locale\" content=\"pt_PT\" \/>\n<meta property=\"og:type\" content=\"article\" \/>\n<meta property=\"og:title\" content=\"Mostbet: Os melhores b\u00f3nus de casino e de casa de apostas\" \/>\n<meta property=\"og:description\" content=\"Programa de B\u00f3nus Mostbet - a sua oportunidade de ganhar mais! Ofertas exclusivas para casino e apostas desportivas. Registe-se e pe\u00e7a o seu b\u00f3nus hoje mesmo!\" \/>\n<meta property=\"og:url\" content=\"https:\/\/mostbet.tips\/pt\/bonus\/\" \/>\n<meta property=\"og:site_name\" content=\"Mostbet PT\" \/>\n<meta property=\"article:modified_time\" content=\"2025-06-01T08:18:25+00:00\" \/>\n<meta name=\"twitter:card\" content=\"summary_large_image\" \/>\n<script type=\"application\/ld+json\" class=\"yoast-schema-graph\">{\"@context\":\"https:\/\/schema.org\",\"@graph\":[{\"@type\":\"WebPage\",\"@id\":\"https:\/\/mostbet.tips\/pt\/bonus\/\",\"url\":\"https:\/\/mostbet.tips\/pt\/bonus\/\",\"name\":\"Mostbet: Os melhores b\u00f3nus de casino e de casa de apostas\",\"isPartOf\":{\"@id\":\"https:\/\/mostbet.tips\/pt\/#website\"},\"datePublished\":\"2023-05-18T17:39:43+00:00\",\"dateModified\":\"2025-06-01T08:18:25+00:00\",\"description\":\"Programa de B\u00f3nus Mostbet - a sua oportunidade de ganhar mais! Ofertas exclusivas para casino e apostas desportivas. Registe-se e pe\u00e7a o seu b\u00f3nus hoje mesmo!\",\"breadcrumb\":{\"@id\":\"https:\/\/mostbet.tips\/pt\/bonus\/#breadcrumb\"},\"inLanguage\":\"pt-PT\",\"potentialAction\":[{\"@type\":\"ReadAction\",\"target\":[\"https:\/\/mostbet.tips\/pt\/bonus\/\"]}]},{\"@type\":\"BreadcrumbList\",\"@id\":\"https:\/\/mostbet.tips\/pt\/bonus\/#breadcrumb\",\"itemListElement\":[{\"@type\":\"ListItem\",\"position\":1,\"name\":\"Home\",\"item\":\"https:\/\/mostbet.tips\/pt\/\"},{\"@type\":\"ListItem\",\"position\":2,\"name\":\"B\u00f3nus\"}]},{\"@type\":\"WebSite\",\"@id\":\"https:\/\/mostbet.tips\/pt\/#website\",\"url\":\"https:\/\/mostbet.tips\/pt\/\",\"name\":\"Mostbet PT\",\"description\":\"My WordPress Blog\",\"potentialAction\":[{\"@type\":\"SearchAction\",\"target\":{\"@type\":\"EntryPoint\",\"urlTemplate\":\"https:\/\/mostbet.tips\/pt\/?s={search_term_string}\"},\"query-input\":\"required name=search_term_string\"}],\"inLanguage\":\"pt-PT\"}]}<\/script>\n<!-- \/ Yoast SEO plugin. -->","yoast_head_json":{"title":"Mostbet: Os melhores b\u00f3nus de casino e de casa de apostas","description":"Programa de B\u00f3nus Mostbet - a sua oportunidade de ganhar mais! Ofertas exclusivas para casino e apostas desportivas. Registe-se e pe\u00e7a o seu b\u00f3nus hoje mesmo!","robots":{"index":"index","follow":"follow","max-snippet":"max-snippet:-1","max-image-preview":"max-image-preview:large","max-video-preview":"max-video-preview:-1"},"og_locale":"pt_PT","og_type":"article","og_title":"Mostbet: Os melhores b\u00f3nus de casino e de casa de apostas","og_description":"Programa de B\u00f3nus Mostbet - a sua oportunidade de ganhar mais! Ofertas exclusivas para casino e apostas desportivas. Registe-se e pe\u00e7a o seu b\u00f3nus hoje mesmo!","og_url":"https:\/\/mostbet.tips\/pt\/bonus\/","og_site_name":"Mostbet PT","article_modified_time":"2025-06-01T08:18:25+00:00","twitter_card":"summary_large_image","schema":{"@context":"https:\/\/schema.org","@graph":[{"@type":"WebPage","@id":"https:\/\/mostbet.tips\/pt\/bonus\/","url":"https:\/\/mostbet.tips\/pt\/bonus\/","name":"Mostbet: Os melhores b\u00f3nus de casino e de casa de apostas","isPartOf":{"@id":"https:\/\/mostbet.tips\/pt\/#website"},"datePublished":"2023-05-18T17:39:43+00:00","dateModified":"2025-06-01T08:18:25+00:00","description":"Programa de B\u00f3nus Mostbet - a sua oportunidade de ganhar mais! Ofertas exclusivas para casino e apostas desportivas. Registe-se e pe\u00e7a o seu b\u00f3nus hoje mesmo!","breadcrumb":{"@id":"https:\/\/mostbet.tips\/pt\/bonus\/#breadcrumb"},"inLanguage":"pt-PT","potentialAction":[{"@type":"ReadAction","target":["https:\/\/mostbet.tips\/pt\/bonus\/"]}]},{"@type":"BreadcrumbList","@id":"https:\/\/mostbet.tips\/pt\/bonus\/#breadcrumb","itemListElement":[{"@type":"ListItem","position":1,"name":"Home","item":"https:\/\/mostbet.tips\/pt\/"},{"@type":"ListItem","position":2,"name":"B\u00f3nus"}]},{"@type":"WebSite","@id":"https:\/\/mostbet.tips\/pt\/#website","url":"https:\/\/mostbet.tips\/pt\/","name":"Mostbet PT","description":"My WordPress Blog","potentialAction":[{"@type":"SearchAction","target":{"@type":"EntryPoint","urlTemplate":"https:\/\/mostbet.tips\/pt\/?s={search_term_string}"},"query-input":"required name=search_term_string"}],"inLanguage":"pt-PT"}]}},"_links":{"self":[{"href":"https:\/\/mostbet.tips\/pt\/wp-json\/wp\/v2\/pages\/152"}],"collection":[{"href":"https:\/\/mostbet.tips\/pt\/wp-json\/wp\/v2\/pages"}],"about":[{"href":"https:\/\/mostbet.tips\/pt\/wp-json\/wp\/v2\/types\/page"}],"author":[{"embeddable":true,"href":"https:\/\/mostbet.tips\/pt\/wp-json\/wp\/v2\/users\/1"}],"replies":[{"embeddable":true,"href":"https:\/\/mostbet.tips\/pt\/wp-json\/wp\/v2\/comments?post=152"}],"version-history":[{"count":8,"href":"https:\/\/mostbet.tips\/pt\/wp-json\/wp\/v2\/pages\/152\/revisions"}],"predecessor-version":[{"id":359,"href":"https:\/\/mostbet.tips\/pt\/wp-json\/wp\/v2\/pages\/152\/revisions\/359"}],"wp:attachment":[{"href":"https:\/\/mostbet.tips\/pt\/wp-json\/wp\/v2\/media?parent=152"}],"curies":[{"name":"wp","href":"https:\/\/api.w.org\/{rel}","templated":true}]}}