{"id":296,"date":"2025-04-28T06:31:42","date_gmt":"2025-04-28T06:31:42","guid":{"rendered":"https:\/\/mostbet.tips\/pl\/?page_id=296"},"modified":"2025-05-18T07:37:14","modified_gmt":"2025-05-18T07:37:14","slug":"promo-code","status":"publish","type":"page","link":"https:\/\/mostbet.tips\/pl\/promo-code\/","title":{"rendered":"Kod promocyjny"},"content":{"rendered":"","protected":false},"excerpt":{"rendered":"","protected":false},"author":1,"featured_media":0,"parent":0,"menu_order":0,"comment_status":"closed","ping_status":"closed","template":"","meta":{"footnotes":""},"yoast_head":"<!-- This site is optimized with the Yoast SEO plugin v23.0 - https:\/\/yoast.com\/wordpress\/plugins\/seo\/ -->\n<title>Kody promocyjne Mostbet | Ekskluzywne bonusy, darmowe zak\u0142ady<\/title>\n<meta name=\"description\" content=\"Mostbet oferuje szerok\u0105 gam\u0119 bonus\u00f3w, ale prawdziwym skarbem s\u0105 kody promocyjne! Dowiedz si\u0119, jak uzyska\u0107 dost\u0119p do promocji i zwi\u0119kszy\u0107 swoje wygrane.\" \/>\n<meta name=\"robots\" content=\"index, follow, max-snippet:-1, max-image-preview:large, max-video-preview:-1\" \/>\n<meta property=\"og:locale\" content=\"pl_PL\" \/>\n<meta property=\"og:type\" content=\"article\" \/>\n<meta property=\"og:title\" content=\"Kody promocyjne Mostbet | Ekskluzywne bonusy, darmowe zak\u0142ady\" \/>\n<meta property=\"og:description\" content=\"Mostbet oferuje szerok\u0105 gam\u0119 bonus\u00f3w, ale prawdziwym skarbem s\u0105 kody promocyjne! Dowiedz si\u0119, jak uzyska\u0107 dost\u0119p do promocji i zwi\u0119kszy\u0107 swoje wygrane.\" \/>\n<meta property=\"og:url\" content=\"https:\/\/mostbet.tips\/pl\/promo-code\/\" \/>\n<meta property=\"og:site_name\" content=\"Mostbet Tips pl\" \/>\n<meta property=\"article:modified_time\" content=\"2025-05-18T07:37:14+00:00\" \/>\n<meta name=\"twitter:card\" content=\"summary_large_image\" \/>\n<script type=\"application\/ld+json\" class=\"yoast-schema-graph\">{\"@context\":\"https:\/\/schema.org\",\"@graph\":[{\"@type\":\"WebPage\",\"@id\":\"https:\/\/mostbet.tips\/pl\/promo-code\/\",\"url\":\"https:\/\/mostbet.tips\/pl\/promo-code\/\",\"name\":\"Kody promocyjne Mostbet | Ekskluzywne bonusy, darmowe zak\u0142ady\",\"isPartOf\":{\"@id\":\"https:\/\/mostbet.tips\/pl\/#website\"},\"datePublished\":\"2025-04-28T06:31:42+00:00\",\"dateModified\":\"2025-05-18T07:37:14+00:00\",\"description\":\"Mostbet oferuje szerok\u0105 gam\u0119 bonus\u00f3w, ale prawdziwym skarbem s\u0105 kody promocyjne! Dowiedz si\u0119, jak uzyska\u0107 dost\u0119p do promocji i zwi\u0119kszy\u0107 swoje wygrane.\",\"breadcrumb\":{\"@id\":\"https:\/\/mostbet.tips\/pl\/promo-code\/#breadcrumb\"},\"inLanguage\":\"pl-PL\",\"potentialAction\":[{\"@type\":\"ReadAction\",\"target\":[\"https:\/\/mostbet.tips\/pl\/promo-code\/\"]}]},{\"@type\":\"BreadcrumbList\",\"@id\":\"https:\/\/mostbet.tips\/pl\/promo-code\/#breadcrumb\",\"itemListElement\":[{\"@type\":\"ListItem\",\"position\":1,\"name\":\"Home\",\"item\":\"https:\/\/mostbet.tips\/pl\/\"},{\"@type\":\"ListItem\",\"position\":2,\"name\":\"Kod promocyjny\"}]},{\"@type\":\"WebSite\",\"@id\":\"https:\/\/mostbet.tips\/pl\/#website\",\"url\":\"https:\/\/mostbet.tips\/pl\/\",\"name\":\"Mostbet Tips pl\",\"description\":\"My WordPress Blog\",\"potentialAction\":[{\"@type\":\"SearchAction\",\"target\":{\"@type\":\"EntryPoint\",\"urlTemplate\":\"https:\/\/mostbet.tips\/pl\/?s={search_term_string}\"},\"query-input\":\"required name=search_term_string\"}],\"inLanguage\":\"pl-PL\"}]}<\/script>\n<!-- \/ Yoast SEO plugin. -->","yoast_head_json":{"title":"Kody promocyjne Mostbet | Ekskluzywne bonusy, darmowe zak\u0142ady","description":"Mostbet oferuje szerok\u0105 gam\u0119 bonus\u00f3w, ale prawdziwym skarbem s\u0105 kody promocyjne! Dowiedz si\u0119, jak uzyska\u0107 dost\u0119p do promocji i zwi\u0119kszy\u0107 swoje wygrane.","robots":{"index":"index","follow":"follow","max-snippet":"max-snippet:-1","max-image-preview":"max-image-preview:large","max-video-preview":"max-video-preview:-1"},"og_locale":"pl_PL","og_type":"article","og_title":"Kody promocyjne Mostbet | Ekskluzywne bonusy, darmowe zak\u0142ady","og_description":"Mostbet oferuje szerok\u0105 gam\u0119 bonus\u00f3w, ale prawdziwym skarbem s\u0105 kody promocyjne! Dowiedz si\u0119, jak uzyska\u0107 dost\u0119p do promocji i zwi\u0119kszy\u0107 swoje wygrane.","og_url":"https:\/\/mostbet.tips\/pl\/promo-code\/","og_site_name":"Mostbet Tips pl","article_modified_time":"2025-05-18T07:37:14+00:00","twitter_card":"summary_large_image","schema":{"@context":"https:\/\/schema.org","@graph":[{"@type":"WebPage","@id":"https:\/\/mostbet.tips\/pl\/promo-code\/","url":"https:\/\/mostbet.tips\/pl\/promo-code\/","name":"Kody promocyjne Mostbet | Ekskluzywne bonusy, darmowe zak\u0142ady","isPartOf":{"@id":"https:\/\/mostbet.tips\/pl\/#website"},"datePublished":"2025-04-28T06:31:42+00:00","dateModified":"2025-05-18T07:37:14+00:00","description":"Mostbet oferuje szerok\u0105 gam\u0119 bonus\u00f3w, ale prawdziwym skarbem s\u0105 kody promocyjne! Dowiedz si\u0119, jak uzyska\u0107 dost\u0119p do promocji i zwi\u0119kszy\u0107 swoje wygrane.","breadcrumb":{"@id":"https:\/\/mostbet.tips\/pl\/promo-code\/#breadcrumb"},"inLanguage":"pl-PL","potentialAction":[{"@type":"ReadAction","target":["https:\/\/mostbet.tips\/pl\/promo-code\/"]}]},{"@type":"BreadcrumbList","@id":"https:\/\/mostbet.tips\/pl\/promo-code\/#breadcrumb","itemListElement":[{"@type":"ListItem","position":1,"name":"Home","item":"https:\/\/mostbet.tips\/pl\/"},{"@type":"ListItem","position":2,"name":"Kod promocyjny"}]},{"@type":"WebSite","@id":"https:\/\/mostbet.tips\/pl\/#website","url":"https:\/\/mostbet.tips\/pl\/","name":"Mostbet Tips pl","description":"My WordPress Blog","potentialAction":[{"@type":"SearchAction","target":{"@type":"EntryPoint","urlTemplate":"https:\/\/mostbet.tips\/pl\/?s={search_term_string}"},"query-input":"required name=search_term_string"}],"inLanguage":"pl-PL"}]}},"_links":{"self":[{"href":"https:\/\/mostbet.tips\/pl\/wp-json\/wp\/v2\/pages\/296"}],"collection":[{"href":"https:\/\/mostbet.tips\/pl\/wp-json\/wp\/v2\/pages"}],"about":[{"href":"https:\/\/mostbet.tips\/pl\/wp-json\/wp\/v2\/types\/page"}],"author":[{"embeddable":true,"href":"https:\/\/mostbet.tips\/pl\/wp-json\/wp\/v2\/users\/1"}],"replies":[{"embeddable":true,"href":"https:\/\/mostbet.tips\/pl\/wp-json\/wp\/v2\/comments?post=296"}],"version-history":[{"count":7,"href":"https:\/\/mostbet.tips\/pl\/wp-json\/wp\/v2\/pages\/296\/revisions"}],"predecessor-version":[{"id":364,"href":"https:\/\/mostbet.tips\/pl\/wp-json\/wp\/v2\/pages\/296\/revisions\/364"}],"wp:attachment":[{"href":"https:\/\/mostbet.tips\/pl\/wp-json\/wp\/v2\/media?parent=296"}],"curies":[{"name":"wp","href":"https:\/\/api.w.org\/{rel}","templated":true}]}}