{"id":242,"date":"2025-04-25T05:06:40","date_gmt":"2025-04-25T05:06:40","guid":{"rendered":"https:\/\/mostbet.tips\/pl\/?page_id=242"},"modified":"2026-01-12T10:01:49","modified_gmt":"2026-01-12T10:01:49","slug":"app","status":"publish","type":"page","link":"https:\/\/mostbet.tips\/pl\/app\/","title":{"rendered":"Aplikacja"},"content":{"rendered":"","protected":false},"excerpt":{"rendered":"","protected":false},"author":1,"featured_media":0,"parent":0,"menu_order":0,"comment_status":"closed","ping_status":"closed","template":"","meta":{"footnotes":""},"yoast_head":"<!-- This site is optimized with the Yoast SEO plugin v23.0 - https:\/\/yoast.com\/wordpress\/plugins\/seo\/ -->\n<title>Aplikacja Mostbet na Androida i iOS: jak pobra\u0107 i zainstalowa\u0107<\/title>\n<meta name=\"description\" content=\"Pobierz aplikacj\u0119 Mostbet na Androida i iOS za darmo z naszej strony internetowej. Zainstaluj i graj w swoje ulubione gry kasynowe i obstawiaj zak\u0142ady sportowe bezpo\u015brednio na urz\u0105dzeniu mobilnym\" \/>\n<meta name=\"robots\" content=\"index, follow, max-snippet:-1, max-image-preview:large, max-video-preview:-1\" \/>\n<meta property=\"og:locale\" content=\"pl_PL\" \/>\n<meta property=\"og:type\" content=\"article\" \/>\n<meta property=\"og:title\" content=\"Aplikacja Mostbet na Androida i iOS: jak pobra\u0107 i zainstalowa\u0107\" \/>\n<meta property=\"og:description\" content=\"Pobierz aplikacj\u0119 Mostbet na Androida i iOS za darmo z naszej strony internetowej. Zainstaluj i graj w swoje ulubione gry kasynowe i obstawiaj zak\u0142ady sportowe bezpo\u015brednio na urz\u0105dzeniu mobilnym\" \/>\n<meta property=\"og:url\" content=\"https:\/\/mostbet.tips\/pl\/app\/\" \/>\n<meta property=\"og:site_name\" content=\"Mostbet Tips pl\" \/>\n<meta property=\"article:modified_time\" content=\"2026-01-12T10:01:49+00:00\" \/>\n<meta name=\"twitter:card\" content=\"summary_large_image\" \/>\n<script type=\"application\/ld+json\" class=\"yoast-schema-graph\">{\"@context\":\"https:\/\/schema.org\",\"@graph\":[{\"@type\":\"WebPage\",\"@id\":\"https:\/\/mostbet.tips\/pl\/app\/\",\"url\":\"https:\/\/mostbet.tips\/pl\/app\/\",\"name\":\"Aplikacja Mostbet na Androida i iOS: jak pobra\u0107 i zainstalowa\u0107\",\"isPartOf\":{\"@id\":\"https:\/\/mostbet.tips\/pl\/#website\"},\"datePublished\":\"2025-04-25T05:06:40+00:00\",\"dateModified\":\"2026-01-12T10:01:49+00:00\",\"description\":\"Pobierz aplikacj\u0119 Mostbet na Androida i iOS za darmo z naszej strony internetowej. Zainstaluj i graj w swoje ulubione gry kasynowe i obstawiaj zak\u0142ady sportowe bezpo\u015brednio na urz\u0105dzeniu mobilnym\",\"breadcrumb\":{\"@id\":\"https:\/\/mostbet.tips\/pl\/app\/#breadcrumb\"},\"inLanguage\":\"pl-PL\",\"potentialAction\":[{\"@type\":\"ReadAction\",\"target\":[\"https:\/\/mostbet.tips\/pl\/app\/\"]}]},{\"@type\":\"BreadcrumbList\",\"@id\":\"https:\/\/mostbet.tips\/pl\/app\/#breadcrumb\",\"itemListElement\":[{\"@type\":\"ListItem\",\"position\":1,\"name\":\"Home\",\"item\":\"https:\/\/mostbet.tips\/pl\/\"},{\"@type\":\"ListItem\",\"position\":2,\"name\":\"Aplikacja\"}]},{\"@type\":\"WebSite\",\"@id\":\"https:\/\/mostbet.tips\/pl\/#website\",\"url\":\"https:\/\/mostbet.tips\/pl\/\",\"name\":\"Mostbet Tips pl\",\"description\":\"My WordPress Blog\",\"potentialAction\":[{\"@type\":\"SearchAction\",\"target\":{\"@type\":\"EntryPoint\",\"urlTemplate\":\"https:\/\/mostbet.tips\/pl\/?s={search_term_string}\"},\"query-input\":\"required name=search_term_string\"}],\"inLanguage\":\"pl-PL\"}]}<\/script>\n<!-- \/ Yoast SEO plugin. -->","yoast_head_json":{"title":"Aplikacja Mostbet na Androida i iOS: jak pobra\u0107 i zainstalowa\u0107","description":"Pobierz aplikacj\u0119 Mostbet na Androida i iOS za darmo z naszej strony internetowej. Zainstaluj i graj w swoje ulubione gry kasynowe i obstawiaj zak\u0142ady sportowe bezpo\u015brednio na urz\u0105dzeniu mobilnym","robots":{"index":"index","follow":"follow","max-snippet":"max-snippet:-1","max-image-preview":"max-image-preview:large","max-video-preview":"max-video-preview:-1"},"og_locale":"pl_PL","og_type":"article","og_title":"Aplikacja Mostbet na Androida i iOS: jak pobra\u0107 i zainstalowa\u0107","og_description":"Pobierz aplikacj\u0119 Mostbet na Androida i iOS za darmo z naszej strony internetowej. Zainstaluj i graj w swoje ulubione gry kasynowe i obstawiaj zak\u0142ady sportowe bezpo\u015brednio na urz\u0105dzeniu mobilnym","og_url":"https:\/\/mostbet.tips\/pl\/app\/","og_site_name":"Mostbet Tips pl","article_modified_time":"2026-01-12T10:01:49+00:00","twitter_card":"summary_large_image","schema":{"@context":"https:\/\/schema.org","@graph":[{"@type":"WebPage","@id":"https:\/\/mostbet.tips\/pl\/app\/","url":"https:\/\/mostbet.tips\/pl\/app\/","name":"Aplikacja Mostbet na Androida i iOS: jak pobra\u0107 i zainstalowa\u0107","isPartOf":{"@id":"https:\/\/mostbet.tips\/pl\/#website"},"datePublished":"2025-04-25T05:06:40+00:00","dateModified":"2026-01-12T10:01:49+00:00","description":"Pobierz aplikacj\u0119 Mostbet na Androida i iOS za darmo z naszej strony internetowej. Zainstaluj i graj w swoje ulubione gry kasynowe i obstawiaj zak\u0142ady sportowe bezpo\u015brednio na urz\u0105dzeniu mobilnym","breadcrumb":{"@id":"https:\/\/mostbet.tips\/pl\/app\/#breadcrumb"},"inLanguage":"pl-PL","potentialAction":[{"@type":"ReadAction","target":["https:\/\/mostbet.tips\/pl\/app\/"]}]},{"@type":"BreadcrumbList","@id":"https:\/\/mostbet.tips\/pl\/app\/#breadcrumb","itemListElement":[{"@type":"ListItem","position":1,"name":"Home","item":"https:\/\/mostbet.tips\/pl\/"},{"@type":"ListItem","position":2,"name":"Aplikacja"}]},{"@type":"WebSite","@id":"https:\/\/mostbet.tips\/pl\/#website","url":"https:\/\/mostbet.tips\/pl\/","name":"Mostbet Tips pl","description":"My WordPress Blog","potentialAction":[{"@type":"SearchAction","target":{"@type":"EntryPoint","urlTemplate":"https:\/\/mostbet.tips\/pl\/?s={search_term_string}"},"query-input":"required name=search_term_string"}],"inLanguage":"pl-PL"}]}},"_links":{"self":[{"href":"https:\/\/mostbet.tips\/pl\/wp-json\/wp\/v2\/pages\/242"}],"collection":[{"href":"https:\/\/mostbet.tips\/pl\/wp-json\/wp\/v2\/pages"}],"about":[{"href":"https:\/\/mostbet.tips\/pl\/wp-json\/wp\/v2\/types\/page"}],"author":[{"embeddable":true,"href":"https:\/\/mostbet.tips\/pl\/wp-json\/wp\/v2\/users\/1"}],"replies":[{"embeddable":true,"href":"https:\/\/mostbet.tips\/pl\/wp-json\/wp\/v2\/comments?post=242"}],"version-history":[{"count":14,"href":"https:\/\/mostbet.tips\/pl\/wp-json\/wp\/v2\/pages\/242\/revisions"}],"predecessor-version":[{"id":374,"href":"https:\/\/mostbet.tips\/pl\/wp-json\/wp\/v2\/pages\/242\/revisions\/374"}],"wp:attachment":[{"href":"https:\/\/mostbet.tips\/pl\/wp-json\/wp\/v2\/media?parent=242"}],"curies":[{"name":"wp","href":"https:\/\/api.w.org\/{rel}","templated":true}]}}