{"id":323,"date":"2025-04-30T05:10:26","date_gmt":"2025-04-30T05:10:26","guid":{"rendered":"https:\/\/mostbet.tips\/lv\/?page_id=323"},"modified":"2025-06-08T07:05:56","modified_gmt":"2025-06-08T07:05:56","slug":"registration","status":"publish","type":"page","link":"https:\/\/mostbet.tips\/lv\/registration\/","title":{"rendered":"Re\u0123istr\u0101cija"},"content":{"rendered":"","protected":false},"excerpt":{"rendered":"","protected":false},"author":1,"featured_media":0,"parent":0,"menu_order":0,"comment_status":"closed","ping_status":"closed","template":"","meta":{"footnotes":""},"yoast_head":"<!-- This site is optimized with the Yoast SEO plugin v23.0 - https:\/\/yoast.com\/wordpress\/plugins\/seo\/ -->\n<title>Mostbet re\u0123istr\u0101cija | Soli pa solim ce\u013cvedis jaunajiem lietot\u0101jiem<\/title>\n<meta name=\"description\" content=\"Mostbet ir vado\u0161\u0101 tie\u0161saistes der\u012bbu un kazino platforma. Atkl\u0101jiet sporta der\u012bbas, kazino sp\u0113les, bonusus un turn\u012brus. Lai s\u0101ktu, sekojiet m\u016bsu vieglajam re\u0123istr\u0101cijas ce\u013cvedim!\" \/>\n<meta name=\"robots\" content=\"index, follow, max-snippet:-1, max-image-preview:large, max-video-preview:-1\" \/>\n<meta property=\"og:locale\" content=\"lv_LV\" \/>\n<meta property=\"og:type\" content=\"article\" \/>\n<meta property=\"og:title\" content=\"Mostbet re\u0123istr\u0101cija | Soli pa solim ce\u013cvedis jaunajiem lietot\u0101jiem\" \/>\n<meta property=\"og:description\" content=\"Mostbet ir vado\u0161\u0101 tie\u0161saistes der\u012bbu un kazino platforma. Atkl\u0101jiet sporta der\u012bbas, kazino sp\u0113les, bonusus un turn\u012brus. Lai s\u0101ktu, sekojiet m\u016bsu vieglajam re\u0123istr\u0101cijas ce\u013cvedim!\" \/>\n<meta property=\"og:url\" content=\"https:\/\/mostbet.tips\/lv\/registration\/\" \/>\n<meta property=\"og:site_name\" content=\"Mostbet LV\" \/>\n<meta property=\"article:modified_time\" content=\"2025-06-08T07:05:56+00:00\" \/>\n<meta name=\"twitter:card\" content=\"summary_large_image\" \/>\n<script type=\"application\/ld+json\" class=\"yoast-schema-graph\">{\"@context\":\"https:\/\/schema.org\",\"@graph\":[{\"@type\":\"WebPage\",\"@id\":\"https:\/\/mostbet.tips\/lv\/registration\/\",\"url\":\"https:\/\/mostbet.tips\/lv\/registration\/\",\"name\":\"Mostbet re\u0123istr\u0101cija | Soli pa solim ce\u013cvedis jaunajiem lietot\u0101jiem\",\"isPartOf\":{\"@id\":\"https:\/\/mostbet.tips\/lv\/#website\"},\"datePublished\":\"2025-04-30T05:10:26+00:00\",\"dateModified\":\"2025-06-08T07:05:56+00:00\",\"description\":\"Mostbet ir vado\u0161\u0101 tie\u0161saistes der\u012bbu un kazino platforma. Atkl\u0101jiet sporta der\u012bbas, kazino sp\u0113les, bonusus un turn\u012brus. Lai s\u0101ktu, sekojiet m\u016bsu vieglajam re\u0123istr\u0101cijas ce\u013cvedim!\",\"breadcrumb\":{\"@id\":\"https:\/\/mostbet.tips\/lv\/registration\/#breadcrumb\"},\"inLanguage\":\"lv\",\"potentialAction\":[{\"@type\":\"ReadAction\",\"target\":[\"https:\/\/mostbet.tips\/lv\/registration\/\"]}]},{\"@type\":\"BreadcrumbList\",\"@id\":\"https:\/\/mostbet.tips\/lv\/registration\/#breadcrumb\",\"itemListElement\":[{\"@type\":\"ListItem\",\"position\":1,\"name\":\"Home\",\"item\":\"https:\/\/mostbet.tips\/lv\/\"},{\"@type\":\"ListItem\",\"position\":2,\"name\":\"Re\u0123istr\u0101cija\"}]},{\"@type\":\"WebSite\",\"@id\":\"https:\/\/mostbet.tips\/lv\/#website\",\"url\":\"https:\/\/mostbet.tips\/lv\/\",\"name\":\"Mostbet LV\",\"description\":\"My WordPress Blog\",\"potentialAction\":[{\"@type\":\"SearchAction\",\"target\":{\"@type\":\"EntryPoint\",\"urlTemplate\":\"https:\/\/mostbet.tips\/lv\/?s={search_term_string}\"},\"query-input\":\"required name=search_term_string\"}],\"inLanguage\":\"lv\"}]}<\/script>\n<!-- \/ Yoast SEO plugin. -->","yoast_head_json":{"title":"Mostbet re\u0123istr\u0101cija | Soli pa solim ce\u013cvedis jaunajiem lietot\u0101jiem","description":"Mostbet ir vado\u0161\u0101 tie\u0161saistes der\u012bbu un kazino platforma. Atkl\u0101jiet sporta der\u012bbas, kazino sp\u0113les, bonusus un turn\u012brus. Lai s\u0101ktu, sekojiet m\u016bsu vieglajam re\u0123istr\u0101cijas ce\u013cvedim!","robots":{"index":"index","follow":"follow","max-snippet":"max-snippet:-1","max-image-preview":"max-image-preview:large","max-video-preview":"max-video-preview:-1"},"og_locale":"lv_LV","og_type":"article","og_title":"Mostbet re\u0123istr\u0101cija | Soli pa solim ce\u013cvedis jaunajiem lietot\u0101jiem","og_description":"Mostbet ir vado\u0161\u0101 tie\u0161saistes der\u012bbu un kazino platforma. Atkl\u0101jiet sporta der\u012bbas, kazino sp\u0113les, bonusus un turn\u012brus. Lai s\u0101ktu, sekojiet m\u016bsu vieglajam re\u0123istr\u0101cijas ce\u013cvedim!","og_url":"https:\/\/mostbet.tips\/lv\/registration\/","og_site_name":"Mostbet LV","article_modified_time":"2025-06-08T07:05:56+00:00","twitter_card":"summary_large_image","schema":{"@context":"https:\/\/schema.org","@graph":[{"@type":"WebPage","@id":"https:\/\/mostbet.tips\/lv\/registration\/","url":"https:\/\/mostbet.tips\/lv\/registration\/","name":"Mostbet re\u0123istr\u0101cija | Soli pa solim ce\u013cvedis jaunajiem lietot\u0101jiem","isPartOf":{"@id":"https:\/\/mostbet.tips\/lv\/#website"},"datePublished":"2025-04-30T05:10:26+00:00","dateModified":"2025-06-08T07:05:56+00:00","description":"Mostbet ir vado\u0161\u0101 tie\u0161saistes der\u012bbu un kazino platforma. Atkl\u0101jiet sporta der\u012bbas, kazino sp\u0113les, bonusus un turn\u012brus. Lai s\u0101ktu, sekojiet m\u016bsu vieglajam re\u0123istr\u0101cijas ce\u013cvedim!","breadcrumb":{"@id":"https:\/\/mostbet.tips\/lv\/registration\/#breadcrumb"},"inLanguage":"lv","potentialAction":[{"@type":"ReadAction","target":["https:\/\/mostbet.tips\/lv\/registration\/"]}]},{"@type":"BreadcrumbList","@id":"https:\/\/mostbet.tips\/lv\/registration\/#breadcrumb","itemListElement":[{"@type":"ListItem","position":1,"name":"Home","item":"https:\/\/mostbet.tips\/lv\/"},{"@type":"ListItem","position":2,"name":"Re\u0123istr\u0101cija"}]},{"@type":"WebSite","@id":"https:\/\/mostbet.tips\/lv\/#website","url":"https:\/\/mostbet.tips\/lv\/","name":"Mostbet LV","description":"My WordPress Blog","potentialAction":[{"@type":"SearchAction","target":{"@type":"EntryPoint","urlTemplate":"https:\/\/mostbet.tips\/lv\/?s={search_term_string}"},"query-input":"required name=search_term_string"}],"inLanguage":"lv"}]}},"_links":{"self":[{"href":"https:\/\/mostbet.tips\/lv\/wp-json\/wp\/v2\/pages\/323"}],"collection":[{"href":"https:\/\/mostbet.tips\/lv\/wp-json\/wp\/v2\/pages"}],"about":[{"href":"https:\/\/mostbet.tips\/lv\/wp-json\/wp\/v2\/types\/page"}],"author":[{"embeddable":true,"href":"https:\/\/mostbet.tips\/lv\/wp-json\/wp\/v2\/users\/1"}],"replies":[{"embeddable":true,"href":"https:\/\/mostbet.tips\/lv\/wp-json\/wp\/v2\/comments?post=323"}],"version-history":[{"count":9,"href":"https:\/\/mostbet.tips\/lv\/wp-json\/wp\/v2\/pages\/323\/revisions"}],"predecessor-version":[{"id":381,"href":"https:\/\/mostbet.tips\/lv\/wp-json\/wp\/v2\/pages\/323\/revisions\/381"}],"wp:attachment":[{"href":"https:\/\/mostbet.tips\/lv\/wp-json\/wp\/v2\/media?parent=323"}],"curies":[{"name":"wp","href":"https:\/\/api.w.org\/{rel}","templated":true}]}}