{"id":263,"date":"2025-04-26T13:32:34","date_gmt":"2025-04-26T13:32:34","guid":{"rendered":"https:\/\/mostbet.tips\/lv\/?page_id=263"},"modified":"2026-01-12T11:32:33","modified_gmt":"2026-01-12T11:32:33","slug":"apk","status":"publish","type":"page","link":"https:\/\/mostbet.tips\/lv\/apk\/","title":{"rendered":"Apk"},"content":{"rendered":"","protected":false},"excerpt":{"rendered":"","protected":false},"author":1,"featured_media":0,"parent":0,"menu_order":0,"comment_status":"closed","ping_status":"closed","template":"","meta":{"footnotes":""},"yoast_head":"<!-- This site is optimized with the Yoast SEO plugin v23.0 - https:\/\/yoast.com\/wordpress\/plugins\/seo\/ -->\n<title>Mostbet APK ce\u013cvedis | Lejupiel\u0101de, uzst\u0101d\u012b\u0161ana<\/title>\n<meta name=\"description\" content=\"\u0160aj\u0101 rokasgr\u0101mat\u0101 ir aprakst\u012bts viss par Mostbet APK: dro\u0161as lejupiel\u0101des saites, vienk\u0101r\u0161i instal\u0113\u0161anas nor\u0101d\u012bjumi un tas, k\u0101 s\u0101kt lietot programmu. Izmantojiet Mostbet sav\u0101 Android ier\u012bc\u0113 jau \u0161odien!\" \/>\n<meta name=\"robots\" content=\"index, follow, max-snippet:-1, max-image-preview:large, max-video-preview:-1\" \/>\n<meta property=\"og:locale\" content=\"lv_LV\" \/>\n<meta property=\"og:type\" content=\"article\" \/>\n<meta property=\"og:title\" content=\"Mostbet APK ce\u013cvedis | Lejupiel\u0101de, uzst\u0101d\u012b\u0161ana\" \/>\n<meta property=\"og:description\" content=\"\u0160aj\u0101 rokasgr\u0101mat\u0101 ir aprakst\u012bts viss par Mostbet APK: dro\u0161as lejupiel\u0101des saites, vienk\u0101r\u0161i instal\u0113\u0161anas nor\u0101d\u012bjumi un tas, k\u0101 s\u0101kt lietot programmu. Izmantojiet Mostbet sav\u0101 Android ier\u012bc\u0113 jau \u0161odien!\" \/>\n<meta property=\"og:url\" content=\"https:\/\/mostbet.tips\/lv\/apk\/\" \/>\n<meta property=\"og:site_name\" content=\"Mostbet LV\" \/>\n<meta property=\"article:modified_time\" content=\"2026-01-12T11:32:33+00:00\" \/>\n<meta name=\"twitter:card\" content=\"summary_large_image\" \/>\n<script type=\"application\/ld+json\" class=\"yoast-schema-graph\">{\"@context\":\"https:\/\/schema.org\",\"@graph\":[{\"@type\":\"WebPage\",\"@id\":\"https:\/\/mostbet.tips\/lv\/apk\/\",\"url\":\"https:\/\/mostbet.tips\/lv\/apk\/\",\"name\":\"Mostbet APK ce\u013cvedis | Lejupiel\u0101de, uzst\u0101d\u012b\u0161ana\",\"isPartOf\":{\"@id\":\"https:\/\/mostbet.tips\/lv\/#website\"},\"datePublished\":\"2025-04-26T13:32:34+00:00\",\"dateModified\":\"2026-01-12T11:32:33+00:00\",\"description\":\"\u0160aj\u0101 rokasgr\u0101mat\u0101 ir aprakst\u012bts viss par Mostbet APK: dro\u0161as lejupiel\u0101des saites, vienk\u0101r\u0161i instal\u0113\u0161anas nor\u0101d\u012bjumi un tas, k\u0101 s\u0101kt lietot programmu. Izmantojiet Mostbet sav\u0101 Android ier\u012bc\u0113 jau \u0161odien!\",\"breadcrumb\":{\"@id\":\"https:\/\/mostbet.tips\/lv\/apk\/#breadcrumb\"},\"inLanguage\":\"lv\",\"potentialAction\":[{\"@type\":\"ReadAction\",\"target\":[\"https:\/\/mostbet.tips\/lv\/apk\/\"]}]},{\"@type\":\"BreadcrumbList\",\"@id\":\"https:\/\/mostbet.tips\/lv\/apk\/#breadcrumb\",\"itemListElement\":[{\"@type\":\"ListItem\",\"position\":1,\"name\":\"Home\",\"item\":\"https:\/\/mostbet.tips\/lv\/\"},{\"@type\":\"ListItem\",\"position\":2,\"name\":\"Apk\"}]},{\"@type\":\"WebSite\",\"@id\":\"https:\/\/mostbet.tips\/lv\/#website\",\"url\":\"https:\/\/mostbet.tips\/lv\/\",\"name\":\"Mostbet LV\",\"description\":\"My WordPress Blog\",\"potentialAction\":[{\"@type\":\"SearchAction\",\"target\":{\"@type\":\"EntryPoint\",\"urlTemplate\":\"https:\/\/mostbet.tips\/lv\/?s={search_term_string}\"},\"query-input\":\"required name=search_term_string\"}],\"inLanguage\":\"lv\"}]}<\/script>\n<!-- \/ Yoast SEO plugin. -->","yoast_head_json":{"title":"Mostbet APK ce\u013cvedis | Lejupiel\u0101de, uzst\u0101d\u012b\u0161ana","description":"\u0160aj\u0101 rokasgr\u0101mat\u0101 ir aprakst\u012bts viss par Mostbet APK: dro\u0161as lejupiel\u0101des saites, vienk\u0101r\u0161i instal\u0113\u0161anas nor\u0101d\u012bjumi un tas, k\u0101 s\u0101kt lietot programmu. Izmantojiet Mostbet sav\u0101 Android ier\u012bc\u0113 jau \u0161odien!","robots":{"index":"index","follow":"follow","max-snippet":"max-snippet:-1","max-image-preview":"max-image-preview:large","max-video-preview":"max-video-preview:-1"},"og_locale":"lv_LV","og_type":"article","og_title":"Mostbet APK ce\u013cvedis | Lejupiel\u0101de, uzst\u0101d\u012b\u0161ana","og_description":"\u0160aj\u0101 rokasgr\u0101mat\u0101 ir aprakst\u012bts viss par Mostbet APK: dro\u0161as lejupiel\u0101des saites, vienk\u0101r\u0161i instal\u0113\u0161anas nor\u0101d\u012bjumi un tas, k\u0101 s\u0101kt lietot programmu. Izmantojiet Mostbet sav\u0101 Android ier\u012bc\u0113 jau \u0161odien!","og_url":"https:\/\/mostbet.tips\/lv\/apk\/","og_site_name":"Mostbet LV","article_modified_time":"2026-01-12T11:32:33+00:00","twitter_card":"summary_large_image","schema":{"@context":"https:\/\/schema.org","@graph":[{"@type":"WebPage","@id":"https:\/\/mostbet.tips\/lv\/apk\/","url":"https:\/\/mostbet.tips\/lv\/apk\/","name":"Mostbet APK ce\u013cvedis | Lejupiel\u0101de, uzst\u0101d\u012b\u0161ana","isPartOf":{"@id":"https:\/\/mostbet.tips\/lv\/#website"},"datePublished":"2025-04-26T13:32:34+00:00","dateModified":"2026-01-12T11:32:33+00:00","description":"\u0160aj\u0101 rokasgr\u0101mat\u0101 ir aprakst\u012bts viss par Mostbet APK: dro\u0161as lejupiel\u0101des saites, vienk\u0101r\u0161i instal\u0113\u0161anas nor\u0101d\u012bjumi un tas, k\u0101 s\u0101kt lietot programmu. Izmantojiet Mostbet sav\u0101 Android ier\u012bc\u0113 jau \u0161odien!","breadcrumb":{"@id":"https:\/\/mostbet.tips\/lv\/apk\/#breadcrumb"},"inLanguage":"lv","potentialAction":[{"@type":"ReadAction","target":["https:\/\/mostbet.tips\/lv\/apk\/"]}]},{"@type":"BreadcrumbList","@id":"https:\/\/mostbet.tips\/lv\/apk\/#breadcrumb","itemListElement":[{"@type":"ListItem","position":1,"name":"Home","item":"https:\/\/mostbet.tips\/lv\/"},{"@type":"ListItem","position":2,"name":"Apk"}]},{"@type":"WebSite","@id":"https:\/\/mostbet.tips\/lv\/#website","url":"https:\/\/mostbet.tips\/lv\/","name":"Mostbet LV","description":"My WordPress Blog","potentialAction":[{"@type":"SearchAction","target":{"@type":"EntryPoint","urlTemplate":"https:\/\/mostbet.tips\/lv\/?s={search_term_string}"},"query-input":"required name=search_term_string"}],"inLanguage":"lv"}]}},"_links":{"self":[{"href":"https:\/\/mostbet.tips\/lv\/wp-json\/wp\/v2\/pages\/263"}],"collection":[{"href":"https:\/\/mostbet.tips\/lv\/wp-json\/wp\/v2\/pages"}],"about":[{"href":"https:\/\/mostbet.tips\/lv\/wp-json\/wp\/v2\/types\/page"}],"author":[{"embeddable":true,"href":"https:\/\/mostbet.tips\/lv\/wp-json\/wp\/v2\/users\/1"}],"replies":[{"embeddable":true,"href":"https:\/\/mostbet.tips\/lv\/wp-json\/wp\/v2\/comments?post=263"}],"version-history":[{"count":18,"href":"https:\/\/mostbet.tips\/lv\/wp-json\/wp\/v2\/pages\/263\/revisions"}],"predecessor-version":[{"id":388,"href":"https:\/\/mostbet.tips\/lv\/wp-json\/wp\/v2\/pages\/263\/revisions\/388"}],"wp:attachment":[{"href":"https:\/\/mostbet.tips\/lv\/wp-json\/wp\/v2\/media?parent=263"}],"curies":[{"name":"wp","href":"https:\/\/api.w.org\/{rel}","templated":true}]}}