{"id":242,"date":"2025-04-25T05:06:40","date_gmt":"2025-04-25T05:06:40","guid":{"rendered":"https:\/\/mostbet.tips\/lv\/?page_id=242"},"modified":"2026-01-12T11:34:27","modified_gmt":"2026-01-12T11:34:27","slug":"app","status":"publish","type":"page","link":"https:\/\/mostbet.tips\/lv\/app\/","title":{"rendered":"Lietotne"},"content":{"rendered":"","protected":false},"excerpt":{"rendered":"","protected":false},"author":1,"featured_media":0,"parent":0,"menu_order":0,"comment_status":"closed","ping_status":"closed","template":"","meta":{"footnotes":""},"yoast_head":"<!-- This site is optimized with the Yoast SEO plugin v23.0 - https:\/\/yoast.com\/wordpress\/plugins\/seo\/ -->\n<title>Mostbet lietotne Android un iOS | k\u0101 lejupiel\u0101d\u0113t un instal\u0113t<\/title>\n<meta name=\"description\" content=\"Lejupiel\u0101d\u0113jiet Mostbet lietotni Android un iOS oper\u0113t\u0101jsist\u0113m\u0101m bez maksas m\u016bsu vietn\u0113. Instal\u0113jiet un sp\u0113l\u0113jiet savas iecien\u012bt\u0101k\u0101s kazino sp\u0113les un sp\u0113l\u0113jiet sporta sp\u0113les tie\u0161i sav\u0101 mobilaj\u0101 ier\u012bc\u0113.\" \/>\n<meta name=\"robots\" content=\"index, follow, max-snippet:-1, max-image-preview:large, max-video-preview:-1\" \/>\n<meta property=\"og:locale\" content=\"lv_LV\" \/>\n<meta property=\"og:type\" content=\"article\" \/>\n<meta property=\"og:title\" content=\"Mostbet lietotne Android un iOS | k\u0101 lejupiel\u0101d\u0113t un instal\u0113t\" \/>\n<meta property=\"og:description\" content=\"Lejupiel\u0101d\u0113jiet Mostbet lietotni Android un iOS oper\u0113t\u0101jsist\u0113m\u0101m bez maksas m\u016bsu vietn\u0113. Instal\u0113jiet un sp\u0113l\u0113jiet savas iecien\u012bt\u0101k\u0101s kazino sp\u0113les un sp\u0113l\u0113jiet sporta sp\u0113les tie\u0161i sav\u0101 mobilaj\u0101 ier\u012bc\u0113.\" \/>\n<meta property=\"og:url\" content=\"https:\/\/mostbet.tips\/lv\/app\/\" \/>\n<meta property=\"og:site_name\" content=\"Mostbet LV\" \/>\n<meta property=\"article:modified_time\" content=\"2026-01-12T11:34:27+00:00\" \/>\n<meta name=\"twitter:card\" content=\"summary_large_image\" \/>\n<script type=\"application\/ld+json\" class=\"yoast-schema-graph\">{\"@context\":\"https:\/\/schema.org\",\"@graph\":[{\"@type\":\"WebPage\",\"@id\":\"https:\/\/mostbet.tips\/lv\/app\/\",\"url\":\"https:\/\/mostbet.tips\/lv\/app\/\",\"name\":\"Mostbet lietotne Android un iOS | k\u0101 lejupiel\u0101d\u0113t un instal\u0113t\",\"isPartOf\":{\"@id\":\"https:\/\/mostbet.tips\/lv\/#website\"},\"datePublished\":\"2025-04-25T05:06:40+00:00\",\"dateModified\":\"2026-01-12T11:34:27+00:00\",\"description\":\"Lejupiel\u0101d\u0113jiet Mostbet lietotni Android un iOS oper\u0113t\u0101jsist\u0113m\u0101m bez maksas m\u016bsu vietn\u0113. Instal\u0113jiet un sp\u0113l\u0113jiet savas iecien\u012bt\u0101k\u0101s kazino sp\u0113les un sp\u0113l\u0113jiet sporta sp\u0113les tie\u0161i sav\u0101 mobilaj\u0101 ier\u012bc\u0113.\",\"breadcrumb\":{\"@id\":\"https:\/\/mostbet.tips\/lv\/app\/#breadcrumb\"},\"inLanguage\":\"lv\",\"potentialAction\":[{\"@type\":\"ReadAction\",\"target\":[\"https:\/\/mostbet.tips\/lv\/app\/\"]}]},{\"@type\":\"BreadcrumbList\",\"@id\":\"https:\/\/mostbet.tips\/lv\/app\/#breadcrumb\",\"itemListElement\":[{\"@type\":\"ListItem\",\"position\":1,\"name\":\"Home\",\"item\":\"https:\/\/mostbet.tips\/lv\/\"},{\"@type\":\"ListItem\",\"position\":2,\"name\":\"Lietotne\"}]},{\"@type\":\"WebSite\",\"@id\":\"https:\/\/mostbet.tips\/lv\/#website\",\"url\":\"https:\/\/mostbet.tips\/lv\/\",\"name\":\"Mostbet LV\",\"description\":\"My WordPress Blog\",\"potentialAction\":[{\"@type\":\"SearchAction\",\"target\":{\"@type\":\"EntryPoint\",\"urlTemplate\":\"https:\/\/mostbet.tips\/lv\/?s={search_term_string}\"},\"query-input\":\"required name=search_term_string\"}],\"inLanguage\":\"lv\"}]}<\/script>\n<!-- \/ Yoast SEO plugin. -->","yoast_head_json":{"title":"Mostbet lietotne Android un iOS | k\u0101 lejupiel\u0101d\u0113t un instal\u0113t","description":"Lejupiel\u0101d\u0113jiet Mostbet lietotni Android un iOS oper\u0113t\u0101jsist\u0113m\u0101m bez maksas m\u016bsu vietn\u0113. Instal\u0113jiet un sp\u0113l\u0113jiet savas iecien\u012bt\u0101k\u0101s kazino sp\u0113les un sp\u0113l\u0113jiet sporta sp\u0113les tie\u0161i sav\u0101 mobilaj\u0101 ier\u012bc\u0113.","robots":{"index":"index","follow":"follow","max-snippet":"max-snippet:-1","max-image-preview":"max-image-preview:large","max-video-preview":"max-video-preview:-1"},"og_locale":"lv_LV","og_type":"article","og_title":"Mostbet lietotne Android un iOS | k\u0101 lejupiel\u0101d\u0113t un instal\u0113t","og_description":"Lejupiel\u0101d\u0113jiet Mostbet lietotni Android un iOS oper\u0113t\u0101jsist\u0113m\u0101m bez maksas m\u016bsu vietn\u0113. Instal\u0113jiet un sp\u0113l\u0113jiet savas iecien\u012bt\u0101k\u0101s kazino sp\u0113les un sp\u0113l\u0113jiet sporta sp\u0113les tie\u0161i sav\u0101 mobilaj\u0101 ier\u012bc\u0113.","og_url":"https:\/\/mostbet.tips\/lv\/app\/","og_site_name":"Mostbet LV","article_modified_time":"2026-01-12T11:34:27+00:00","twitter_card":"summary_large_image","schema":{"@context":"https:\/\/schema.org","@graph":[{"@type":"WebPage","@id":"https:\/\/mostbet.tips\/lv\/app\/","url":"https:\/\/mostbet.tips\/lv\/app\/","name":"Mostbet lietotne Android un iOS | k\u0101 lejupiel\u0101d\u0113t un instal\u0113t","isPartOf":{"@id":"https:\/\/mostbet.tips\/lv\/#website"},"datePublished":"2025-04-25T05:06:40+00:00","dateModified":"2026-01-12T11:34:27+00:00","description":"Lejupiel\u0101d\u0113jiet Mostbet lietotni Android un iOS oper\u0113t\u0101jsist\u0113m\u0101m bez maksas m\u016bsu vietn\u0113. Instal\u0113jiet un sp\u0113l\u0113jiet savas iecien\u012bt\u0101k\u0101s kazino sp\u0113les un sp\u0113l\u0113jiet sporta sp\u0113les tie\u0161i sav\u0101 mobilaj\u0101 ier\u012bc\u0113.","breadcrumb":{"@id":"https:\/\/mostbet.tips\/lv\/app\/#breadcrumb"},"inLanguage":"lv","potentialAction":[{"@type":"ReadAction","target":["https:\/\/mostbet.tips\/lv\/app\/"]}]},{"@type":"BreadcrumbList","@id":"https:\/\/mostbet.tips\/lv\/app\/#breadcrumb","itemListElement":[{"@type":"ListItem","position":1,"name":"Home","item":"https:\/\/mostbet.tips\/lv\/"},{"@type":"ListItem","position":2,"name":"Lietotne"}]},{"@type":"WebSite","@id":"https:\/\/mostbet.tips\/lv\/#website","url":"https:\/\/mostbet.tips\/lv\/","name":"Mostbet LV","description":"My WordPress Blog","potentialAction":[{"@type":"SearchAction","target":{"@type":"EntryPoint","urlTemplate":"https:\/\/mostbet.tips\/lv\/?s={search_term_string}"},"query-input":"required name=search_term_string"}],"inLanguage":"lv"}]}},"_links":{"self":[{"href":"https:\/\/mostbet.tips\/lv\/wp-json\/wp\/v2\/pages\/242"}],"collection":[{"href":"https:\/\/mostbet.tips\/lv\/wp-json\/wp\/v2\/pages"}],"about":[{"href":"https:\/\/mostbet.tips\/lv\/wp-json\/wp\/v2\/types\/page"}],"author":[{"embeddable":true,"href":"https:\/\/mostbet.tips\/lv\/wp-json\/wp\/v2\/users\/1"}],"replies":[{"embeddable":true,"href":"https:\/\/mostbet.tips\/lv\/wp-json\/wp\/v2\/comments?post=242"}],"version-history":[{"count":14,"href":"https:\/\/mostbet.tips\/lv\/wp-json\/wp\/v2\/pages\/242\/revisions"}],"predecessor-version":[{"id":389,"href":"https:\/\/mostbet.tips\/lv\/wp-json\/wp\/v2\/pages\/242\/revisions\/389"}],"wp:attachment":[{"href":"https:\/\/mostbet.tips\/lv\/wp-json\/wp\/v2\/media?parent=242"}],"curies":[{"name":"wp","href":"https:\/\/api.w.org\/{rel}","templated":true}]}}