{"id":228,"date":"2025-04-23T17:32:34","date_gmt":"2025-04-23T17:32:34","guid":{"rendered":"https:\/\/mostbet.tips\/lv\/?page_id=228"},"modified":"2025-06-08T07:00:05","modified_gmt":"2025-06-08T07:00:05","slug":"casino","status":"publish","type":"page","link":"https:\/\/mostbet.tips\/lv\/casino\/","title":{"rendered":"Kazino"},"content":{"rendered":"","protected":false},"excerpt":{"rendered":"","protected":false},"author":1,"featured_media":0,"parent":0,"menu_order":0,"comment_status":"closed","ping_status":"closed","template":"","meta":{"footnotes":""},"yoast_head":"<!-- This site is optimized with the Yoast SEO plugin v23.0 - https:\/\/yoast.com\/wordpress\/plugins\/seo\/ -->\n<title>Mostbet kazino \u2705 J\u016bsu lab\u0101k\u0101 izv\u0113le tie\u0161saistes azartsp\u0113l\u0113m<\/title>\n<meta name=\"description\" content=\"Mostbet kazino: j\u016bsu uzticams partneris tie\u0161saistes azartsp\u0113\u013cu pasaul\u0113. Iegremd\u0113jiet sevi azartsp\u0113\u013cu v\u0113stur\u0113 un izbaudiet priek\u0161roc\u012bbas, ko sniedz sp\u0113l\u0113\u0161ana Mostbet kazino\" \/>\n<meta name=\"robots\" content=\"index, follow, max-snippet:-1, max-image-preview:large, max-video-preview:-1\" \/>\n<meta property=\"og:locale\" content=\"lv_LV\" \/>\n<meta property=\"og:type\" content=\"article\" \/>\n<meta property=\"og:title\" content=\"Mostbet kazino \u2705 J\u016bsu lab\u0101k\u0101 izv\u0113le tie\u0161saistes azartsp\u0113l\u0113m\" \/>\n<meta property=\"og:description\" content=\"Mostbet kazino: j\u016bsu uzticams partneris tie\u0161saistes azartsp\u0113\u013cu pasaul\u0113. Iegremd\u0113jiet sevi azartsp\u0113\u013cu v\u0113stur\u0113 un izbaudiet priek\u0161roc\u012bbas, ko sniedz sp\u0113l\u0113\u0161ana Mostbet kazino\" \/>\n<meta property=\"og:url\" content=\"https:\/\/mostbet.tips\/lv\/casino\/\" \/>\n<meta property=\"og:site_name\" content=\"Mostbet LV\" \/>\n<meta property=\"article:modified_time\" content=\"2025-06-08T07:00:05+00:00\" \/>\n<meta name=\"twitter:card\" content=\"summary_large_image\" \/>\n<script type=\"application\/ld+json\" class=\"yoast-schema-graph\">{\"@context\":\"https:\/\/schema.org\",\"@graph\":[{\"@type\":\"WebPage\",\"@id\":\"https:\/\/mostbet.tips\/lv\/casino\/\",\"url\":\"https:\/\/mostbet.tips\/lv\/casino\/\",\"name\":\"Mostbet kazino \u2705 J\u016bsu lab\u0101k\u0101 izv\u0113le tie\u0161saistes azartsp\u0113l\u0113m\",\"isPartOf\":{\"@id\":\"https:\/\/mostbet.tips\/lv\/#website\"},\"datePublished\":\"2025-04-23T17:32:34+00:00\",\"dateModified\":\"2025-06-08T07:00:05+00:00\",\"description\":\"Mostbet kazino: j\u016bsu uzticams partneris tie\u0161saistes azartsp\u0113\u013cu pasaul\u0113. Iegremd\u0113jiet sevi azartsp\u0113\u013cu v\u0113stur\u0113 un izbaudiet priek\u0161roc\u012bbas, ko sniedz sp\u0113l\u0113\u0161ana Mostbet kazino\",\"breadcrumb\":{\"@id\":\"https:\/\/mostbet.tips\/lv\/casino\/#breadcrumb\"},\"inLanguage\":\"lv\",\"potentialAction\":[{\"@type\":\"ReadAction\",\"target\":[\"https:\/\/mostbet.tips\/lv\/casino\/\"]}]},{\"@type\":\"BreadcrumbList\",\"@id\":\"https:\/\/mostbet.tips\/lv\/casino\/#breadcrumb\",\"itemListElement\":[{\"@type\":\"ListItem\",\"position\":1,\"name\":\"Home\",\"item\":\"https:\/\/mostbet.tips\/lv\/\"},{\"@type\":\"ListItem\",\"position\":2,\"name\":\"Kazino\"}]},{\"@type\":\"WebSite\",\"@id\":\"https:\/\/mostbet.tips\/lv\/#website\",\"url\":\"https:\/\/mostbet.tips\/lv\/\",\"name\":\"Mostbet LV\",\"description\":\"My WordPress Blog\",\"potentialAction\":[{\"@type\":\"SearchAction\",\"target\":{\"@type\":\"EntryPoint\",\"urlTemplate\":\"https:\/\/mostbet.tips\/lv\/?s={search_term_string}\"},\"query-input\":\"required name=search_term_string\"}],\"inLanguage\":\"lv\"}]}<\/script>\n<!-- \/ Yoast SEO plugin. -->","yoast_head_json":{"title":"Mostbet kazino \u2705 J\u016bsu lab\u0101k\u0101 izv\u0113le tie\u0161saistes azartsp\u0113l\u0113m","description":"Mostbet kazino: j\u016bsu uzticams partneris tie\u0161saistes azartsp\u0113\u013cu pasaul\u0113. Iegremd\u0113jiet sevi azartsp\u0113\u013cu v\u0113stur\u0113 un izbaudiet priek\u0161roc\u012bbas, ko sniedz sp\u0113l\u0113\u0161ana Mostbet kazino","robots":{"index":"index","follow":"follow","max-snippet":"max-snippet:-1","max-image-preview":"max-image-preview:large","max-video-preview":"max-video-preview:-1"},"og_locale":"lv_LV","og_type":"article","og_title":"Mostbet kazino \u2705 J\u016bsu lab\u0101k\u0101 izv\u0113le tie\u0161saistes azartsp\u0113l\u0113m","og_description":"Mostbet kazino: j\u016bsu uzticams partneris tie\u0161saistes azartsp\u0113\u013cu pasaul\u0113. Iegremd\u0113jiet sevi azartsp\u0113\u013cu v\u0113stur\u0113 un izbaudiet priek\u0161roc\u012bbas, ko sniedz sp\u0113l\u0113\u0161ana Mostbet kazino","og_url":"https:\/\/mostbet.tips\/lv\/casino\/","og_site_name":"Mostbet LV","article_modified_time":"2025-06-08T07:00:05+00:00","twitter_card":"summary_large_image","schema":{"@context":"https:\/\/schema.org","@graph":[{"@type":"WebPage","@id":"https:\/\/mostbet.tips\/lv\/casino\/","url":"https:\/\/mostbet.tips\/lv\/casino\/","name":"Mostbet kazino \u2705 J\u016bsu lab\u0101k\u0101 izv\u0113le tie\u0161saistes azartsp\u0113l\u0113m","isPartOf":{"@id":"https:\/\/mostbet.tips\/lv\/#website"},"datePublished":"2025-04-23T17:32:34+00:00","dateModified":"2025-06-08T07:00:05+00:00","description":"Mostbet kazino: j\u016bsu uzticams partneris tie\u0161saistes azartsp\u0113\u013cu pasaul\u0113. Iegremd\u0113jiet sevi azartsp\u0113\u013cu v\u0113stur\u0113 un izbaudiet priek\u0161roc\u012bbas, ko sniedz sp\u0113l\u0113\u0161ana Mostbet kazino","breadcrumb":{"@id":"https:\/\/mostbet.tips\/lv\/casino\/#breadcrumb"},"inLanguage":"lv","potentialAction":[{"@type":"ReadAction","target":["https:\/\/mostbet.tips\/lv\/casino\/"]}]},{"@type":"BreadcrumbList","@id":"https:\/\/mostbet.tips\/lv\/casino\/#breadcrumb","itemListElement":[{"@type":"ListItem","position":1,"name":"Home","item":"https:\/\/mostbet.tips\/lv\/"},{"@type":"ListItem","position":2,"name":"Kazino"}]},{"@type":"WebSite","@id":"https:\/\/mostbet.tips\/lv\/#website","url":"https:\/\/mostbet.tips\/lv\/","name":"Mostbet LV","description":"My WordPress Blog","potentialAction":[{"@type":"SearchAction","target":{"@type":"EntryPoint","urlTemplate":"https:\/\/mostbet.tips\/lv\/?s={search_term_string}"},"query-input":"required name=search_term_string"}],"inLanguage":"lv"}]}},"_links":{"self":[{"href":"https:\/\/mostbet.tips\/lv\/wp-json\/wp\/v2\/pages\/228"}],"collection":[{"href":"https:\/\/mostbet.tips\/lv\/wp-json\/wp\/v2\/pages"}],"about":[{"href":"https:\/\/mostbet.tips\/lv\/wp-json\/wp\/v2\/types\/page"}],"author":[{"embeddable":true,"href":"https:\/\/mostbet.tips\/lv\/wp-json\/wp\/v2\/users\/1"}],"replies":[{"embeddable":true,"href":"https:\/\/mostbet.tips\/lv\/wp-json\/wp\/v2\/comments?post=228"}],"version-history":[{"count":11,"href":"https:\/\/mostbet.tips\/lv\/wp-json\/wp\/v2\/pages\/228\/revisions"}],"predecessor-version":[{"id":378,"href":"https:\/\/mostbet.tips\/lv\/wp-json\/wp\/v2\/pages\/228\/revisions\/378"}],"wp:attachment":[{"href":"https:\/\/mostbet.tips\/lv\/wp-json\/wp\/v2\/media?parent=228"}],"curies":[{"name":"wp","href":"https:\/\/api.w.org\/{rel}","templated":true}]}}