{"id":2,"date":"2023-05-18T17:18:34","date_gmt":"2023-05-18T17:18:34","guid":{"rendered":"https:\/\/mostbet.tips\/lv\/?page_id=2"},"modified":"2025-06-08T06:59:02","modified_gmt":"2025-06-08T06:59:02","slug":"sample-page","status":"publish","type":"page","link":"https:\/\/mostbet.tips\/lv\/","title":{"rendered":"S\u0101kums"},"content":{"rendered":"","protected":false},"excerpt":{"rendered":"","protected":false},"author":1,"featured_media":0,"parent":0,"menu_order":0,"comment_status":"closed","ping_status":"open","template":"","meta":{"footnotes":""},"yoast_head":"<!-- This site is optimized with the Yoast SEO plugin v23.0 - https:\/\/yoast.com\/wordpress\/plugins\/seo\/ -->\n<title>Mostbet der\u012bbas un kazino: J\u016bsu uzticamais partneris<\/title>\n<meta name=\"description\" content=\"Izbaudiet tie\u0161saistes azartsp\u0113les Mostbet kazino \ud83d\udd25 Izbaudiet pla\u0161u sp\u0113\u013cu kl\u0101stu, sporta der\u012bbas, lietot\u0101jam draudz\u012bgu saskarni un diennakts klientu atbalstu\" \/>\n<meta name=\"robots\" content=\"index, follow, max-snippet:-1, max-image-preview:large, max-video-preview:-1\" \/>\n<meta property=\"og:locale\" content=\"lv_LV\" \/>\n<meta property=\"og:type\" content=\"article\" \/>\n<meta property=\"og:title\" content=\"Mostbet der\u012bbas un kazino: J\u016bsu uzticamais partneris\" \/>\n<meta property=\"og:description\" content=\"Izbaudiet tie\u0161saistes azartsp\u0113les Mostbet kazino \ud83d\udd25 Izbaudiet pla\u0161u sp\u0113\u013cu kl\u0101stu, sporta der\u012bbas, lietot\u0101jam draudz\u012bgu saskarni un diennakts klientu atbalstu\" \/>\n<meta property=\"og:url\" content=\"https:\/\/mostbet.tips\/lv\/\" \/>\n<meta property=\"og:site_name\" content=\"Mostbet LV\" \/>\n<meta property=\"article:modified_time\" content=\"2025-06-08T06:59:02+00:00\" \/>\n<meta name=\"twitter:card\" content=\"summary_large_image\" \/>\n<script type=\"application\/ld+json\" class=\"yoast-schema-graph\">{\"@context\":\"https:\/\/schema.org\",\"@graph\":[{\"@type\":\"WebPage\",\"@id\":\"https:\/\/mostbet.tips\/lv\/\",\"url\":\"https:\/\/mostbet.tips\/lv\/\",\"name\":\"Mostbet der\u012bbas un kazino: J\u016bsu uzticamais partneris\",\"isPartOf\":{\"@id\":\"https:\/\/mostbet.tips\/lv\/#website\"},\"datePublished\":\"2023-05-18T17:18:34+00:00\",\"dateModified\":\"2025-06-08T06:59:02+00:00\",\"description\":\"Izbaudiet tie\u0161saistes azartsp\u0113les Mostbet kazino \ud83d\udd25 Izbaudiet pla\u0161u sp\u0113\u013cu kl\u0101stu, sporta der\u012bbas, lietot\u0101jam draudz\u012bgu saskarni un diennakts klientu atbalstu\",\"breadcrumb\":{\"@id\":\"https:\/\/mostbet.tips\/lv\/#breadcrumb\"},\"inLanguage\":\"lv\",\"potentialAction\":[{\"@type\":\"ReadAction\",\"target\":[\"https:\/\/mostbet.tips\/lv\/\"]}]},{\"@type\":\"BreadcrumbList\",\"@id\":\"https:\/\/mostbet.tips\/lv\/#breadcrumb\",\"itemListElement\":[{\"@type\":\"ListItem\",\"position\":1,\"name\":\"Home\",\"item\":\"https:\/\/mostbet.tips\/lv\/\"},{\"@type\":\"ListItem\",\"position\":2,\"name\":\"S\u0101kums\"}]},{\"@type\":\"WebSite\",\"@id\":\"https:\/\/mostbet.tips\/lv\/#website\",\"url\":\"https:\/\/mostbet.tips\/lv\/\",\"name\":\"Mostbet LV\",\"description\":\"My WordPress Blog\",\"potentialAction\":[{\"@type\":\"SearchAction\",\"target\":{\"@type\":\"EntryPoint\",\"urlTemplate\":\"https:\/\/mostbet.tips\/lv\/?s={search_term_string}\"},\"query-input\":\"required name=search_term_string\"}],\"inLanguage\":\"lv\"}]}<\/script>\n<!-- \/ Yoast SEO plugin. -->","yoast_head_json":{"title":"Mostbet der\u012bbas un kazino: J\u016bsu uzticamais partneris","description":"Izbaudiet tie\u0161saistes azartsp\u0113les Mostbet kazino \ud83d\udd25 Izbaudiet pla\u0161u sp\u0113\u013cu kl\u0101stu, sporta der\u012bbas, lietot\u0101jam draudz\u012bgu saskarni un diennakts klientu atbalstu","robots":{"index":"index","follow":"follow","max-snippet":"max-snippet:-1","max-image-preview":"max-image-preview:large","max-video-preview":"max-video-preview:-1"},"og_locale":"lv_LV","og_type":"article","og_title":"Mostbet der\u012bbas un kazino: J\u016bsu uzticamais partneris","og_description":"Izbaudiet tie\u0161saistes azartsp\u0113les Mostbet kazino \ud83d\udd25 Izbaudiet pla\u0161u sp\u0113\u013cu kl\u0101stu, sporta der\u012bbas, lietot\u0101jam draudz\u012bgu saskarni un diennakts klientu atbalstu","og_url":"https:\/\/mostbet.tips\/lv\/","og_site_name":"Mostbet LV","article_modified_time":"2025-06-08T06:59:02+00:00","twitter_card":"summary_large_image","schema":{"@context":"https:\/\/schema.org","@graph":[{"@type":"WebPage","@id":"https:\/\/mostbet.tips\/lv\/","url":"https:\/\/mostbet.tips\/lv\/","name":"Mostbet der\u012bbas un kazino: J\u016bsu uzticamais partneris","isPartOf":{"@id":"https:\/\/mostbet.tips\/lv\/#website"},"datePublished":"2023-05-18T17:18:34+00:00","dateModified":"2025-06-08T06:59:02+00:00","description":"Izbaudiet tie\u0161saistes azartsp\u0113les Mostbet kazino \ud83d\udd25 Izbaudiet pla\u0161u sp\u0113\u013cu kl\u0101stu, sporta der\u012bbas, lietot\u0101jam draudz\u012bgu saskarni un diennakts klientu atbalstu","breadcrumb":{"@id":"https:\/\/mostbet.tips\/lv\/#breadcrumb"},"inLanguage":"lv","potentialAction":[{"@type":"ReadAction","target":["https:\/\/mostbet.tips\/lv\/"]}]},{"@type":"BreadcrumbList","@id":"https:\/\/mostbet.tips\/lv\/#breadcrumb","itemListElement":[{"@type":"ListItem","position":1,"name":"Home","item":"https:\/\/mostbet.tips\/lv\/"},{"@type":"ListItem","position":2,"name":"S\u0101kums"}]},{"@type":"WebSite","@id":"https:\/\/mostbet.tips\/lv\/#website","url":"https:\/\/mostbet.tips\/lv\/","name":"Mostbet LV","description":"My WordPress Blog","potentialAction":[{"@type":"SearchAction","target":{"@type":"EntryPoint","urlTemplate":"https:\/\/mostbet.tips\/lv\/?s={search_term_string}"},"query-input":"required name=search_term_string"}],"inLanguage":"lv"}]}},"_links":{"self":[{"href":"https:\/\/mostbet.tips\/lv\/wp-json\/wp\/v2\/pages\/2"}],"collection":[{"href":"https:\/\/mostbet.tips\/lv\/wp-json\/wp\/v2\/pages"}],"about":[{"href":"https:\/\/mostbet.tips\/lv\/wp-json\/wp\/v2\/types\/page"}],"author":[{"embeddable":true,"href":"https:\/\/mostbet.tips\/lv\/wp-json\/wp\/v2\/users\/1"}],"replies":[{"embeddable":true,"href":"https:\/\/mostbet.tips\/lv\/wp-json\/wp\/v2\/comments?post=2"}],"version-history":[{"count":47,"href":"https:\/\/mostbet.tips\/lv\/wp-json\/wp\/v2\/pages\/2\/revisions"}],"predecessor-version":[{"id":383,"href":"https:\/\/mostbet.tips\/lv\/wp-json\/wp\/v2\/pages\/2\/revisions\/383"}],"wp:attachment":[{"href":"https:\/\/mostbet.tips\/lv\/wp-json\/wp\/v2\/media?parent=2"}],"curies":[{"name":"wp","href":"https:\/\/api.w.org\/{rel}","templated":true}]}}