{"id":397,"date":"2025-06-30T12:38:13","date_gmt":"2025-06-30T12:38:13","guid":{"rendered":"https:\/\/mostbet.tips\/lt\/?page_id=397"},"modified":"2025-07-04T18:14:09","modified_gmt":"2025-07-04T18:14:09","slug":"no-risk","status":"publish","type":"page","link":"https:\/\/mostbet.tips\/lt\/bonus\/no-risk\/","title":{"rendered":"Statymas be rizikos"},"content":{"rendered":"","protected":false},"excerpt":{"rendered":"","protected":false},"author":1,"featured_media":0,"parent":152,"menu_order":0,"comment_status":"closed","ping_status":"closed","template":"","meta":{"footnotes":""},"yoast_head":"<!-- This site is optimized with the Yoast SEO plugin v23.0 - https:\/\/yoast.com\/wordpress\/plugins\/seo\/ -->\n<title>Mostbet nerizikingas statymas \u1409 100% nuostoli\u0173 kompensavimas!<\/title>\n<meta name=\"description\" content=\"Mostbet si\u016blo la\u017eybas be rizikos! Gaukite 100 % kompensacij\u0105 u\u017e pralaim\u0117tus statymus u\u017e pasirinktus \u012fvykius. Su\u017einokite, kaip dalyvauti \u0161ioje i\u0161skirtin\u0117je akcijoje, ir pamir\u0161kite pralaim\u0117jim\u0105!\" \/>\n<meta name=\"robots\" content=\"index, follow, max-snippet:-1, max-image-preview:large, max-video-preview:-1\" \/>\n<meta property=\"og:locale\" content=\"lt_LT\" \/>\n<meta property=\"og:type\" content=\"article\" \/>\n<meta property=\"og:title\" content=\"Mostbet nerizikingas statymas \u1409 100% nuostoli\u0173 kompensavimas!\" \/>\n<meta property=\"og:description\" content=\"Mostbet si\u016blo la\u017eybas be rizikos! Gaukite 100 % kompensacij\u0105 u\u017e pralaim\u0117tus statymus u\u017e pasirinktus \u012fvykius. Su\u017einokite, kaip dalyvauti \u0161ioje i\u0161skirtin\u0117je akcijoje, ir pamir\u0161kite pralaim\u0117jim\u0105!\" \/>\n<meta property=\"og:url\" content=\"https:\/\/mostbet.tips\/lt\/bonus\/no-risk\/\" \/>\n<meta property=\"og:site_name\" content=\"Mostbet LT\" \/>\n<meta property=\"article:modified_time\" content=\"2025-07-04T18:14:09+00:00\" \/>\n<meta name=\"twitter:card\" content=\"summary_large_image\" \/>\n<script type=\"application\/ld+json\" class=\"yoast-schema-graph\">{\"@context\":\"https:\/\/schema.org\",\"@graph\":[{\"@type\":\"WebPage\",\"@id\":\"https:\/\/mostbet.tips\/lt\/bonus\/no-risk\/\",\"url\":\"https:\/\/mostbet.tips\/lt\/bonus\/no-risk\/\",\"name\":\"Mostbet nerizikingas statymas \u1409 100% nuostoli\u0173 kompensavimas!\",\"isPartOf\":{\"@id\":\"https:\/\/mostbet.tips\/lt\/#website\"},\"datePublished\":\"2025-06-30T12:38:13+00:00\",\"dateModified\":\"2025-07-04T18:14:09+00:00\",\"description\":\"Mostbet si\u016blo la\u017eybas be rizikos! Gaukite 100 % kompensacij\u0105 u\u017e pralaim\u0117tus statymus u\u017e pasirinktus \u012fvykius. Su\u017einokite, kaip dalyvauti \u0161ioje i\u0161skirtin\u0117je akcijoje, ir pamir\u0161kite pralaim\u0117jim\u0105!\",\"breadcrumb\":{\"@id\":\"https:\/\/mostbet.tips\/lt\/bonus\/no-risk\/#breadcrumb\"},\"inLanguage\":\"lt-LT\",\"potentialAction\":[{\"@type\":\"ReadAction\",\"target\":[\"https:\/\/mostbet.tips\/lt\/bonus\/no-risk\/\"]}]},{\"@type\":\"BreadcrumbList\",\"@id\":\"https:\/\/mostbet.tips\/lt\/bonus\/no-risk\/#breadcrumb\",\"itemListElement\":[{\"@type\":\"ListItem\",\"position\":1,\"name\":\"Home\",\"item\":\"https:\/\/mostbet.tips\/lt\/\"},{\"@type\":\"ListItem\",\"position\":2,\"name\":\"Premija\",\"item\":\"https:\/\/mostbet.tips\/lt\/bonus\/\"},{\"@type\":\"ListItem\",\"position\":3,\"name\":\"Statymas be rizikos\"}]},{\"@type\":\"WebSite\",\"@id\":\"https:\/\/mostbet.tips\/lt\/#website\",\"url\":\"https:\/\/mostbet.tips\/lt\/\",\"name\":\"Mostbet LT\",\"description\":\"My WordPress Blog\",\"potentialAction\":[{\"@type\":\"SearchAction\",\"target\":{\"@type\":\"EntryPoint\",\"urlTemplate\":\"https:\/\/mostbet.tips\/lt\/?s={search_term_string}\"},\"query-input\":\"required name=search_term_string\"}],\"inLanguage\":\"lt-LT\"}]}<\/script>\n<!-- \/ Yoast SEO plugin. -->","yoast_head_json":{"title":"Mostbet nerizikingas statymas \u1409 100% nuostoli\u0173 kompensavimas!","description":"Mostbet si\u016blo la\u017eybas be rizikos! Gaukite 100 % kompensacij\u0105 u\u017e pralaim\u0117tus statymus u\u017e pasirinktus \u012fvykius. Su\u017einokite, kaip dalyvauti \u0161ioje i\u0161skirtin\u0117je akcijoje, ir pamir\u0161kite pralaim\u0117jim\u0105!","robots":{"index":"index","follow":"follow","max-snippet":"max-snippet:-1","max-image-preview":"max-image-preview:large","max-video-preview":"max-video-preview:-1"},"og_locale":"lt_LT","og_type":"article","og_title":"Mostbet nerizikingas statymas \u1409 100% nuostoli\u0173 kompensavimas!","og_description":"Mostbet si\u016blo la\u017eybas be rizikos! Gaukite 100 % kompensacij\u0105 u\u017e pralaim\u0117tus statymus u\u017e pasirinktus \u012fvykius. Su\u017einokite, kaip dalyvauti \u0161ioje i\u0161skirtin\u0117je akcijoje, ir pamir\u0161kite pralaim\u0117jim\u0105!","og_url":"https:\/\/mostbet.tips\/lt\/bonus\/no-risk\/","og_site_name":"Mostbet LT","article_modified_time":"2025-07-04T18:14:09+00:00","twitter_card":"summary_large_image","schema":{"@context":"https:\/\/schema.org","@graph":[{"@type":"WebPage","@id":"https:\/\/mostbet.tips\/lt\/bonus\/no-risk\/","url":"https:\/\/mostbet.tips\/lt\/bonus\/no-risk\/","name":"Mostbet nerizikingas statymas \u1409 100% nuostoli\u0173 kompensavimas!","isPartOf":{"@id":"https:\/\/mostbet.tips\/lt\/#website"},"datePublished":"2025-06-30T12:38:13+00:00","dateModified":"2025-07-04T18:14:09+00:00","description":"Mostbet si\u016blo la\u017eybas be rizikos! Gaukite 100 % kompensacij\u0105 u\u017e pralaim\u0117tus statymus u\u017e pasirinktus \u012fvykius. Su\u017einokite, kaip dalyvauti \u0161ioje i\u0161skirtin\u0117je akcijoje, ir pamir\u0161kite pralaim\u0117jim\u0105!","breadcrumb":{"@id":"https:\/\/mostbet.tips\/lt\/bonus\/no-risk\/#breadcrumb"},"inLanguage":"lt-LT","potentialAction":[{"@type":"ReadAction","target":["https:\/\/mostbet.tips\/lt\/bonus\/no-risk\/"]}]},{"@type":"BreadcrumbList","@id":"https:\/\/mostbet.tips\/lt\/bonus\/no-risk\/#breadcrumb","itemListElement":[{"@type":"ListItem","position":1,"name":"Home","item":"https:\/\/mostbet.tips\/lt\/"},{"@type":"ListItem","position":2,"name":"Premija","item":"https:\/\/mostbet.tips\/lt\/bonus\/"},{"@type":"ListItem","position":3,"name":"Statymas be rizikos"}]},{"@type":"WebSite","@id":"https:\/\/mostbet.tips\/lt\/#website","url":"https:\/\/mostbet.tips\/lt\/","name":"Mostbet LT","description":"My WordPress Blog","potentialAction":[{"@type":"SearchAction","target":{"@type":"EntryPoint","urlTemplate":"https:\/\/mostbet.tips\/lt\/?s={search_term_string}"},"query-input":"required name=search_term_string"}],"inLanguage":"lt-LT"}]}},"_links":{"self":[{"href":"https:\/\/mostbet.tips\/lt\/wp-json\/wp\/v2\/pages\/397"}],"collection":[{"href":"https:\/\/mostbet.tips\/lt\/wp-json\/wp\/v2\/pages"}],"about":[{"href":"https:\/\/mostbet.tips\/lt\/wp-json\/wp\/v2\/types\/page"}],"author":[{"embeddable":true,"href":"https:\/\/mostbet.tips\/lt\/wp-json\/wp\/v2\/users\/1"}],"replies":[{"embeddable":true,"href":"https:\/\/mostbet.tips\/lt\/wp-json\/wp\/v2\/comments?post=397"}],"version-history":[{"count":8,"href":"https:\/\/mostbet.tips\/lt\/wp-json\/wp\/v2\/pages\/397\/revisions"}],"predecessor-version":[{"id":472,"href":"https:\/\/mostbet.tips\/lt\/wp-json\/wp\/v2\/pages\/397\/revisions\/472"}],"up":[{"embeddable":true,"href":"https:\/\/mostbet.tips\/lt\/wp-json\/wp\/v2\/pages\/152"}],"wp:attachment":[{"href":"https:\/\/mostbet.tips\/lt\/wp-json\/wp\/v2\/media?parent=397"}],"curies":[{"name":"wp","href":"https:\/\/api.w.org\/{rel}","templated":true}]}}