{"id":389,"date":"2025-06-30T12:13:32","date_gmt":"2025-06-30T12:13:32","guid":{"rendered":"https:\/\/mostbet.tips\/lt\/?page_id=389"},"modified":"2025-07-13T07:02:35","modified_gmt":"2025-07-13T07:02:35","slug":"casino-cashback","status":"publish","type":"page","link":"https:\/\/mostbet.tips\/lt\/bonus\/casino-cashback\/","title":{"rendered":"Kazino pinig\u0173 gr\u0105\u017einimas"},"content":{"rendered":"","protected":false},"excerpt":{"rendered":"","protected":false},"author":1,"featured_media":0,"parent":152,"menu_order":0,"comment_status":"closed","ping_status":"closed","template":"","meta":{"footnotes":""},"yoast_head":"<!-- This site is optimized with the Yoast SEO plugin v23.0 - https:\/\/yoast.com\/wordpress\/plugins\/seo\/ -->\n<title>Mostbet kazino pinig\u0173 gr\u0105\u017einimas: gaukite iki 10 %<\/title>\n<meta name=\"description\" content=\"Nes\u0117kmingi statymai? Kiekvien\u0105 savait\u0119 Mostbet Casino&quot; gr\u0105\u017eins iki 10 % j\u016bs\u0173 lo\u0161imo automatuose patirt\u0173 nuostoli\u0173! Su\u017einokite, kaip susigr\u0105\u017einti pinigus ir suma\u017einti savo nuostolius. \u017daiskite be baim\u0117s su Mostbet!\" \/>\n<meta name=\"robots\" content=\"index, follow, max-snippet:-1, max-image-preview:large, max-video-preview:-1\" \/>\n<meta property=\"og:locale\" content=\"lt_LT\" \/>\n<meta property=\"og:type\" content=\"article\" \/>\n<meta property=\"og:title\" content=\"Mostbet kazino pinig\u0173 gr\u0105\u017einimas: gaukite iki 10 %\" \/>\n<meta property=\"og:description\" content=\"Nes\u0117kmingi statymai? Kiekvien\u0105 savait\u0119 Mostbet Casino&quot; gr\u0105\u017eins iki 10 % j\u016bs\u0173 lo\u0161imo automatuose patirt\u0173 nuostoli\u0173! Su\u017einokite, kaip susigr\u0105\u017einti pinigus ir suma\u017einti savo nuostolius. \u017daiskite be baim\u0117s su Mostbet!\" \/>\n<meta property=\"og:url\" content=\"https:\/\/mostbet.tips\/lt\/bonus\/casino-cashback\/\" \/>\n<meta property=\"og:site_name\" content=\"Mostbet LT\" \/>\n<meta property=\"article:modified_time\" content=\"2025-07-13T07:02:35+00:00\" \/>\n<meta name=\"twitter:card\" content=\"summary_large_image\" \/>\n<script type=\"application\/ld+json\" class=\"yoast-schema-graph\">{\"@context\":\"https:\/\/schema.org\",\"@graph\":[{\"@type\":\"WebPage\",\"@id\":\"https:\/\/mostbet.tips\/lt\/bonus\/casino-cashback\/\",\"url\":\"https:\/\/mostbet.tips\/lt\/bonus\/casino-cashback\/\",\"name\":\"Mostbet kazino pinig\u0173 gr\u0105\u017einimas: gaukite iki 10 %\",\"isPartOf\":{\"@id\":\"https:\/\/mostbet.tips\/lt\/#website\"},\"datePublished\":\"2025-06-30T12:13:32+00:00\",\"dateModified\":\"2025-07-13T07:02:35+00:00\",\"description\":\"Nes\u0117kmingi statymai? Kiekvien\u0105 savait\u0119 Mostbet Casino\\\" gr\u0105\u017eins iki 10 % j\u016bs\u0173 lo\u0161imo automatuose patirt\u0173 nuostoli\u0173! Su\u017einokite, kaip susigr\u0105\u017einti pinigus ir suma\u017einti savo nuostolius. \u017daiskite be baim\u0117s su Mostbet!\",\"breadcrumb\":{\"@id\":\"https:\/\/mostbet.tips\/lt\/bonus\/casino-cashback\/#breadcrumb\"},\"inLanguage\":\"lt-LT\",\"potentialAction\":[{\"@type\":\"ReadAction\",\"target\":[\"https:\/\/mostbet.tips\/lt\/bonus\/casino-cashback\/\"]}]},{\"@type\":\"BreadcrumbList\",\"@id\":\"https:\/\/mostbet.tips\/lt\/bonus\/casino-cashback\/#breadcrumb\",\"itemListElement\":[{\"@type\":\"ListItem\",\"position\":1,\"name\":\"Home\",\"item\":\"https:\/\/mostbet.tips\/lt\/\"},{\"@type\":\"ListItem\",\"position\":2,\"name\":\"Premija\",\"item\":\"https:\/\/mostbet.tips\/lt\/bonus\/\"},{\"@type\":\"ListItem\",\"position\":3,\"name\":\"Kazino pinig\u0173 gr\u0105\u017einimas\"}]},{\"@type\":\"WebSite\",\"@id\":\"https:\/\/mostbet.tips\/lt\/#website\",\"url\":\"https:\/\/mostbet.tips\/lt\/\",\"name\":\"Mostbet LT\",\"description\":\"My WordPress Blog\",\"potentialAction\":[{\"@type\":\"SearchAction\",\"target\":{\"@type\":\"EntryPoint\",\"urlTemplate\":\"https:\/\/mostbet.tips\/lt\/?s={search_term_string}\"},\"query-input\":\"required name=search_term_string\"}],\"inLanguage\":\"lt-LT\"}]}<\/script>\n<!-- \/ Yoast SEO plugin. -->","yoast_head_json":{"title":"Mostbet kazino pinig\u0173 gr\u0105\u017einimas: gaukite iki 10 %","description":"Nes\u0117kmingi statymai? Kiekvien\u0105 savait\u0119 Mostbet Casino\" gr\u0105\u017eins iki 10 % j\u016bs\u0173 lo\u0161imo automatuose patirt\u0173 nuostoli\u0173! Su\u017einokite, kaip susigr\u0105\u017einti pinigus ir suma\u017einti savo nuostolius. \u017daiskite be baim\u0117s su Mostbet!","robots":{"index":"index","follow":"follow","max-snippet":"max-snippet:-1","max-image-preview":"max-image-preview:large","max-video-preview":"max-video-preview:-1"},"og_locale":"lt_LT","og_type":"article","og_title":"Mostbet kazino pinig\u0173 gr\u0105\u017einimas: gaukite iki 10 %","og_description":"Nes\u0117kmingi statymai? Kiekvien\u0105 savait\u0119 Mostbet Casino\" gr\u0105\u017eins iki 10 % j\u016bs\u0173 lo\u0161imo automatuose patirt\u0173 nuostoli\u0173! Su\u017einokite, kaip susigr\u0105\u017einti pinigus ir suma\u017einti savo nuostolius. \u017daiskite be baim\u0117s su Mostbet!","og_url":"https:\/\/mostbet.tips\/lt\/bonus\/casino-cashback\/","og_site_name":"Mostbet LT","article_modified_time":"2025-07-13T07:02:35+00:00","twitter_card":"summary_large_image","schema":{"@context":"https:\/\/schema.org","@graph":[{"@type":"WebPage","@id":"https:\/\/mostbet.tips\/lt\/bonus\/casino-cashback\/","url":"https:\/\/mostbet.tips\/lt\/bonus\/casino-cashback\/","name":"Mostbet kazino pinig\u0173 gr\u0105\u017einimas: gaukite iki 10 %","isPartOf":{"@id":"https:\/\/mostbet.tips\/lt\/#website"},"datePublished":"2025-06-30T12:13:32+00:00","dateModified":"2025-07-13T07:02:35+00:00","description":"Nes\u0117kmingi statymai? Kiekvien\u0105 savait\u0119 Mostbet Casino\" gr\u0105\u017eins iki 10 % j\u016bs\u0173 lo\u0161imo automatuose patirt\u0173 nuostoli\u0173! Su\u017einokite, kaip susigr\u0105\u017einti pinigus ir suma\u017einti savo nuostolius. \u017daiskite be baim\u0117s su Mostbet!","breadcrumb":{"@id":"https:\/\/mostbet.tips\/lt\/bonus\/casino-cashback\/#breadcrumb"},"inLanguage":"lt-LT","potentialAction":[{"@type":"ReadAction","target":["https:\/\/mostbet.tips\/lt\/bonus\/casino-cashback\/"]}]},{"@type":"BreadcrumbList","@id":"https:\/\/mostbet.tips\/lt\/bonus\/casino-cashback\/#breadcrumb","itemListElement":[{"@type":"ListItem","position":1,"name":"Home","item":"https:\/\/mostbet.tips\/lt\/"},{"@type":"ListItem","position":2,"name":"Premija","item":"https:\/\/mostbet.tips\/lt\/bonus\/"},{"@type":"ListItem","position":3,"name":"Kazino pinig\u0173 gr\u0105\u017einimas"}]},{"@type":"WebSite","@id":"https:\/\/mostbet.tips\/lt\/#website","url":"https:\/\/mostbet.tips\/lt\/","name":"Mostbet LT","description":"My WordPress Blog","potentialAction":[{"@type":"SearchAction","target":{"@type":"EntryPoint","urlTemplate":"https:\/\/mostbet.tips\/lt\/?s={search_term_string}"},"query-input":"required name=search_term_string"}],"inLanguage":"lt-LT"}]}},"_links":{"self":[{"href":"https:\/\/mostbet.tips\/lt\/wp-json\/wp\/v2\/pages\/389"}],"collection":[{"href":"https:\/\/mostbet.tips\/lt\/wp-json\/wp\/v2\/pages"}],"about":[{"href":"https:\/\/mostbet.tips\/lt\/wp-json\/wp\/v2\/types\/page"}],"author":[{"embeddable":true,"href":"https:\/\/mostbet.tips\/lt\/wp-json\/wp\/v2\/users\/1"}],"replies":[{"embeddable":true,"href":"https:\/\/mostbet.tips\/lt\/wp-json\/wp\/v2\/comments?post=389"}],"version-history":[{"count":8,"href":"https:\/\/mostbet.tips\/lt\/wp-json\/wp\/v2\/pages\/389\/revisions"}],"predecessor-version":[{"id":470,"href":"https:\/\/mostbet.tips\/lt\/wp-json\/wp\/v2\/pages\/389\/revisions\/470"}],"up":[{"embeddable":true,"href":"https:\/\/mostbet.tips\/lt\/wp-json\/wp\/v2\/pages\/152"}],"wp:attachment":[{"href":"https:\/\/mostbet.tips\/lt\/wp-json\/wp\/v2\/media?parent=389"}],"curies":[{"name":"wp","href":"https:\/\/api.w.org\/{rel}","templated":true}]}}