{"id":376,"date":"2025-06-30T11:19:07","date_gmt":"2025-06-30T11:19:07","guid":{"rendered":"https:\/\/mostbet.tips\/lt\/?page_id=376"},"modified":"2025-12-10T08:30:47","modified_gmt":"2025-12-10T08:30:47","slug":"eur-welcome-bonus","status":"publish","type":"page","link":"https:\/\/mostbet.tips\/lt\/bonus\/eur-welcome-bonus\/","title":{"rendered":"Nugal\u0117tojai Kickstart"},"content":{"rendered":"","protected":false},"excerpt":{"rendered":"","protected":false},"author":1,"featured_media":0,"parent":152,"menu_order":0,"comment_status":"closed","ping_status":"closed","template":"","meta":{"footnotes":""},"yoast_head":"<!-- This site is optimized with the Yoast SEO plugin v23.0 - https:\/\/yoast.com\/wordpress\/plugins\/seo\/ -->\n<title>Mostbet Mega premija EUR | 500% + 400 FS + 70 Aviator freebet<\/title>\n<meta name=\"description\" content=\"Mostbet premija eurais: gaukite iki 500% \u012fmokos, 400 nemokam\u0173 sukim\u0173 ir 70 nemokam\u0173 Aviator sukim\u0173! Su\u017einokite, kaip aktyvuoti kiekvien\u0105 i\u0161 penki\u0173 premij\u0173 ir padidinti savo laim\u0117jimus.\" \/>\n<meta name=\"robots\" content=\"index, follow, max-snippet:-1, max-image-preview:large, max-video-preview:-1\" \/>\n<meta property=\"og:locale\" content=\"lt_LT\" \/>\n<meta property=\"og:type\" content=\"article\" \/>\n<meta property=\"og:title\" content=\"Mostbet Mega premija EUR | 500% + 400 FS + 70 Aviator freebet\" \/>\n<meta property=\"og:description\" content=\"Mostbet premija eurais: gaukite iki 500% \u012fmokos, 400 nemokam\u0173 sukim\u0173 ir 70 nemokam\u0173 Aviator sukim\u0173! Su\u017einokite, kaip aktyvuoti kiekvien\u0105 i\u0161 penki\u0173 premij\u0173 ir padidinti savo laim\u0117jimus.\" \/>\n<meta property=\"og:url\" content=\"https:\/\/mostbet.tips\/lt\/bonus\/eur-welcome-bonus\/\" \/>\n<meta property=\"og:site_name\" content=\"Mostbet LT\" \/>\n<meta property=\"article:modified_time\" content=\"2025-12-10T08:30:47+00:00\" \/>\n<meta name=\"twitter:card\" content=\"summary_large_image\" \/>\n<script type=\"application\/ld+json\" class=\"yoast-schema-graph\">{\"@context\":\"https:\/\/schema.org\",\"@graph\":[{\"@type\":\"WebPage\",\"@id\":\"https:\/\/mostbet.tips\/lt\/bonus\/eur-welcome-bonus\/\",\"url\":\"https:\/\/mostbet.tips\/lt\/bonus\/eur-welcome-bonus\/\",\"name\":\"Mostbet Mega premija EUR | 500% + 400 FS + 70 Aviator freebet\",\"isPartOf\":{\"@id\":\"https:\/\/mostbet.tips\/lt\/#website\"},\"datePublished\":\"2025-06-30T11:19:07+00:00\",\"dateModified\":\"2025-12-10T08:30:47+00:00\",\"description\":\"Mostbet premija eurais: gaukite iki 500% \u012fmokos, 400 nemokam\u0173 sukim\u0173 ir 70 nemokam\u0173 Aviator sukim\u0173! Su\u017einokite, kaip aktyvuoti kiekvien\u0105 i\u0161 penki\u0173 premij\u0173 ir padidinti savo laim\u0117jimus.\",\"breadcrumb\":{\"@id\":\"https:\/\/mostbet.tips\/lt\/bonus\/eur-welcome-bonus\/#breadcrumb\"},\"inLanguage\":\"lt-LT\",\"potentialAction\":[{\"@type\":\"ReadAction\",\"target\":[\"https:\/\/mostbet.tips\/lt\/bonus\/eur-welcome-bonus\/\"]}]},{\"@type\":\"BreadcrumbList\",\"@id\":\"https:\/\/mostbet.tips\/lt\/bonus\/eur-welcome-bonus\/#breadcrumb\",\"itemListElement\":[{\"@type\":\"ListItem\",\"position\":1,\"name\":\"Home\",\"item\":\"https:\/\/mostbet.tips\/lt\/\"},{\"@type\":\"ListItem\",\"position\":2,\"name\":\"Premija\",\"item\":\"https:\/\/mostbet.tips\/lt\/bonus\/\"},{\"@type\":\"ListItem\",\"position\":3,\"name\":\"Nugal\u0117tojai Kickstart\"}]},{\"@type\":\"WebSite\",\"@id\":\"https:\/\/mostbet.tips\/lt\/#website\",\"url\":\"https:\/\/mostbet.tips\/lt\/\",\"name\":\"Mostbet LT\",\"description\":\"My WordPress Blog\",\"potentialAction\":[{\"@type\":\"SearchAction\",\"target\":{\"@type\":\"EntryPoint\",\"urlTemplate\":\"https:\/\/mostbet.tips\/lt\/?s={search_term_string}\"},\"query-input\":\"required name=search_term_string\"}],\"inLanguage\":\"lt-LT\"}]}<\/script>\n<!-- \/ Yoast SEO plugin. -->","yoast_head_json":{"title":"Mostbet Mega premija EUR | 500% + 400 FS + 70 Aviator freebet","description":"Mostbet premija eurais: gaukite iki 500% \u012fmokos, 400 nemokam\u0173 sukim\u0173 ir 70 nemokam\u0173 Aviator sukim\u0173! Su\u017einokite, kaip aktyvuoti kiekvien\u0105 i\u0161 penki\u0173 premij\u0173 ir padidinti savo laim\u0117jimus.","robots":{"index":"index","follow":"follow","max-snippet":"max-snippet:-1","max-image-preview":"max-image-preview:large","max-video-preview":"max-video-preview:-1"},"og_locale":"lt_LT","og_type":"article","og_title":"Mostbet Mega premija EUR | 500% + 400 FS + 70 Aviator freebet","og_description":"Mostbet premija eurais: gaukite iki 500% \u012fmokos, 400 nemokam\u0173 sukim\u0173 ir 70 nemokam\u0173 Aviator sukim\u0173! Su\u017einokite, kaip aktyvuoti kiekvien\u0105 i\u0161 penki\u0173 premij\u0173 ir padidinti savo laim\u0117jimus.","og_url":"https:\/\/mostbet.tips\/lt\/bonus\/eur-welcome-bonus\/","og_site_name":"Mostbet LT","article_modified_time":"2025-12-10T08:30:47+00:00","twitter_card":"summary_large_image","schema":{"@context":"https:\/\/schema.org","@graph":[{"@type":"WebPage","@id":"https:\/\/mostbet.tips\/lt\/bonus\/eur-welcome-bonus\/","url":"https:\/\/mostbet.tips\/lt\/bonus\/eur-welcome-bonus\/","name":"Mostbet Mega premija EUR | 500% + 400 FS + 70 Aviator freebet","isPartOf":{"@id":"https:\/\/mostbet.tips\/lt\/#website"},"datePublished":"2025-06-30T11:19:07+00:00","dateModified":"2025-12-10T08:30:47+00:00","description":"Mostbet premija eurais: gaukite iki 500% \u012fmokos, 400 nemokam\u0173 sukim\u0173 ir 70 nemokam\u0173 Aviator sukim\u0173! Su\u017einokite, kaip aktyvuoti kiekvien\u0105 i\u0161 penki\u0173 premij\u0173 ir padidinti savo laim\u0117jimus.","breadcrumb":{"@id":"https:\/\/mostbet.tips\/lt\/bonus\/eur-welcome-bonus\/#breadcrumb"},"inLanguage":"lt-LT","potentialAction":[{"@type":"ReadAction","target":["https:\/\/mostbet.tips\/lt\/bonus\/eur-welcome-bonus\/"]}]},{"@type":"BreadcrumbList","@id":"https:\/\/mostbet.tips\/lt\/bonus\/eur-welcome-bonus\/#breadcrumb","itemListElement":[{"@type":"ListItem","position":1,"name":"Home","item":"https:\/\/mostbet.tips\/lt\/"},{"@type":"ListItem","position":2,"name":"Premija","item":"https:\/\/mostbet.tips\/lt\/bonus\/"},{"@type":"ListItem","position":3,"name":"Nugal\u0117tojai Kickstart"}]},{"@type":"WebSite","@id":"https:\/\/mostbet.tips\/lt\/#website","url":"https:\/\/mostbet.tips\/lt\/","name":"Mostbet LT","description":"My WordPress Blog","potentialAction":[{"@type":"SearchAction","target":{"@type":"EntryPoint","urlTemplate":"https:\/\/mostbet.tips\/lt\/?s={search_term_string}"},"query-input":"required name=search_term_string"}],"inLanguage":"lt-LT"}]}},"_links":{"self":[{"href":"https:\/\/mostbet.tips\/lt\/wp-json\/wp\/v2\/pages\/376"}],"collection":[{"href":"https:\/\/mostbet.tips\/lt\/wp-json\/wp\/v2\/pages"}],"about":[{"href":"https:\/\/mostbet.tips\/lt\/wp-json\/wp\/v2\/types\/page"}],"author":[{"embeddable":true,"href":"https:\/\/mostbet.tips\/lt\/wp-json\/wp\/v2\/users\/1"}],"replies":[{"embeddable":true,"href":"https:\/\/mostbet.tips\/lt\/wp-json\/wp\/v2\/comments?post=376"}],"version-history":[{"count":9,"href":"https:\/\/mostbet.tips\/lt\/wp-json\/wp\/v2\/pages\/376\/revisions"}],"predecessor-version":[{"id":480,"href":"https:\/\/mostbet.tips\/lt\/wp-json\/wp\/v2\/pages\/376\/revisions\/480"}],"up":[{"embeddable":true,"href":"https:\/\/mostbet.tips\/lt\/wp-json\/wp\/v2\/pages\/152"}],"wp:attachment":[{"href":"https:\/\/mostbet.tips\/lt\/wp-json\/wp\/v2\/media?parent=376"}],"curies":[{"name":"wp","href":"https:\/\/api.w.org\/{rel}","templated":true}]}}