{"id":323,"date":"2025-04-30T05:10:26","date_gmt":"2025-04-30T05:10:26","guid":{"rendered":"https:\/\/mostbet.tips\/lt\/?page_id=323"},"modified":"2025-07-13T07:09:47","modified_gmt":"2025-07-13T07:09:47","slug":"registration","status":"publish","type":"page","link":"https:\/\/mostbet.tips\/lt\/registration\/","title":{"rendered":"Registracija"},"content":{"rendered":"","protected":false},"excerpt":{"rendered":"","protected":false},"author":1,"featured_media":0,"parent":0,"menu_order":0,"comment_status":"closed","ping_status":"closed","template":"","meta":{"footnotes":""},"yoast_head":"<!-- This site is optimized with the Yoast SEO plugin v23.0 - https:\/\/yoast.com\/wordpress\/plugins\/seo\/ -->\n<title>Mostbet registracija | Nauj\u0173 vartotoj\u0173 vadovas<\/title>\n<meta name=\"description\" content=\"Mostbet Lietuva yra pirmaujanti internetini\u0173 la\u017eyb\u0173 ir kazino platforma. Atraskite sporto la\u017eybas, kazino \u017eaidimus, premijas ir turnyrus. Vadovaukit\u0117s m\u016bs\u0173 paprastu registracijos vadovu ir prad\u0117kite!\" \/>\n<meta name=\"robots\" content=\"index, follow, max-snippet:-1, max-image-preview:large, max-video-preview:-1\" \/>\n<meta property=\"og:locale\" content=\"lt_LT\" \/>\n<meta property=\"og:type\" content=\"article\" \/>\n<meta property=\"og:title\" content=\"Mostbet registracija | Nauj\u0173 vartotoj\u0173 vadovas\" \/>\n<meta property=\"og:description\" content=\"Mostbet Lietuva yra pirmaujanti internetini\u0173 la\u017eyb\u0173 ir kazino platforma. Atraskite sporto la\u017eybas, kazino \u017eaidimus, premijas ir turnyrus. Vadovaukit\u0117s m\u016bs\u0173 paprastu registracijos vadovu ir prad\u0117kite!\" \/>\n<meta property=\"og:url\" content=\"https:\/\/mostbet.tips\/lt\/registration\/\" \/>\n<meta property=\"og:site_name\" content=\"Mostbet LT\" \/>\n<meta property=\"article:modified_time\" content=\"2025-07-13T07:09:47+00:00\" \/>\n<meta name=\"twitter:card\" content=\"summary_large_image\" \/>\n<script type=\"application\/ld+json\" class=\"yoast-schema-graph\">{\"@context\":\"https:\/\/schema.org\",\"@graph\":[{\"@type\":\"WebPage\",\"@id\":\"https:\/\/mostbet.tips\/lt\/registration\/\",\"url\":\"https:\/\/mostbet.tips\/lt\/registration\/\",\"name\":\"Mostbet registracija | Nauj\u0173 vartotoj\u0173 vadovas\",\"isPartOf\":{\"@id\":\"https:\/\/mostbet.tips\/lt\/#website\"},\"datePublished\":\"2025-04-30T05:10:26+00:00\",\"dateModified\":\"2025-07-13T07:09:47+00:00\",\"description\":\"Mostbet Lietuva yra pirmaujanti internetini\u0173 la\u017eyb\u0173 ir kazino platforma. Atraskite sporto la\u017eybas, kazino \u017eaidimus, premijas ir turnyrus. Vadovaukit\u0117s m\u016bs\u0173 paprastu registracijos vadovu ir prad\u0117kite!\",\"breadcrumb\":{\"@id\":\"https:\/\/mostbet.tips\/lt\/registration\/#breadcrumb\"},\"inLanguage\":\"lt-LT\",\"potentialAction\":[{\"@type\":\"ReadAction\",\"target\":[\"https:\/\/mostbet.tips\/lt\/registration\/\"]}]},{\"@type\":\"BreadcrumbList\",\"@id\":\"https:\/\/mostbet.tips\/lt\/registration\/#breadcrumb\",\"itemListElement\":[{\"@type\":\"ListItem\",\"position\":1,\"name\":\"Home\",\"item\":\"https:\/\/mostbet.tips\/lt\/\"},{\"@type\":\"ListItem\",\"position\":2,\"name\":\"Registracija\"}]},{\"@type\":\"WebSite\",\"@id\":\"https:\/\/mostbet.tips\/lt\/#website\",\"url\":\"https:\/\/mostbet.tips\/lt\/\",\"name\":\"Mostbet LT\",\"description\":\"My WordPress Blog\",\"potentialAction\":[{\"@type\":\"SearchAction\",\"target\":{\"@type\":\"EntryPoint\",\"urlTemplate\":\"https:\/\/mostbet.tips\/lt\/?s={search_term_string}\"},\"query-input\":\"required name=search_term_string\"}],\"inLanguage\":\"lt-LT\"}]}<\/script>\n<!-- \/ Yoast SEO plugin. -->","yoast_head_json":{"title":"Mostbet registracija | Nauj\u0173 vartotoj\u0173 vadovas","description":"Mostbet Lietuva yra pirmaujanti internetini\u0173 la\u017eyb\u0173 ir kazino platforma. Atraskite sporto la\u017eybas, kazino \u017eaidimus, premijas ir turnyrus. Vadovaukit\u0117s m\u016bs\u0173 paprastu registracijos vadovu ir prad\u0117kite!","robots":{"index":"index","follow":"follow","max-snippet":"max-snippet:-1","max-image-preview":"max-image-preview:large","max-video-preview":"max-video-preview:-1"},"og_locale":"lt_LT","og_type":"article","og_title":"Mostbet registracija | Nauj\u0173 vartotoj\u0173 vadovas","og_description":"Mostbet Lietuva yra pirmaujanti internetini\u0173 la\u017eyb\u0173 ir kazino platforma. Atraskite sporto la\u017eybas, kazino \u017eaidimus, premijas ir turnyrus. Vadovaukit\u0117s m\u016bs\u0173 paprastu registracijos vadovu ir prad\u0117kite!","og_url":"https:\/\/mostbet.tips\/lt\/registration\/","og_site_name":"Mostbet LT","article_modified_time":"2025-07-13T07:09:47+00:00","twitter_card":"summary_large_image","schema":{"@context":"https:\/\/schema.org","@graph":[{"@type":"WebPage","@id":"https:\/\/mostbet.tips\/lt\/registration\/","url":"https:\/\/mostbet.tips\/lt\/registration\/","name":"Mostbet registracija | Nauj\u0173 vartotoj\u0173 vadovas","isPartOf":{"@id":"https:\/\/mostbet.tips\/lt\/#website"},"datePublished":"2025-04-30T05:10:26+00:00","dateModified":"2025-07-13T07:09:47+00:00","description":"Mostbet Lietuva yra pirmaujanti internetini\u0173 la\u017eyb\u0173 ir kazino platforma. Atraskite sporto la\u017eybas, kazino \u017eaidimus, premijas ir turnyrus. Vadovaukit\u0117s m\u016bs\u0173 paprastu registracijos vadovu ir prad\u0117kite!","breadcrumb":{"@id":"https:\/\/mostbet.tips\/lt\/registration\/#breadcrumb"},"inLanguage":"lt-LT","potentialAction":[{"@type":"ReadAction","target":["https:\/\/mostbet.tips\/lt\/registration\/"]}]},{"@type":"BreadcrumbList","@id":"https:\/\/mostbet.tips\/lt\/registration\/#breadcrumb","itemListElement":[{"@type":"ListItem","position":1,"name":"Home","item":"https:\/\/mostbet.tips\/lt\/"},{"@type":"ListItem","position":2,"name":"Registracija"}]},{"@type":"WebSite","@id":"https:\/\/mostbet.tips\/lt\/#website","url":"https:\/\/mostbet.tips\/lt\/","name":"Mostbet LT","description":"My WordPress Blog","potentialAction":[{"@type":"SearchAction","target":{"@type":"EntryPoint","urlTemplate":"https:\/\/mostbet.tips\/lt\/?s={search_term_string}"},"query-input":"required name=search_term_string"}],"inLanguage":"lt-LT"}]}},"_links":{"self":[{"href":"https:\/\/mostbet.tips\/lt\/wp-json\/wp\/v2\/pages\/323"}],"collection":[{"href":"https:\/\/mostbet.tips\/lt\/wp-json\/wp\/v2\/pages"}],"about":[{"href":"https:\/\/mostbet.tips\/lt\/wp-json\/wp\/v2\/types\/page"}],"author":[{"embeddable":true,"href":"https:\/\/mostbet.tips\/lt\/wp-json\/wp\/v2\/users\/1"}],"replies":[{"embeddable":true,"href":"https:\/\/mostbet.tips\/lt\/wp-json\/wp\/v2\/comments?post=323"}],"version-history":[{"count":8,"href":"https:\/\/mostbet.tips\/lt\/wp-json\/wp\/v2\/pages\/323\/revisions"}],"predecessor-version":[{"id":468,"href":"https:\/\/mostbet.tips\/lt\/wp-json\/wp\/v2\/pages\/323\/revisions\/468"}],"wp:attachment":[{"href":"https:\/\/mostbet.tips\/lt\/wp-json\/wp\/v2\/media?parent=323"}],"curies":[{"name":"wp","href":"https:\/\/api.w.org\/{rel}","templated":true}]}}