{"id":263,"date":"2025-04-26T13:32:34","date_gmt":"2025-04-26T13:32:34","guid":{"rendered":"https:\/\/mostbet.tips\/lt\/?page_id=263"},"modified":"2026-01-12T11:55:23","modified_gmt":"2026-01-12T11:55:23","slug":"apk","status":"publish","type":"page","link":"https:\/\/mostbet.tips\/lt\/apk\/","title":{"rendered":"Apk"},"content":{"rendered":"","protected":false},"excerpt":{"rendered":"","protected":false},"author":1,"featured_media":0,"parent":0,"menu_order":0,"comment_status":"closed","ping_status":"closed","template":"","meta":{"footnotes":""},"yoast_head":"<!-- This site is optimized with the Yoast SEO plugin v23.0 - https:\/\/yoast.com\/wordpress\/plugins\/seo\/ -->\n<title>Mostbet APK vadovas | Patarimai, kaip atsisi\u0173sti, \u012fdiegti ir naudoti<\/title>\n<meta name=\"description\" content=\"\u0160iame vadove pateikiama viskas apie &quot;Mostbet APK&quot;: saugios atsisiuntimo nuorodos, paprastos diegimo instrukcijos ir kaip prad\u0117ti naudoti program\u0105. Pasinaudokite Mostbet Lietuva savo &quot;Android&quot; \u012frenginyje jau \u0161iandien!\" \/>\n<meta name=\"robots\" content=\"index, follow, max-snippet:-1, max-image-preview:large, max-video-preview:-1\" \/>\n<meta property=\"og:locale\" content=\"lt_LT\" \/>\n<meta property=\"og:type\" content=\"article\" \/>\n<meta property=\"og:title\" content=\"Mostbet APK vadovas | Patarimai, kaip atsisi\u0173sti, \u012fdiegti ir naudoti\" \/>\n<meta property=\"og:description\" content=\"\u0160iame vadove pateikiama viskas apie &quot;Mostbet APK&quot;: saugios atsisiuntimo nuorodos, paprastos diegimo instrukcijos ir kaip prad\u0117ti naudoti program\u0105. Pasinaudokite Mostbet Lietuva savo &quot;Android&quot; \u012frenginyje jau \u0161iandien!\" \/>\n<meta property=\"og:url\" content=\"https:\/\/mostbet.tips\/lt\/apk\/\" \/>\n<meta property=\"og:site_name\" content=\"Mostbet LT\" \/>\n<meta property=\"article:modified_time\" content=\"2026-01-12T11:55:23+00:00\" \/>\n<meta name=\"twitter:card\" content=\"summary_large_image\" \/>\n<script type=\"application\/ld+json\" class=\"yoast-schema-graph\">{\"@context\":\"https:\/\/schema.org\",\"@graph\":[{\"@type\":\"WebPage\",\"@id\":\"https:\/\/mostbet.tips\/lt\/apk\/\",\"url\":\"https:\/\/mostbet.tips\/lt\/apk\/\",\"name\":\"Mostbet APK vadovas | Patarimai, kaip atsisi\u0173sti, \u012fdiegti ir naudoti\",\"isPartOf\":{\"@id\":\"https:\/\/mostbet.tips\/lt\/#website\"},\"datePublished\":\"2025-04-26T13:32:34+00:00\",\"dateModified\":\"2026-01-12T11:55:23+00:00\",\"description\":\"\u0160iame vadove pateikiama viskas apie \\\"Mostbet APK\\\": saugios atsisiuntimo nuorodos, paprastos diegimo instrukcijos ir kaip prad\u0117ti naudoti program\u0105. Pasinaudokite Mostbet Lietuva savo \\\"Android\\\" \u012frenginyje jau \u0161iandien!\",\"breadcrumb\":{\"@id\":\"https:\/\/mostbet.tips\/lt\/apk\/#breadcrumb\"},\"inLanguage\":\"lt-LT\",\"potentialAction\":[{\"@type\":\"ReadAction\",\"target\":[\"https:\/\/mostbet.tips\/lt\/apk\/\"]}]},{\"@type\":\"BreadcrumbList\",\"@id\":\"https:\/\/mostbet.tips\/lt\/apk\/#breadcrumb\",\"itemListElement\":[{\"@type\":\"ListItem\",\"position\":1,\"name\":\"Home\",\"item\":\"https:\/\/mostbet.tips\/lt\/\"},{\"@type\":\"ListItem\",\"position\":2,\"name\":\"Apk\"}]},{\"@type\":\"WebSite\",\"@id\":\"https:\/\/mostbet.tips\/lt\/#website\",\"url\":\"https:\/\/mostbet.tips\/lt\/\",\"name\":\"Mostbet LT\",\"description\":\"My WordPress Blog\",\"potentialAction\":[{\"@type\":\"SearchAction\",\"target\":{\"@type\":\"EntryPoint\",\"urlTemplate\":\"https:\/\/mostbet.tips\/lt\/?s={search_term_string}\"},\"query-input\":\"required name=search_term_string\"}],\"inLanguage\":\"lt-LT\"}]}<\/script>\n<!-- \/ Yoast SEO plugin. -->","yoast_head_json":{"title":"Mostbet APK vadovas | Patarimai, kaip atsisi\u0173sti, \u012fdiegti ir naudoti","description":"\u0160iame vadove pateikiama viskas apie \"Mostbet APK\": saugios atsisiuntimo nuorodos, paprastos diegimo instrukcijos ir kaip prad\u0117ti naudoti program\u0105. Pasinaudokite Mostbet Lietuva savo \"Android\" \u012frenginyje jau \u0161iandien!","robots":{"index":"index","follow":"follow","max-snippet":"max-snippet:-1","max-image-preview":"max-image-preview:large","max-video-preview":"max-video-preview:-1"},"og_locale":"lt_LT","og_type":"article","og_title":"Mostbet APK vadovas | Patarimai, kaip atsisi\u0173sti, \u012fdiegti ir naudoti","og_description":"\u0160iame vadove pateikiama viskas apie \"Mostbet APK\": saugios atsisiuntimo nuorodos, paprastos diegimo instrukcijos ir kaip prad\u0117ti naudoti program\u0105. Pasinaudokite Mostbet Lietuva savo \"Android\" \u012frenginyje jau \u0161iandien!","og_url":"https:\/\/mostbet.tips\/lt\/apk\/","og_site_name":"Mostbet LT","article_modified_time":"2026-01-12T11:55:23+00:00","twitter_card":"summary_large_image","schema":{"@context":"https:\/\/schema.org","@graph":[{"@type":"WebPage","@id":"https:\/\/mostbet.tips\/lt\/apk\/","url":"https:\/\/mostbet.tips\/lt\/apk\/","name":"Mostbet APK vadovas | Patarimai, kaip atsisi\u0173sti, \u012fdiegti ir naudoti","isPartOf":{"@id":"https:\/\/mostbet.tips\/lt\/#website"},"datePublished":"2025-04-26T13:32:34+00:00","dateModified":"2026-01-12T11:55:23+00:00","description":"\u0160iame vadove pateikiama viskas apie \"Mostbet APK\": saugios atsisiuntimo nuorodos, paprastos diegimo instrukcijos ir kaip prad\u0117ti naudoti program\u0105. Pasinaudokite Mostbet Lietuva savo \"Android\" \u012frenginyje jau \u0161iandien!","breadcrumb":{"@id":"https:\/\/mostbet.tips\/lt\/apk\/#breadcrumb"},"inLanguage":"lt-LT","potentialAction":[{"@type":"ReadAction","target":["https:\/\/mostbet.tips\/lt\/apk\/"]}]},{"@type":"BreadcrumbList","@id":"https:\/\/mostbet.tips\/lt\/apk\/#breadcrumb","itemListElement":[{"@type":"ListItem","position":1,"name":"Home","item":"https:\/\/mostbet.tips\/lt\/"},{"@type":"ListItem","position":2,"name":"Apk"}]},{"@type":"WebSite","@id":"https:\/\/mostbet.tips\/lt\/#website","url":"https:\/\/mostbet.tips\/lt\/","name":"Mostbet LT","description":"My WordPress Blog","potentialAction":[{"@type":"SearchAction","target":{"@type":"EntryPoint","urlTemplate":"https:\/\/mostbet.tips\/lt\/?s={search_term_string}"},"query-input":"required name=search_term_string"}],"inLanguage":"lt-LT"}]}},"_links":{"self":[{"href":"https:\/\/mostbet.tips\/lt\/wp-json\/wp\/v2\/pages\/263"}],"collection":[{"href":"https:\/\/mostbet.tips\/lt\/wp-json\/wp\/v2\/pages"}],"about":[{"href":"https:\/\/mostbet.tips\/lt\/wp-json\/wp\/v2\/types\/page"}],"author":[{"embeddable":true,"href":"https:\/\/mostbet.tips\/lt\/wp-json\/wp\/v2\/users\/1"}],"replies":[{"embeddable":true,"href":"https:\/\/mostbet.tips\/lt\/wp-json\/wp\/v2\/comments?post=263"}],"version-history":[{"count":16,"href":"https:\/\/mostbet.tips\/lt\/wp-json\/wp\/v2\/pages\/263\/revisions"}],"predecessor-version":[{"id":482,"href":"https:\/\/mostbet.tips\/lt\/wp-json\/wp\/v2\/pages\/263\/revisions\/482"}],"wp:attachment":[{"href":"https:\/\/mostbet.tips\/lt\/wp-json\/wp\/v2\/media?parent=263"}],"curies":[{"name":"wp","href":"https:\/\/api.w.org\/{rel}","templated":true}]}}