{"id":228,"date":"2025-04-23T17:32:34","date_gmt":"2025-04-23T17:32:34","guid":{"rendered":"https:\/\/mostbet.tips\/lt\/?page_id=228"},"modified":"2025-07-13T07:03:29","modified_gmt":"2025-07-13T07:03:29","slug":"casino","status":"publish","type":"page","link":"https:\/\/mostbet.tips\/lt\/casino\/","title":{"rendered":"Kazino"},"content":{"rendered":"","protected":false},"excerpt":{"rendered":"","protected":false},"author":1,"featured_media":0,"parent":0,"menu_order":0,"comment_status":"closed","ping_status":"closed","template":"","meta":{"footnotes":""},"yoast_head":"<!-- This site is optimized with the Yoast SEO plugin v23.0 - https:\/\/yoast.com\/wordpress\/plugins\/seo\/ -->\n<title>Mostbet Kazino \u2705 Geriausias pasirinkimas lo\u0161imui internete<\/title>\n<meta name=\"description\" content=\"Mostbet Lietuva Kazino: j\u016bs\u0173 patikimas partneris internetini\u0173 lo\u0161im\u0173 pasaulyje. Pasinerkite \u012f azartini\u0173 lo\u0161im\u0173 istorij\u0105 ir m\u0117gaukit\u0117s privalumais \u017eaisdami Mostbet Kazino\" \/>\n<meta name=\"robots\" content=\"index, follow, max-snippet:-1, max-image-preview:large, max-video-preview:-1\" \/>\n<meta property=\"og:locale\" content=\"lt_LT\" \/>\n<meta property=\"og:type\" content=\"article\" \/>\n<meta property=\"og:title\" content=\"Mostbet Kazino \u2705 Geriausias pasirinkimas lo\u0161imui internete\" \/>\n<meta property=\"og:description\" content=\"Mostbet Lietuva Kazino: j\u016bs\u0173 patikimas partneris internetini\u0173 lo\u0161im\u0173 pasaulyje. Pasinerkite \u012f azartini\u0173 lo\u0161im\u0173 istorij\u0105 ir m\u0117gaukit\u0117s privalumais \u017eaisdami Mostbet Kazino\" \/>\n<meta property=\"og:url\" content=\"https:\/\/mostbet.tips\/lt\/casino\/\" \/>\n<meta property=\"og:site_name\" content=\"Mostbet LT\" \/>\n<meta property=\"article:modified_time\" content=\"2025-07-13T07:03:29+00:00\" \/>\n<meta name=\"twitter:card\" content=\"summary_large_image\" \/>\n<script type=\"application\/ld+json\" class=\"yoast-schema-graph\">{\"@context\":\"https:\/\/schema.org\",\"@graph\":[{\"@type\":\"WebPage\",\"@id\":\"https:\/\/mostbet.tips\/lt\/casino\/\",\"url\":\"https:\/\/mostbet.tips\/lt\/casino\/\",\"name\":\"Mostbet Kazino \u2705 Geriausias pasirinkimas lo\u0161imui internete\",\"isPartOf\":{\"@id\":\"https:\/\/mostbet.tips\/lt\/#website\"},\"datePublished\":\"2025-04-23T17:32:34+00:00\",\"dateModified\":\"2025-07-13T07:03:29+00:00\",\"description\":\"Mostbet Lietuva Kazino: j\u016bs\u0173 patikimas partneris internetini\u0173 lo\u0161im\u0173 pasaulyje. Pasinerkite \u012f azartini\u0173 lo\u0161im\u0173 istorij\u0105 ir m\u0117gaukit\u0117s privalumais \u017eaisdami Mostbet Kazino\",\"breadcrumb\":{\"@id\":\"https:\/\/mostbet.tips\/lt\/casino\/#breadcrumb\"},\"inLanguage\":\"lt-LT\",\"potentialAction\":[{\"@type\":\"ReadAction\",\"target\":[\"https:\/\/mostbet.tips\/lt\/casino\/\"]}]},{\"@type\":\"BreadcrumbList\",\"@id\":\"https:\/\/mostbet.tips\/lt\/casino\/#breadcrumb\",\"itemListElement\":[{\"@type\":\"ListItem\",\"position\":1,\"name\":\"Home\",\"item\":\"https:\/\/mostbet.tips\/lt\/\"},{\"@type\":\"ListItem\",\"position\":2,\"name\":\"Kazino\"}]},{\"@type\":\"WebSite\",\"@id\":\"https:\/\/mostbet.tips\/lt\/#website\",\"url\":\"https:\/\/mostbet.tips\/lt\/\",\"name\":\"Mostbet LT\",\"description\":\"My WordPress Blog\",\"potentialAction\":[{\"@type\":\"SearchAction\",\"target\":{\"@type\":\"EntryPoint\",\"urlTemplate\":\"https:\/\/mostbet.tips\/lt\/?s={search_term_string}\"},\"query-input\":\"required name=search_term_string\"}],\"inLanguage\":\"lt-LT\"}]}<\/script>\n<!-- \/ Yoast SEO plugin. -->","yoast_head_json":{"title":"Mostbet Kazino \u2705 Geriausias pasirinkimas lo\u0161imui internete","description":"Mostbet Lietuva Kazino: j\u016bs\u0173 patikimas partneris internetini\u0173 lo\u0161im\u0173 pasaulyje. Pasinerkite \u012f azartini\u0173 lo\u0161im\u0173 istorij\u0105 ir m\u0117gaukit\u0117s privalumais \u017eaisdami Mostbet Kazino","robots":{"index":"index","follow":"follow","max-snippet":"max-snippet:-1","max-image-preview":"max-image-preview:large","max-video-preview":"max-video-preview:-1"},"og_locale":"lt_LT","og_type":"article","og_title":"Mostbet Kazino \u2705 Geriausias pasirinkimas lo\u0161imui internete","og_description":"Mostbet Lietuva Kazino: j\u016bs\u0173 patikimas partneris internetini\u0173 lo\u0161im\u0173 pasaulyje. Pasinerkite \u012f azartini\u0173 lo\u0161im\u0173 istorij\u0105 ir m\u0117gaukit\u0117s privalumais \u017eaisdami Mostbet Kazino","og_url":"https:\/\/mostbet.tips\/lt\/casino\/","og_site_name":"Mostbet LT","article_modified_time":"2025-07-13T07:03:29+00:00","twitter_card":"summary_large_image","schema":{"@context":"https:\/\/schema.org","@graph":[{"@type":"WebPage","@id":"https:\/\/mostbet.tips\/lt\/casino\/","url":"https:\/\/mostbet.tips\/lt\/casino\/","name":"Mostbet Kazino \u2705 Geriausias pasirinkimas lo\u0161imui internete","isPartOf":{"@id":"https:\/\/mostbet.tips\/lt\/#website"},"datePublished":"2025-04-23T17:32:34+00:00","dateModified":"2025-07-13T07:03:29+00:00","description":"Mostbet Lietuva Kazino: j\u016bs\u0173 patikimas partneris internetini\u0173 lo\u0161im\u0173 pasaulyje. Pasinerkite \u012f azartini\u0173 lo\u0161im\u0173 istorij\u0105 ir m\u0117gaukit\u0117s privalumais \u017eaisdami Mostbet Kazino","breadcrumb":{"@id":"https:\/\/mostbet.tips\/lt\/casino\/#breadcrumb"},"inLanguage":"lt-LT","potentialAction":[{"@type":"ReadAction","target":["https:\/\/mostbet.tips\/lt\/casino\/"]}]},{"@type":"BreadcrumbList","@id":"https:\/\/mostbet.tips\/lt\/casino\/#breadcrumb","itemListElement":[{"@type":"ListItem","position":1,"name":"Home","item":"https:\/\/mostbet.tips\/lt\/"},{"@type":"ListItem","position":2,"name":"Kazino"}]},{"@type":"WebSite","@id":"https:\/\/mostbet.tips\/lt\/#website","url":"https:\/\/mostbet.tips\/lt\/","name":"Mostbet LT","description":"My WordPress Blog","potentialAction":[{"@type":"SearchAction","target":{"@type":"EntryPoint","urlTemplate":"https:\/\/mostbet.tips\/lt\/?s={search_term_string}"},"query-input":"required name=search_term_string"}],"inLanguage":"lt-LT"}]}},"_links":{"self":[{"href":"https:\/\/mostbet.tips\/lt\/wp-json\/wp\/v2\/pages\/228"}],"collection":[{"href":"https:\/\/mostbet.tips\/lt\/wp-json\/wp\/v2\/pages"}],"about":[{"href":"https:\/\/mostbet.tips\/lt\/wp-json\/wp\/v2\/types\/page"}],"author":[{"embeddable":true,"href":"https:\/\/mostbet.tips\/lt\/wp-json\/wp\/v2\/users\/1"}],"replies":[{"embeddable":true,"href":"https:\/\/mostbet.tips\/lt\/wp-json\/wp\/v2\/comments?post=228"}],"version-history":[{"count":10,"href":"https:\/\/mostbet.tips\/lt\/wp-json\/wp\/v2\/pages\/228\/revisions"}],"predecessor-version":[{"id":462,"href":"https:\/\/mostbet.tips\/lt\/wp-json\/wp\/v2\/pages\/228\/revisions\/462"}],"wp:attachment":[{"href":"https:\/\/mostbet.tips\/lt\/wp-json\/wp\/v2\/media?parent=228"}],"curies":[{"name":"wp","href":"https:\/\/api.w.org\/{rel}","templated":true}]}}