{"id":2,"date":"2023-05-18T17:18:34","date_gmt":"2023-05-18T17:18:34","guid":{"rendered":"https:\/\/mostbet.tips\/lt\/?page_id=2"},"modified":"2025-07-13T06:59:23","modified_gmt":"2025-07-13T06:59:23","slug":"sample-page","status":"publish","type":"page","link":"https:\/\/mostbet.tips\/lt\/","title":{"rendered":"Pagrindinis"},"content":{"rendered":"","protected":false},"excerpt":{"rendered":"","protected":false},"author":1,"featured_media":0,"parent":0,"menu_order":0,"comment_status":"closed","ping_status":"open","template":"","meta":{"footnotes":""},"yoast_head":"<!-- This site is optimized with the Yoast SEO plugin v23.0 - https:\/\/yoast.com\/wordpress\/plugins\/seo\/ -->\n<title>Mostbet Lietuva la\u017eybos ir kazino | J\u016bs\u0173 patikimas partneris<\/title>\n<meta name=\"description\" content=\"I\u0161bandykite internetinius \u017eaidimus Mostbet kazino \ud83d\udd25 D\u017eiaukit\u0117s pla\u010diu \u017eaidim\u0173 asortimentu, sporto la\u017eybomis, patogia vartotojo s\u0105saja ir vis\u0105 par\u0105 veikian\u010diu klient\u0173 aptarnavimu.\" \/>\n<meta name=\"robots\" content=\"index, follow, max-snippet:-1, max-image-preview:large, max-video-preview:-1\" \/>\n<meta property=\"og:locale\" content=\"lt_LT\" \/>\n<meta property=\"og:type\" content=\"article\" \/>\n<meta property=\"og:title\" content=\"Mostbet Lietuva la\u017eybos ir kazino | J\u016bs\u0173 patikimas partneris\" \/>\n<meta property=\"og:description\" content=\"I\u0161bandykite internetinius \u017eaidimus Mostbet kazino \ud83d\udd25 D\u017eiaukit\u0117s pla\u010diu \u017eaidim\u0173 asortimentu, sporto la\u017eybomis, patogia vartotojo s\u0105saja ir vis\u0105 par\u0105 veikian\u010diu klient\u0173 aptarnavimu.\" \/>\n<meta property=\"og:url\" content=\"https:\/\/mostbet.tips\/lt\/\" \/>\n<meta property=\"og:site_name\" content=\"Mostbet LT\" \/>\n<meta property=\"article:modified_time\" content=\"2025-07-13T06:59:23+00:00\" \/>\n<meta name=\"twitter:card\" content=\"summary_large_image\" \/>\n<script type=\"application\/ld+json\" class=\"yoast-schema-graph\">{\"@context\":\"https:\/\/schema.org\",\"@graph\":[{\"@type\":\"WebPage\",\"@id\":\"https:\/\/mostbet.tips\/lt\/\",\"url\":\"https:\/\/mostbet.tips\/lt\/\",\"name\":\"Mostbet Lietuva la\u017eybos ir kazino | J\u016bs\u0173 patikimas partneris\",\"isPartOf\":{\"@id\":\"https:\/\/mostbet.tips\/lt\/#website\"},\"datePublished\":\"2023-05-18T17:18:34+00:00\",\"dateModified\":\"2025-07-13T06:59:23+00:00\",\"description\":\"I\u0161bandykite internetinius \u017eaidimus Mostbet kazino \ud83d\udd25 D\u017eiaukit\u0117s pla\u010diu \u017eaidim\u0173 asortimentu, sporto la\u017eybomis, patogia vartotojo s\u0105saja ir vis\u0105 par\u0105 veikian\u010diu klient\u0173 aptarnavimu.\",\"breadcrumb\":{\"@id\":\"https:\/\/mostbet.tips\/lt\/#breadcrumb\"},\"inLanguage\":\"lt-LT\",\"potentialAction\":[{\"@type\":\"ReadAction\",\"target\":[\"https:\/\/mostbet.tips\/lt\/\"]}]},{\"@type\":\"BreadcrumbList\",\"@id\":\"https:\/\/mostbet.tips\/lt\/#breadcrumb\",\"itemListElement\":[{\"@type\":\"ListItem\",\"position\":1,\"name\":\"Home\",\"item\":\"https:\/\/mostbet.tips\/lt\/\"},{\"@type\":\"ListItem\",\"position\":2,\"name\":\"Pagrindinis\"}]},{\"@type\":\"WebSite\",\"@id\":\"https:\/\/mostbet.tips\/lt\/#website\",\"url\":\"https:\/\/mostbet.tips\/lt\/\",\"name\":\"Mostbet LT\",\"description\":\"My WordPress Blog\",\"potentialAction\":[{\"@type\":\"SearchAction\",\"target\":{\"@type\":\"EntryPoint\",\"urlTemplate\":\"https:\/\/mostbet.tips\/lt\/?s={search_term_string}\"},\"query-input\":\"required name=search_term_string\"}],\"inLanguage\":\"lt-LT\"}]}<\/script>\n<!-- \/ Yoast SEO plugin. -->","yoast_head_json":{"title":"Mostbet Lietuva la\u017eybos ir kazino | J\u016bs\u0173 patikimas partneris","description":"I\u0161bandykite internetinius \u017eaidimus Mostbet kazino \ud83d\udd25 D\u017eiaukit\u0117s pla\u010diu \u017eaidim\u0173 asortimentu, sporto la\u017eybomis, patogia vartotojo s\u0105saja ir vis\u0105 par\u0105 veikian\u010diu klient\u0173 aptarnavimu.","robots":{"index":"index","follow":"follow","max-snippet":"max-snippet:-1","max-image-preview":"max-image-preview:large","max-video-preview":"max-video-preview:-1"},"og_locale":"lt_LT","og_type":"article","og_title":"Mostbet Lietuva la\u017eybos ir kazino | J\u016bs\u0173 patikimas partneris","og_description":"I\u0161bandykite internetinius \u017eaidimus Mostbet kazino \ud83d\udd25 D\u017eiaukit\u0117s pla\u010diu \u017eaidim\u0173 asortimentu, sporto la\u017eybomis, patogia vartotojo s\u0105saja ir vis\u0105 par\u0105 veikian\u010diu klient\u0173 aptarnavimu.","og_url":"https:\/\/mostbet.tips\/lt\/","og_site_name":"Mostbet LT","article_modified_time":"2025-07-13T06:59:23+00:00","twitter_card":"summary_large_image","schema":{"@context":"https:\/\/schema.org","@graph":[{"@type":"WebPage","@id":"https:\/\/mostbet.tips\/lt\/","url":"https:\/\/mostbet.tips\/lt\/","name":"Mostbet Lietuva la\u017eybos ir kazino | J\u016bs\u0173 patikimas partneris","isPartOf":{"@id":"https:\/\/mostbet.tips\/lt\/#website"},"datePublished":"2023-05-18T17:18:34+00:00","dateModified":"2025-07-13T06:59:23+00:00","description":"I\u0161bandykite internetinius \u017eaidimus Mostbet kazino \ud83d\udd25 D\u017eiaukit\u0117s pla\u010diu \u017eaidim\u0173 asortimentu, sporto la\u017eybomis, patogia vartotojo s\u0105saja ir vis\u0105 par\u0105 veikian\u010diu klient\u0173 aptarnavimu.","breadcrumb":{"@id":"https:\/\/mostbet.tips\/lt\/#breadcrumb"},"inLanguage":"lt-LT","potentialAction":[{"@type":"ReadAction","target":["https:\/\/mostbet.tips\/lt\/"]}]},{"@type":"BreadcrumbList","@id":"https:\/\/mostbet.tips\/lt\/#breadcrumb","itemListElement":[{"@type":"ListItem","position":1,"name":"Home","item":"https:\/\/mostbet.tips\/lt\/"},{"@type":"ListItem","position":2,"name":"Pagrindinis"}]},{"@type":"WebSite","@id":"https:\/\/mostbet.tips\/lt\/#website","url":"https:\/\/mostbet.tips\/lt\/","name":"Mostbet LT","description":"My WordPress Blog","potentialAction":[{"@type":"SearchAction","target":{"@type":"EntryPoint","urlTemplate":"https:\/\/mostbet.tips\/lt\/?s={search_term_string}"},"query-input":"required name=search_term_string"}],"inLanguage":"lt-LT"}]}},"_links":{"self":[{"href":"https:\/\/mostbet.tips\/lt\/wp-json\/wp\/v2\/pages\/2"}],"collection":[{"href":"https:\/\/mostbet.tips\/lt\/wp-json\/wp\/v2\/pages"}],"about":[{"href":"https:\/\/mostbet.tips\/lt\/wp-json\/wp\/v2\/types\/page"}],"author":[{"embeddable":true,"href":"https:\/\/mostbet.tips\/lt\/wp-json\/wp\/v2\/users\/1"}],"replies":[{"embeddable":true,"href":"https:\/\/mostbet.tips\/lt\/wp-json\/wp\/v2\/comments?post=2"}],"version-history":[{"count":59,"href":"https:\/\/mostbet.tips\/lt\/wp-json\/wp\/v2\/pages\/2\/revisions"}],"predecessor-version":[{"id":479,"href":"https:\/\/mostbet.tips\/lt\/wp-json\/wp\/v2\/pages\/2\/revisions\/479"}],"wp:attachment":[{"href":"https:\/\/mostbet.tips\/lt\/wp-json\/wp\/v2\/media?parent=2"}],"curies":[{"name":"wp","href":"https:\/\/api.w.org\/{rel}","templated":true}]}}