{"id":323,"date":"2025-04-30T05:10:26","date_gmt":"2025-04-30T05:10:26","guid":{"rendered":"https:\/\/mostbet.tips\/hu\/?page_id=323"},"modified":"2025-05-18T17:06:24","modified_gmt":"2025-05-18T17:06:24","slug":"registration","status":"publish","type":"page","link":"https:\/\/mostbet.tips\/hu\/registration\/","title":{"rendered":"Regisztr\u00e1ci\u00f3"},"content":{"rendered":"","protected":false},"excerpt":{"rendered":"","protected":false},"author":1,"featured_media":0,"parent":0,"menu_order":0,"comment_status":"closed","ping_status":"closed","template":"","meta":{"footnotes":""},"yoast_head":"<!-- This site is optimized with the Yoast SEO plugin v23.0 - https:\/\/yoast.com\/wordpress\/plugins\/seo\/ -->\n<title>Mostbet regisztr\u00e1ci\u00f3: l\u00e9p\u00e9sr\u0151l-l\u00e9p\u00e9sre \u00fatmutat\u00f3 \u00faj felhaszn\u00e1l\u00f3knak<\/title>\n<meta name=\"description\" content=\"A Mostbet Magyarorsz\u00e1g vezet\u0151 online fogad\u00e1si \u00e9s kaszin\u00f3 platform. Fedezze fel a sportfogad\u00e1st, kaszin\u00f3j\u00e1t\u00e9kokat, b\u00f3nuszokat \u00e9s versenyeket. K\u00f6vesse egyszer\u0171 regisztr\u00e1ci\u00f3s \u00fatmutat\u00f3nkat, hogy elkezdhesse!\" \/>\n<meta name=\"robots\" content=\"index, follow, max-snippet:-1, max-image-preview:large, max-video-preview:-1\" \/>\n<meta property=\"og:locale\" content=\"hu_HU\" \/>\n<meta property=\"og:type\" content=\"article\" \/>\n<meta property=\"og:title\" content=\"Mostbet regisztr\u00e1ci\u00f3: l\u00e9p\u00e9sr\u0151l-l\u00e9p\u00e9sre \u00fatmutat\u00f3 \u00faj felhaszn\u00e1l\u00f3knak\" \/>\n<meta property=\"og:description\" content=\"A Mostbet Magyarorsz\u00e1g vezet\u0151 online fogad\u00e1si \u00e9s kaszin\u00f3 platform. Fedezze fel a sportfogad\u00e1st, kaszin\u00f3j\u00e1t\u00e9kokat, b\u00f3nuszokat \u00e9s versenyeket. K\u00f6vesse egyszer\u0171 regisztr\u00e1ci\u00f3s \u00fatmutat\u00f3nkat, hogy elkezdhesse!\" \/>\n<meta property=\"og:url\" content=\"https:\/\/mostbet.tips\/hu\/registration\/\" \/>\n<meta property=\"og:site_name\" content=\"Mostbet hu\" \/>\n<meta property=\"article:modified_time\" content=\"2025-05-18T17:06:24+00:00\" \/>\n<meta name=\"twitter:card\" content=\"summary_large_image\" \/>\n<script type=\"application\/ld+json\" class=\"yoast-schema-graph\">{\"@context\":\"https:\/\/schema.org\",\"@graph\":[{\"@type\":\"WebPage\",\"@id\":\"https:\/\/mostbet.tips\/hu\/registration\/\",\"url\":\"https:\/\/mostbet.tips\/hu\/registration\/\",\"name\":\"Mostbet regisztr\u00e1ci\u00f3: l\u00e9p\u00e9sr\u0151l-l\u00e9p\u00e9sre \u00fatmutat\u00f3 \u00faj felhaszn\u00e1l\u00f3knak\",\"isPartOf\":{\"@id\":\"https:\/\/mostbet.tips\/hu\/#website\"},\"datePublished\":\"2025-04-30T05:10:26+00:00\",\"dateModified\":\"2025-05-18T17:06:24+00:00\",\"description\":\"A Mostbet Magyarorsz\u00e1g vezet\u0151 online fogad\u00e1si \u00e9s kaszin\u00f3 platform. Fedezze fel a sportfogad\u00e1st, kaszin\u00f3j\u00e1t\u00e9kokat, b\u00f3nuszokat \u00e9s versenyeket. K\u00f6vesse egyszer\u0171 regisztr\u00e1ci\u00f3s \u00fatmutat\u00f3nkat, hogy elkezdhesse!\",\"breadcrumb\":{\"@id\":\"https:\/\/mostbet.tips\/hu\/registration\/#breadcrumb\"},\"inLanguage\":\"hu\",\"potentialAction\":[{\"@type\":\"ReadAction\",\"target\":[\"https:\/\/mostbet.tips\/hu\/registration\/\"]}]},{\"@type\":\"BreadcrumbList\",\"@id\":\"https:\/\/mostbet.tips\/hu\/registration\/#breadcrumb\",\"itemListElement\":[{\"@type\":\"ListItem\",\"position\":1,\"name\":\"Home\",\"item\":\"https:\/\/mostbet.tips\/hu\/\"},{\"@type\":\"ListItem\",\"position\":2,\"name\":\"Regisztr\u00e1ci\u00f3\"}]},{\"@type\":\"WebSite\",\"@id\":\"https:\/\/mostbet.tips\/hu\/#website\",\"url\":\"https:\/\/mostbet.tips\/hu\/\",\"name\":\"Mostbet hu\",\"description\":\"My WordPress Blog\",\"potentialAction\":[{\"@type\":\"SearchAction\",\"target\":{\"@type\":\"EntryPoint\",\"urlTemplate\":\"https:\/\/mostbet.tips\/hu\/?s={search_term_string}\"},\"query-input\":\"required name=search_term_string\"}],\"inLanguage\":\"hu\"}]}<\/script>\n<!-- \/ Yoast SEO plugin. -->","yoast_head_json":{"title":"Mostbet regisztr\u00e1ci\u00f3: l\u00e9p\u00e9sr\u0151l-l\u00e9p\u00e9sre \u00fatmutat\u00f3 \u00faj felhaszn\u00e1l\u00f3knak","description":"A Mostbet Magyarorsz\u00e1g vezet\u0151 online fogad\u00e1si \u00e9s kaszin\u00f3 platform. Fedezze fel a sportfogad\u00e1st, kaszin\u00f3j\u00e1t\u00e9kokat, b\u00f3nuszokat \u00e9s versenyeket. K\u00f6vesse egyszer\u0171 regisztr\u00e1ci\u00f3s \u00fatmutat\u00f3nkat, hogy elkezdhesse!","robots":{"index":"index","follow":"follow","max-snippet":"max-snippet:-1","max-image-preview":"max-image-preview:large","max-video-preview":"max-video-preview:-1"},"og_locale":"hu_HU","og_type":"article","og_title":"Mostbet regisztr\u00e1ci\u00f3: l\u00e9p\u00e9sr\u0151l-l\u00e9p\u00e9sre \u00fatmutat\u00f3 \u00faj felhaszn\u00e1l\u00f3knak","og_description":"A Mostbet Magyarorsz\u00e1g vezet\u0151 online fogad\u00e1si \u00e9s kaszin\u00f3 platform. Fedezze fel a sportfogad\u00e1st, kaszin\u00f3j\u00e1t\u00e9kokat, b\u00f3nuszokat \u00e9s versenyeket. K\u00f6vesse egyszer\u0171 regisztr\u00e1ci\u00f3s \u00fatmutat\u00f3nkat, hogy elkezdhesse!","og_url":"https:\/\/mostbet.tips\/hu\/registration\/","og_site_name":"Mostbet hu","article_modified_time":"2025-05-18T17:06:24+00:00","twitter_card":"summary_large_image","schema":{"@context":"https:\/\/schema.org","@graph":[{"@type":"WebPage","@id":"https:\/\/mostbet.tips\/hu\/registration\/","url":"https:\/\/mostbet.tips\/hu\/registration\/","name":"Mostbet regisztr\u00e1ci\u00f3: l\u00e9p\u00e9sr\u0151l-l\u00e9p\u00e9sre \u00fatmutat\u00f3 \u00faj felhaszn\u00e1l\u00f3knak","isPartOf":{"@id":"https:\/\/mostbet.tips\/hu\/#website"},"datePublished":"2025-04-30T05:10:26+00:00","dateModified":"2025-05-18T17:06:24+00:00","description":"A Mostbet Magyarorsz\u00e1g vezet\u0151 online fogad\u00e1si \u00e9s kaszin\u00f3 platform. Fedezze fel a sportfogad\u00e1st, kaszin\u00f3j\u00e1t\u00e9kokat, b\u00f3nuszokat \u00e9s versenyeket. K\u00f6vesse egyszer\u0171 regisztr\u00e1ci\u00f3s \u00fatmutat\u00f3nkat, hogy elkezdhesse!","breadcrumb":{"@id":"https:\/\/mostbet.tips\/hu\/registration\/#breadcrumb"},"inLanguage":"hu","potentialAction":[{"@type":"ReadAction","target":["https:\/\/mostbet.tips\/hu\/registration\/"]}]},{"@type":"BreadcrumbList","@id":"https:\/\/mostbet.tips\/hu\/registration\/#breadcrumb","itemListElement":[{"@type":"ListItem","position":1,"name":"Home","item":"https:\/\/mostbet.tips\/hu\/"},{"@type":"ListItem","position":2,"name":"Regisztr\u00e1ci\u00f3"}]},{"@type":"WebSite","@id":"https:\/\/mostbet.tips\/hu\/#website","url":"https:\/\/mostbet.tips\/hu\/","name":"Mostbet hu","description":"My WordPress Blog","potentialAction":[{"@type":"SearchAction","target":{"@type":"EntryPoint","urlTemplate":"https:\/\/mostbet.tips\/hu\/?s={search_term_string}"},"query-input":"required name=search_term_string"}],"inLanguage":"hu"}]}},"_links":{"self":[{"href":"https:\/\/mostbet.tips\/hu\/wp-json\/wp\/v2\/pages\/323"}],"collection":[{"href":"https:\/\/mostbet.tips\/hu\/wp-json\/wp\/v2\/pages"}],"about":[{"href":"https:\/\/mostbet.tips\/hu\/wp-json\/wp\/v2\/types\/page"}],"author":[{"embeddable":true,"href":"https:\/\/mostbet.tips\/hu\/wp-json\/wp\/v2\/users\/1"}],"replies":[{"embeddable":true,"href":"https:\/\/mostbet.tips\/hu\/wp-json\/wp\/v2\/comments?post=323"}],"version-history":[{"count":8,"href":"https:\/\/mostbet.tips\/hu\/wp-json\/wp\/v2\/pages\/323\/revisions"}],"predecessor-version":[{"id":367,"href":"https:\/\/mostbet.tips\/hu\/wp-json\/wp\/v2\/pages\/323\/revisions\/367"}],"wp:attachment":[{"href":"https:\/\/mostbet.tips\/hu\/wp-json\/wp\/v2\/media?parent=323"}],"curies":[{"name":"wp","href":"https:\/\/api.w.org\/{rel}","templated":true}]}}