{"id":308,"date":"2025-04-28T17:40:04","date_gmt":"2025-04-28T17:40:04","guid":{"rendered":"https:\/\/mostbet.tips\/hu\/?page_id=308"},"modified":"2025-05-24T07:27:37","modified_gmt":"2025-05-24T07:27:37","slug":"login","status":"publish","type":"page","link":"https:\/\/mostbet.tips\/hu\/login\/","title":{"rendered":"Bejelentkez\u00e9s"},"content":{"rendered":"","protected":false},"excerpt":{"rendered":"","protected":false},"author":1,"featured_media":0,"parent":0,"menu_order":0,"comment_status":"closed","ping_status":"closed","template":"","meta":{"footnotes":""},"yoast_head":"<!-- This site is optimized with the Yoast SEO plugin v23.0 - https:\/\/yoast.com\/wordpress\/plugins\/seo\/ -->\n<title>Mostbet Egyszer\u0171 Bejelentkez\u00e9s Online Szerencsej\u00e1t\u00e9khoz<\/title>\n<meta name=\"description\" content=\"A Mostbet Magyarorsz\u00e1g 24\/7 hozz\u00e1f\u00e9r\u00e9st biztos\u00edt sz\u00e1mos online szerencsej\u00e1t\u00e9khoz. Az egyszer\u0171 bejelentkez\u00e9si \u00fatmutat\u00f3 megmutatja, hogyan jelentkezhet be b\u00e1rmilyen eszk\u00f6zr\u0151l. Regisztr\u00e1ljon most!\" \/>\n<meta name=\"robots\" content=\"index, follow, max-snippet:-1, max-image-preview:large, max-video-preview:-1\" \/>\n<meta property=\"og:locale\" content=\"hu_HU\" \/>\n<meta property=\"og:type\" content=\"article\" \/>\n<meta property=\"og:title\" content=\"Mostbet Egyszer\u0171 Bejelentkez\u00e9s Online Szerencsej\u00e1t\u00e9khoz\" \/>\n<meta property=\"og:description\" content=\"A Mostbet Magyarorsz\u00e1g 24\/7 hozz\u00e1f\u00e9r\u00e9st biztos\u00edt sz\u00e1mos online szerencsej\u00e1t\u00e9khoz. Az egyszer\u0171 bejelentkez\u00e9si \u00fatmutat\u00f3 megmutatja, hogyan jelentkezhet be b\u00e1rmilyen eszk\u00f6zr\u0151l. Regisztr\u00e1ljon most!\" \/>\n<meta property=\"og:url\" content=\"https:\/\/mostbet.tips\/hu\/login\/\" \/>\n<meta property=\"og:site_name\" content=\"Mostbet hu\" \/>\n<meta property=\"article:modified_time\" content=\"2025-05-24T07:27:37+00:00\" \/>\n<meta name=\"twitter:card\" content=\"summary_large_image\" \/>\n<script type=\"application\/ld+json\" class=\"yoast-schema-graph\">{\"@context\":\"https:\/\/schema.org\",\"@graph\":[{\"@type\":\"WebPage\",\"@id\":\"https:\/\/mostbet.tips\/hu\/login\/\",\"url\":\"https:\/\/mostbet.tips\/hu\/login\/\",\"name\":\"Mostbet Egyszer\u0171 Bejelentkez\u00e9s Online Szerencsej\u00e1t\u00e9khoz\",\"isPartOf\":{\"@id\":\"https:\/\/mostbet.tips\/hu\/#website\"},\"datePublished\":\"2025-04-28T17:40:04+00:00\",\"dateModified\":\"2025-05-24T07:27:37+00:00\",\"description\":\"A Mostbet Magyarorsz\u00e1g 24\/7 hozz\u00e1f\u00e9r\u00e9st biztos\u00edt sz\u00e1mos online szerencsej\u00e1t\u00e9khoz. Az egyszer\u0171 bejelentkez\u00e9si \u00fatmutat\u00f3 megmutatja, hogyan jelentkezhet be b\u00e1rmilyen eszk\u00f6zr\u0151l. Regisztr\u00e1ljon most!\",\"breadcrumb\":{\"@id\":\"https:\/\/mostbet.tips\/hu\/login\/#breadcrumb\"},\"inLanguage\":\"hu\",\"potentialAction\":[{\"@type\":\"ReadAction\",\"target\":[\"https:\/\/mostbet.tips\/hu\/login\/\"]}]},{\"@type\":\"BreadcrumbList\",\"@id\":\"https:\/\/mostbet.tips\/hu\/login\/#breadcrumb\",\"itemListElement\":[{\"@type\":\"ListItem\",\"position\":1,\"name\":\"Home\",\"item\":\"https:\/\/mostbet.tips\/hu\/\"},{\"@type\":\"ListItem\",\"position\":2,\"name\":\"Bejelentkez\u00e9s\"}]},{\"@type\":\"WebSite\",\"@id\":\"https:\/\/mostbet.tips\/hu\/#website\",\"url\":\"https:\/\/mostbet.tips\/hu\/\",\"name\":\"Mostbet hu\",\"description\":\"My WordPress Blog\",\"potentialAction\":[{\"@type\":\"SearchAction\",\"target\":{\"@type\":\"EntryPoint\",\"urlTemplate\":\"https:\/\/mostbet.tips\/hu\/?s={search_term_string}\"},\"query-input\":\"required name=search_term_string\"}],\"inLanguage\":\"hu\"}]}<\/script>\n<!-- \/ Yoast SEO plugin. -->","yoast_head_json":{"title":"Mostbet Egyszer\u0171 Bejelentkez\u00e9s Online Szerencsej\u00e1t\u00e9khoz","description":"A Mostbet Magyarorsz\u00e1g 24\/7 hozz\u00e1f\u00e9r\u00e9st biztos\u00edt sz\u00e1mos online szerencsej\u00e1t\u00e9khoz. Az egyszer\u0171 bejelentkez\u00e9si \u00fatmutat\u00f3 megmutatja, hogyan jelentkezhet be b\u00e1rmilyen eszk\u00f6zr\u0151l. Regisztr\u00e1ljon most!","robots":{"index":"index","follow":"follow","max-snippet":"max-snippet:-1","max-image-preview":"max-image-preview:large","max-video-preview":"max-video-preview:-1"},"og_locale":"hu_HU","og_type":"article","og_title":"Mostbet Egyszer\u0171 Bejelentkez\u00e9s Online Szerencsej\u00e1t\u00e9khoz","og_description":"A Mostbet Magyarorsz\u00e1g 24\/7 hozz\u00e1f\u00e9r\u00e9st biztos\u00edt sz\u00e1mos online szerencsej\u00e1t\u00e9khoz. Az egyszer\u0171 bejelentkez\u00e9si \u00fatmutat\u00f3 megmutatja, hogyan jelentkezhet be b\u00e1rmilyen eszk\u00f6zr\u0151l. Regisztr\u00e1ljon most!","og_url":"https:\/\/mostbet.tips\/hu\/login\/","og_site_name":"Mostbet hu","article_modified_time":"2025-05-24T07:27:37+00:00","twitter_card":"summary_large_image","schema":{"@context":"https:\/\/schema.org","@graph":[{"@type":"WebPage","@id":"https:\/\/mostbet.tips\/hu\/login\/","url":"https:\/\/mostbet.tips\/hu\/login\/","name":"Mostbet Egyszer\u0171 Bejelentkez\u00e9s Online Szerencsej\u00e1t\u00e9khoz","isPartOf":{"@id":"https:\/\/mostbet.tips\/hu\/#website"},"datePublished":"2025-04-28T17:40:04+00:00","dateModified":"2025-05-24T07:27:37+00:00","description":"A Mostbet Magyarorsz\u00e1g 24\/7 hozz\u00e1f\u00e9r\u00e9st biztos\u00edt sz\u00e1mos online szerencsej\u00e1t\u00e9khoz. Az egyszer\u0171 bejelentkez\u00e9si \u00fatmutat\u00f3 megmutatja, hogyan jelentkezhet be b\u00e1rmilyen eszk\u00f6zr\u0151l. Regisztr\u00e1ljon most!","breadcrumb":{"@id":"https:\/\/mostbet.tips\/hu\/login\/#breadcrumb"},"inLanguage":"hu","potentialAction":[{"@type":"ReadAction","target":["https:\/\/mostbet.tips\/hu\/login\/"]}]},{"@type":"BreadcrumbList","@id":"https:\/\/mostbet.tips\/hu\/login\/#breadcrumb","itemListElement":[{"@type":"ListItem","position":1,"name":"Home","item":"https:\/\/mostbet.tips\/hu\/"},{"@type":"ListItem","position":2,"name":"Bejelentkez\u00e9s"}]},{"@type":"WebSite","@id":"https:\/\/mostbet.tips\/hu\/#website","url":"https:\/\/mostbet.tips\/hu\/","name":"Mostbet hu","description":"My WordPress Blog","potentialAction":[{"@type":"SearchAction","target":{"@type":"EntryPoint","urlTemplate":"https:\/\/mostbet.tips\/hu\/?s={search_term_string}"},"query-input":"required name=search_term_string"}],"inLanguage":"hu"}]}},"_links":{"self":[{"href":"https:\/\/mostbet.tips\/hu\/wp-json\/wp\/v2\/pages\/308"}],"collection":[{"href":"https:\/\/mostbet.tips\/hu\/wp-json\/wp\/v2\/pages"}],"about":[{"href":"https:\/\/mostbet.tips\/hu\/wp-json\/wp\/v2\/types\/page"}],"author":[{"embeddable":true,"href":"https:\/\/mostbet.tips\/hu\/wp-json\/wp\/v2\/users\/1"}],"replies":[{"embeddable":true,"href":"https:\/\/mostbet.tips\/hu\/wp-json\/wp\/v2\/comments?post=308"}],"version-history":[{"count":12,"href":"https:\/\/mostbet.tips\/hu\/wp-json\/wp\/v2\/pages\/308\/revisions"}],"predecessor-version":[{"id":363,"href":"https:\/\/mostbet.tips\/hu\/wp-json\/wp\/v2\/pages\/308\/revisions\/363"}],"wp:attachment":[{"href":"https:\/\/mostbet.tips\/hu\/wp-json\/wp\/v2\/media?parent=308"}],"curies":[{"name":"wp","href":"https:\/\/api.w.org\/{rel}","templated":true}]}}