{"id":263,"date":"2025-04-26T13:32:34","date_gmt":"2025-04-26T13:32:34","guid":{"rendered":"https:\/\/mostbet.tips\/hu\/?page_id=263"},"modified":"2026-01-12T10:27:21","modified_gmt":"2026-01-12T10:27:21","slug":"apk","status":"publish","type":"page","link":"https:\/\/mostbet.tips\/hu\/apk\/","title":{"rendered":"Apk"},"content":{"rendered":"","protected":false},"excerpt":{"rendered":"","protected":false},"author":1,"featured_media":0,"parent":0,"menu_order":0,"comment_status":"closed","ping_status":"closed","template":"","meta":{"footnotes":""},"yoast_head":"<!-- This site is optimized with the Yoast SEO plugin v23.0 - https:\/\/yoast.com\/wordpress\/plugins\/seo\/ -->\n<title>Mostbet APK \u00fatmutat\u00f3: Let\u00f6lt\u00e9si, telep\u00edt\u00e9si \u00e9s haszn\u00e1lati tippek<\/title>\n<meta name=\"description\" content=\"Ez az \u00fatmutat\u00f3 mindent tartalmaz a Mostbet Magyarorsz\u00e1g APK-val kapcsolatban: biztons\u00e1gos let\u00f6lt\u00e9si linkek, egyszer\u0171 telep\u00edt\u00e9si utas\u00edt\u00e1sok \u00e9s az alkalmaz\u00e1s haszn\u00e1lat\u00e1nak megkezd\u00e9se. Hozd ki a legt\u00f6bbet a Mostbetb\u0151l Android k\u00e9sz\u00fcl\u00e9keden m\u00e9g ma!\" \/>\n<meta name=\"robots\" content=\"index, follow, max-snippet:-1, max-image-preview:large, max-video-preview:-1\" \/>\n<meta property=\"og:locale\" content=\"hu_HU\" \/>\n<meta property=\"og:type\" content=\"article\" \/>\n<meta property=\"og:title\" content=\"Mostbet APK \u00fatmutat\u00f3: Let\u00f6lt\u00e9si, telep\u00edt\u00e9si \u00e9s haszn\u00e1lati tippek\" \/>\n<meta property=\"og:description\" content=\"Ez az \u00fatmutat\u00f3 mindent tartalmaz a Mostbet Magyarorsz\u00e1g APK-val kapcsolatban: biztons\u00e1gos let\u00f6lt\u00e9si linkek, egyszer\u0171 telep\u00edt\u00e9si utas\u00edt\u00e1sok \u00e9s az alkalmaz\u00e1s haszn\u00e1lat\u00e1nak megkezd\u00e9se. Hozd ki a legt\u00f6bbet a Mostbetb\u0151l Android k\u00e9sz\u00fcl\u00e9keden m\u00e9g ma!\" \/>\n<meta property=\"og:url\" content=\"https:\/\/mostbet.tips\/hu\/apk\/\" \/>\n<meta property=\"og:site_name\" content=\"Mostbet hu\" \/>\n<meta property=\"article:modified_time\" content=\"2026-01-12T10:27:21+00:00\" \/>\n<meta name=\"twitter:card\" content=\"summary_large_image\" \/>\n<script type=\"application\/ld+json\" class=\"yoast-schema-graph\">{\"@context\":\"https:\/\/schema.org\",\"@graph\":[{\"@type\":\"WebPage\",\"@id\":\"https:\/\/mostbet.tips\/hu\/apk\/\",\"url\":\"https:\/\/mostbet.tips\/hu\/apk\/\",\"name\":\"Mostbet APK \u00fatmutat\u00f3: Let\u00f6lt\u00e9si, telep\u00edt\u00e9si \u00e9s haszn\u00e1lati tippek\",\"isPartOf\":{\"@id\":\"https:\/\/mostbet.tips\/hu\/#website\"},\"datePublished\":\"2025-04-26T13:32:34+00:00\",\"dateModified\":\"2026-01-12T10:27:21+00:00\",\"description\":\"Ez az \u00fatmutat\u00f3 mindent tartalmaz a Mostbet Magyarorsz\u00e1g APK-val kapcsolatban: biztons\u00e1gos let\u00f6lt\u00e9si linkek, egyszer\u0171 telep\u00edt\u00e9si utas\u00edt\u00e1sok \u00e9s az alkalmaz\u00e1s haszn\u00e1lat\u00e1nak megkezd\u00e9se. Hozd ki a legt\u00f6bbet a Mostbetb\u0151l Android k\u00e9sz\u00fcl\u00e9keden m\u00e9g ma!\",\"breadcrumb\":{\"@id\":\"https:\/\/mostbet.tips\/hu\/apk\/#breadcrumb\"},\"inLanguage\":\"hu\",\"potentialAction\":[{\"@type\":\"ReadAction\",\"target\":[\"https:\/\/mostbet.tips\/hu\/apk\/\"]}]},{\"@type\":\"BreadcrumbList\",\"@id\":\"https:\/\/mostbet.tips\/hu\/apk\/#breadcrumb\",\"itemListElement\":[{\"@type\":\"ListItem\",\"position\":1,\"name\":\"Home\",\"item\":\"https:\/\/mostbet.tips\/hu\/\"},{\"@type\":\"ListItem\",\"position\":2,\"name\":\"Apk\"}]},{\"@type\":\"WebSite\",\"@id\":\"https:\/\/mostbet.tips\/hu\/#website\",\"url\":\"https:\/\/mostbet.tips\/hu\/\",\"name\":\"Mostbet hu\",\"description\":\"My WordPress Blog\",\"potentialAction\":[{\"@type\":\"SearchAction\",\"target\":{\"@type\":\"EntryPoint\",\"urlTemplate\":\"https:\/\/mostbet.tips\/hu\/?s={search_term_string}\"},\"query-input\":\"required name=search_term_string\"}],\"inLanguage\":\"hu\"}]}<\/script>\n<!-- \/ Yoast SEO plugin. -->","yoast_head_json":{"title":"Mostbet APK \u00fatmutat\u00f3: Let\u00f6lt\u00e9si, telep\u00edt\u00e9si \u00e9s haszn\u00e1lati tippek","description":"Ez az \u00fatmutat\u00f3 mindent tartalmaz a Mostbet Magyarorsz\u00e1g APK-val kapcsolatban: biztons\u00e1gos let\u00f6lt\u00e9si linkek, egyszer\u0171 telep\u00edt\u00e9si utas\u00edt\u00e1sok \u00e9s az alkalmaz\u00e1s haszn\u00e1lat\u00e1nak megkezd\u00e9se. Hozd ki a legt\u00f6bbet a Mostbetb\u0151l Android k\u00e9sz\u00fcl\u00e9keden m\u00e9g ma!","robots":{"index":"index","follow":"follow","max-snippet":"max-snippet:-1","max-image-preview":"max-image-preview:large","max-video-preview":"max-video-preview:-1"},"og_locale":"hu_HU","og_type":"article","og_title":"Mostbet APK \u00fatmutat\u00f3: Let\u00f6lt\u00e9si, telep\u00edt\u00e9si \u00e9s haszn\u00e1lati tippek","og_description":"Ez az \u00fatmutat\u00f3 mindent tartalmaz a Mostbet Magyarorsz\u00e1g APK-val kapcsolatban: biztons\u00e1gos let\u00f6lt\u00e9si linkek, egyszer\u0171 telep\u00edt\u00e9si utas\u00edt\u00e1sok \u00e9s az alkalmaz\u00e1s haszn\u00e1lat\u00e1nak megkezd\u00e9se. Hozd ki a legt\u00f6bbet a Mostbetb\u0151l Android k\u00e9sz\u00fcl\u00e9keden m\u00e9g ma!","og_url":"https:\/\/mostbet.tips\/hu\/apk\/","og_site_name":"Mostbet hu","article_modified_time":"2026-01-12T10:27:21+00:00","twitter_card":"summary_large_image","schema":{"@context":"https:\/\/schema.org","@graph":[{"@type":"WebPage","@id":"https:\/\/mostbet.tips\/hu\/apk\/","url":"https:\/\/mostbet.tips\/hu\/apk\/","name":"Mostbet APK \u00fatmutat\u00f3: Let\u00f6lt\u00e9si, telep\u00edt\u00e9si \u00e9s haszn\u00e1lati tippek","isPartOf":{"@id":"https:\/\/mostbet.tips\/hu\/#website"},"datePublished":"2025-04-26T13:32:34+00:00","dateModified":"2026-01-12T10:27:21+00:00","description":"Ez az \u00fatmutat\u00f3 mindent tartalmaz a Mostbet Magyarorsz\u00e1g APK-val kapcsolatban: biztons\u00e1gos let\u00f6lt\u00e9si linkek, egyszer\u0171 telep\u00edt\u00e9si utas\u00edt\u00e1sok \u00e9s az alkalmaz\u00e1s haszn\u00e1lat\u00e1nak megkezd\u00e9se. Hozd ki a legt\u00f6bbet a Mostbetb\u0151l Android k\u00e9sz\u00fcl\u00e9keden m\u00e9g ma!","breadcrumb":{"@id":"https:\/\/mostbet.tips\/hu\/apk\/#breadcrumb"},"inLanguage":"hu","potentialAction":[{"@type":"ReadAction","target":["https:\/\/mostbet.tips\/hu\/apk\/"]}]},{"@type":"BreadcrumbList","@id":"https:\/\/mostbet.tips\/hu\/apk\/#breadcrumb","itemListElement":[{"@type":"ListItem","position":1,"name":"Home","item":"https:\/\/mostbet.tips\/hu\/"},{"@type":"ListItem","position":2,"name":"Apk"}]},{"@type":"WebSite","@id":"https:\/\/mostbet.tips\/hu\/#website","url":"https:\/\/mostbet.tips\/hu\/","name":"Mostbet hu","description":"My WordPress Blog","potentialAction":[{"@type":"SearchAction","target":{"@type":"EntryPoint","urlTemplate":"https:\/\/mostbet.tips\/hu\/?s={search_term_string}"},"query-input":"required name=search_term_string"}],"inLanguage":"hu"}]}},"_links":{"self":[{"href":"https:\/\/mostbet.tips\/hu\/wp-json\/wp\/v2\/pages\/263"}],"collection":[{"href":"https:\/\/mostbet.tips\/hu\/wp-json\/wp\/v2\/pages"}],"about":[{"href":"https:\/\/mostbet.tips\/hu\/wp-json\/wp\/v2\/types\/page"}],"author":[{"embeddable":true,"href":"https:\/\/mostbet.tips\/hu\/wp-json\/wp\/v2\/users\/1"}],"replies":[{"embeddable":true,"href":"https:\/\/mostbet.tips\/hu\/wp-json\/wp\/v2\/comments?post=263"}],"version-history":[{"count":15,"href":"https:\/\/mostbet.tips\/hu\/wp-json\/wp\/v2\/pages\/263\/revisions"}],"predecessor-version":[{"id":372,"href":"https:\/\/mostbet.tips\/hu\/wp-json\/wp\/v2\/pages\/263\/revisions\/372"}],"wp:attachment":[{"href":"https:\/\/mostbet.tips\/hu\/wp-json\/wp\/v2\/media?parent=263"}],"curies":[{"name":"wp","href":"https:\/\/api.w.org\/{rel}","templated":true}]}}