{"id":228,"date":"2025-04-23T17:32:34","date_gmt":"2025-04-23T17:32:34","guid":{"rendered":"https:\/\/mostbet.tips\/hu\/?page_id=228"},"modified":"2025-05-24T07:22:26","modified_gmt":"2025-05-24T07:22:26","slug":"casino","status":"publish","type":"page","link":"https:\/\/mostbet.tips\/hu\/casino\/","title":{"rendered":"Kaszin\u00f3"},"content":{"rendered":"","protected":false},"excerpt":{"rendered":"","protected":false},"author":1,"featured_media":0,"parent":0,"menu_order":0,"comment_status":"closed","ping_status":"closed","template":"","meta":{"footnotes":""},"yoast_head":"<!-- This site is optimized with the Yoast SEO plugin v23.0 - https:\/\/yoast.com\/wordpress\/plugins\/seo\/ -->\n<title>Mostbet Kaszin\u00f3: \u2705A legjobb v\u00e1laszt\u00e1s szerencsej\u00e1t\u00e9khoz<\/title>\n<meta name=\"description\" content=\"Mostbet Magyarorsz\u00e1g Kaszin\u00f3: az \u00d6n megb\u00edzhat\u00f3 partnere az online szerencsej\u00e1t\u00e9kok vil\u00e1g\u00e1ban. Mer\u00fclj\u00f6n el a szerencsej\u00e1t\u00e9kok t\u00f6rt\u00e9nelm\u00e9ben, \u00e9s \u00e9lvezze a Mostbet Casino j\u00e1t\u00e9k el\u0151nyeit.\" \/>\n<meta name=\"robots\" content=\"index, follow, max-snippet:-1, max-image-preview:large, max-video-preview:-1\" \/>\n<meta property=\"og:locale\" content=\"hu_HU\" \/>\n<meta property=\"og:type\" content=\"article\" \/>\n<meta property=\"og:title\" content=\"Mostbet Kaszin\u00f3: \u2705A legjobb v\u00e1laszt\u00e1s szerencsej\u00e1t\u00e9khoz\" \/>\n<meta property=\"og:description\" content=\"Mostbet Magyarorsz\u00e1g Kaszin\u00f3: az \u00d6n megb\u00edzhat\u00f3 partnere az online szerencsej\u00e1t\u00e9kok vil\u00e1g\u00e1ban. Mer\u00fclj\u00f6n el a szerencsej\u00e1t\u00e9kok t\u00f6rt\u00e9nelm\u00e9ben, \u00e9s \u00e9lvezze a Mostbet Casino j\u00e1t\u00e9k el\u0151nyeit.\" \/>\n<meta property=\"og:url\" content=\"https:\/\/mostbet.tips\/hu\/casino\/\" \/>\n<meta property=\"og:site_name\" content=\"Mostbet hu\" \/>\n<meta property=\"article:modified_time\" content=\"2025-05-24T07:22:26+00:00\" \/>\n<meta name=\"twitter:card\" content=\"summary_large_image\" \/>\n<script type=\"application\/ld+json\" class=\"yoast-schema-graph\">{\"@context\":\"https:\/\/schema.org\",\"@graph\":[{\"@type\":\"WebPage\",\"@id\":\"https:\/\/mostbet.tips\/hu\/casino\/\",\"url\":\"https:\/\/mostbet.tips\/hu\/casino\/\",\"name\":\"Mostbet Kaszin\u00f3: \u2705A legjobb v\u00e1laszt\u00e1s szerencsej\u00e1t\u00e9khoz\",\"isPartOf\":{\"@id\":\"https:\/\/mostbet.tips\/hu\/#website\"},\"datePublished\":\"2025-04-23T17:32:34+00:00\",\"dateModified\":\"2025-05-24T07:22:26+00:00\",\"description\":\"Mostbet Magyarorsz\u00e1g Kaszin\u00f3: az \u00d6n megb\u00edzhat\u00f3 partnere az online szerencsej\u00e1t\u00e9kok vil\u00e1g\u00e1ban. Mer\u00fclj\u00f6n el a szerencsej\u00e1t\u00e9kok t\u00f6rt\u00e9nelm\u00e9ben, \u00e9s \u00e9lvezze a Mostbet Casino j\u00e1t\u00e9k el\u0151nyeit.\",\"breadcrumb\":{\"@id\":\"https:\/\/mostbet.tips\/hu\/casino\/#breadcrumb\"},\"inLanguage\":\"hu\",\"potentialAction\":[{\"@type\":\"ReadAction\",\"target\":[\"https:\/\/mostbet.tips\/hu\/casino\/\"]}]},{\"@type\":\"BreadcrumbList\",\"@id\":\"https:\/\/mostbet.tips\/hu\/casino\/#breadcrumb\",\"itemListElement\":[{\"@type\":\"ListItem\",\"position\":1,\"name\":\"Home\",\"item\":\"https:\/\/mostbet.tips\/hu\/\"},{\"@type\":\"ListItem\",\"position\":2,\"name\":\"Kaszin\u00f3\"}]},{\"@type\":\"WebSite\",\"@id\":\"https:\/\/mostbet.tips\/hu\/#website\",\"url\":\"https:\/\/mostbet.tips\/hu\/\",\"name\":\"Mostbet hu\",\"description\":\"My WordPress Blog\",\"potentialAction\":[{\"@type\":\"SearchAction\",\"target\":{\"@type\":\"EntryPoint\",\"urlTemplate\":\"https:\/\/mostbet.tips\/hu\/?s={search_term_string}\"},\"query-input\":\"required name=search_term_string\"}],\"inLanguage\":\"hu\"}]}<\/script>\n<!-- \/ Yoast SEO plugin. -->","yoast_head_json":{"title":"Mostbet Kaszin\u00f3: \u2705A legjobb v\u00e1laszt\u00e1s szerencsej\u00e1t\u00e9khoz","description":"Mostbet Magyarorsz\u00e1g Kaszin\u00f3: az \u00d6n megb\u00edzhat\u00f3 partnere az online szerencsej\u00e1t\u00e9kok vil\u00e1g\u00e1ban. Mer\u00fclj\u00f6n el a szerencsej\u00e1t\u00e9kok t\u00f6rt\u00e9nelm\u00e9ben, \u00e9s \u00e9lvezze a Mostbet Casino j\u00e1t\u00e9k el\u0151nyeit.","robots":{"index":"index","follow":"follow","max-snippet":"max-snippet:-1","max-image-preview":"max-image-preview:large","max-video-preview":"max-video-preview:-1"},"og_locale":"hu_HU","og_type":"article","og_title":"Mostbet Kaszin\u00f3: \u2705A legjobb v\u00e1laszt\u00e1s szerencsej\u00e1t\u00e9khoz","og_description":"Mostbet Magyarorsz\u00e1g Kaszin\u00f3: az \u00d6n megb\u00edzhat\u00f3 partnere az online szerencsej\u00e1t\u00e9kok vil\u00e1g\u00e1ban. Mer\u00fclj\u00f6n el a szerencsej\u00e1t\u00e9kok t\u00f6rt\u00e9nelm\u00e9ben, \u00e9s \u00e9lvezze a Mostbet Casino j\u00e1t\u00e9k el\u0151nyeit.","og_url":"https:\/\/mostbet.tips\/hu\/casino\/","og_site_name":"Mostbet hu","article_modified_time":"2025-05-24T07:22:26+00:00","twitter_card":"summary_large_image","schema":{"@context":"https:\/\/schema.org","@graph":[{"@type":"WebPage","@id":"https:\/\/mostbet.tips\/hu\/casino\/","url":"https:\/\/mostbet.tips\/hu\/casino\/","name":"Mostbet Kaszin\u00f3: \u2705A legjobb v\u00e1laszt\u00e1s szerencsej\u00e1t\u00e9khoz","isPartOf":{"@id":"https:\/\/mostbet.tips\/hu\/#website"},"datePublished":"2025-04-23T17:32:34+00:00","dateModified":"2025-05-24T07:22:26+00:00","description":"Mostbet Magyarorsz\u00e1g Kaszin\u00f3: az \u00d6n megb\u00edzhat\u00f3 partnere az online szerencsej\u00e1t\u00e9kok vil\u00e1g\u00e1ban. Mer\u00fclj\u00f6n el a szerencsej\u00e1t\u00e9kok t\u00f6rt\u00e9nelm\u00e9ben, \u00e9s \u00e9lvezze a Mostbet Casino j\u00e1t\u00e9k el\u0151nyeit.","breadcrumb":{"@id":"https:\/\/mostbet.tips\/hu\/casino\/#breadcrumb"},"inLanguage":"hu","potentialAction":[{"@type":"ReadAction","target":["https:\/\/mostbet.tips\/hu\/casino\/"]}]},{"@type":"BreadcrumbList","@id":"https:\/\/mostbet.tips\/hu\/casino\/#breadcrumb","itemListElement":[{"@type":"ListItem","position":1,"name":"Home","item":"https:\/\/mostbet.tips\/hu\/"},{"@type":"ListItem","position":2,"name":"Kaszin\u00f3"}]},{"@type":"WebSite","@id":"https:\/\/mostbet.tips\/hu\/#website","url":"https:\/\/mostbet.tips\/hu\/","name":"Mostbet hu","description":"My WordPress Blog","potentialAction":[{"@type":"SearchAction","target":{"@type":"EntryPoint","urlTemplate":"https:\/\/mostbet.tips\/hu\/?s={search_term_string}"},"query-input":"required name=search_term_string"}],"inLanguage":"hu"}]}},"_links":{"self":[{"href":"https:\/\/mostbet.tips\/hu\/wp-json\/wp\/v2\/pages\/228"}],"collection":[{"href":"https:\/\/mostbet.tips\/hu\/wp-json\/wp\/v2\/pages"}],"about":[{"href":"https:\/\/mostbet.tips\/hu\/wp-json\/wp\/v2\/types\/page"}],"author":[{"embeddable":true,"href":"https:\/\/mostbet.tips\/hu\/wp-json\/wp\/v2\/users\/1"}],"replies":[{"embeddable":true,"href":"https:\/\/mostbet.tips\/hu\/wp-json\/wp\/v2\/comments?post=228"}],"version-history":[{"count":10,"href":"https:\/\/mostbet.tips\/hu\/wp-json\/wp\/v2\/pages\/228\/revisions"}],"predecessor-version":[{"id":361,"href":"https:\/\/mostbet.tips\/hu\/wp-json\/wp\/v2\/pages\/228\/revisions\/361"}],"wp:attachment":[{"href":"https:\/\/mostbet.tips\/hu\/wp-json\/wp\/v2\/media?parent=228"}],"curies":[{"name":"wp","href":"https:\/\/api.w.org\/{rel}","templated":true}]}}