{"id":152,"date":"2023-05-18T17:39:43","date_gmt":"2023-05-18T17:39:43","guid":{"rendered":"https:\/\/mostbet.tips\/hu\/?page_id=152"},"modified":"2025-05-18T16:10:16","modified_gmt":"2025-05-18T16:10:16","slug":"bonus","status":"publish","type":"page","link":"https:\/\/mostbet.tips\/hu\/bonus\/","title":{"rendered":"B\u00f3nusz"},"content":{"rendered":"","protected":false},"excerpt":{"rendered":"","protected":false},"author":1,"featured_media":0,"parent":0,"menu_order":0,"comment_status":"closed","ping_status":"closed","template":"","meta":{"footnotes":""},"yoast_head":"<!-- This site is optimized with the Yoast SEO plugin v23.0 - https:\/\/yoast.com\/wordpress\/plugins\/seo\/ -->\n<title>Mostbet: A legjobb online kaszin\u00f3 \u00e9s bukm\u00e9ker b\u00f3nuszok 2025-ben<\/title>\n<meta name=\"description\" content=\"Mostbet Magyarorsz\u00e1g b\u00f3nuszprogram - az \u00d6n es\u00e9lye, hogy t\u00f6bbet kapjon! Exkluz\u00edv aj\u00e1nlatok kaszin\u00f3 \u00e9s sportfogad\u00e1sra. Regisztr\u00e1ljon \u00e9s ig\u00e9nyelje b\u00f3nusz\u00e1t m\u00e9g ma!\" \/>\n<meta name=\"robots\" content=\"index, follow, max-snippet:-1, max-image-preview:large, max-video-preview:-1\" \/>\n<meta property=\"og:locale\" content=\"hu_HU\" \/>\n<meta property=\"og:type\" content=\"article\" \/>\n<meta property=\"og:title\" content=\"Mostbet: A legjobb online kaszin\u00f3 \u00e9s bukm\u00e9ker b\u00f3nuszok 2025-ben\" \/>\n<meta property=\"og:description\" content=\"Mostbet Magyarorsz\u00e1g b\u00f3nuszprogram - az \u00d6n es\u00e9lye, hogy t\u00f6bbet kapjon! Exkluz\u00edv aj\u00e1nlatok kaszin\u00f3 \u00e9s sportfogad\u00e1sra. Regisztr\u00e1ljon \u00e9s ig\u00e9nyelje b\u00f3nusz\u00e1t m\u00e9g ma!\" \/>\n<meta property=\"og:url\" content=\"https:\/\/mostbet.tips\/hu\/bonus\/\" \/>\n<meta property=\"og:site_name\" content=\"Mostbet hu\" \/>\n<meta property=\"article:modified_time\" content=\"2025-05-18T16:10:16+00:00\" \/>\n<meta name=\"twitter:card\" content=\"summary_large_image\" \/>\n<script type=\"application\/ld+json\" class=\"yoast-schema-graph\">{\"@context\":\"https:\/\/schema.org\",\"@graph\":[{\"@type\":\"WebPage\",\"@id\":\"https:\/\/mostbet.tips\/hu\/bonus\/\",\"url\":\"https:\/\/mostbet.tips\/hu\/bonus\/\",\"name\":\"Mostbet: A legjobb online kaszin\u00f3 \u00e9s bukm\u00e9ker b\u00f3nuszok 2025-ben\",\"isPartOf\":{\"@id\":\"https:\/\/mostbet.tips\/hu\/#website\"},\"datePublished\":\"2023-05-18T17:39:43+00:00\",\"dateModified\":\"2025-05-18T16:10:16+00:00\",\"description\":\"Mostbet Magyarorsz\u00e1g b\u00f3nuszprogram - az \u00d6n es\u00e9lye, hogy t\u00f6bbet kapjon! Exkluz\u00edv aj\u00e1nlatok kaszin\u00f3 \u00e9s sportfogad\u00e1sra. Regisztr\u00e1ljon \u00e9s ig\u00e9nyelje b\u00f3nusz\u00e1t m\u00e9g ma!\",\"breadcrumb\":{\"@id\":\"https:\/\/mostbet.tips\/hu\/bonus\/#breadcrumb\"},\"inLanguage\":\"hu\",\"potentialAction\":[{\"@type\":\"ReadAction\",\"target\":[\"https:\/\/mostbet.tips\/hu\/bonus\/\"]}]},{\"@type\":\"BreadcrumbList\",\"@id\":\"https:\/\/mostbet.tips\/hu\/bonus\/#breadcrumb\",\"itemListElement\":[{\"@type\":\"ListItem\",\"position\":1,\"name\":\"Home\",\"item\":\"https:\/\/mostbet.tips\/hu\/\"},{\"@type\":\"ListItem\",\"position\":2,\"name\":\"B\u00f3nusz\"}]},{\"@type\":\"WebSite\",\"@id\":\"https:\/\/mostbet.tips\/hu\/#website\",\"url\":\"https:\/\/mostbet.tips\/hu\/\",\"name\":\"Mostbet hu\",\"description\":\"My WordPress Blog\",\"potentialAction\":[{\"@type\":\"SearchAction\",\"target\":{\"@type\":\"EntryPoint\",\"urlTemplate\":\"https:\/\/mostbet.tips\/hu\/?s={search_term_string}\"},\"query-input\":\"required name=search_term_string\"}],\"inLanguage\":\"hu\"}]}<\/script>\n<!-- \/ Yoast SEO plugin. -->","yoast_head_json":{"title":"Mostbet: A legjobb online kaszin\u00f3 \u00e9s bukm\u00e9ker b\u00f3nuszok 2025-ben","description":"Mostbet Magyarorsz\u00e1g b\u00f3nuszprogram - az \u00d6n es\u00e9lye, hogy t\u00f6bbet kapjon! Exkluz\u00edv aj\u00e1nlatok kaszin\u00f3 \u00e9s sportfogad\u00e1sra. Regisztr\u00e1ljon \u00e9s ig\u00e9nyelje b\u00f3nusz\u00e1t m\u00e9g ma!","robots":{"index":"index","follow":"follow","max-snippet":"max-snippet:-1","max-image-preview":"max-image-preview:large","max-video-preview":"max-video-preview:-1"},"og_locale":"hu_HU","og_type":"article","og_title":"Mostbet: A legjobb online kaszin\u00f3 \u00e9s bukm\u00e9ker b\u00f3nuszok 2025-ben","og_description":"Mostbet Magyarorsz\u00e1g b\u00f3nuszprogram - az \u00d6n es\u00e9lye, hogy t\u00f6bbet kapjon! Exkluz\u00edv aj\u00e1nlatok kaszin\u00f3 \u00e9s sportfogad\u00e1sra. Regisztr\u00e1ljon \u00e9s ig\u00e9nyelje b\u00f3nusz\u00e1t m\u00e9g ma!","og_url":"https:\/\/mostbet.tips\/hu\/bonus\/","og_site_name":"Mostbet hu","article_modified_time":"2025-05-18T16:10:16+00:00","twitter_card":"summary_large_image","schema":{"@context":"https:\/\/schema.org","@graph":[{"@type":"WebPage","@id":"https:\/\/mostbet.tips\/hu\/bonus\/","url":"https:\/\/mostbet.tips\/hu\/bonus\/","name":"Mostbet: A legjobb online kaszin\u00f3 \u00e9s bukm\u00e9ker b\u00f3nuszok 2025-ben","isPartOf":{"@id":"https:\/\/mostbet.tips\/hu\/#website"},"datePublished":"2023-05-18T17:39:43+00:00","dateModified":"2025-05-18T16:10:16+00:00","description":"Mostbet Magyarorsz\u00e1g b\u00f3nuszprogram - az \u00d6n es\u00e9lye, hogy t\u00f6bbet kapjon! Exkluz\u00edv aj\u00e1nlatok kaszin\u00f3 \u00e9s sportfogad\u00e1sra. Regisztr\u00e1ljon \u00e9s ig\u00e9nyelje b\u00f3nusz\u00e1t m\u00e9g ma!","breadcrumb":{"@id":"https:\/\/mostbet.tips\/hu\/bonus\/#breadcrumb"},"inLanguage":"hu","potentialAction":[{"@type":"ReadAction","target":["https:\/\/mostbet.tips\/hu\/bonus\/"]}]},{"@type":"BreadcrumbList","@id":"https:\/\/mostbet.tips\/hu\/bonus\/#breadcrumb","itemListElement":[{"@type":"ListItem","position":1,"name":"Home","item":"https:\/\/mostbet.tips\/hu\/"},{"@type":"ListItem","position":2,"name":"B\u00f3nusz"}]},{"@type":"WebSite","@id":"https:\/\/mostbet.tips\/hu\/#website","url":"https:\/\/mostbet.tips\/hu\/","name":"Mostbet hu","description":"My WordPress Blog","potentialAction":[{"@type":"SearchAction","target":{"@type":"EntryPoint","urlTemplate":"https:\/\/mostbet.tips\/hu\/?s={search_term_string}"},"query-input":"required name=search_term_string"}],"inLanguage":"hu"}]}},"_links":{"self":[{"href":"https:\/\/mostbet.tips\/hu\/wp-json\/wp\/v2\/pages\/152"}],"collection":[{"href":"https:\/\/mostbet.tips\/hu\/wp-json\/wp\/v2\/pages"}],"about":[{"href":"https:\/\/mostbet.tips\/hu\/wp-json\/wp\/v2\/types\/page"}],"author":[{"embeddable":true,"href":"https:\/\/mostbet.tips\/hu\/wp-json\/wp\/v2\/users\/1"}],"replies":[{"embeddable":true,"href":"https:\/\/mostbet.tips\/hu\/wp-json\/wp\/v2\/comments?post=152"}],"version-history":[{"count":9,"href":"https:\/\/mostbet.tips\/hu\/wp-json\/wp\/v2\/pages\/152\/revisions"}],"predecessor-version":[{"id":359,"href":"https:\/\/mostbet.tips\/hu\/wp-json\/wp\/v2\/pages\/152\/revisions\/359"}],"wp:attachment":[{"href":"https:\/\/mostbet.tips\/hu\/wp-json\/wp\/v2\/media?parent=152"}],"curies":[{"name":"wp","href":"https:\/\/api.w.org\/{rel}","templated":true}]}}