{"id":308,"date":"2025-04-28T17:40:04","date_gmt":"2025-04-28T17:40:04","guid":{"rendered":"https:\/\/mostbet.tips\/fi\/?page_id=308"},"modified":"2025-06-28T15:18:43","modified_gmt":"2025-06-28T15:18:43","slug":"login","status":"publish","type":"page","link":"https:\/\/mostbet.tips\/fi\/login\/","title":{"rendered":"Kirjaudu sis\u00e4\u00e4n"},"content":{"rendered":"","protected":false},"excerpt":{"rendered":"","protected":false},"author":1,"featured_media":0,"parent":0,"menu_order":0,"comment_status":"closed","ping_status":"closed","template":"","meta":{"footnotes":""},"yoast_head":"<!-- This site is optimized with the Yoast SEO plugin v23.0 - https:\/\/yoast.com\/wordpress\/plugins\/seo\/ -->\n<title>Mostbet p\u00e4\u00e4sy ja helppo kirjautuminen vedonly\u00f6ntiin ja kasinoon<\/title>\n<meta name=\"description\" content=\"Mostbet tarjoaa 24\/7 p\u00e4\u00e4syn erilaisiin online-rahapeleihin. Helppo kirjautumisopas n\u00e4ytt\u00e4\u00e4, miten kirjaudut sis\u00e4\u00e4n mill\u00e4 tahansa laitteella. Rekister\u00f6idy nyt!\" \/>\n<meta name=\"robots\" content=\"index, follow, max-snippet:-1, max-image-preview:large, max-video-preview:-1\" \/>\n<meta property=\"og:locale\" content=\"fi_FI\" \/>\n<meta property=\"og:type\" content=\"article\" \/>\n<meta property=\"og:title\" content=\"Mostbet p\u00e4\u00e4sy ja helppo kirjautuminen vedonly\u00f6ntiin ja kasinoon\" \/>\n<meta property=\"og:description\" content=\"Mostbet tarjoaa 24\/7 p\u00e4\u00e4syn erilaisiin online-rahapeleihin. Helppo kirjautumisopas n\u00e4ytt\u00e4\u00e4, miten kirjaudut sis\u00e4\u00e4n mill\u00e4 tahansa laitteella. Rekister\u00f6idy nyt!\" \/>\n<meta property=\"og:url\" content=\"https:\/\/mostbet.tips\/fi\/login\/\" \/>\n<meta property=\"og:site_name\" content=\"Mostbet FI\" \/>\n<meta property=\"article:modified_time\" content=\"2025-06-28T15:18:43+00:00\" \/>\n<meta name=\"twitter:card\" content=\"summary_large_image\" \/>\n<script type=\"application\/ld+json\" class=\"yoast-schema-graph\">{\"@context\":\"https:\/\/schema.org\",\"@graph\":[{\"@type\":\"WebPage\",\"@id\":\"https:\/\/mostbet.tips\/fi\/login\/\",\"url\":\"https:\/\/mostbet.tips\/fi\/login\/\",\"name\":\"Mostbet p\u00e4\u00e4sy ja helppo kirjautuminen vedonly\u00f6ntiin ja kasinoon\",\"isPartOf\":{\"@id\":\"https:\/\/mostbet.tips\/fi\/#website\"},\"datePublished\":\"2025-04-28T17:40:04+00:00\",\"dateModified\":\"2025-06-28T15:18:43+00:00\",\"description\":\"Mostbet tarjoaa 24\/7 p\u00e4\u00e4syn erilaisiin online-rahapeleihin. Helppo kirjautumisopas n\u00e4ytt\u00e4\u00e4, miten kirjaudut sis\u00e4\u00e4n mill\u00e4 tahansa laitteella. Rekister\u00f6idy nyt!\",\"breadcrumb\":{\"@id\":\"https:\/\/mostbet.tips\/fi\/login\/#breadcrumb\"},\"inLanguage\":\"fi\",\"potentialAction\":[{\"@type\":\"ReadAction\",\"target\":[\"https:\/\/mostbet.tips\/fi\/login\/\"]}]},{\"@type\":\"BreadcrumbList\",\"@id\":\"https:\/\/mostbet.tips\/fi\/login\/#breadcrumb\",\"itemListElement\":[{\"@type\":\"ListItem\",\"position\":1,\"name\":\"Home\",\"item\":\"https:\/\/mostbet.tips\/fi\/\"},{\"@type\":\"ListItem\",\"position\":2,\"name\":\"Kirjaudu sis\u00e4\u00e4n\"}]},{\"@type\":\"WebSite\",\"@id\":\"https:\/\/mostbet.tips\/fi\/#website\",\"url\":\"https:\/\/mostbet.tips\/fi\/\",\"name\":\"Mostbet FI\",\"description\":\"My WordPress Blog\",\"potentialAction\":[{\"@type\":\"SearchAction\",\"target\":{\"@type\":\"EntryPoint\",\"urlTemplate\":\"https:\/\/mostbet.tips\/fi\/?s={search_term_string}\"},\"query-input\":\"required name=search_term_string\"}],\"inLanguage\":\"fi\"}]}<\/script>\n<!-- \/ Yoast SEO plugin. -->","yoast_head_json":{"title":"Mostbet p\u00e4\u00e4sy ja helppo kirjautuminen vedonly\u00f6ntiin ja kasinoon","description":"Mostbet tarjoaa 24\/7 p\u00e4\u00e4syn erilaisiin online-rahapeleihin. Helppo kirjautumisopas n\u00e4ytt\u00e4\u00e4, miten kirjaudut sis\u00e4\u00e4n mill\u00e4 tahansa laitteella. Rekister\u00f6idy nyt!","robots":{"index":"index","follow":"follow","max-snippet":"max-snippet:-1","max-image-preview":"max-image-preview:large","max-video-preview":"max-video-preview:-1"},"og_locale":"fi_FI","og_type":"article","og_title":"Mostbet p\u00e4\u00e4sy ja helppo kirjautuminen vedonly\u00f6ntiin ja kasinoon","og_description":"Mostbet tarjoaa 24\/7 p\u00e4\u00e4syn erilaisiin online-rahapeleihin. Helppo kirjautumisopas n\u00e4ytt\u00e4\u00e4, miten kirjaudut sis\u00e4\u00e4n mill\u00e4 tahansa laitteella. Rekister\u00f6idy nyt!","og_url":"https:\/\/mostbet.tips\/fi\/login\/","og_site_name":"Mostbet FI","article_modified_time":"2025-06-28T15:18:43+00:00","twitter_card":"summary_large_image","schema":{"@context":"https:\/\/schema.org","@graph":[{"@type":"WebPage","@id":"https:\/\/mostbet.tips\/fi\/login\/","url":"https:\/\/mostbet.tips\/fi\/login\/","name":"Mostbet p\u00e4\u00e4sy ja helppo kirjautuminen vedonly\u00f6ntiin ja kasinoon","isPartOf":{"@id":"https:\/\/mostbet.tips\/fi\/#website"},"datePublished":"2025-04-28T17:40:04+00:00","dateModified":"2025-06-28T15:18:43+00:00","description":"Mostbet tarjoaa 24\/7 p\u00e4\u00e4syn erilaisiin online-rahapeleihin. Helppo kirjautumisopas n\u00e4ytt\u00e4\u00e4, miten kirjaudut sis\u00e4\u00e4n mill\u00e4 tahansa laitteella. Rekister\u00f6idy nyt!","breadcrumb":{"@id":"https:\/\/mostbet.tips\/fi\/login\/#breadcrumb"},"inLanguage":"fi","potentialAction":[{"@type":"ReadAction","target":["https:\/\/mostbet.tips\/fi\/login\/"]}]},{"@type":"BreadcrumbList","@id":"https:\/\/mostbet.tips\/fi\/login\/#breadcrumb","itemListElement":[{"@type":"ListItem","position":1,"name":"Home","item":"https:\/\/mostbet.tips\/fi\/"},{"@type":"ListItem","position":2,"name":"Kirjaudu sis\u00e4\u00e4n"}]},{"@type":"WebSite","@id":"https:\/\/mostbet.tips\/fi\/#website","url":"https:\/\/mostbet.tips\/fi\/","name":"Mostbet FI","description":"My WordPress Blog","potentialAction":[{"@type":"SearchAction","target":{"@type":"EntryPoint","urlTemplate":"https:\/\/mostbet.tips\/fi\/?s={search_term_string}"},"query-input":"required name=search_term_string"}],"inLanguage":"fi"}]}},"_links":{"self":[{"href":"https:\/\/mostbet.tips\/fi\/wp-json\/wp\/v2\/pages\/308"}],"collection":[{"href":"https:\/\/mostbet.tips\/fi\/wp-json\/wp\/v2\/pages"}],"about":[{"href":"https:\/\/mostbet.tips\/fi\/wp-json\/wp\/v2\/types\/page"}],"author":[{"embeddable":true,"href":"https:\/\/mostbet.tips\/fi\/wp-json\/wp\/v2\/users\/1"}],"replies":[{"embeddable":true,"href":"https:\/\/mostbet.tips\/fi\/wp-json\/wp\/v2\/comments?post=308"}],"version-history":[{"count":12,"href":"https:\/\/mostbet.tips\/fi\/wp-json\/wp\/v2\/pages\/308\/revisions"}],"predecessor-version":[{"id":371,"href":"https:\/\/mostbet.tips\/fi\/wp-json\/wp\/v2\/pages\/308\/revisions\/371"}],"wp:attachment":[{"href":"https:\/\/mostbet.tips\/fi\/wp-json\/wp\/v2\/media?parent=308"}],"curies":[{"name":"wp","href":"https:\/\/api.w.org\/{rel}","templated":true}]}}