{"id":296,"date":"2025-04-28T06:31:42","date_gmt":"2025-04-28T06:31:42","guid":{"rendered":"https:\/\/mostbet.tips\/fi\/?page_id=296"},"modified":"2025-06-28T15:16:48","modified_gmt":"2025-06-28T15:16:48","slug":"promo-code","status":"publish","type":"page","link":"https:\/\/mostbet.tips\/fi\/promo-code\/","title":{"rendered":"Promo koodi"},"content":{"rendered":"","protected":false},"excerpt":{"rendered":"","protected":false},"author":1,"featured_media":0,"parent":0,"menu_order":0,"comment_status":"closed","ping_status":"closed","template":"","meta":{"footnotes":""},"yoast_head":"<!-- This site is optimized with the Yoast SEO plugin v23.0 - https:\/\/yoast.com\/wordpress\/plugins\/seo\/ -->\n<title>Mostbet Promo koodi | Eksklusiiviset bonukset ja ilmaiset vedot<\/title>\n<meta name=\"description\" content=\"Mostbet tarjoaa laajan valikoiman bonuksia, mutta todelliset aarteet ovat tarjouskoodeja! Selvit\u00e4, miten p\u00e4\u00e4set kampanjoihin, kasvattaa voittojasi.\" \/>\n<meta name=\"robots\" content=\"index, follow, max-snippet:-1, max-image-preview:large, max-video-preview:-1\" \/>\n<meta property=\"og:locale\" content=\"fi_FI\" \/>\n<meta property=\"og:type\" content=\"article\" \/>\n<meta property=\"og:title\" content=\"Mostbet Promo koodi | Eksklusiiviset bonukset ja ilmaiset vedot\" \/>\n<meta property=\"og:description\" content=\"Mostbet tarjoaa laajan valikoiman bonuksia, mutta todelliset aarteet ovat tarjouskoodeja! Selvit\u00e4, miten p\u00e4\u00e4set kampanjoihin, kasvattaa voittojasi.\" \/>\n<meta property=\"og:url\" content=\"https:\/\/mostbet.tips\/fi\/promo-code\/\" \/>\n<meta property=\"og:site_name\" content=\"Mostbet FI\" \/>\n<meta property=\"article:modified_time\" content=\"2025-06-28T15:16:48+00:00\" \/>\n<meta name=\"twitter:card\" content=\"summary_large_image\" \/>\n<script type=\"application\/ld+json\" class=\"yoast-schema-graph\">{\"@context\":\"https:\/\/schema.org\",\"@graph\":[{\"@type\":\"WebPage\",\"@id\":\"https:\/\/mostbet.tips\/fi\/promo-code\/\",\"url\":\"https:\/\/mostbet.tips\/fi\/promo-code\/\",\"name\":\"Mostbet Promo koodi | Eksklusiiviset bonukset ja ilmaiset vedot\",\"isPartOf\":{\"@id\":\"https:\/\/mostbet.tips\/fi\/#website\"},\"datePublished\":\"2025-04-28T06:31:42+00:00\",\"dateModified\":\"2025-06-28T15:16:48+00:00\",\"description\":\"Mostbet tarjoaa laajan valikoiman bonuksia, mutta todelliset aarteet ovat tarjouskoodeja! Selvit\u00e4, miten p\u00e4\u00e4set kampanjoihin, kasvattaa voittojasi.\",\"breadcrumb\":{\"@id\":\"https:\/\/mostbet.tips\/fi\/promo-code\/#breadcrumb\"},\"inLanguage\":\"fi\",\"potentialAction\":[{\"@type\":\"ReadAction\",\"target\":[\"https:\/\/mostbet.tips\/fi\/promo-code\/\"]}]},{\"@type\":\"BreadcrumbList\",\"@id\":\"https:\/\/mostbet.tips\/fi\/promo-code\/#breadcrumb\",\"itemListElement\":[{\"@type\":\"ListItem\",\"position\":1,\"name\":\"Home\",\"item\":\"https:\/\/mostbet.tips\/fi\/\"},{\"@type\":\"ListItem\",\"position\":2,\"name\":\"Promo koodi\"}]},{\"@type\":\"WebSite\",\"@id\":\"https:\/\/mostbet.tips\/fi\/#website\",\"url\":\"https:\/\/mostbet.tips\/fi\/\",\"name\":\"Mostbet FI\",\"description\":\"My WordPress Blog\",\"potentialAction\":[{\"@type\":\"SearchAction\",\"target\":{\"@type\":\"EntryPoint\",\"urlTemplate\":\"https:\/\/mostbet.tips\/fi\/?s={search_term_string}\"},\"query-input\":\"required name=search_term_string\"}],\"inLanguage\":\"fi\"}]}<\/script>\n<!-- \/ Yoast SEO plugin. -->","yoast_head_json":{"title":"Mostbet Promo koodi | Eksklusiiviset bonukset ja ilmaiset vedot","description":"Mostbet tarjoaa laajan valikoiman bonuksia, mutta todelliset aarteet ovat tarjouskoodeja! Selvit\u00e4, miten p\u00e4\u00e4set kampanjoihin, kasvattaa voittojasi.","robots":{"index":"index","follow":"follow","max-snippet":"max-snippet:-1","max-image-preview":"max-image-preview:large","max-video-preview":"max-video-preview:-1"},"og_locale":"fi_FI","og_type":"article","og_title":"Mostbet Promo koodi | Eksklusiiviset bonukset ja ilmaiset vedot","og_description":"Mostbet tarjoaa laajan valikoiman bonuksia, mutta todelliset aarteet ovat tarjouskoodeja! Selvit\u00e4, miten p\u00e4\u00e4set kampanjoihin, kasvattaa voittojasi.","og_url":"https:\/\/mostbet.tips\/fi\/promo-code\/","og_site_name":"Mostbet FI","article_modified_time":"2025-06-28T15:16:48+00:00","twitter_card":"summary_large_image","schema":{"@context":"https:\/\/schema.org","@graph":[{"@type":"WebPage","@id":"https:\/\/mostbet.tips\/fi\/promo-code\/","url":"https:\/\/mostbet.tips\/fi\/promo-code\/","name":"Mostbet Promo koodi | Eksklusiiviset bonukset ja ilmaiset vedot","isPartOf":{"@id":"https:\/\/mostbet.tips\/fi\/#website"},"datePublished":"2025-04-28T06:31:42+00:00","dateModified":"2025-06-28T15:16:48+00:00","description":"Mostbet tarjoaa laajan valikoiman bonuksia, mutta todelliset aarteet ovat tarjouskoodeja! Selvit\u00e4, miten p\u00e4\u00e4set kampanjoihin, kasvattaa voittojasi.","breadcrumb":{"@id":"https:\/\/mostbet.tips\/fi\/promo-code\/#breadcrumb"},"inLanguage":"fi","potentialAction":[{"@type":"ReadAction","target":["https:\/\/mostbet.tips\/fi\/promo-code\/"]}]},{"@type":"BreadcrumbList","@id":"https:\/\/mostbet.tips\/fi\/promo-code\/#breadcrumb","itemListElement":[{"@type":"ListItem","position":1,"name":"Home","item":"https:\/\/mostbet.tips\/fi\/"},{"@type":"ListItem","position":2,"name":"Promo koodi"}]},{"@type":"WebSite","@id":"https:\/\/mostbet.tips\/fi\/#website","url":"https:\/\/mostbet.tips\/fi\/","name":"Mostbet FI","description":"My WordPress Blog","potentialAction":[{"@type":"SearchAction","target":{"@type":"EntryPoint","urlTemplate":"https:\/\/mostbet.tips\/fi\/?s={search_term_string}"},"query-input":"required name=search_term_string"}],"inLanguage":"fi"}]}},"_links":{"self":[{"href":"https:\/\/mostbet.tips\/fi\/wp-json\/wp\/v2\/pages\/296"}],"collection":[{"href":"https:\/\/mostbet.tips\/fi\/wp-json\/wp\/v2\/pages"}],"about":[{"href":"https:\/\/mostbet.tips\/fi\/wp-json\/wp\/v2\/types\/page"}],"author":[{"embeddable":true,"href":"https:\/\/mostbet.tips\/fi\/wp-json\/wp\/v2\/users\/1"}],"replies":[{"embeddable":true,"href":"https:\/\/mostbet.tips\/fi\/wp-json\/wp\/v2\/comments?post=296"}],"version-history":[{"count":7,"href":"https:\/\/mostbet.tips\/fi\/wp-json\/wp\/v2\/pages\/296\/revisions"}],"predecessor-version":[{"id":372,"href":"https:\/\/mostbet.tips\/fi\/wp-json\/wp\/v2\/pages\/296\/revisions\/372"}],"wp:attachment":[{"href":"https:\/\/mostbet.tips\/fi\/wp-json\/wp\/v2\/media?parent=296"}],"curies":[{"name":"wp","href":"https:\/\/api.w.org\/{rel}","templated":true}]}}