{"id":263,"date":"2025-04-26T13:32:34","date_gmt":"2025-04-26T13:32:34","guid":{"rendered":"https:\/\/mostbet.tips\/fi\/?page_id=263"},"modified":"2026-01-12T11:46:34","modified_gmt":"2026-01-12T11:46:34","slug":"apk","status":"publish","type":"page","link":"https:\/\/mostbet.tips\/fi\/apk\/","title":{"rendered":"Apk"},"content":{"rendered":"","protected":false},"excerpt":{"rendered":"","protected":false},"author":1,"featured_media":0,"parent":0,"menu_order":0,"comment_status":"closed","ping_status":"closed","template":"","meta":{"footnotes":""},"yoast_head":"<!-- This site is optimized with the Yoast SEO plugin v23.0 - https:\/\/yoast.com\/wordpress\/plugins\/seo\/ -->\n<title>Mostbet APK Guide | Lataa, asennus ja k\u00e4ytt\u00f6vinkkej\u00e4<\/title>\n<meta name=\"description\" content=\"T\u00e4m\u00e4 opas kattaa kaiken Mostbet APK:sta: turvalliset latauslinkit, yksinkertaiset asennusohjeet ja sovelluksen k\u00e4yt\u00f6n aloittamisen. Ota Mostbetist\u00e4 kaikki irti Android-laitteellasi jo t\u00e4n\u00e4\u00e4n!\" \/>\n<meta name=\"robots\" content=\"index, follow, max-snippet:-1, max-image-preview:large, max-video-preview:-1\" \/>\n<meta property=\"og:locale\" content=\"fi_FI\" \/>\n<meta property=\"og:type\" content=\"article\" \/>\n<meta property=\"og:title\" content=\"Mostbet APK Guide | Lataa, asennus ja k\u00e4ytt\u00f6vinkkej\u00e4\" \/>\n<meta property=\"og:description\" content=\"T\u00e4m\u00e4 opas kattaa kaiken Mostbet APK:sta: turvalliset latauslinkit, yksinkertaiset asennusohjeet ja sovelluksen k\u00e4yt\u00f6n aloittamisen. Ota Mostbetist\u00e4 kaikki irti Android-laitteellasi jo t\u00e4n\u00e4\u00e4n!\" \/>\n<meta property=\"og:url\" content=\"https:\/\/mostbet.tips\/fi\/apk\/\" \/>\n<meta property=\"og:site_name\" content=\"Mostbet FI\" \/>\n<meta property=\"article:modified_time\" content=\"2026-01-12T11:46:34+00:00\" \/>\n<meta name=\"twitter:card\" content=\"summary_large_image\" \/>\n<script type=\"application\/ld+json\" class=\"yoast-schema-graph\">{\"@context\":\"https:\/\/schema.org\",\"@graph\":[{\"@type\":\"WebPage\",\"@id\":\"https:\/\/mostbet.tips\/fi\/apk\/\",\"url\":\"https:\/\/mostbet.tips\/fi\/apk\/\",\"name\":\"Mostbet APK Guide | Lataa, asennus ja k\u00e4ytt\u00f6vinkkej\u00e4\",\"isPartOf\":{\"@id\":\"https:\/\/mostbet.tips\/fi\/#website\"},\"datePublished\":\"2025-04-26T13:32:34+00:00\",\"dateModified\":\"2026-01-12T11:46:34+00:00\",\"description\":\"T\u00e4m\u00e4 opas kattaa kaiken Mostbet APK:sta: turvalliset latauslinkit, yksinkertaiset asennusohjeet ja sovelluksen k\u00e4yt\u00f6n aloittamisen. Ota Mostbetist\u00e4 kaikki irti Android-laitteellasi jo t\u00e4n\u00e4\u00e4n!\",\"breadcrumb\":{\"@id\":\"https:\/\/mostbet.tips\/fi\/apk\/#breadcrumb\"},\"inLanguage\":\"fi\",\"potentialAction\":[{\"@type\":\"ReadAction\",\"target\":[\"https:\/\/mostbet.tips\/fi\/apk\/\"]}]},{\"@type\":\"BreadcrumbList\",\"@id\":\"https:\/\/mostbet.tips\/fi\/apk\/#breadcrumb\",\"itemListElement\":[{\"@type\":\"ListItem\",\"position\":1,\"name\":\"Home\",\"item\":\"https:\/\/mostbet.tips\/fi\/\"},{\"@type\":\"ListItem\",\"position\":2,\"name\":\"Apk\"}]},{\"@type\":\"WebSite\",\"@id\":\"https:\/\/mostbet.tips\/fi\/#website\",\"url\":\"https:\/\/mostbet.tips\/fi\/\",\"name\":\"Mostbet FI\",\"description\":\"My WordPress Blog\",\"potentialAction\":[{\"@type\":\"SearchAction\",\"target\":{\"@type\":\"EntryPoint\",\"urlTemplate\":\"https:\/\/mostbet.tips\/fi\/?s={search_term_string}\"},\"query-input\":\"required name=search_term_string\"}],\"inLanguage\":\"fi\"}]}<\/script>\n<!-- \/ Yoast SEO plugin. -->","yoast_head_json":{"title":"Mostbet APK Guide | Lataa, asennus ja k\u00e4ytt\u00f6vinkkej\u00e4","description":"T\u00e4m\u00e4 opas kattaa kaiken Mostbet APK:sta: turvalliset latauslinkit, yksinkertaiset asennusohjeet ja sovelluksen k\u00e4yt\u00f6n aloittamisen. Ota Mostbetist\u00e4 kaikki irti Android-laitteellasi jo t\u00e4n\u00e4\u00e4n!","robots":{"index":"index","follow":"follow","max-snippet":"max-snippet:-1","max-image-preview":"max-image-preview:large","max-video-preview":"max-video-preview:-1"},"og_locale":"fi_FI","og_type":"article","og_title":"Mostbet APK Guide | Lataa, asennus ja k\u00e4ytt\u00f6vinkkej\u00e4","og_description":"T\u00e4m\u00e4 opas kattaa kaiken Mostbet APK:sta: turvalliset latauslinkit, yksinkertaiset asennusohjeet ja sovelluksen k\u00e4yt\u00f6n aloittamisen. Ota Mostbetist\u00e4 kaikki irti Android-laitteellasi jo t\u00e4n\u00e4\u00e4n!","og_url":"https:\/\/mostbet.tips\/fi\/apk\/","og_site_name":"Mostbet FI","article_modified_time":"2026-01-12T11:46:34+00:00","twitter_card":"summary_large_image","schema":{"@context":"https:\/\/schema.org","@graph":[{"@type":"WebPage","@id":"https:\/\/mostbet.tips\/fi\/apk\/","url":"https:\/\/mostbet.tips\/fi\/apk\/","name":"Mostbet APK Guide | Lataa, asennus ja k\u00e4ytt\u00f6vinkkej\u00e4","isPartOf":{"@id":"https:\/\/mostbet.tips\/fi\/#website"},"datePublished":"2025-04-26T13:32:34+00:00","dateModified":"2026-01-12T11:46:34+00:00","description":"T\u00e4m\u00e4 opas kattaa kaiken Mostbet APK:sta: turvalliset latauslinkit, yksinkertaiset asennusohjeet ja sovelluksen k\u00e4yt\u00f6n aloittamisen. Ota Mostbetist\u00e4 kaikki irti Android-laitteellasi jo t\u00e4n\u00e4\u00e4n!","breadcrumb":{"@id":"https:\/\/mostbet.tips\/fi\/apk\/#breadcrumb"},"inLanguage":"fi","potentialAction":[{"@type":"ReadAction","target":["https:\/\/mostbet.tips\/fi\/apk\/"]}]},{"@type":"BreadcrumbList","@id":"https:\/\/mostbet.tips\/fi\/apk\/#breadcrumb","itemListElement":[{"@type":"ListItem","position":1,"name":"Home","item":"https:\/\/mostbet.tips\/fi\/"},{"@type":"ListItem","position":2,"name":"Apk"}]},{"@type":"WebSite","@id":"https:\/\/mostbet.tips\/fi\/#website","url":"https:\/\/mostbet.tips\/fi\/","name":"Mostbet FI","description":"My WordPress Blog","potentialAction":[{"@type":"SearchAction","target":{"@type":"EntryPoint","urlTemplate":"https:\/\/mostbet.tips\/fi\/?s={search_term_string}"},"query-input":"required name=search_term_string"}],"inLanguage":"fi"}]}},"_links":{"self":[{"href":"https:\/\/mostbet.tips\/fi\/wp-json\/wp\/v2\/pages\/263"}],"collection":[{"href":"https:\/\/mostbet.tips\/fi\/wp-json\/wp\/v2\/pages"}],"about":[{"href":"https:\/\/mostbet.tips\/fi\/wp-json\/wp\/v2\/types\/page"}],"author":[{"embeddable":true,"href":"https:\/\/mostbet.tips\/fi\/wp-json\/wp\/v2\/users\/1"}],"replies":[{"embeddable":true,"href":"https:\/\/mostbet.tips\/fi\/wp-json\/wp\/v2\/comments?post=263"}],"version-history":[{"count":16,"href":"https:\/\/mostbet.tips\/fi\/wp-json\/wp\/v2\/pages\/263\/revisions"}],"predecessor-version":[{"id":381,"href":"https:\/\/mostbet.tips\/fi\/wp-json\/wp\/v2\/pages\/263\/revisions\/381"}],"wp:attachment":[{"href":"https:\/\/mostbet.tips\/fi\/wp-json\/wp\/v2\/media?parent=263"}],"curies":[{"name":"wp","href":"https:\/\/api.w.org\/{rel}","templated":true}]}}