{"id":397,"date":"2025-06-30T12:38:13","date_gmt":"2025-06-30T12:38:13","guid":{"rendered":"https:\/\/mostbet.tips\/et\/?page_id=397"},"modified":"2025-07-06T16:27:20","modified_gmt":"2025-07-06T16:27:20","slug":"no-risk","status":"publish","type":"page","link":"https:\/\/mostbet.tips\/et\/bonus\/no-risk\/","title":{"rendered":"Riskivaba panus"},"content":{"rendered":"","protected":false},"excerpt":{"rendered":"","protected":false},"author":1,"featured_media":0,"parent":152,"menu_order":0,"comment_status":"closed","ping_status":"closed","template":"","meta":{"footnotes":""},"yoast_head":"<!-- This site is optimized with the Yoast SEO plugin v23.0 - https:\/\/yoast.com\/wordpress\/plugins\/seo\/ -->\n<title>Mostbet riskivaba panus \u1409 100% kahjude h\u00fcvitamine!<\/title>\n<meta name=\"description\" content=\"Mostbet pakub riskivaba panustamist! Saate 100% h\u00fcvitist kaotatud panuste eest valitud s\u00fcndmuste puhul. Uuri, kuidas osaleda selles eksklusiivses kampaanias ja unusta kaotamine!\" \/>\n<meta name=\"robots\" content=\"index, follow, max-snippet:-1, max-image-preview:large, max-video-preview:-1\" \/>\n<meta property=\"og:locale\" content=\"et_EE\" \/>\n<meta property=\"og:type\" content=\"article\" \/>\n<meta property=\"og:title\" content=\"Mostbet riskivaba panus \u1409 100% kahjude h\u00fcvitamine!\" \/>\n<meta property=\"og:description\" content=\"Mostbet pakub riskivaba panustamist! Saate 100% h\u00fcvitist kaotatud panuste eest valitud s\u00fcndmuste puhul. Uuri, kuidas osaleda selles eksklusiivses kampaanias ja unusta kaotamine!\" \/>\n<meta property=\"og:url\" content=\"https:\/\/mostbet.tips\/et\/bonus\/no-risk\/\" \/>\n<meta property=\"og:site_name\" content=\"Mostbet ET\" \/>\n<meta property=\"article:modified_time\" content=\"2025-07-06T16:27:20+00:00\" \/>\n<meta name=\"twitter:card\" content=\"summary_large_image\" \/>\n<script type=\"application\/ld+json\" class=\"yoast-schema-graph\">{\"@context\":\"https:\/\/schema.org\",\"@graph\":[{\"@type\":\"WebPage\",\"@id\":\"https:\/\/mostbet.tips\/et\/bonus\/no-risk\/\",\"url\":\"https:\/\/mostbet.tips\/et\/bonus\/no-risk\/\",\"name\":\"Mostbet riskivaba panus \u1409 100% kahjude h\u00fcvitamine!\",\"isPartOf\":{\"@id\":\"https:\/\/mostbet.tips\/et\/#website\"},\"datePublished\":\"2025-06-30T12:38:13+00:00\",\"dateModified\":\"2025-07-06T16:27:20+00:00\",\"description\":\"Mostbet pakub riskivaba panustamist! Saate 100% h\u00fcvitist kaotatud panuste eest valitud s\u00fcndmuste puhul. Uuri, kuidas osaleda selles eksklusiivses kampaanias ja unusta kaotamine!\",\"breadcrumb\":{\"@id\":\"https:\/\/mostbet.tips\/et\/bonus\/no-risk\/#breadcrumb\"},\"inLanguage\":\"et\",\"potentialAction\":[{\"@type\":\"ReadAction\",\"target\":[\"https:\/\/mostbet.tips\/et\/bonus\/no-risk\/\"]}]},{\"@type\":\"BreadcrumbList\",\"@id\":\"https:\/\/mostbet.tips\/et\/bonus\/no-risk\/#breadcrumb\",\"itemListElement\":[{\"@type\":\"ListItem\",\"position\":1,\"name\":\"Home\",\"item\":\"https:\/\/mostbet.tips\/et\/\"},{\"@type\":\"ListItem\",\"position\":2,\"name\":\"Boonus\",\"item\":\"https:\/\/mostbet.tips\/et\/bonus\/\"},{\"@type\":\"ListItem\",\"position\":3,\"name\":\"Riskivaba panus\"}]},{\"@type\":\"WebSite\",\"@id\":\"https:\/\/mostbet.tips\/et\/#website\",\"url\":\"https:\/\/mostbet.tips\/et\/\",\"name\":\"Mostbet ET\",\"description\":\"My WordPress Blog\",\"potentialAction\":[{\"@type\":\"SearchAction\",\"target\":{\"@type\":\"EntryPoint\",\"urlTemplate\":\"https:\/\/mostbet.tips\/et\/?s={search_term_string}\"},\"query-input\":\"required name=search_term_string\"}],\"inLanguage\":\"et\"}]}<\/script>\n<!-- \/ Yoast SEO plugin. -->","yoast_head_json":{"title":"Mostbet riskivaba panus \u1409 100% kahjude h\u00fcvitamine!","description":"Mostbet pakub riskivaba panustamist! Saate 100% h\u00fcvitist kaotatud panuste eest valitud s\u00fcndmuste puhul. Uuri, kuidas osaleda selles eksklusiivses kampaanias ja unusta kaotamine!","robots":{"index":"index","follow":"follow","max-snippet":"max-snippet:-1","max-image-preview":"max-image-preview:large","max-video-preview":"max-video-preview:-1"},"og_locale":"et_EE","og_type":"article","og_title":"Mostbet riskivaba panus \u1409 100% kahjude h\u00fcvitamine!","og_description":"Mostbet pakub riskivaba panustamist! Saate 100% h\u00fcvitist kaotatud panuste eest valitud s\u00fcndmuste puhul. Uuri, kuidas osaleda selles eksklusiivses kampaanias ja unusta kaotamine!","og_url":"https:\/\/mostbet.tips\/et\/bonus\/no-risk\/","og_site_name":"Mostbet ET","article_modified_time":"2025-07-06T16:27:20+00:00","twitter_card":"summary_large_image","schema":{"@context":"https:\/\/schema.org","@graph":[{"@type":"WebPage","@id":"https:\/\/mostbet.tips\/et\/bonus\/no-risk\/","url":"https:\/\/mostbet.tips\/et\/bonus\/no-risk\/","name":"Mostbet riskivaba panus \u1409 100% kahjude h\u00fcvitamine!","isPartOf":{"@id":"https:\/\/mostbet.tips\/et\/#website"},"datePublished":"2025-06-30T12:38:13+00:00","dateModified":"2025-07-06T16:27:20+00:00","description":"Mostbet pakub riskivaba panustamist! Saate 100% h\u00fcvitist kaotatud panuste eest valitud s\u00fcndmuste puhul. Uuri, kuidas osaleda selles eksklusiivses kampaanias ja unusta kaotamine!","breadcrumb":{"@id":"https:\/\/mostbet.tips\/et\/bonus\/no-risk\/#breadcrumb"},"inLanguage":"et","potentialAction":[{"@type":"ReadAction","target":["https:\/\/mostbet.tips\/et\/bonus\/no-risk\/"]}]},{"@type":"BreadcrumbList","@id":"https:\/\/mostbet.tips\/et\/bonus\/no-risk\/#breadcrumb","itemListElement":[{"@type":"ListItem","position":1,"name":"Home","item":"https:\/\/mostbet.tips\/et\/"},{"@type":"ListItem","position":2,"name":"Boonus","item":"https:\/\/mostbet.tips\/et\/bonus\/"},{"@type":"ListItem","position":3,"name":"Riskivaba panus"}]},{"@type":"WebSite","@id":"https:\/\/mostbet.tips\/et\/#website","url":"https:\/\/mostbet.tips\/et\/","name":"Mostbet ET","description":"My WordPress Blog","potentialAction":[{"@type":"SearchAction","target":{"@type":"EntryPoint","urlTemplate":"https:\/\/mostbet.tips\/et\/?s={search_term_string}"},"query-input":"required name=search_term_string"}],"inLanguage":"et"}]}},"_links":{"self":[{"href":"https:\/\/mostbet.tips\/et\/wp-json\/wp\/v2\/pages\/397"}],"collection":[{"href":"https:\/\/mostbet.tips\/et\/wp-json\/wp\/v2\/pages"}],"about":[{"href":"https:\/\/mostbet.tips\/et\/wp-json\/wp\/v2\/types\/page"}],"author":[{"embeddable":true,"href":"https:\/\/mostbet.tips\/et\/wp-json\/wp\/v2\/users\/1"}],"replies":[{"embeddable":true,"href":"https:\/\/mostbet.tips\/et\/wp-json\/wp\/v2\/comments?post=397"}],"version-history":[{"count":8,"href":"https:\/\/mostbet.tips\/et\/wp-json\/wp\/v2\/pages\/397\/revisions"}],"predecessor-version":[{"id":474,"href":"https:\/\/mostbet.tips\/et\/wp-json\/wp\/v2\/pages\/397\/revisions\/474"}],"up":[{"embeddable":true,"href":"https:\/\/mostbet.tips\/et\/wp-json\/wp\/v2\/pages\/152"}],"wp:attachment":[{"href":"https:\/\/mostbet.tips\/et\/wp-json\/wp\/v2\/media?parent=397"}],"curies":[{"name":"wp","href":"https:\/\/api.w.org\/{rel}","templated":true}]}}