{"id":263,"date":"2025-04-26T13:32:34","date_gmt":"2025-04-26T13:32:34","guid":{"rendered":"https:\/\/mostbet.tips\/es\/?page_id=263"},"modified":"2026-01-12T11:24:41","modified_gmt":"2026-01-12T11:24:41","slug":"apk","status":"publish","type":"page","link":"https:\/\/mostbet.tips\/es\/apk\/","title":{"rendered":"Apk"},"content":{"rendered":"","protected":false},"excerpt":{"rendered":"","protected":false},"author":1,"featured_media":0,"parent":0,"menu_order":0,"comment_status":"closed","ping_status":"closed","template":"","meta":{"footnotes":""},"yoast_head":"<!-- This site is optimized with the Yoast SEO plugin v23.0 - https:\/\/yoast.com\/wordpress\/plugins\/seo\/ -->\n<title>Mostbet APK Gu\u00eda | Descarga, instalaci\u00f3n y consejos de uso<\/title>\n<meta name=\"description\" content=\"Esta gu\u00eda cubre todo lo relacionado con el APK de Mostbet: enlaces de descarga seguros, sencillas instrucciones de instalaci\u00f3n y c\u00f3mo empezar a usar la app. \u00a1Saca el m\u00e1ximo partido a Mostbet en tu dispositivo Android hoy mismo!\" \/>\n<meta name=\"robots\" content=\"index, follow, max-snippet:-1, max-image-preview:large, max-video-preview:-1\" \/>\n<meta property=\"og:locale\" content=\"es_ES\" \/>\n<meta property=\"og:type\" content=\"article\" \/>\n<meta property=\"og:title\" content=\"Mostbet APK Gu\u00eda | Descarga, instalaci\u00f3n y consejos de uso\" \/>\n<meta property=\"og:description\" content=\"Esta gu\u00eda cubre todo lo relacionado con el APK de Mostbet: enlaces de descarga seguros, sencillas instrucciones de instalaci\u00f3n y c\u00f3mo empezar a usar la app. \u00a1Saca el m\u00e1ximo partido a Mostbet en tu dispositivo Android hoy mismo!\" \/>\n<meta property=\"og:url\" content=\"https:\/\/mostbet.tips\/es\/apk\/\" \/>\n<meta property=\"og:site_name\" content=\"Mostbet ES\" \/>\n<meta property=\"article:modified_time\" content=\"2026-01-12T11:24:41+00:00\" \/>\n<meta name=\"twitter:card\" content=\"summary_large_image\" \/>\n<script type=\"application\/ld+json\" class=\"yoast-schema-graph\">{\"@context\":\"https:\/\/schema.org\",\"@graph\":[{\"@type\":\"WebPage\",\"@id\":\"https:\/\/mostbet.tips\/es\/apk\/\",\"url\":\"https:\/\/mostbet.tips\/es\/apk\/\",\"name\":\"Mostbet APK Gu\u00eda | Descarga, instalaci\u00f3n y consejos de uso\",\"isPartOf\":{\"@id\":\"https:\/\/mostbet.tips\/es\/#website\"},\"datePublished\":\"2025-04-26T13:32:34+00:00\",\"dateModified\":\"2026-01-12T11:24:41+00:00\",\"description\":\"Esta gu\u00eda cubre todo lo relacionado con el APK de Mostbet: enlaces de descarga seguros, sencillas instrucciones de instalaci\u00f3n y c\u00f3mo empezar a usar la app. \u00a1Saca el m\u00e1ximo partido a Mostbet en tu dispositivo Android hoy mismo!\",\"breadcrumb\":{\"@id\":\"https:\/\/mostbet.tips\/es\/apk\/#breadcrumb\"},\"inLanguage\":\"es\",\"potentialAction\":[{\"@type\":\"ReadAction\",\"target\":[\"https:\/\/mostbet.tips\/es\/apk\/\"]}]},{\"@type\":\"BreadcrumbList\",\"@id\":\"https:\/\/mostbet.tips\/es\/apk\/#breadcrumb\",\"itemListElement\":[{\"@type\":\"ListItem\",\"position\":1,\"name\":\"Home\",\"item\":\"https:\/\/mostbet.tips\/es\/\"},{\"@type\":\"ListItem\",\"position\":2,\"name\":\"Apk\"}]},{\"@type\":\"WebSite\",\"@id\":\"https:\/\/mostbet.tips\/es\/#website\",\"url\":\"https:\/\/mostbet.tips\/es\/\",\"name\":\"Mostbet ES\",\"description\":\"My WordPress Blog\",\"potentialAction\":[{\"@type\":\"SearchAction\",\"target\":{\"@type\":\"EntryPoint\",\"urlTemplate\":\"https:\/\/mostbet.tips\/es\/?s={search_term_string}\"},\"query-input\":\"required name=search_term_string\"}],\"inLanguage\":\"es\"}]}<\/script>\n<!-- \/ Yoast SEO plugin. -->","yoast_head_json":{"title":"Mostbet APK Gu\u00eda | Descarga, instalaci\u00f3n y consejos de uso","description":"Esta gu\u00eda cubre todo lo relacionado con el APK de Mostbet: enlaces de descarga seguros, sencillas instrucciones de instalaci\u00f3n y c\u00f3mo empezar a usar la app. \u00a1Saca el m\u00e1ximo partido a Mostbet en tu dispositivo Android hoy mismo!","robots":{"index":"index","follow":"follow","max-snippet":"max-snippet:-1","max-image-preview":"max-image-preview:large","max-video-preview":"max-video-preview:-1"},"og_locale":"es_ES","og_type":"article","og_title":"Mostbet APK Gu\u00eda | Descarga, instalaci\u00f3n y consejos de uso","og_description":"Esta gu\u00eda cubre todo lo relacionado con el APK de Mostbet: enlaces de descarga seguros, sencillas instrucciones de instalaci\u00f3n y c\u00f3mo empezar a usar la app. \u00a1Saca el m\u00e1ximo partido a Mostbet en tu dispositivo Android hoy mismo!","og_url":"https:\/\/mostbet.tips\/es\/apk\/","og_site_name":"Mostbet ES","article_modified_time":"2026-01-12T11:24:41+00:00","twitter_card":"summary_large_image","schema":{"@context":"https:\/\/schema.org","@graph":[{"@type":"WebPage","@id":"https:\/\/mostbet.tips\/es\/apk\/","url":"https:\/\/mostbet.tips\/es\/apk\/","name":"Mostbet APK Gu\u00eda | Descarga, instalaci\u00f3n y consejos de uso","isPartOf":{"@id":"https:\/\/mostbet.tips\/es\/#website"},"datePublished":"2025-04-26T13:32:34+00:00","dateModified":"2026-01-12T11:24:41+00:00","description":"Esta gu\u00eda cubre todo lo relacionado con el APK de Mostbet: enlaces de descarga seguros, sencillas instrucciones de instalaci\u00f3n y c\u00f3mo empezar a usar la app. \u00a1Saca el m\u00e1ximo partido a Mostbet en tu dispositivo Android hoy mismo!","breadcrumb":{"@id":"https:\/\/mostbet.tips\/es\/apk\/#breadcrumb"},"inLanguage":"es","potentialAction":[{"@type":"ReadAction","target":["https:\/\/mostbet.tips\/es\/apk\/"]}]},{"@type":"BreadcrumbList","@id":"https:\/\/mostbet.tips\/es\/apk\/#breadcrumb","itemListElement":[{"@type":"ListItem","position":1,"name":"Home","item":"https:\/\/mostbet.tips\/es\/"},{"@type":"ListItem","position":2,"name":"Apk"}]},{"@type":"WebSite","@id":"https:\/\/mostbet.tips\/es\/#website","url":"https:\/\/mostbet.tips\/es\/","name":"Mostbet ES","description":"My WordPress Blog","potentialAction":[{"@type":"SearchAction","target":{"@type":"EntryPoint","urlTemplate":"https:\/\/mostbet.tips\/es\/?s={search_term_string}"},"query-input":"required name=search_term_string"}],"inLanguage":"es"}]}},"_links":{"self":[{"href":"https:\/\/mostbet.tips\/es\/wp-json\/wp\/v2\/pages\/263"}],"collection":[{"href":"https:\/\/mostbet.tips\/es\/wp-json\/wp\/v2\/pages"}],"about":[{"href":"https:\/\/mostbet.tips\/es\/wp-json\/wp\/v2\/types\/page"}],"author":[{"embeddable":true,"href":"https:\/\/mostbet.tips\/es\/wp-json\/wp\/v2\/users\/1"}],"replies":[{"embeddable":true,"href":"https:\/\/mostbet.tips\/es\/wp-json\/wp\/v2\/comments?post=263"}],"version-history":[{"count":16,"href":"https:\/\/mostbet.tips\/es\/wp-json\/wp\/v2\/pages\/263\/revisions"}],"predecessor-version":[{"id":379,"href":"https:\/\/mostbet.tips\/es\/wp-json\/wp\/v2\/pages\/263\/revisions\/379"}],"wp:attachment":[{"href":"https:\/\/mostbet.tips\/es\/wp-json\/wp\/v2\/media?parent=263"}],"curies":[{"name":"wp","href":"https:\/\/api.w.org\/{rel}","templated":true}]}}