{"id":242,"date":"2025-04-25T05:06:40","date_gmt":"2025-04-25T05:06:40","guid":{"rendered":"https:\/\/mostbet.tips\/es\/?page_id=242"},"modified":"2026-01-12T11:26:03","modified_gmt":"2026-01-12T11:26:03","slug":"app","status":"publish","type":"page","link":"https:\/\/mostbet.tips\/es\/app\/","title":{"rendered":"Aplicaci\u00f3n"},"content":{"rendered":"","protected":false},"excerpt":{"rendered":"","protected":false},"author":1,"featured_media":0,"parent":0,"menu_order":0,"comment_status":"closed","ping_status":"closed","template":"","meta":{"footnotes":""},"yoast_head":"<!-- This site is optimized with the Yoast SEO plugin v23.0 - https:\/\/yoast.com\/wordpress\/plugins\/seo\/ -->\n<title>Aplicaci\u00f3n Mostbet para Android e iOS | c\u00f3mo descargar e instalar<\/title>\n<meta name=\"description\" content=\"Descarga gratis la app de Mostbet para Android e iOS en nuestra web. Inst\u00e1lala y juega a tus juegos de casino favoritos y apuesta en deportes desde tu dispositivo m\u00f3vil.\" \/>\n<meta name=\"robots\" content=\"index, follow, max-snippet:-1, max-image-preview:large, max-video-preview:-1\" \/>\n<meta property=\"og:locale\" content=\"es_ES\" \/>\n<meta property=\"og:type\" content=\"article\" \/>\n<meta property=\"og:title\" content=\"Aplicaci\u00f3n Mostbet para Android e iOS | c\u00f3mo descargar e instalar\" \/>\n<meta property=\"og:description\" content=\"Descarga gratis la app de Mostbet para Android e iOS en nuestra web. Inst\u00e1lala y juega a tus juegos de casino favoritos y apuesta en deportes desde tu dispositivo m\u00f3vil.\" \/>\n<meta property=\"og:url\" content=\"https:\/\/mostbet.tips\/es\/app\/\" \/>\n<meta property=\"og:site_name\" content=\"Mostbet ES\" \/>\n<meta property=\"article:modified_time\" content=\"2026-01-12T11:26:03+00:00\" \/>\n<meta name=\"twitter:card\" content=\"summary_large_image\" \/>\n<script type=\"application\/ld+json\" class=\"yoast-schema-graph\">{\"@context\":\"https:\/\/schema.org\",\"@graph\":[{\"@type\":\"WebPage\",\"@id\":\"https:\/\/mostbet.tips\/es\/app\/\",\"url\":\"https:\/\/mostbet.tips\/es\/app\/\",\"name\":\"Aplicaci\u00f3n Mostbet para Android e iOS | c\u00f3mo descargar e instalar\",\"isPartOf\":{\"@id\":\"https:\/\/mostbet.tips\/es\/#website\"},\"datePublished\":\"2025-04-25T05:06:40+00:00\",\"dateModified\":\"2026-01-12T11:26:03+00:00\",\"description\":\"Descarga gratis la app de Mostbet para Android e iOS en nuestra web. Inst\u00e1lala y juega a tus juegos de casino favoritos y apuesta en deportes desde tu dispositivo m\u00f3vil.\",\"breadcrumb\":{\"@id\":\"https:\/\/mostbet.tips\/es\/app\/#breadcrumb\"},\"inLanguage\":\"es\",\"potentialAction\":[{\"@type\":\"ReadAction\",\"target\":[\"https:\/\/mostbet.tips\/es\/app\/\"]}]},{\"@type\":\"BreadcrumbList\",\"@id\":\"https:\/\/mostbet.tips\/es\/app\/#breadcrumb\",\"itemListElement\":[{\"@type\":\"ListItem\",\"position\":1,\"name\":\"Home\",\"item\":\"https:\/\/mostbet.tips\/es\/\"},{\"@type\":\"ListItem\",\"position\":2,\"name\":\"Aplicaci\u00f3n\"}]},{\"@type\":\"WebSite\",\"@id\":\"https:\/\/mostbet.tips\/es\/#website\",\"url\":\"https:\/\/mostbet.tips\/es\/\",\"name\":\"Mostbet ES\",\"description\":\"My WordPress Blog\",\"potentialAction\":[{\"@type\":\"SearchAction\",\"target\":{\"@type\":\"EntryPoint\",\"urlTemplate\":\"https:\/\/mostbet.tips\/es\/?s={search_term_string}\"},\"query-input\":\"required name=search_term_string\"}],\"inLanguage\":\"es\"}]}<\/script>\n<!-- \/ Yoast SEO plugin. -->","yoast_head_json":{"title":"Aplicaci\u00f3n Mostbet para Android e iOS | c\u00f3mo descargar e instalar","description":"Descarga gratis la app de Mostbet para Android e iOS en nuestra web. Inst\u00e1lala y juega a tus juegos de casino favoritos y apuesta en deportes desde tu dispositivo m\u00f3vil.","robots":{"index":"index","follow":"follow","max-snippet":"max-snippet:-1","max-image-preview":"max-image-preview:large","max-video-preview":"max-video-preview:-1"},"og_locale":"es_ES","og_type":"article","og_title":"Aplicaci\u00f3n Mostbet para Android e iOS | c\u00f3mo descargar e instalar","og_description":"Descarga gratis la app de Mostbet para Android e iOS en nuestra web. Inst\u00e1lala y juega a tus juegos de casino favoritos y apuesta en deportes desde tu dispositivo m\u00f3vil.","og_url":"https:\/\/mostbet.tips\/es\/app\/","og_site_name":"Mostbet ES","article_modified_time":"2026-01-12T11:26:03+00:00","twitter_card":"summary_large_image","schema":{"@context":"https:\/\/schema.org","@graph":[{"@type":"WebPage","@id":"https:\/\/mostbet.tips\/es\/app\/","url":"https:\/\/mostbet.tips\/es\/app\/","name":"Aplicaci\u00f3n Mostbet para Android e iOS | c\u00f3mo descargar e instalar","isPartOf":{"@id":"https:\/\/mostbet.tips\/es\/#website"},"datePublished":"2025-04-25T05:06:40+00:00","dateModified":"2026-01-12T11:26:03+00:00","description":"Descarga gratis la app de Mostbet para Android e iOS en nuestra web. Inst\u00e1lala y juega a tus juegos de casino favoritos y apuesta en deportes desde tu dispositivo m\u00f3vil.","breadcrumb":{"@id":"https:\/\/mostbet.tips\/es\/app\/#breadcrumb"},"inLanguage":"es","potentialAction":[{"@type":"ReadAction","target":["https:\/\/mostbet.tips\/es\/app\/"]}]},{"@type":"BreadcrumbList","@id":"https:\/\/mostbet.tips\/es\/app\/#breadcrumb","itemListElement":[{"@type":"ListItem","position":1,"name":"Home","item":"https:\/\/mostbet.tips\/es\/"},{"@type":"ListItem","position":2,"name":"Aplicaci\u00f3n"}]},{"@type":"WebSite","@id":"https:\/\/mostbet.tips\/es\/#website","url":"https:\/\/mostbet.tips\/es\/","name":"Mostbet ES","description":"My WordPress Blog","potentialAction":[{"@type":"SearchAction","target":{"@type":"EntryPoint","urlTemplate":"https:\/\/mostbet.tips\/es\/?s={search_term_string}"},"query-input":"required name=search_term_string"}],"inLanguage":"es"}]}},"_links":{"self":[{"href":"https:\/\/mostbet.tips\/es\/wp-json\/wp\/v2\/pages\/242"}],"collection":[{"href":"https:\/\/mostbet.tips\/es\/wp-json\/wp\/v2\/pages"}],"about":[{"href":"https:\/\/mostbet.tips\/es\/wp-json\/wp\/v2\/types\/page"}],"author":[{"embeddable":true,"href":"https:\/\/mostbet.tips\/es\/wp-json\/wp\/v2\/users\/1"}],"replies":[{"embeddable":true,"href":"https:\/\/mostbet.tips\/es\/wp-json\/wp\/v2\/comments?post=242"}],"version-history":[{"count":14,"href":"https:\/\/mostbet.tips\/es\/wp-json\/wp\/v2\/pages\/242\/revisions"}],"predecessor-version":[{"id":380,"href":"https:\/\/mostbet.tips\/es\/wp-json\/wp\/v2\/pages\/242\/revisions\/380"}],"wp:attachment":[{"href":"https:\/\/mostbet.tips\/es\/wp-json\/wp\/v2\/media?parent=242"}],"curies":[{"name":"wp","href":"https:\/\/api.w.org\/{rel}","templated":true}]}}