{"id":497,"date":"2025-09-05T05:46:40","date_gmt":"2025-09-05T05:46:40","guid":{"rendered":"https:\/\/mostbet.tips\/?page_id=497"},"modified":"2025-12-10T07:55:36","modified_gmt":"2025-12-10T07:55:36","slug":"affiliate","status":"publish","type":"page","link":"https:\/\/mostbet.tips\/de\/affiliate\/","title":{"rendered":"Partner"},"content":{"rendered":"","protected":false},"excerpt":{"rendered":"","protected":false},"author":1,"featured_media":0,"parent":0,"menu_order":0,"comment_status":"closed","ping_status":"closed","template":"","meta":{"footnotes":""},"yoast_head":"<!-- This site is optimized with the Yoast SEO plugin v23.0 - https:\/\/yoast.com\/wordpress\/plugins\/seo\/ -->\n<title>Mostbet-Partnerprogramm | Verdienen Sie bis zu 60 %<\/title>\n<meta name=\"description\" content=\"Wie Sie Mostbet-Partner werden und bis zu 60 % von geworbenen Spielern verdienen k\u00f6nnen. Das Programm bietet g\u00fcnstige Konditionen, stabile Zahlungen und verschiedene Boni f\u00fcr eine erfolgreiche Zusammenarbeit in der Welt des Gl\u00fccksspiels.\" \/>\n<meta name=\"robots\" content=\"index, follow, max-snippet:-1, max-image-preview:large, max-video-preview:-1\" \/>\n<meta property=\"og:locale\" content=\"de_DE\" \/>\n<meta property=\"og:type\" content=\"article\" \/>\n<meta property=\"og:title\" content=\"Mostbet-Partnerprogramm | Verdienen Sie bis zu 60 %\" \/>\n<meta property=\"og:description\" content=\"Wie Sie Mostbet-Partner werden und bis zu 60 % von geworbenen Spielern verdienen k\u00f6nnen. Das Programm bietet g\u00fcnstige Konditionen, stabile Zahlungen und verschiedene Boni f\u00fcr eine erfolgreiche Zusammenarbeit in der Welt des Gl\u00fccksspiels.\" \/>\n<meta property=\"og:url\" content=\"https:\/\/mostbet.tips\/de\/affiliate\/\" \/>\n<meta property=\"og:site_name\" content=\"Mostbet DE\" \/>\n<meta property=\"article:modified_time\" content=\"2025-12-10T07:55:36+00:00\" \/>\n<meta name=\"twitter:card\" content=\"summary_large_image\" \/>\n<script type=\"application\/ld+json\" class=\"yoast-schema-graph\">{\"@context\":\"https:\/\/schema.org\",\"@graph\":[{\"@type\":\"WebPage\",\"@id\":\"https:\/\/mostbet.tips\/de\/affiliate\/\",\"url\":\"https:\/\/mostbet.tips\/de\/affiliate\/\",\"name\":\"Mostbet-Partnerprogramm | Verdienen Sie bis zu 60 %\",\"isPartOf\":{\"@id\":\"https:\/\/mostbet.tips\/de\/#website\"},\"datePublished\":\"2025-09-05T05:46:40+00:00\",\"dateModified\":\"2025-12-10T07:55:36+00:00\",\"description\":\"Wie Sie Mostbet-Partner werden und bis zu 60 % von geworbenen Spielern verdienen k\u00f6nnen. Das Programm bietet g\u00fcnstige Konditionen, stabile Zahlungen und verschiedene Boni f\u00fcr eine erfolgreiche Zusammenarbeit in der Welt des Gl\u00fccksspiels.\",\"breadcrumb\":{\"@id\":\"https:\/\/mostbet.tips\/de\/affiliate\/#breadcrumb\"},\"inLanguage\":\"de\",\"potentialAction\":[{\"@type\":\"ReadAction\",\"target\":[\"https:\/\/mostbet.tips\/de\/affiliate\/\"]}]},{\"@type\":\"BreadcrumbList\",\"@id\":\"https:\/\/mostbet.tips\/de\/affiliate\/#breadcrumb\",\"itemListElement\":[{\"@type\":\"ListItem\",\"position\":1,\"name\":\"Home\",\"item\":\"https:\/\/mostbet.tips\/de\/\"},{\"@type\":\"ListItem\",\"position\":2,\"name\":\"Partner\"}]},{\"@type\":\"WebSite\",\"@id\":\"https:\/\/mostbet.tips\/de\/#website\",\"url\":\"https:\/\/mostbet.tips\/de\/\",\"name\":\"Mostbet DE\",\"description\":\"My WordPress Blog\",\"potentialAction\":[{\"@type\":\"SearchAction\",\"target\":{\"@type\":\"EntryPoint\",\"urlTemplate\":\"https:\/\/mostbet.tips\/de\/?s={search_term_string}\"},\"query-input\":\"required name=search_term_string\"}],\"inLanguage\":\"de\"}]}<\/script>\n<!-- \/ Yoast SEO plugin. -->","yoast_head_json":{"title":"Mostbet-Partnerprogramm | Verdienen Sie bis zu 60 %","description":"Wie Sie Mostbet-Partner werden und bis zu 60 % von geworbenen Spielern verdienen k\u00f6nnen. Das Programm bietet g\u00fcnstige Konditionen, stabile Zahlungen und verschiedene Boni f\u00fcr eine erfolgreiche Zusammenarbeit in der Welt des Gl\u00fccksspiels.","robots":{"index":"index","follow":"follow","max-snippet":"max-snippet:-1","max-image-preview":"max-image-preview:large","max-video-preview":"max-video-preview:-1"},"og_locale":"de_DE","og_type":"article","og_title":"Mostbet-Partnerprogramm | Verdienen Sie bis zu 60 %","og_description":"Wie Sie Mostbet-Partner werden und bis zu 60 % von geworbenen Spielern verdienen k\u00f6nnen. Das Programm bietet g\u00fcnstige Konditionen, stabile Zahlungen und verschiedene Boni f\u00fcr eine erfolgreiche Zusammenarbeit in der Welt des Gl\u00fccksspiels.","og_url":"https:\/\/mostbet.tips\/de\/affiliate\/","og_site_name":"Mostbet DE","article_modified_time":"2025-12-10T07:55:36+00:00","twitter_card":"summary_large_image","schema":{"@context":"https:\/\/schema.org","@graph":[{"@type":"WebPage","@id":"https:\/\/mostbet.tips\/de\/affiliate\/","url":"https:\/\/mostbet.tips\/de\/affiliate\/","name":"Mostbet-Partnerprogramm | Verdienen Sie bis zu 60 %","isPartOf":{"@id":"https:\/\/mostbet.tips\/de\/#website"},"datePublished":"2025-09-05T05:46:40+00:00","dateModified":"2025-12-10T07:55:36+00:00","description":"Wie Sie Mostbet-Partner werden und bis zu 60 % von geworbenen Spielern verdienen k\u00f6nnen. Das Programm bietet g\u00fcnstige Konditionen, stabile Zahlungen und verschiedene Boni f\u00fcr eine erfolgreiche Zusammenarbeit in der Welt des Gl\u00fccksspiels.","breadcrumb":{"@id":"https:\/\/mostbet.tips\/de\/affiliate\/#breadcrumb"},"inLanguage":"de","potentialAction":[{"@type":"ReadAction","target":["https:\/\/mostbet.tips\/de\/affiliate\/"]}]},{"@type":"BreadcrumbList","@id":"https:\/\/mostbet.tips\/de\/affiliate\/#breadcrumb","itemListElement":[{"@type":"ListItem","position":1,"name":"Home","item":"https:\/\/mostbet.tips\/de\/"},{"@type":"ListItem","position":2,"name":"Partner"}]},{"@type":"WebSite","@id":"https:\/\/mostbet.tips\/de\/#website","url":"https:\/\/mostbet.tips\/de\/","name":"Mostbet DE","description":"My WordPress Blog","potentialAction":[{"@type":"SearchAction","target":{"@type":"EntryPoint","urlTemplate":"https:\/\/mostbet.tips\/de\/?s={search_term_string}"},"query-input":"required name=search_term_string"}],"inLanguage":"de"}]}},"_links":{"self":[{"href":"https:\/\/mostbet.tips\/de\/wp-json\/wp\/v2\/pages\/497"}],"collection":[{"href":"https:\/\/mostbet.tips\/de\/wp-json\/wp\/v2\/pages"}],"about":[{"href":"https:\/\/mostbet.tips\/de\/wp-json\/wp\/v2\/types\/page"}],"author":[{"embeddable":true,"href":"https:\/\/mostbet.tips\/de\/wp-json\/wp\/v2\/users\/1"}],"replies":[{"embeddable":true,"href":"https:\/\/mostbet.tips\/de\/wp-json\/wp\/v2\/comments?post=497"}],"version-history":[{"count":3,"href":"https:\/\/mostbet.tips\/de\/wp-json\/wp\/v2\/pages\/497\/revisions"}],"predecessor-version":[{"id":504,"href":"https:\/\/mostbet.tips\/de\/wp-json\/wp\/v2\/pages\/497\/revisions\/504"}],"wp:attachment":[{"href":"https:\/\/mostbet.tips\/de\/wp-json\/wp\/v2\/media?parent=497"}],"curies":[{"name":"wp","href":"https:\/\/api.w.org\/{rel}","templated":true}]}}