{"id":228,"date":"2025-04-23T17:32:34","date_gmt":"2025-04-23T17:32:34","guid":{"rendered":"https:\/\/mostbet.tips\/de\/?page_id=228"},"modified":"2025-12-10T06:58:35","modified_gmt":"2025-12-10T06:58:35","slug":"casino","status":"publish","type":"page","link":"https:\/\/mostbet.tips\/de\/casino\/","title":{"rendered":"Kasino"},"content":{"rendered":"","protected":false},"excerpt":{"rendered":"","protected":false},"author":1,"featured_media":0,"parent":0,"menu_order":0,"comment_status":"closed","ping_status":"closed","template":"","meta":{"footnotes":""},"yoast_head":"<!-- This site is optimized with the Yoast SEO plugin v23.0 - https:\/\/yoast.com\/wordpress\/plugins\/seo\/ -->\n<title>Mostbet Kasino: \u2705 Ihre beste Wahl f\u00fcr Online-Gl\u00fccksspiele<\/title>\n<meta name=\"description\" content=\"Mostbet Kasino: Ihr zuverl\u00e4ssiger Partner in der Welt der Online-Gl\u00fccksspiele. Tauchen Sie ein in die Geschichte des Gl\u00fccksspiels und genie\u00dfen Sie die Vorteile des Spiels bei Mostbet Kasino\" \/>\n<meta name=\"robots\" content=\"index, follow, max-snippet:-1, max-image-preview:large, max-video-preview:-1\" \/>\n<meta property=\"og:locale\" content=\"de_DE\" \/>\n<meta property=\"og:type\" content=\"article\" \/>\n<meta property=\"og:title\" content=\"Mostbet Kasino: \u2705 Ihre beste Wahl f\u00fcr Online-Gl\u00fccksspiele\" \/>\n<meta property=\"og:description\" content=\"Mostbet Kasino: Ihr zuverl\u00e4ssiger Partner in der Welt der Online-Gl\u00fccksspiele. Tauchen Sie ein in die Geschichte des Gl\u00fccksspiels und genie\u00dfen Sie die Vorteile des Spiels bei Mostbet Kasino\" \/>\n<meta property=\"og:url\" content=\"https:\/\/mostbet.tips\/de\/casino\/\" \/>\n<meta property=\"og:site_name\" content=\"Mostbet DE\" \/>\n<meta property=\"article:modified_time\" content=\"2025-12-10T06:58:35+00:00\" \/>\n<meta name=\"twitter:card\" content=\"summary_large_image\" \/>\n<script type=\"application\/ld+json\" class=\"yoast-schema-graph\">{\"@context\":\"https:\/\/schema.org\",\"@graph\":[{\"@type\":\"WebPage\",\"@id\":\"https:\/\/mostbet.tips\/de\/casino\/\",\"url\":\"https:\/\/mostbet.tips\/de\/casino\/\",\"name\":\"Mostbet Kasino: \u2705 Ihre beste Wahl f\u00fcr Online-Gl\u00fccksspiele\",\"isPartOf\":{\"@id\":\"https:\/\/mostbet.tips\/de\/#website\"},\"datePublished\":\"2025-04-23T17:32:34+00:00\",\"dateModified\":\"2025-12-10T06:58:35+00:00\",\"description\":\"Mostbet Kasino: Ihr zuverl\u00e4ssiger Partner in der Welt der Online-Gl\u00fccksspiele. Tauchen Sie ein in die Geschichte des Gl\u00fccksspiels und genie\u00dfen Sie die Vorteile des Spiels bei Mostbet Kasino\",\"breadcrumb\":{\"@id\":\"https:\/\/mostbet.tips\/de\/casino\/#breadcrumb\"},\"inLanguage\":\"de\",\"potentialAction\":[{\"@type\":\"ReadAction\",\"target\":[\"https:\/\/mostbet.tips\/de\/casino\/\"]}]},{\"@type\":\"BreadcrumbList\",\"@id\":\"https:\/\/mostbet.tips\/de\/casino\/#breadcrumb\",\"itemListElement\":[{\"@type\":\"ListItem\",\"position\":1,\"name\":\"Home\",\"item\":\"https:\/\/mostbet.tips\/de\/\"},{\"@type\":\"ListItem\",\"position\":2,\"name\":\"Kasino\"}]},{\"@type\":\"WebSite\",\"@id\":\"https:\/\/mostbet.tips\/de\/#website\",\"url\":\"https:\/\/mostbet.tips\/de\/\",\"name\":\"Mostbet DE\",\"description\":\"My WordPress Blog\",\"potentialAction\":[{\"@type\":\"SearchAction\",\"target\":{\"@type\":\"EntryPoint\",\"urlTemplate\":\"https:\/\/mostbet.tips\/de\/?s={search_term_string}\"},\"query-input\":\"required name=search_term_string\"}],\"inLanguage\":\"de\"}]}<\/script>\n<!-- \/ Yoast SEO plugin. -->","yoast_head_json":{"title":"Mostbet Kasino: \u2705 Ihre beste Wahl f\u00fcr Online-Gl\u00fccksspiele","description":"Mostbet Kasino: Ihr zuverl\u00e4ssiger Partner in der Welt der Online-Gl\u00fccksspiele. Tauchen Sie ein in die Geschichte des Gl\u00fccksspiels und genie\u00dfen Sie die Vorteile des Spiels bei Mostbet Kasino","robots":{"index":"index","follow":"follow","max-snippet":"max-snippet:-1","max-image-preview":"max-image-preview:large","max-video-preview":"max-video-preview:-1"},"og_locale":"de_DE","og_type":"article","og_title":"Mostbet Kasino: \u2705 Ihre beste Wahl f\u00fcr Online-Gl\u00fccksspiele","og_description":"Mostbet Kasino: Ihr zuverl\u00e4ssiger Partner in der Welt der Online-Gl\u00fccksspiele. Tauchen Sie ein in die Geschichte des Gl\u00fccksspiels und genie\u00dfen Sie die Vorteile des Spiels bei Mostbet Kasino","og_url":"https:\/\/mostbet.tips\/de\/casino\/","og_site_name":"Mostbet DE","article_modified_time":"2025-12-10T06:58:35+00:00","twitter_card":"summary_large_image","schema":{"@context":"https:\/\/schema.org","@graph":[{"@type":"WebPage","@id":"https:\/\/mostbet.tips\/de\/casino\/","url":"https:\/\/mostbet.tips\/de\/casino\/","name":"Mostbet Kasino: \u2705 Ihre beste Wahl f\u00fcr Online-Gl\u00fccksspiele","isPartOf":{"@id":"https:\/\/mostbet.tips\/de\/#website"},"datePublished":"2025-04-23T17:32:34+00:00","dateModified":"2025-12-10T06:58:35+00:00","description":"Mostbet Kasino: Ihr zuverl\u00e4ssiger Partner in der Welt der Online-Gl\u00fccksspiele. Tauchen Sie ein in die Geschichte des Gl\u00fccksspiels und genie\u00dfen Sie die Vorteile des Spiels bei Mostbet Kasino","breadcrumb":{"@id":"https:\/\/mostbet.tips\/de\/casino\/#breadcrumb"},"inLanguage":"de","potentialAction":[{"@type":"ReadAction","target":["https:\/\/mostbet.tips\/de\/casino\/"]}]},{"@type":"BreadcrumbList","@id":"https:\/\/mostbet.tips\/de\/casino\/#breadcrumb","itemListElement":[{"@type":"ListItem","position":1,"name":"Home","item":"https:\/\/mostbet.tips\/de\/"},{"@type":"ListItem","position":2,"name":"Kasino"}]},{"@type":"WebSite","@id":"https:\/\/mostbet.tips\/de\/#website","url":"https:\/\/mostbet.tips\/de\/","name":"Mostbet DE","description":"My WordPress Blog","potentialAction":[{"@type":"SearchAction","target":{"@type":"EntryPoint","urlTemplate":"https:\/\/mostbet.tips\/de\/?s={search_term_string}"},"query-input":"required name=search_term_string"}],"inLanguage":"de"}]}},"_links":{"self":[{"href":"https:\/\/mostbet.tips\/de\/wp-json\/wp\/v2\/pages\/228"}],"collection":[{"href":"https:\/\/mostbet.tips\/de\/wp-json\/wp\/v2\/pages"}],"about":[{"href":"https:\/\/mostbet.tips\/de\/wp-json\/wp\/v2\/types\/page"}],"author":[{"embeddable":true,"href":"https:\/\/mostbet.tips\/de\/wp-json\/wp\/v2\/users\/1"}],"replies":[{"embeddable":true,"href":"https:\/\/mostbet.tips\/de\/wp-json\/wp\/v2\/comments?post=228"}],"version-history":[{"count":11,"href":"https:\/\/mostbet.tips\/de\/wp-json\/wp\/v2\/pages\/228\/revisions"}],"predecessor-version":[{"id":376,"href":"https:\/\/mostbet.tips\/de\/wp-json\/wp\/v2\/pages\/228\/revisions\/376"}],"wp:attachment":[{"href":"https:\/\/mostbet.tips\/de\/wp-json\/wp\/v2\/media?parent=228"}],"curies":[{"name":"wp","href":"https:\/\/api.w.org\/{rel}","templated":true}]}}