{"id":482,"date":"2025-08-18T05:53:22","date_gmt":"2025-08-18T05:53:22","guid":{"rendered":"https:\/\/mostbet.tips\/?page_id=482"},"modified":"2025-09-14T17:13:48","modified_gmt":"2025-09-14T17:13:48","slug":"aviator","status":"publish","type":"page","link":"https:\/\/mostbet.tips\/cs\/aviator\/","title":{"rendered":"Aviator"},"content":{"rendered":"","protected":false},"excerpt":{"rendered":"","protected":false},"author":1,"featured_media":0,"parent":0,"menu_order":0,"comment_status":"closed","ping_status":"closed","template":"","meta":{"footnotes":""},"yoast_head":"<!-- This site is optimized with the Yoast SEO plugin v23.0 - https:\/\/yoast.com\/wordpress\/plugins\/seo\/ -->\n<title>Mostbet Aviator | P\u0159ehled, tipy ke h\u0159e a lukrativn\u00ed bonusy<\/title>\n<meta name=\"description\" content=\"Hrajte Mostbet Aviator a za\u017eijte vzru\u0161en\u00ed ze s\u00e1zen\u00ed! S jednoduch\u00fdmi pravidly, rychl\u00fdmi v\u00fdplatami a \u0161anc\u00ed vyhr\u00e1t a\u017e 100n\u00e1sobek. Nau\u010dte se tajemstv\u00ed, strategie a bonusy pro \u00fasp\u011b\u0161nou hru.\" \/>\n<meta name=\"robots\" content=\"index, follow, max-snippet:-1, max-image-preview:large, max-video-preview:-1\" \/>\n<meta property=\"og:locale\" content=\"cs_CZ\" \/>\n<meta property=\"og:type\" content=\"article\" \/>\n<meta property=\"og:title\" content=\"Mostbet Aviator | P\u0159ehled, tipy ke h\u0159e a lukrativn\u00ed bonusy\" \/>\n<meta property=\"og:description\" content=\"Hrajte Mostbet Aviator a za\u017eijte vzru\u0161en\u00ed ze s\u00e1zen\u00ed! S jednoduch\u00fdmi pravidly, rychl\u00fdmi v\u00fdplatami a \u0161anc\u00ed vyhr\u00e1t a\u017e 100n\u00e1sobek. Nau\u010dte se tajemstv\u00ed, strategie a bonusy pro \u00fasp\u011b\u0161nou hru.\" \/>\n<meta property=\"og:url\" content=\"https:\/\/mostbet.tips\/cs\/aviator\/\" \/>\n<meta property=\"og:site_name\" content=\"Mostbet CS\" \/>\n<meta property=\"article:modified_time\" content=\"2025-09-14T17:13:48+00:00\" \/>\n<meta name=\"twitter:card\" content=\"summary_large_image\" \/>\n<script type=\"application\/ld+json\" class=\"yoast-schema-graph\">{\"@context\":\"https:\/\/schema.org\",\"@graph\":[{\"@type\":\"WebPage\",\"@id\":\"https:\/\/mostbet.tips\/cs\/aviator\/\",\"url\":\"https:\/\/mostbet.tips\/cs\/aviator\/\",\"name\":\"Mostbet Aviator | P\u0159ehled, tipy ke h\u0159e a lukrativn\u00ed bonusy\",\"isPartOf\":{\"@id\":\"https:\/\/mostbet.tips\/cs\/#website\"},\"datePublished\":\"2025-08-18T05:53:22+00:00\",\"dateModified\":\"2025-09-14T17:13:48+00:00\",\"description\":\"Hrajte Mostbet Aviator a za\u017eijte vzru\u0161en\u00ed ze s\u00e1zen\u00ed! S jednoduch\u00fdmi pravidly, rychl\u00fdmi v\u00fdplatami a \u0161anc\u00ed vyhr\u00e1t a\u017e 100n\u00e1sobek. Nau\u010dte se tajemstv\u00ed, strategie a bonusy pro \u00fasp\u011b\u0161nou hru.\",\"breadcrumb\":{\"@id\":\"https:\/\/mostbet.tips\/cs\/aviator\/#breadcrumb\"},\"inLanguage\":\"cs\",\"potentialAction\":[{\"@type\":\"ReadAction\",\"target\":[\"https:\/\/mostbet.tips\/cs\/aviator\/\"]}]},{\"@type\":\"BreadcrumbList\",\"@id\":\"https:\/\/mostbet.tips\/cs\/aviator\/#breadcrumb\",\"itemListElement\":[{\"@type\":\"ListItem\",\"position\":1,\"name\":\"Home\",\"item\":\"https:\/\/mostbet.tips\/cs\/\"},{\"@type\":\"ListItem\",\"position\":2,\"name\":\"Aviator\"}]},{\"@type\":\"WebSite\",\"@id\":\"https:\/\/mostbet.tips\/cs\/#website\",\"url\":\"https:\/\/mostbet.tips\/cs\/\",\"name\":\"Mostbet CS\",\"description\":\"My WordPress Blog\",\"potentialAction\":[{\"@type\":\"SearchAction\",\"target\":{\"@type\":\"EntryPoint\",\"urlTemplate\":\"https:\/\/mostbet.tips\/cs\/?s={search_term_string}\"},\"query-input\":\"required name=search_term_string\"}],\"inLanguage\":\"cs\"}]}<\/script>\n<!-- \/ Yoast SEO plugin. -->","yoast_head_json":{"title":"Mostbet Aviator | P\u0159ehled, tipy ke h\u0159e a lukrativn\u00ed bonusy","description":"Hrajte Mostbet Aviator a za\u017eijte vzru\u0161en\u00ed ze s\u00e1zen\u00ed! S jednoduch\u00fdmi pravidly, rychl\u00fdmi v\u00fdplatami a \u0161anc\u00ed vyhr\u00e1t a\u017e 100n\u00e1sobek. Nau\u010dte se tajemstv\u00ed, strategie a bonusy pro \u00fasp\u011b\u0161nou hru.","robots":{"index":"index","follow":"follow","max-snippet":"max-snippet:-1","max-image-preview":"max-image-preview:large","max-video-preview":"max-video-preview:-1"},"og_locale":"cs_CZ","og_type":"article","og_title":"Mostbet Aviator | P\u0159ehled, tipy ke h\u0159e a lukrativn\u00ed bonusy","og_description":"Hrajte Mostbet Aviator a za\u017eijte vzru\u0161en\u00ed ze s\u00e1zen\u00ed! S jednoduch\u00fdmi pravidly, rychl\u00fdmi v\u00fdplatami a \u0161anc\u00ed vyhr\u00e1t a\u017e 100n\u00e1sobek. Nau\u010dte se tajemstv\u00ed, strategie a bonusy pro \u00fasp\u011b\u0161nou hru.","og_url":"https:\/\/mostbet.tips\/cs\/aviator\/","og_site_name":"Mostbet CS","article_modified_time":"2025-09-14T17:13:48+00:00","twitter_card":"summary_large_image","schema":{"@context":"https:\/\/schema.org","@graph":[{"@type":"WebPage","@id":"https:\/\/mostbet.tips\/cs\/aviator\/","url":"https:\/\/mostbet.tips\/cs\/aviator\/","name":"Mostbet Aviator | P\u0159ehled, tipy ke h\u0159e a lukrativn\u00ed bonusy","isPartOf":{"@id":"https:\/\/mostbet.tips\/cs\/#website"},"datePublished":"2025-08-18T05:53:22+00:00","dateModified":"2025-09-14T17:13:48+00:00","description":"Hrajte Mostbet Aviator a za\u017eijte vzru\u0161en\u00ed ze s\u00e1zen\u00ed! S jednoduch\u00fdmi pravidly, rychl\u00fdmi v\u00fdplatami a \u0161anc\u00ed vyhr\u00e1t a\u017e 100n\u00e1sobek. Nau\u010dte se tajemstv\u00ed, strategie a bonusy pro \u00fasp\u011b\u0161nou hru.","breadcrumb":{"@id":"https:\/\/mostbet.tips\/cs\/aviator\/#breadcrumb"},"inLanguage":"cs","potentialAction":[{"@type":"ReadAction","target":["https:\/\/mostbet.tips\/cs\/aviator\/"]}]},{"@type":"BreadcrumbList","@id":"https:\/\/mostbet.tips\/cs\/aviator\/#breadcrumb","itemListElement":[{"@type":"ListItem","position":1,"name":"Home","item":"https:\/\/mostbet.tips\/cs\/"},{"@type":"ListItem","position":2,"name":"Aviator"}]},{"@type":"WebSite","@id":"https:\/\/mostbet.tips\/cs\/#website","url":"https:\/\/mostbet.tips\/cs\/","name":"Mostbet CS","description":"My WordPress Blog","potentialAction":[{"@type":"SearchAction","target":{"@type":"EntryPoint","urlTemplate":"https:\/\/mostbet.tips\/cs\/?s={search_term_string}"},"query-input":"required name=search_term_string"}],"inLanguage":"cs"}]}},"_links":{"self":[{"href":"https:\/\/mostbet.tips\/cs\/wp-json\/wp\/v2\/pages\/482"}],"collection":[{"href":"https:\/\/mostbet.tips\/cs\/wp-json\/wp\/v2\/pages"}],"about":[{"href":"https:\/\/mostbet.tips\/cs\/wp-json\/wp\/v2\/types\/page"}],"author":[{"embeddable":true,"href":"https:\/\/mostbet.tips\/cs\/wp-json\/wp\/v2\/users\/1"}],"replies":[{"embeddable":true,"href":"https:\/\/mostbet.tips\/cs\/wp-json\/wp\/v2\/comments?post=482"}],"version-history":[{"count":2,"href":"https:\/\/mostbet.tips\/cs\/wp-json\/wp\/v2\/pages\/482\/revisions"}],"predecessor-version":[{"id":512,"href":"https:\/\/mostbet.tips\/cs\/wp-json\/wp\/v2\/pages\/482\/revisions\/512"}],"wp:attachment":[{"href":"https:\/\/mostbet.tips\/cs\/wp-json\/wp\/v2\/media?parent=482"}],"curies":[{"name":"wp","href":"https:\/\/api.w.org\/{rel}","templated":true}]}}