{"id":397,"date":"2025-06-30T12:38:13","date_gmt":"2025-06-30T12:38:13","guid":{"rendered":"https:\/\/mostbet.tips\/?page_id=397"},"modified":"2025-09-14T17:23:36","modified_gmt":"2025-09-14T17:23:36","slug":"no-risk","status":"publish","type":"page","link":"https:\/\/mostbet.tips\/cs\/bonus\/no-risk\/","title":{"rendered":"S\u00e1zka bez rizika"},"content":{"rendered":"","protected":false},"excerpt":{"rendered":"","protected":false},"author":1,"featured_media":0,"parent":152,"menu_order":0,"comment_status":"closed","ping_status":"closed","template":"","meta":{"footnotes":""},"yoast_head":"<!-- This site is optimized with the Yoast SEO plugin v23.0 - https:\/\/yoast.com\/wordpress\/plugins\/seo\/ -->\n<title>Mostbet s\u00e1zka bez rizika \u1409 100% kompenzace ztr\u00e1ty!<\/title>\n<meta name=\"description\" content=\"Mostbet nab\u00edz\u00ed s\u00e1zen\u00ed bez rizika! Z\u00edskejte 100% kompenzaci za prohran\u00e9 s\u00e1zky na vybran\u00e9 ud\u00e1losti. Zjist\u011bte, jak se z\u00fa\u010dastnit t\u00e9to exkluzivn\u00ed akce a zapome\u0148te na prohry!\" \/>\n<meta name=\"robots\" content=\"index, follow, max-snippet:-1, max-image-preview:large, max-video-preview:-1\" \/>\n<meta property=\"og:locale\" content=\"cs_CZ\" \/>\n<meta property=\"og:type\" content=\"article\" \/>\n<meta property=\"og:title\" content=\"Mostbet s\u00e1zka bez rizika \u1409 100% kompenzace ztr\u00e1ty!\" \/>\n<meta property=\"og:description\" content=\"Mostbet nab\u00edz\u00ed s\u00e1zen\u00ed bez rizika! Z\u00edskejte 100% kompenzaci za prohran\u00e9 s\u00e1zky na vybran\u00e9 ud\u00e1losti. Zjist\u011bte, jak se z\u00fa\u010dastnit t\u00e9to exkluzivn\u00ed akce a zapome\u0148te na prohry!\" \/>\n<meta property=\"og:url\" content=\"https:\/\/mostbet.tips\/cs\/bonus\/no-risk\/\" \/>\n<meta property=\"og:site_name\" content=\"Mostbet CS\" \/>\n<meta property=\"article:modified_time\" content=\"2025-09-14T17:23:36+00:00\" \/>\n<meta name=\"twitter:card\" content=\"summary_large_image\" \/>\n<script type=\"application\/ld+json\" class=\"yoast-schema-graph\">{\"@context\":\"https:\/\/schema.org\",\"@graph\":[{\"@type\":\"WebPage\",\"@id\":\"https:\/\/mostbet.tips\/cs\/bonus\/no-risk\/\",\"url\":\"https:\/\/mostbet.tips\/cs\/bonus\/no-risk\/\",\"name\":\"Mostbet s\u00e1zka bez rizika \u1409 100% kompenzace ztr\u00e1ty!\",\"isPartOf\":{\"@id\":\"https:\/\/mostbet.tips\/cs\/#website\"},\"datePublished\":\"2025-06-30T12:38:13+00:00\",\"dateModified\":\"2025-09-14T17:23:36+00:00\",\"description\":\"Mostbet nab\u00edz\u00ed s\u00e1zen\u00ed bez rizika! Z\u00edskejte 100% kompenzaci za prohran\u00e9 s\u00e1zky na vybran\u00e9 ud\u00e1losti. Zjist\u011bte, jak se z\u00fa\u010dastnit t\u00e9to exkluzivn\u00ed akce a zapome\u0148te na prohry!\",\"breadcrumb\":{\"@id\":\"https:\/\/mostbet.tips\/cs\/bonus\/no-risk\/#breadcrumb\"},\"inLanguage\":\"cs\",\"potentialAction\":[{\"@type\":\"ReadAction\",\"target\":[\"https:\/\/mostbet.tips\/cs\/bonus\/no-risk\/\"]}]},{\"@type\":\"BreadcrumbList\",\"@id\":\"https:\/\/mostbet.tips\/cs\/bonus\/no-risk\/#breadcrumb\",\"itemListElement\":[{\"@type\":\"ListItem\",\"position\":1,\"name\":\"Home\",\"item\":\"https:\/\/mostbet.tips\/cs\/\"},{\"@type\":\"ListItem\",\"position\":2,\"name\":\"Bonus\",\"item\":\"https:\/\/mostbet.tips\/cs\/bonus\/\"},{\"@type\":\"ListItem\",\"position\":3,\"name\":\"S\u00e1zka bez rizika\"}]},{\"@type\":\"WebSite\",\"@id\":\"https:\/\/mostbet.tips\/cs\/#website\",\"url\":\"https:\/\/mostbet.tips\/cs\/\",\"name\":\"Mostbet CS\",\"description\":\"My WordPress Blog\",\"potentialAction\":[{\"@type\":\"SearchAction\",\"target\":{\"@type\":\"EntryPoint\",\"urlTemplate\":\"https:\/\/mostbet.tips\/cs\/?s={search_term_string}\"},\"query-input\":\"required name=search_term_string\"}],\"inLanguage\":\"cs\"}]}<\/script>\n<!-- \/ Yoast SEO plugin. -->","yoast_head_json":{"title":"Mostbet s\u00e1zka bez rizika \u1409 100% kompenzace ztr\u00e1ty!","description":"Mostbet nab\u00edz\u00ed s\u00e1zen\u00ed bez rizika! Z\u00edskejte 100% kompenzaci za prohran\u00e9 s\u00e1zky na vybran\u00e9 ud\u00e1losti. Zjist\u011bte, jak se z\u00fa\u010dastnit t\u00e9to exkluzivn\u00ed akce a zapome\u0148te na prohry!","robots":{"index":"index","follow":"follow","max-snippet":"max-snippet:-1","max-image-preview":"max-image-preview:large","max-video-preview":"max-video-preview:-1"},"og_locale":"cs_CZ","og_type":"article","og_title":"Mostbet s\u00e1zka bez rizika \u1409 100% kompenzace ztr\u00e1ty!","og_description":"Mostbet nab\u00edz\u00ed s\u00e1zen\u00ed bez rizika! Z\u00edskejte 100% kompenzaci za prohran\u00e9 s\u00e1zky na vybran\u00e9 ud\u00e1losti. Zjist\u011bte, jak se z\u00fa\u010dastnit t\u00e9to exkluzivn\u00ed akce a zapome\u0148te na prohry!","og_url":"https:\/\/mostbet.tips\/cs\/bonus\/no-risk\/","og_site_name":"Mostbet CS","article_modified_time":"2025-09-14T17:23:36+00:00","twitter_card":"summary_large_image","schema":{"@context":"https:\/\/schema.org","@graph":[{"@type":"WebPage","@id":"https:\/\/mostbet.tips\/cs\/bonus\/no-risk\/","url":"https:\/\/mostbet.tips\/cs\/bonus\/no-risk\/","name":"Mostbet s\u00e1zka bez rizika \u1409 100% kompenzace ztr\u00e1ty!","isPartOf":{"@id":"https:\/\/mostbet.tips\/cs\/#website"},"datePublished":"2025-06-30T12:38:13+00:00","dateModified":"2025-09-14T17:23:36+00:00","description":"Mostbet nab\u00edz\u00ed s\u00e1zen\u00ed bez rizika! Z\u00edskejte 100% kompenzaci za prohran\u00e9 s\u00e1zky na vybran\u00e9 ud\u00e1losti. Zjist\u011bte, jak se z\u00fa\u010dastnit t\u00e9to exkluzivn\u00ed akce a zapome\u0148te na prohry!","breadcrumb":{"@id":"https:\/\/mostbet.tips\/cs\/bonus\/no-risk\/#breadcrumb"},"inLanguage":"cs","potentialAction":[{"@type":"ReadAction","target":["https:\/\/mostbet.tips\/cs\/bonus\/no-risk\/"]}]},{"@type":"BreadcrumbList","@id":"https:\/\/mostbet.tips\/cs\/bonus\/no-risk\/#breadcrumb","itemListElement":[{"@type":"ListItem","position":1,"name":"Home","item":"https:\/\/mostbet.tips\/cs\/"},{"@type":"ListItem","position":2,"name":"Bonus","item":"https:\/\/mostbet.tips\/cs\/bonus\/"},{"@type":"ListItem","position":3,"name":"S\u00e1zka bez rizika"}]},{"@type":"WebSite","@id":"https:\/\/mostbet.tips\/cs\/#website","url":"https:\/\/mostbet.tips\/cs\/","name":"Mostbet CS","description":"My WordPress Blog","potentialAction":[{"@type":"SearchAction","target":{"@type":"EntryPoint","urlTemplate":"https:\/\/mostbet.tips\/cs\/?s={search_term_string}"},"query-input":"required name=search_term_string"}],"inLanguage":"cs"}]}},"_links":{"self":[{"href":"https:\/\/mostbet.tips\/cs\/wp-json\/wp\/v2\/pages\/397"}],"collection":[{"href":"https:\/\/mostbet.tips\/cs\/wp-json\/wp\/v2\/pages"}],"about":[{"href":"https:\/\/mostbet.tips\/cs\/wp-json\/wp\/v2\/types\/page"}],"author":[{"embeddable":true,"href":"https:\/\/mostbet.tips\/cs\/wp-json\/wp\/v2\/users\/1"}],"replies":[{"embeddable":true,"href":"https:\/\/mostbet.tips\/cs\/wp-json\/wp\/v2\/comments?post=397"}],"version-history":[{"count":2,"href":"https:\/\/mostbet.tips\/cs\/wp-json\/wp\/v2\/pages\/397\/revisions"}],"predecessor-version":[{"id":519,"href":"https:\/\/mostbet.tips\/cs\/wp-json\/wp\/v2\/pages\/397\/revisions\/519"}],"up":[{"embeddable":true,"href":"https:\/\/mostbet.tips\/cs\/wp-json\/wp\/v2\/pages\/152"}],"wp:attachment":[{"href":"https:\/\/mostbet.tips\/cs\/wp-json\/wp\/v2\/media?parent=397"}],"curies":[{"name":"wp","href":"https:\/\/api.w.org\/{rel}","templated":true}]}}