{"id":389,"date":"2025-06-30T12:13:32","date_gmt":"2025-06-30T12:13:32","guid":{"rendered":"https:\/\/mostbet.tips\/?page_id=389"},"modified":"2025-09-28T07:17:29","modified_gmt":"2025-09-28T07:17:29","slug":"casino-cashback","status":"publish","type":"page","link":"https:\/\/mostbet.tips\/cs\/bonus\/casino-cashback\/","title":{"rendered":"Kasino Cashback"},"content":{"rendered":"","protected":false},"excerpt":{"rendered":"","protected":false},"author":1,"featured_media":0,"parent":152,"menu_order":0,"comment_status":"closed","ping_status":"closed","template":"","meta":{"footnotes":""},"yoast_head":"<!-- This site is optimized with the Yoast SEO plugin v23.0 - https:\/\/yoast.com\/wordpress\/plugins\/seo\/ -->\n<title>Mostbet Kasino Cashback: 10 % zp\u011bt na va\u0161e ztr\u00e1ty na slotech!<\/title>\n<meta name=\"description\" content=\"Ne\u0161\u0165astn\u00e9 s\u00e1zky? Mostbet Kasino v\u00e1m ka\u017ed\u00fd t\u00fdden vr\u00e1t\u00ed a\u017e 10 % va\u0161ich ztr\u00e1t na automatech! Zjist\u011bte, jak z\u00edskat cashback a minimalizovat sv\u00e9 ztr\u00e1ty. Hrajte bez obav s Mostbet!\" \/>\n<meta name=\"robots\" content=\"index, follow, max-snippet:-1, max-image-preview:large, max-video-preview:-1\" \/>\n<meta property=\"og:locale\" content=\"cs_CZ\" \/>\n<meta property=\"og:type\" content=\"article\" \/>\n<meta property=\"og:title\" content=\"Mostbet Kasino Cashback: 10 % zp\u011bt na va\u0161e ztr\u00e1ty na slotech!\" \/>\n<meta property=\"og:description\" content=\"Ne\u0161\u0165astn\u00e9 s\u00e1zky? Mostbet Kasino v\u00e1m ka\u017ed\u00fd t\u00fdden vr\u00e1t\u00ed a\u017e 10 % va\u0161ich ztr\u00e1t na automatech! Zjist\u011bte, jak z\u00edskat cashback a minimalizovat sv\u00e9 ztr\u00e1ty. Hrajte bez obav s Mostbet!\" \/>\n<meta property=\"og:url\" content=\"https:\/\/mostbet.tips\/cs\/bonus\/casino-cashback\/\" \/>\n<meta property=\"og:site_name\" content=\"Mostbet CS\" \/>\n<meta property=\"article:modified_time\" content=\"2025-09-28T07:17:29+00:00\" \/>\n<meta name=\"twitter:card\" content=\"summary_large_image\" \/>\n<script type=\"application\/ld+json\" class=\"yoast-schema-graph\">{\"@context\":\"https:\/\/schema.org\",\"@graph\":[{\"@type\":\"WebPage\",\"@id\":\"https:\/\/mostbet.tips\/cs\/bonus\/casino-cashback\/\",\"url\":\"https:\/\/mostbet.tips\/cs\/bonus\/casino-cashback\/\",\"name\":\"Mostbet Kasino Cashback: 10 % zp\u011bt na va\u0161e ztr\u00e1ty na slotech!\",\"isPartOf\":{\"@id\":\"https:\/\/mostbet.tips\/cs\/#website\"},\"datePublished\":\"2025-06-30T12:13:32+00:00\",\"dateModified\":\"2025-09-28T07:17:29+00:00\",\"description\":\"Ne\u0161\u0165astn\u00e9 s\u00e1zky? Mostbet Kasino v\u00e1m ka\u017ed\u00fd t\u00fdden vr\u00e1t\u00ed a\u017e 10 % va\u0161ich ztr\u00e1t na automatech! Zjist\u011bte, jak z\u00edskat cashback a minimalizovat sv\u00e9 ztr\u00e1ty. Hrajte bez obav s Mostbet!\",\"breadcrumb\":{\"@id\":\"https:\/\/mostbet.tips\/cs\/bonus\/casino-cashback\/#breadcrumb\"},\"inLanguage\":\"cs\",\"potentialAction\":[{\"@type\":\"ReadAction\",\"target\":[\"https:\/\/mostbet.tips\/cs\/bonus\/casino-cashback\/\"]}]},{\"@type\":\"BreadcrumbList\",\"@id\":\"https:\/\/mostbet.tips\/cs\/bonus\/casino-cashback\/#breadcrumb\",\"itemListElement\":[{\"@type\":\"ListItem\",\"position\":1,\"name\":\"Home\",\"item\":\"https:\/\/mostbet.tips\/cs\/\"},{\"@type\":\"ListItem\",\"position\":2,\"name\":\"Bonus\",\"item\":\"https:\/\/mostbet.tips\/cs\/bonus\/\"},{\"@type\":\"ListItem\",\"position\":3,\"name\":\"Kasino Cashback\"}]},{\"@type\":\"WebSite\",\"@id\":\"https:\/\/mostbet.tips\/cs\/#website\",\"url\":\"https:\/\/mostbet.tips\/cs\/\",\"name\":\"Mostbet CS\",\"description\":\"My WordPress Blog\",\"potentialAction\":[{\"@type\":\"SearchAction\",\"target\":{\"@type\":\"EntryPoint\",\"urlTemplate\":\"https:\/\/mostbet.tips\/cs\/?s={search_term_string}\"},\"query-input\":\"required name=search_term_string\"}],\"inLanguage\":\"cs\"}]}<\/script>\n<!-- \/ Yoast SEO plugin. -->","yoast_head_json":{"title":"Mostbet Kasino Cashback: 10 % zp\u011bt na va\u0161e ztr\u00e1ty na slotech!","description":"Ne\u0161\u0165astn\u00e9 s\u00e1zky? Mostbet Kasino v\u00e1m ka\u017ed\u00fd t\u00fdden vr\u00e1t\u00ed a\u017e 10 % va\u0161ich ztr\u00e1t na automatech! Zjist\u011bte, jak z\u00edskat cashback a minimalizovat sv\u00e9 ztr\u00e1ty. Hrajte bez obav s Mostbet!","robots":{"index":"index","follow":"follow","max-snippet":"max-snippet:-1","max-image-preview":"max-image-preview:large","max-video-preview":"max-video-preview:-1"},"og_locale":"cs_CZ","og_type":"article","og_title":"Mostbet Kasino Cashback: 10 % zp\u011bt na va\u0161e ztr\u00e1ty na slotech!","og_description":"Ne\u0161\u0165astn\u00e9 s\u00e1zky? Mostbet Kasino v\u00e1m ka\u017ed\u00fd t\u00fdden vr\u00e1t\u00ed a\u017e 10 % va\u0161ich ztr\u00e1t na automatech! Zjist\u011bte, jak z\u00edskat cashback a minimalizovat sv\u00e9 ztr\u00e1ty. Hrajte bez obav s Mostbet!","og_url":"https:\/\/mostbet.tips\/cs\/bonus\/casino-cashback\/","og_site_name":"Mostbet CS","article_modified_time":"2025-09-28T07:17:29+00:00","twitter_card":"summary_large_image","schema":{"@context":"https:\/\/schema.org","@graph":[{"@type":"WebPage","@id":"https:\/\/mostbet.tips\/cs\/bonus\/casino-cashback\/","url":"https:\/\/mostbet.tips\/cs\/bonus\/casino-cashback\/","name":"Mostbet Kasino Cashback: 10 % zp\u011bt na va\u0161e ztr\u00e1ty na slotech!","isPartOf":{"@id":"https:\/\/mostbet.tips\/cs\/#website"},"datePublished":"2025-06-30T12:13:32+00:00","dateModified":"2025-09-28T07:17:29+00:00","description":"Ne\u0161\u0165astn\u00e9 s\u00e1zky? Mostbet Kasino v\u00e1m ka\u017ed\u00fd t\u00fdden vr\u00e1t\u00ed a\u017e 10 % va\u0161ich ztr\u00e1t na automatech! Zjist\u011bte, jak z\u00edskat cashback a minimalizovat sv\u00e9 ztr\u00e1ty. Hrajte bez obav s Mostbet!","breadcrumb":{"@id":"https:\/\/mostbet.tips\/cs\/bonus\/casino-cashback\/#breadcrumb"},"inLanguage":"cs","potentialAction":[{"@type":"ReadAction","target":["https:\/\/mostbet.tips\/cs\/bonus\/casino-cashback\/"]}]},{"@type":"BreadcrumbList","@id":"https:\/\/mostbet.tips\/cs\/bonus\/casino-cashback\/#breadcrumb","itemListElement":[{"@type":"ListItem","position":1,"name":"Home","item":"https:\/\/mostbet.tips\/cs\/"},{"@type":"ListItem","position":2,"name":"Bonus","item":"https:\/\/mostbet.tips\/cs\/bonus\/"},{"@type":"ListItem","position":3,"name":"Kasino Cashback"}]},{"@type":"WebSite","@id":"https:\/\/mostbet.tips\/cs\/#website","url":"https:\/\/mostbet.tips\/cs\/","name":"Mostbet CS","description":"My WordPress Blog","potentialAction":[{"@type":"SearchAction","target":{"@type":"EntryPoint","urlTemplate":"https:\/\/mostbet.tips\/cs\/?s={search_term_string}"},"query-input":"required name=search_term_string"}],"inLanguage":"cs"}]}},"_links":{"self":[{"href":"https:\/\/mostbet.tips\/cs\/wp-json\/wp\/v2\/pages\/389"}],"collection":[{"href":"https:\/\/mostbet.tips\/cs\/wp-json\/wp\/v2\/pages"}],"about":[{"href":"https:\/\/mostbet.tips\/cs\/wp-json\/wp\/v2\/types\/page"}],"author":[{"embeddable":true,"href":"https:\/\/mostbet.tips\/cs\/wp-json\/wp\/v2\/users\/1"}],"replies":[{"embeddable":true,"href":"https:\/\/mostbet.tips\/cs\/wp-json\/wp\/v2\/comments?post=389"}],"version-history":[{"count":1,"href":"https:\/\/mostbet.tips\/cs\/wp-json\/wp\/v2\/pages\/389\/revisions"}],"predecessor-version":[{"id":516,"href":"https:\/\/mostbet.tips\/cs\/wp-json\/wp\/v2\/pages\/389\/revisions\/516"}],"up":[{"embeddable":true,"href":"https:\/\/mostbet.tips\/cs\/wp-json\/wp\/v2\/pages\/152"}],"wp:attachment":[{"href":"https:\/\/mostbet.tips\/cs\/wp-json\/wp\/v2\/media?parent=389"}],"curies":[{"name":"wp","href":"https:\/\/api.w.org\/{rel}","templated":true}]}}