{"id":383,"date":"2025-06-30T11:19:07","date_gmt":"2025-06-30T11:19:07","guid":{"rendered":"https:\/\/mostbet.tips\/?page_id=376"},"modified":"2025-09-28T07:16:50","modified_gmt":"2025-09-28T07:16:50","slug":"eur-welcome-bonus","status":"publish","type":"page","link":"https:\/\/mostbet.tips\/cs\/bonus\/eur-welcome-bonus\/","title":{"rendered":"V\u00edt\u011bzov\u00e9 Kickstart"},"content":{"rendered":"","protected":false},"excerpt":{"rendered":"","protected":false},"author":1,"featured_media":0,"parent":152,"menu_order":0,"comment_status":"closed","ping_status":"closed","template":"","meta":{"footnotes":""},"yoast_head":"<!-- This site is optimized with the Yoast SEO plugin v23.0 - https:\/\/yoast.com\/wordpress\/plugins\/seo\/ -->\n<title>Mostbet Mega Bonus v CZK | 500 % + 70 s\u00e1zek zdarma na Aviator<\/title>\n<meta name=\"description\" content=\"Bonus Mostbet v eurech: z\u00edskejte a\u017e 500 % k va\u0161emu vkladu, 400 zato\u010den\u00ed zdarma a 70 zato\u010den\u00ed zdarma v h\u0159e Aviator! Zjist\u011bte, jak aktivovat ka\u017ed\u00fd z p\u011bti bonus\u016f a maximalizovat sv\u00e9 v\u00fdhry.\" \/>\n<meta name=\"robots\" content=\"index, follow, max-snippet:-1, max-image-preview:large, max-video-preview:-1\" \/>\n<meta property=\"og:locale\" content=\"cs_CZ\" \/>\n<meta property=\"og:type\" content=\"article\" \/>\n<meta property=\"og:title\" content=\"Mostbet Mega Bonus v CZK | 500 % + 70 s\u00e1zek zdarma na Aviator\" \/>\n<meta property=\"og:description\" content=\"Bonus Mostbet v eurech: z\u00edskejte a\u017e 500 % k va\u0161emu vkladu, 400 zato\u010den\u00ed zdarma a 70 zato\u010den\u00ed zdarma v h\u0159e Aviator! Zjist\u011bte, jak aktivovat ka\u017ed\u00fd z p\u011bti bonus\u016f a maximalizovat sv\u00e9 v\u00fdhry.\" \/>\n<meta property=\"og:url\" content=\"https:\/\/mostbet.tips\/cs\/bonus\/eur-welcome-bonus\/\" \/>\n<meta property=\"og:site_name\" content=\"Mostbet CS\" \/>\n<meta property=\"article:modified_time\" content=\"2025-09-28T07:16:50+00:00\" \/>\n<meta name=\"twitter:card\" content=\"summary_large_image\" \/>\n<script type=\"application\/ld+json\" class=\"yoast-schema-graph\">{\"@context\":\"https:\/\/schema.org\",\"@graph\":[{\"@type\":\"WebPage\",\"@id\":\"https:\/\/mostbet.tips\/cs\/bonus\/eur-welcome-bonus\/\",\"url\":\"https:\/\/mostbet.tips\/cs\/bonus\/eur-welcome-bonus\/\",\"name\":\"Mostbet Mega Bonus v CZK | 500 % + 70 s\u00e1zek zdarma na Aviator\",\"isPartOf\":{\"@id\":\"https:\/\/mostbet.tips\/cs\/#website\"},\"datePublished\":\"2025-06-30T11:19:07+00:00\",\"dateModified\":\"2025-09-28T07:16:50+00:00\",\"description\":\"Bonus Mostbet v eurech: z\u00edskejte a\u017e 500 % k va\u0161emu vkladu, 400 zato\u010den\u00ed zdarma a 70 zato\u010den\u00ed zdarma v h\u0159e Aviator! Zjist\u011bte, jak aktivovat ka\u017ed\u00fd z p\u011bti bonus\u016f a maximalizovat sv\u00e9 v\u00fdhry.\",\"breadcrumb\":{\"@id\":\"https:\/\/mostbet.tips\/cs\/bonus\/eur-welcome-bonus\/#breadcrumb\"},\"inLanguage\":\"cs\",\"potentialAction\":[{\"@type\":\"ReadAction\",\"target\":[\"https:\/\/mostbet.tips\/cs\/bonus\/eur-welcome-bonus\/\"]}]},{\"@type\":\"BreadcrumbList\",\"@id\":\"https:\/\/mostbet.tips\/cs\/bonus\/eur-welcome-bonus\/#breadcrumb\",\"itemListElement\":[{\"@type\":\"ListItem\",\"position\":1,\"name\":\"Home\",\"item\":\"https:\/\/mostbet.tips\/cs\/\"},{\"@type\":\"ListItem\",\"position\":2,\"name\":\"Bonus\",\"item\":\"https:\/\/mostbet.tips\/cs\/bonus\/\"},{\"@type\":\"ListItem\",\"position\":3,\"name\":\"V\u00edt\u011bzov\u00e9 Kickstart\"}]},{\"@type\":\"WebSite\",\"@id\":\"https:\/\/mostbet.tips\/cs\/#website\",\"url\":\"https:\/\/mostbet.tips\/cs\/\",\"name\":\"Mostbet CS\",\"description\":\"My WordPress Blog\",\"potentialAction\":[{\"@type\":\"SearchAction\",\"target\":{\"@type\":\"EntryPoint\",\"urlTemplate\":\"https:\/\/mostbet.tips\/cs\/?s={search_term_string}\"},\"query-input\":\"required name=search_term_string\"}],\"inLanguage\":\"cs\"}]}<\/script>\n<!-- \/ Yoast SEO plugin. -->","yoast_head_json":{"title":"Mostbet Mega Bonus v CZK | 500 % + 70 s\u00e1zek zdarma na Aviator","description":"Bonus Mostbet v eurech: z\u00edskejte a\u017e 500 % k va\u0161emu vkladu, 400 zato\u010den\u00ed zdarma a 70 zato\u010den\u00ed zdarma v h\u0159e Aviator! Zjist\u011bte, jak aktivovat ka\u017ed\u00fd z p\u011bti bonus\u016f a maximalizovat sv\u00e9 v\u00fdhry.","robots":{"index":"index","follow":"follow","max-snippet":"max-snippet:-1","max-image-preview":"max-image-preview:large","max-video-preview":"max-video-preview:-1"},"og_locale":"cs_CZ","og_type":"article","og_title":"Mostbet Mega Bonus v CZK | 500 % + 70 s\u00e1zek zdarma na Aviator","og_description":"Bonus Mostbet v eurech: z\u00edskejte a\u017e 500 % k va\u0161emu vkladu, 400 zato\u010den\u00ed zdarma a 70 zato\u010den\u00ed zdarma v h\u0159e Aviator! Zjist\u011bte, jak aktivovat ka\u017ed\u00fd z p\u011bti bonus\u016f a maximalizovat sv\u00e9 v\u00fdhry.","og_url":"https:\/\/mostbet.tips\/cs\/bonus\/eur-welcome-bonus\/","og_site_name":"Mostbet CS","article_modified_time":"2025-09-28T07:16:50+00:00","twitter_card":"summary_large_image","schema":{"@context":"https:\/\/schema.org","@graph":[{"@type":"WebPage","@id":"https:\/\/mostbet.tips\/cs\/bonus\/eur-welcome-bonus\/","url":"https:\/\/mostbet.tips\/cs\/bonus\/eur-welcome-bonus\/","name":"Mostbet Mega Bonus v CZK | 500 % + 70 s\u00e1zek zdarma na Aviator","isPartOf":{"@id":"https:\/\/mostbet.tips\/cs\/#website"},"datePublished":"2025-06-30T11:19:07+00:00","dateModified":"2025-09-28T07:16:50+00:00","description":"Bonus Mostbet v eurech: z\u00edskejte a\u017e 500 % k va\u0161emu vkladu, 400 zato\u010den\u00ed zdarma a 70 zato\u010den\u00ed zdarma v h\u0159e Aviator! Zjist\u011bte, jak aktivovat ka\u017ed\u00fd z p\u011bti bonus\u016f a maximalizovat sv\u00e9 v\u00fdhry.","breadcrumb":{"@id":"https:\/\/mostbet.tips\/cs\/bonus\/eur-welcome-bonus\/#breadcrumb"},"inLanguage":"cs","potentialAction":[{"@type":"ReadAction","target":["https:\/\/mostbet.tips\/cs\/bonus\/eur-welcome-bonus\/"]}]},{"@type":"BreadcrumbList","@id":"https:\/\/mostbet.tips\/cs\/bonus\/eur-welcome-bonus\/#breadcrumb","itemListElement":[{"@type":"ListItem","position":1,"name":"Home","item":"https:\/\/mostbet.tips\/cs\/"},{"@type":"ListItem","position":2,"name":"Bonus","item":"https:\/\/mostbet.tips\/cs\/bonus\/"},{"@type":"ListItem","position":3,"name":"V\u00edt\u011bzov\u00e9 Kickstart"}]},{"@type":"WebSite","@id":"https:\/\/mostbet.tips\/cs\/#website","url":"https:\/\/mostbet.tips\/cs\/","name":"Mostbet CS","description":"My WordPress Blog","potentialAction":[{"@type":"SearchAction","target":{"@type":"EntryPoint","urlTemplate":"https:\/\/mostbet.tips\/cs\/?s={search_term_string}"},"query-input":"required name=search_term_string"}],"inLanguage":"cs"}]}},"_links":{"self":[{"href":"https:\/\/mostbet.tips\/cs\/wp-json\/wp\/v2\/pages\/383"}],"collection":[{"href":"https:\/\/mostbet.tips\/cs\/wp-json\/wp\/v2\/pages"}],"about":[{"href":"https:\/\/mostbet.tips\/cs\/wp-json\/wp\/v2\/types\/page"}],"author":[{"embeddable":true,"href":"https:\/\/mostbet.tips\/cs\/wp-json\/wp\/v2\/users\/1"}],"replies":[{"embeddable":true,"href":"https:\/\/mostbet.tips\/cs\/wp-json\/wp\/v2\/comments?post=383"}],"version-history":[{"count":2,"href":"https:\/\/mostbet.tips\/cs\/wp-json\/wp\/v2\/pages\/383\/revisions"}],"predecessor-version":[{"id":533,"href":"https:\/\/mostbet.tips\/cs\/wp-json\/wp\/v2\/pages\/383\/revisions\/533"}],"up":[{"embeddable":true,"href":"https:\/\/mostbet.tips\/cs\/wp-json\/wp\/v2\/pages\/152"}],"wp:attachment":[{"href":"https:\/\/mostbet.tips\/cs\/wp-json\/wp\/v2\/media?parent=383"}],"curies":[{"name":"wp","href":"https:\/\/api.w.org\/{rel}","templated":true}]}}