{"id":308,"date":"2025-04-28T17:40:04","date_gmt":"2025-04-28T17:40:04","guid":{"rendered":"https:\/\/mostbet.tips\/cs\/?page_id=308"},"modified":"2025-05-23T04:53:44","modified_gmt":"2025-05-23T04:53:44","slug":"login","status":"publish","type":"page","link":"https:\/\/mostbet.tips\/cs\/login\/","title":{"rendered":"P\u0159ihl\u00e1\u0161en\u00ed"},"content":{"rendered":"","protected":false},"excerpt":{"rendered":"","protected":false},"author":1,"featured_media":0,"parent":0,"menu_order":0,"comment_status":"closed","ping_status":"closed","template":"","meta":{"footnotes":""},"yoast_head":"<!-- This site is optimized with the Yoast SEO plugin v23.0 - https:\/\/yoast.com\/wordpress\/plugins\/seo\/ -->\n<title>Mostbet Access | Jednoduch\u00e9 p\u0159ihl\u00e1\u0161en\u00ed pro online hazardn\u00ed hry<\/title>\n<meta name=\"description\" content=\"Mostbet poskytuje nep\u0159etr\u017eit\u00fd p\u0159\u00edstup k \u0159ad\u011b online hazardn\u00edch her. Snadn\u00fd pr\u016fvodce p\u0159ihl\u00e1\u0161en\u00edm v\u00e1m uk\u00e1\u017ee, jak se p\u0159ihl\u00e1sit z jak\u00e9hokoli za\u0159\u00edzen\u00ed. Zaregistrujte se nyn\u00ed!\" \/>\n<meta name=\"robots\" content=\"index, follow, max-snippet:-1, max-image-preview:large, max-video-preview:-1\" \/>\n<meta property=\"og:locale\" content=\"cs_CZ\" \/>\n<meta property=\"og:type\" content=\"article\" \/>\n<meta property=\"og:title\" content=\"Mostbet Access | Jednoduch\u00e9 p\u0159ihl\u00e1\u0161en\u00ed pro online hazardn\u00ed hry\" \/>\n<meta property=\"og:description\" content=\"Mostbet poskytuje nep\u0159etr\u017eit\u00fd p\u0159\u00edstup k \u0159ad\u011b online hazardn\u00edch her. Snadn\u00fd pr\u016fvodce p\u0159ihl\u00e1\u0161en\u00edm v\u00e1m uk\u00e1\u017ee, jak se p\u0159ihl\u00e1sit z jak\u00e9hokoli za\u0159\u00edzen\u00ed. Zaregistrujte se nyn\u00ed!\" \/>\n<meta property=\"og:url\" content=\"https:\/\/mostbet.tips\/cs\/login\/\" \/>\n<meta property=\"og:site_name\" content=\"Mostbet CS\" \/>\n<meta property=\"article:modified_time\" content=\"2025-05-23T04:53:44+00:00\" \/>\n<meta name=\"twitter:card\" content=\"summary_large_image\" \/>\n<script type=\"application\/ld+json\" class=\"yoast-schema-graph\">{\"@context\":\"https:\/\/schema.org\",\"@graph\":[{\"@type\":\"WebPage\",\"@id\":\"https:\/\/mostbet.tips\/cs\/login\/\",\"url\":\"https:\/\/mostbet.tips\/cs\/login\/\",\"name\":\"Mostbet Access | Jednoduch\u00e9 p\u0159ihl\u00e1\u0161en\u00ed pro online hazardn\u00ed hry\",\"isPartOf\":{\"@id\":\"https:\/\/mostbet.tips\/cs\/#website\"},\"datePublished\":\"2025-04-28T17:40:04+00:00\",\"dateModified\":\"2025-05-23T04:53:44+00:00\",\"description\":\"Mostbet poskytuje nep\u0159etr\u017eit\u00fd p\u0159\u00edstup k \u0159ad\u011b online hazardn\u00edch her. Snadn\u00fd pr\u016fvodce p\u0159ihl\u00e1\u0161en\u00edm v\u00e1m uk\u00e1\u017ee, jak se p\u0159ihl\u00e1sit z jak\u00e9hokoli za\u0159\u00edzen\u00ed. Zaregistrujte se nyn\u00ed!\",\"breadcrumb\":{\"@id\":\"https:\/\/mostbet.tips\/cs\/login\/#breadcrumb\"},\"inLanguage\":\"cs\",\"potentialAction\":[{\"@type\":\"ReadAction\",\"target\":[\"https:\/\/mostbet.tips\/cs\/login\/\"]}]},{\"@type\":\"BreadcrumbList\",\"@id\":\"https:\/\/mostbet.tips\/cs\/login\/#breadcrumb\",\"itemListElement\":[{\"@type\":\"ListItem\",\"position\":1,\"name\":\"Home\",\"item\":\"https:\/\/mostbet.tips\/cs\/\"},{\"@type\":\"ListItem\",\"position\":2,\"name\":\"P\u0159ihl\u00e1\u0161en\u00ed\"}]},{\"@type\":\"WebSite\",\"@id\":\"https:\/\/mostbet.tips\/cs\/#website\",\"url\":\"https:\/\/mostbet.tips\/cs\/\",\"name\":\"Mostbet CS\",\"description\":\"My WordPress Blog\",\"potentialAction\":[{\"@type\":\"SearchAction\",\"target\":{\"@type\":\"EntryPoint\",\"urlTemplate\":\"https:\/\/mostbet.tips\/cs\/?s={search_term_string}\"},\"query-input\":\"required name=search_term_string\"}],\"inLanguage\":\"cs\"}]}<\/script>\n<!-- \/ Yoast SEO plugin. -->","yoast_head_json":{"title":"Mostbet Access | Jednoduch\u00e9 p\u0159ihl\u00e1\u0161en\u00ed pro online hazardn\u00ed hry","description":"Mostbet poskytuje nep\u0159etr\u017eit\u00fd p\u0159\u00edstup k \u0159ad\u011b online hazardn\u00edch her. Snadn\u00fd pr\u016fvodce p\u0159ihl\u00e1\u0161en\u00edm v\u00e1m uk\u00e1\u017ee, jak se p\u0159ihl\u00e1sit z jak\u00e9hokoli za\u0159\u00edzen\u00ed. Zaregistrujte se nyn\u00ed!","robots":{"index":"index","follow":"follow","max-snippet":"max-snippet:-1","max-image-preview":"max-image-preview:large","max-video-preview":"max-video-preview:-1"},"og_locale":"cs_CZ","og_type":"article","og_title":"Mostbet Access | Jednoduch\u00e9 p\u0159ihl\u00e1\u0161en\u00ed pro online hazardn\u00ed hry","og_description":"Mostbet poskytuje nep\u0159etr\u017eit\u00fd p\u0159\u00edstup k \u0159ad\u011b online hazardn\u00edch her. Snadn\u00fd pr\u016fvodce p\u0159ihl\u00e1\u0161en\u00edm v\u00e1m uk\u00e1\u017ee, jak se p\u0159ihl\u00e1sit z jak\u00e9hokoli za\u0159\u00edzen\u00ed. Zaregistrujte se nyn\u00ed!","og_url":"https:\/\/mostbet.tips\/cs\/login\/","og_site_name":"Mostbet CS","article_modified_time":"2025-05-23T04:53:44+00:00","twitter_card":"summary_large_image","schema":{"@context":"https:\/\/schema.org","@graph":[{"@type":"WebPage","@id":"https:\/\/mostbet.tips\/cs\/login\/","url":"https:\/\/mostbet.tips\/cs\/login\/","name":"Mostbet Access | Jednoduch\u00e9 p\u0159ihl\u00e1\u0161en\u00ed pro online hazardn\u00ed hry","isPartOf":{"@id":"https:\/\/mostbet.tips\/cs\/#website"},"datePublished":"2025-04-28T17:40:04+00:00","dateModified":"2025-05-23T04:53:44+00:00","description":"Mostbet poskytuje nep\u0159etr\u017eit\u00fd p\u0159\u00edstup k \u0159ad\u011b online hazardn\u00edch her. Snadn\u00fd pr\u016fvodce p\u0159ihl\u00e1\u0161en\u00edm v\u00e1m uk\u00e1\u017ee, jak se p\u0159ihl\u00e1sit z jak\u00e9hokoli za\u0159\u00edzen\u00ed. Zaregistrujte se nyn\u00ed!","breadcrumb":{"@id":"https:\/\/mostbet.tips\/cs\/login\/#breadcrumb"},"inLanguage":"cs","potentialAction":[{"@type":"ReadAction","target":["https:\/\/mostbet.tips\/cs\/login\/"]}]},{"@type":"BreadcrumbList","@id":"https:\/\/mostbet.tips\/cs\/login\/#breadcrumb","itemListElement":[{"@type":"ListItem","position":1,"name":"Home","item":"https:\/\/mostbet.tips\/cs\/"},{"@type":"ListItem","position":2,"name":"P\u0159ihl\u00e1\u0161en\u00ed"}]},{"@type":"WebSite","@id":"https:\/\/mostbet.tips\/cs\/#website","url":"https:\/\/mostbet.tips\/cs\/","name":"Mostbet CS","description":"My WordPress Blog","potentialAction":[{"@type":"SearchAction","target":{"@type":"EntryPoint","urlTemplate":"https:\/\/mostbet.tips\/cs\/?s={search_term_string}"},"query-input":"required name=search_term_string"}],"inLanguage":"cs"}]}},"_links":{"self":[{"href":"https:\/\/mostbet.tips\/cs\/wp-json\/wp\/v2\/pages\/308"}],"collection":[{"href":"https:\/\/mostbet.tips\/cs\/wp-json\/wp\/v2\/pages"}],"about":[{"href":"https:\/\/mostbet.tips\/cs\/wp-json\/wp\/v2\/types\/page"}],"author":[{"embeddable":true,"href":"https:\/\/mostbet.tips\/cs\/wp-json\/wp\/v2\/users\/1"}],"replies":[{"embeddable":true,"href":"https:\/\/mostbet.tips\/cs\/wp-json\/wp\/v2\/comments?post=308"}],"version-history":[{"count":12,"href":"https:\/\/mostbet.tips\/cs\/wp-json\/wp\/v2\/pages\/308\/revisions"}],"predecessor-version":[{"id":368,"href":"https:\/\/mostbet.tips\/cs\/wp-json\/wp\/v2\/pages\/308\/revisions\/368"}],"wp:attachment":[{"href":"https:\/\/mostbet.tips\/cs\/wp-json\/wp\/v2\/media?parent=308"}],"curies":[{"name":"wp","href":"https:\/\/api.w.org\/{rel}","templated":true}]}}