{"id":228,"date":"2025-04-23T17:32:34","date_gmt":"2025-04-23T17:32:34","guid":{"rendered":"https:\/\/mostbet.tips\/cs\/?page_id=228"},"modified":"2025-05-23T04:47:40","modified_gmt":"2025-05-23T04:47:40","slug":"casino","status":"publish","type":"page","link":"https:\/\/mostbet.tips\/cs\/casino\/","title":{"rendered":"Kasino"},"content":{"rendered":"","protected":false},"excerpt":{"rendered":"","protected":false},"author":1,"featured_media":0,"parent":0,"menu_order":0,"comment_status":"closed","ping_status":"closed","template":"","meta":{"footnotes":""},"yoast_head":"<!-- This site is optimized with the Yoast SEO plugin v23.0 - https:\/\/yoast.com\/wordpress\/plugins\/seo\/ -->\n<title>Mostbet Kasino \u2705 Va\u0161e nejlep\u0161\u00ed volba pro online hazardn\u00ed hry<\/title>\n<meta name=\"description\" content=\"Mostbet Casino: v\u00e1\u0161 d\u016fv\u011bryhodn\u00fd partner ve sv\u011bt\u011b online hazardn\u00edch her. Pono\u0159te se do historie hazardn\u00edch her a u\u017e\u00edvejte si v\u00fdhod hran\u00ed v Mostbet Casino.\" \/>\n<meta name=\"robots\" content=\"index, follow, max-snippet:-1, max-image-preview:large, max-video-preview:-1\" \/>\n<meta property=\"og:locale\" content=\"cs_CZ\" \/>\n<meta property=\"og:type\" content=\"article\" \/>\n<meta property=\"og:title\" content=\"Mostbet Kasino \u2705 Va\u0161e nejlep\u0161\u00ed volba pro online hazardn\u00ed hry\" \/>\n<meta property=\"og:description\" content=\"Mostbet Casino: v\u00e1\u0161 d\u016fv\u011bryhodn\u00fd partner ve sv\u011bt\u011b online hazardn\u00edch her. Pono\u0159te se do historie hazardn\u00edch her a u\u017e\u00edvejte si v\u00fdhod hran\u00ed v Mostbet Casino.\" \/>\n<meta property=\"og:url\" content=\"https:\/\/mostbet.tips\/cs\/casino\/\" \/>\n<meta property=\"og:site_name\" content=\"Mostbet CS\" \/>\n<meta property=\"article:modified_time\" content=\"2025-05-23T04:47:40+00:00\" \/>\n<meta name=\"twitter:card\" content=\"summary_large_image\" \/>\n<script type=\"application\/ld+json\" class=\"yoast-schema-graph\">{\"@context\":\"https:\/\/schema.org\",\"@graph\":[{\"@type\":\"WebPage\",\"@id\":\"https:\/\/mostbet.tips\/cs\/casino\/\",\"url\":\"https:\/\/mostbet.tips\/cs\/casino\/\",\"name\":\"Mostbet Kasino \u2705 Va\u0161e nejlep\u0161\u00ed volba pro online hazardn\u00ed hry\",\"isPartOf\":{\"@id\":\"https:\/\/mostbet.tips\/cs\/#website\"},\"datePublished\":\"2025-04-23T17:32:34+00:00\",\"dateModified\":\"2025-05-23T04:47:40+00:00\",\"description\":\"Mostbet Casino: v\u00e1\u0161 d\u016fv\u011bryhodn\u00fd partner ve sv\u011bt\u011b online hazardn\u00edch her. Pono\u0159te se do historie hazardn\u00edch her a u\u017e\u00edvejte si v\u00fdhod hran\u00ed v Mostbet Casino.\",\"breadcrumb\":{\"@id\":\"https:\/\/mostbet.tips\/cs\/casino\/#breadcrumb\"},\"inLanguage\":\"cs\",\"potentialAction\":[{\"@type\":\"ReadAction\",\"target\":[\"https:\/\/mostbet.tips\/cs\/casino\/\"]}]},{\"@type\":\"BreadcrumbList\",\"@id\":\"https:\/\/mostbet.tips\/cs\/casino\/#breadcrumb\",\"itemListElement\":[{\"@type\":\"ListItem\",\"position\":1,\"name\":\"Home\",\"item\":\"https:\/\/mostbet.tips\/cs\/\"},{\"@type\":\"ListItem\",\"position\":2,\"name\":\"Kasino\"}]},{\"@type\":\"WebSite\",\"@id\":\"https:\/\/mostbet.tips\/cs\/#website\",\"url\":\"https:\/\/mostbet.tips\/cs\/\",\"name\":\"Mostbet CS\",\"description\":\"My WordPress Blog\",\"potentialAction\":[{\"@type\":\"SearchAction\",\"target\":{\"@type\":\"EntryPoint\",\"urlTemplate\":\"https:\/\/mostbet.tips\/cs\/?s={search_term_string}\"},\"query-input\":\"required name=search_term_string\"}],\"inLanguage\":\"cs\"}]}<\/script>\n<!-- \/ Yoast SEO plugin. -->","yoast_head_json":{"title":"Mostbet Kasino \u2705 Va\u0161e nejlep\u0161\u00ed volba pro online hazardn\u00ed hry","description":"Mostbet Casino: v\u00e1\u0161 d\u016fv\u011bryhodn\u00fd partner ve sv\u011bt\u011b online hazardn\u00edch her. Pono\u0159te se do historie hazardn\u00edch her a u\u017e\u00edvejte si v\u00fdhod hran\u00ed v Mostbet Casino.","robots":{"index":"index","follow":"follow","max-snippet":"max-snippet:-1","max-image-preview":"max-image-preview:large","max-video-preview":"max-video-preview:-1"},"og_locale":"cs_CZ","og_type":"article","og_title":"Mostbet Kasino \u2705 Va\u0161e nejlep\u0161\u00ed volba pro online hazardn\u00ed hry","og_description":"Mostbet Casino: v\u00e1\u0161 d\u016fv\u011bryhodn\u00fd partner ve sv\u011bt\u011b online hazardn\u00edch her. Pono\u0159te se do historie hazardn\u00edch her a u\u017e\u00edvejte si v\u00fdhod hran\u00ed v Mostbet Casino.","og_url":"https:\/\/mostbet.tips\/cs\/casino\/","og_site_name":"Mostbet CS","article_modified_time":"2025-05-23T04:47:40+00:00","twitter_card":"summary_large_image","schema":{"@context":"https:\/\/schema.org","@graph":[{"@type":"WebPage","@id":"https:\/\/mostbet.tips\/cs\/casino\/","url":"https:\/\/mostbet.tips\/cs\/casino\/","name":"Mostbet Kasino \u2705 Va\u0161e nejlep\u0161\u00ed volba pro online hazardn\u00ed hry","isPartOf":{"@id":"https:\/\/mostbet.tips\/cs\/#website"},"datePublished":"2025-04-23T17:32:34+00:00","dateModified":"2025-05-23T04:47:40+00:00","description":"Mostbet Casino: v\u00e1\u0161 d\u016fv\u011bryhodn\u00fd partner ve sv\u011bt\u011b online hazardn\u00edch her. Pono\u0159te se do historie hazardn\u00edch her a u\u017e\u00edvejte si v\u00fdhod hran\u00ed v Mostbet Casino.","breadcrumb":{"@id":"https:\/\/mostbet.tips\/cs\/casino\/#breadcrumb"},"inLanguage":"cs","potentialAction":[{"@type":"ReadAction","target":["https:\/\/mostbet.tips\/cs\/casino\/"]}]},{"@type":"BreadcrumbList","@id":"https:\/\/mostbet.tips\/cs\/casino\/#breadcrumb","itemListElement":[{"@type":"ListItem","position":1,"name":"Home","item":"https:\/\/mostbet.tips\/cs\/"},{"@type":"ListItem","position":2,"name":"Kasino"}]},{"@type":"WebSite","@id":"https:\/\/mostbet.tips\/cs\/#website","url":"https:\/\/mostbet.tips\/cs\/","name":"Mostbet CS","description":"My WordPress Blog","potentialAction":[{"@type":"SearchAction","target":{"@type":"EntryPoint","urlTemplate":"https:\/\/mostbet.tips\/cs\/?s={search_term_string}"},"query-input":"required name=search_term_string"}],"inLanguage":"cs"}]}},"_links":{"self":[{"href":"https:\/\/mostbet.tips\/cs\/wp-json\/wp\/v2\/pages\/228"}],"collection":[{"href":"https:\/\/mostbet.tips\/cs\/wp-json\/wp\/v2\/pages"}],"about":[{"href":"https:\/\/mostbet.tips\/cs\/wp-json\/wp\/v2\/types\/page"}],"author":[{"embeddable":true,"href":"https:\/\/mostbet.tips\/cs\/wp-json\/wp\/v2\/users\/1"}],"replies":[{"embeddable":true,"href":"https:\/\/mostbet.tips\/cs\/wp-json\/wp\/v2\/comments?post=228"}],"version-history":[{"count":11,"href":"https:\/\/mostbet.tips\/cs\/wp-json\/wp\/v2\/pages\/228\/revisions"}],"predecessor-version":[{"id":366,"href":"https:\/\/mostbet.tips\/cs\/wp-json\/wp\/v2\/pages\/228\/revisions\/366"}],"wp:attachment":[{"href":"https:\/\/mostbet.tips\/cs\/wp-json\/wp\/v2\/media?parent=228"}],"curies":[{"name":"wp","href":"https:\/\/api.w.org\/{rel}","templated":true}]}}