{"id":2,"date":"2023-05-18T17:18:34","date_gmt":"2023-05-18T17:18:34","guid":{"rendered":"https:\/\/mostbet.tips\/cs\/?page_id=2"},"modified":"2026-01-14T09:56:23","modified_gmt":"2026-01-14T09:56:23","slug":"sample-page","status":"publish","type":"page","link":"https:\/\/mostbet.tips\/cs\/","title":{"rendered":"Home"},"content":{"rendered":"","protected":false},"excerpt":{"rendered":"","protected":false},"author":1,"featured_media":0,"parent":0,"menu_order":0,"comment_status":"closed","ping_status":"open","template":"","meta":{"footnotes":""},"yoast_head":"<!-- This site is optimized with the Yoast SEO plugin v23.0 - https:\/\/yoast.com\/wordpress\/plugins\/seo\/ -->\n<title>MostBet\u2122 \u010cesko \u2013 Sportovn\u00ed s\u00e1zen\u00ed a kurzy na\u017eivo \u2014 2026<\/title>\n<meta name=\"description\" content=\"Most Bet nab\u00edz\u00ed sportovn\u00ed s\u00e1zen\u00ed pro hr\u00e1\u010de v CZ s atraktivn\u00edmi kurzy, s\u00e1zkami na\u017eivo a \u0161irokou nab\u00eddkou fotbalu i dal\u0161\u00edch obl\u00edben\u00fdch sport\u016f.\" \/>\n<meta name=\"robots\" content=\"index, follow, max-snippet:-1, max-image-preview:large, max-video-preview:-1\" \/>\n<meta property=\"og:locale\" content=\"cs_CZ\" \/>\n<meta property=\"og:type\" content=\"article\" \/>\n<meta property=\"og:title\" content=\"MostBet\u2122 \u010cesko \u2013 Sportovn\u00ed s\u00e1zen\u00ed a kurzy na\u017eivo \u2014 2026\" \/>\n<meta property=\"og:description\" content=\"Most Bet nab\u00edz\u00ed sportovn\u00ed s\u00e1zen\u00ed pro hr\u00e1\u010de v CZ s atraktivn\u00edmi kurzy, s\u00e1zkami na\u017eivo a \u0161irokou nab\u00eddkou fotbalu i dal\u0161\u00edch obl\u00edben\u00fdch sport\u016f.\" \/>\n<meta property=\"og:url\" content=\"https:\/\/mostbet.tips\/cs\/\" \/>\n<meta property=\"og:site_name\" content=\"Mostbet CS\" \/>\n<meta property=\"article:modified_time\" content=\"2026-01-14T09:56:23+00:00\" \/>\n<meta name=\"twitter:card\" content=\"summary_large_image\" \/>\n<script type=\"application\/ld+json\" class=\"yoast-schema-graph\">{\"@context\":\"https:\/\/schema.org\",\"@graph\":[{\"@type\":\"WebPage\",\"@id\":\"https:\/\/mostbet.tips\/cs\/\",\"url\":\"https:\/\/mostbet.tips\/cs\/\",\"name\":\"MostBet\u2122 \u010cesko \u2013 Sportovn\u00ed s\u00e1zen\u00ed a kurzy na\u017eivo \u2014 2026\",\"isPartOf\":{\"@id\":\"https:\/\/mostbet.tips\/cs\/#website\"},\"datePublished\":\"2023-05-18T17:18:34+00:00\",\"dateModified\":\"2026-01-14T09:56:23+00:00\",\"description\":\"Most Bet nab\u00edz\u00ed sportovn\u00ed s\u00e1zen\u00ed pro hr\u00e1\u010de v CZ s atraktivn\u00edmi kurzy, s\u00e1zkami na\u017eivo a \u0161irokou nab\u00eddkou fotbalu i dal\u0161\u00edch obl\u00edben\u00fdch sport\u016f.\",\"breadcrumb\":{\"@id\":\"https:\/\/mostbet.tips\/cs\/#breadcrumb\"},\"inLanguage\":\"cs\",\"potentialAction\":[{\"@type\":\"ReadAction\",\"target\":[\"https:\/\/mostbet.tips\/cs\/\"]}]},{\"@type\":\"BreadcrumbList\",\"@id\":\"https:\/\/mostbet.tips\/cs\/#breadcrumb\",\"itemListElement\":[{\"@type\":\"ListItem\",\"position\":1,\"name\":\"Home\",\"item\":\"https:\/\/mostbet.tips\/cs\/\"},{\"@type\":\"ListItem\",\"position\":2,\"name\":\"Home\"}]},{\"@type\":\"WebSite\",\"@id\":\"https:\/\/mostbet.tips\/cs\/#website\",\"url\":\"https:\/\/mostbet.tips\/cs\/\",\"name\":\"Mostbet CS\",\"description\":\"My WordPress Blog\",\"potentialAction\":[{\"@type\":\"SearchAction\",\"target\":{\"@type\":\"EntryPoint\",\"urlTemplate\":\"https:\/\/mostbet.tips\/cs\/?s={search_term_string}\"},\"query-input\":\"required name=search_term_string\"}],\"inLanguage\":\"cs\"}]}<\/script>\n<!-- \/ Yoast SEO plugin. -->","yoast_head_json":{"title":"MostBet\u2122 \u010cesko \u2013 Sportovn\u00ed s\u00e1zen\u00ed a kurzy na\u017eivo \u2014 2026","description":"Most Bet nab\u00edz\u00ed sportovn\u00ed s\u00e1zen\u00ed pro hr\u00e1\u010de v CZ s atraktivn\u00edmi kurzy, s\u00e1zkami na\u017eivo a \u0161irokou nab\u00eddkou fotbalu i dal\u0161\u00edch obl\u00edben\u00fdch sport\u016f.","robots":{"index":"index","follow":"follow","max-snippet":"max-snippet:-1","max-image-preview":"max-image-preview:large","max-video-preview":"max-video-preview:-1"},"og_locale":"cs_CZ","og_type":"article","og_title":"MostBet\u2122 \u010cesko \u2013 Sportovn\u00ed s\u00e1zen\u00ed a kurzy na\u017eivo \u2014 2026","og_description":"Most Bet nab\u00edz\u00ed sportovn\u00ed s\u00e1zen\u00ed pro hr\u00e1\u010de v CZ s atraktivn\u00edmi kurzy, s\u00e1zkami na\u017eivo a \u0161irokou nab\u00eddkou fotbalu i dal\u0161\u00edch obl\u00edben\u00fdch sport\u016f.","og_url":"https:\/\/mostbet.tips\/cs\/","og_site_name":"Mostbet CS","article_modified_time":"2026-01-14T09:56:23+00:00","twitter_card":"summary_large_image","schema":{"@context":"https:\/\/schema.org","@graph":[{"@type":"WebPage","@id":"https:\/\/mostbet.tips\/cs\/","url":"https:\/\/mostbet.tips\/cs\/","name":"MostBet\u2122 \u010cesko \u2013 Sportovn\u00ed s\u00e1zen\u00ed a kurzy na\u017eivo \u2014 2026","isPartOf":{"@id":"https:\/\/mostbet.tips\/cs\/#website"},"datePublished":"2023-05-18T17:18:34+00:00","dateModified":"2026-01-14T09:56:23+00:00","description":"Most Bet nab\u00edz\u00ed sportovn\u00ed s\u00e1zen\u00ed pro hr\u00e1\u010de v CZ s atraktivn\u00edmi kurzy, s\u00e1zkami na\u017eivo a \u0161irokou nab\u00eddkou fotbalu i dal\u0161\u00edch obl\u00edben\u00fdch sport\u016f.","breadcrumb":{"@id":"https:\/\/mostbet.tips\/cs\/#breadcrumb"},"inLanguage":"cs","potentialAction":[{"@type":"ReadAction","target":["https:\/\/mostbet.tips\/cs\/"]}]},{"@type":"BreadcrumbList","@id":"https:\/\/mostbet.tips\/cs\/#breadcrumb","itemListElement":[{"@type":"ListItem","position":1,"name":"Home","item":"https:\/\/mostbet.tips\/cs\/"},{"@type":"ListItem","position":2,"name":"Home"}]},{"@type":"WebSite","@id":"https:\/\/mostbet.tips\/cs\/#website","url":"https:\/\/mostbet.tips\/cs\/","name":"Mostbet CS","description":"My WordPress Blog","potentialAction":[{"@type":"SearchAction","target":{"@type":"EntryPoint","urlTemplate":"https:\/\/mostbet.tips\/cs\/?s={search_term_string}"},"query-input":"required name=search_term_string"}],"inLanguage":"cs"}]}},"_links":{"self":[{"href":"https:\/\/mostbet.tips\/cs\/wp-json\/wp\/v2\/pages\/2"}],"collection":[{"href":"https:\/\/mostbet.tips\/cs\/wp-json\/wp\/v2\/pages"}],"about":[{"href":"https:\/\/mostbet.tips\/cs\/wp-json\/wp\/v2\/types\/page"}],"author":[{"embeddable":true,"href":"https:\/\/mostbet.tips\/cs\/wp-json\/wp\/v2\/users\/1"}],"replies":[{"embeddable":true,"href":"https:\/\/mostbet.tips\/cs\/wp-json\/wp\/v2\/comments?post=2"}],"version-history":[{"count":50,"href":"https:\/\/mostbet.tips\/cs\/wp-json\/wp\/v2\/pages\/2\/revisions"}],"predecessor-version":[{"id":537,"href":"https:\/\/mostbet.tips\/cs\/wp-json\/wp\/v2\/pages\/2\/revisions\/537"}],"wp:attachment":[{"href":"https:\/\/mostbet.tips\/cs\/wp-json\/wp\/v2\/media?parent=2"}],"curies":[{"name":"wp","href":"https:\/\/api.w.org\/{rel}","templated":true}]}}