{"id":397,"date":"2025-06-30T12:38:13","date_gmt":"2025-06-30T12:38:13","guid":{"rendered":"https:\/\/mostbet.tips\/co\/?page_id=397"},"modified":"2025-07-04T10:28:46","modified_gmt":"2025-07-04T10:28:46","slug":"no-risk","status":"publish","type":"page","link":"https:\/\/mostbet.tips\/co\/bonus\/no-risk\/","title":{"rendered":"Apuesta sin riesgo"},"content":{"rendered":"","protected":false},"excerpt":{"rendered":"","protected":false},"author":1,"featured_media":0,"parent":152,"menu_order":0,"comment_status":"closed","ping_status":"closed","template":"","meta":{"footnotes":""},"yoast_head":"<!-- This site is optimized with the Yoast SEO plugin v23.0 - https:\/\/yoast.com\/wordpress\/plugins\/seo\/ -->\n<title>Mostbet Apuesta sin Riesgo \u1409 \u00a1100% Compensaci\u00f3n de P\u00e9rdidas!<\/title>\n<meta name=\"description\" content=\"Mostbet Colombia ofrece apuestas sin riesgo Consiga una compensaci\u00f3n del 100% por las apuestas perdidas en eventos seleccionados. \u00a1Descubra c\u00f3mo participar en esta promoci\u00f3n exclusiva y olv\u00eddese de perder!\" \/>\n<meta name=\"robots\" content=\"index, follow, max-snippet:-1, max-image-preview:large, max-video-preview:-1\" \/>\n<meta property=\"og:locale\" content=\"es_ES\" \/>\n<meta property=\"og:type\" content=\"article\" \/>\n<meta property=\"og:title\" content=\"Mostbet Apuesta sin Riesgo \u1409 \u00a1100% Compensaci\u00f3n de P\u00e9rdidas!\" \/>\n<meta property=\"og:description\" content=\"Mostbet Colombia ofrece apuestas sin riesgo Consiga una compensaci\u00f3n del 100% por las apuestas perdidas en eventos seleccionados. \u00a1Descubra c\u00f3mo participar en esta promoci\u00f3n exclusiva y olv\u00eddese de perder!\" \/>\n<meta property=\"og:url\" content=\"https:\/\/mostbet.tips\/co\/bonus\/no-risk\/\" \/>\n<meta property=\"og:site_name\" content=\"Mostbet CO\" \/>\n<meta property=\"article:modified_time\" content=\"2025-07-04T10:28:46+00:00\" \/>\n<meta name=\"twitter:card\" content=\"summary_large_image\" \/>\n<script type=\"application\/ld+json\" class=\"yoast-schema-graph\">{\"@context\":\"https:\/\/schema.org\",\"@graph\":[{\"@type\":\"WebPage\",\"@id\":\"https:\/\/mostbet.tips\/co\/bonus\/no-risk\/\",\"url\":\"https:\/\/mostbet.tips\/co\/bonus\/no-risk\/\",\"name\":\"Mostbet Apuesta sin Riesgo \u1409 \u00a1100% Compensaci\u00f3n de P\u00e9rdidas!\",\"isPartOf\":{\"@id\":\"https:\/\/mostbet.tips\/co\/#website\"},\"datePublished\":\"2025-06-30T12:38:13+00:00\",\"dateModified\":\"2025-07-04T10:28:46+00:00\",\"description\":\"Mostbet Colombia ofrece apuestas sin riesgo Consiga una compensaci\u00f3n del 100% por las apuestas perdidas en eventos seleccionados. \u00a1Descubra c\u00f3mo participar en esta promoci\u00f3n exclusiva y olv\u00eddese de perder!\",\"breadcrumb\":{\"@id\":\"https:\/\/mostbet.tips\/co\/bonus\/no-risk\/#breadcrumb\"},\"inLanguage\":\"es-CO\",\"potentialAction\":[{\"@type\":\"ReadAction\",\"target\":[\"https:\/\/mostbet.tips\/co\/bonus\/no-risk\/\"]}]},{\"@type\":\"BreadcrumbList\",\"@id\":\"https:\/\/mostbet.tips\/co\/bonus\/no-risk\/#breadcrumb\",\"itemListElement\":[{\"@type\":\"ListItem\",\"position\":1,\"name\":\"Home\",\"item\":\"https:\/\/mostbet.tips\/co\/\"},{\"@type\":\"ListItem\",\"position\":2,\"name\":\"Bono\",\"item\":\"https:\/\/mostbet.tips\/co\/bonus\/\"},{\"@type\":\"ListItem\",\"position\":3,\"name\":\"Apuesta sin riesgo\"}]},{\"@type\":\"WebSite\",\"@id\":\"https:\/\/mostbet.tips\/co\/#website\",\"url\":\"https:\/\/mostbet.tips\/co\/\",\"name\":\"Mostbet CO\",\"description\":\"My WordPress Blog\",\"potentialAction\":[{\"@type\":\"SearchAction\",\"target\":{\"@type\":\"EntryPoint\",\"urlTemplate\":\"https:\/\/mostbet.tips\/co\/?s={search_term_string}\"},\"query-input\":\"required name=search_term_string\"}],\"inLanguage\":\"es-CO\"}]}<\/script>\n<!-- \/ Yoast SEO plugin. -->","yoast_head_json":{"title":"Mostbet Apuesta sin Riesgo \u1409 \u00a1100% Compensaci\u00f3n de P\u00e9rdidas!","description":"Mostbet Colombia ofrece apuestas sin riesgo Consiga una compensaci\u00f3n del 100% por las apuestas perdidas en eventos seleccionados. \u00a1Descubra c\u00f3mo participar en esta promoci\u00f3n exclusiva y olv\u00eddese de perder!","robots":{"index":"index","follow":"follow","max-snippet":"max-snippet:-1","max-image-preview":"max-image-preview:large","max-video-preview":"max-video-preview:-1"},"og_locale":"es_ES","og_type":"article","og_title":"Mostbet Apuesta sin Riesgo \u1409 \u00a1100% Compensaci\u00f3n de P\u00e9rdidas!","og_description":"Mostbet Colombia ofrece apuestas sin riesgo Consiga una compensaci\u00f3n del 100% por las apuestas perdidas en eventos seleccionados. \u00a1Descubra c\u00f3mo participar en esta promoci\u00f3n exclusiva y olv\u00eddese de perder!","og_url":"https:\/\/mostbet.tips\/co\/bonus\/no-risk\/","og_site_name":"Mostbet CO","article_modified_time":"2025-07-04T10:28:46+00:00","twitter_card":"summary_large_image","schema":{"@context":"https:\/\/schema.org","@graph":[{"@type":"WebPage","@id":"https:\/\/mostbet.tips\/co\/bonus\/no-risk\/","url":"https:\/\/mostbet.tips\/co\/bonus\/no-risk\/","name":"Mostbet Apuesta sin Riesgo \u1409 \u00a1100% Compensaci\u00f3n de P\u00e9rdidas!","isPartOf":{"@id":"https:\/\/mostbet.tips\/co\/#website"},"datePublished":"2025-06-30T12:38:13+00:00","dateModified":"2025-07-04T10:28:46+00:00","description":"Mostbet Colombia ofrece apuestas sin riesgo Consiga una compensaci\u00f3n del 100% por las apuestas perdidas en eventos seleccionados. \u00a1Descubra c\u00f3mo participar en esta promoci\u00f3n exclusiva y olv\u00eddese de perder!","breadcrumb":{"@id":"https:\/\/mostbet.tips\/co\/bonus\/no-risk\/#breadcrumb"},"inLanguage":"es-CO","potentialAction":[{"@type":"ReadAction","target":["https:\/\/mostbet.tips\/co\/bonus\/no-risk\/"]}]},{"@type":"BreadcrumbList","@id":"https:\/\/mostbet.tips\/co\/bonus\/no-risk\/#breadcrumb","itemListElement":[{"@type":"ListItem","position":1,"name":"Home","item":"https:\/\/mostbet.tips\/co\/"},{"@type":"ListItem","position":2,"name":"Bono","item":"https:\/\/mostbet.tips\/co\/bonus\/"},{"@type":"ListItem","position":3,"name":"Apuesta sin riesgo"}]},{"@type":"WebSite","@id":"https:\/\/mostbet.tips\/co\/#website","url":"https:\/\/mostbet.tips\/co\/","name":"Mostbet CO","description":"My WordPress Blog","potentialAction":[{"@type":"SearchAction","target":{"@type":"EntryPoint","urlTemplate":"https:\/\/mostbet.tips\/co\/?s={search_term_string}"},"query-input":"required name=search_term_string"}],"inLanguage":"es-CO"}]}},"_links":{"self":[{"href":"https:\/\/mostbet.tips\/co\/wp-json\/wp\/v2\/pages\/397"}],"collection":[{"href":"https:\/\/mostbet.tips\/co\/wp-json\/wp\/v2\/pages"}],"about":[{"href":"https:\/\/mostbet.tips\/co\/wp-json\/wp\/v2\/types\/page"}],"author":[{"embeddable":true,"href":"https:\/\/mostbet.tips\/co\/wp-json\/wp\/v2\/users\/1"}],"replies":[{"embeddable":true,"href":"https:\/\/mostbet.tips\/co\/wp-json\/wp\/v2\/comments?post=397"}],"version-history":[{"count":9,"href":"https:\/\/mostbet.tips\/co\/wp-json\/wp\/v2\/pages\/397\/revisions"}],"predecessor-version":[{"id":482,"href":"https:\/\/mostbet.tips\/co\/wp-json\/wp\/v2\/pages\/397\/revisions\/482"}],"up":[{"embeddable":true,"href":"https:\/\/mostbet.tips\/co\/wp-json\/wp\/v2\/pages\/152"}],"wp:attachment":[{"href":"https:\/\/mostbet.tips\/co\/wp-json\/wp\/v2\/media?parent=397"}],"curies":[{"name":"wp","href":"https:\/\/api.w.org\/{rel}","templated":true}]}}