{"id":389,"date":"2025-06-30T12:13:32","date_gmt":"2025-06-30T12:13:32","guid":{"rendered":"https:\/\/mostbet.tips\/co\/?page_id=389"},"modified":"2025-07-17T17:47:06","modified_gmt":"2025-07-17T17:47:06","slug":"casino-cashback","status":"publish","type":"page","link":"https:\/\/mostbet.tips\/co\/bonus\/casino-cashback\/","title":{"rendered":"Casino Cashback"},"content":{"rendered":"","protected":false},"excerpt":{"rendered":"","protected":false},"author":1,"featured_media":0,"parent":152,"menu_order":0,"comment_status":"closed","ping_status":"closed","template":"","meta":{"footnotes":""},"yoast_head":"<!-- This site is optimized with the Yoast SEO plugin v23.0 - https:\/\/yoast.com\/wordpress\/plugins\/seo\/ -->\n<title>Devoluci\u00f3n de dinero en Mostbet Casino: hasta un 10%<\/title>\n<meta name=\"description\" content=\"\u00bfApuestas desafortunadas? Mostbet Colombia Casino te devolver\u00e1 hasta el 10% de tus p\u00e9rdidas en tragaperras cada semana. Averigua c\u00f3mo conseguir cashback y minimizar tus p\u00e9rdidas. \u00a1Juega sin miedo con Mostbet!\" \/>\n<meta name=\"robots\" content=\"index, follow, max-snippet:-1, max-image-preview:large, max-video-preview:-1\" \/>\n<meta property=\"og:locale\" content=\"es_ES\" \/>\n<meta property=\"og:type\" content=\"article\" \/>\n<meta property=\"og:title\" content=\"Devoluci\u00f3n de dinero en Mostbet Casino: hasta un 10%\" \/>\n<meta property=\"og:description\" content=\"\u00bfApuestas desafortunadas? Mostbet Colombia Casino te devolver\u00e1 hasta el 10% de tus p\u00e9rdidas en tragaperras cada semana. Averigua c\u00f3mo conseguir cashback y minimizar tus p\u00e9rdidas. \u00a1Juega sin miedo con Mostbet!\" \/>\n<meta property=\"og:url\" content=\"https:\/\/mostbet.tips\/co\/bonus\/casino-cashback\/\" \/>\n<meta property=\"og:site_name\" content=\"Mostbet CO\" \/>\n<meta property=\"article:modified_time\" content=\"2025-07-17T17:47:06+00:00\" \/>\n<meta name=\"twitter:card\" content=\"summary_large_image\" \/>\n<script type=\"application\/ld+json\" class=\"yoast-schema-graph\">{\"@context\":\"https:\/\/schema.org\",\"@graph\":[{\"@type\":\"WebPage\",\"@id\":\"https:\/\/mostbet.tips\/co\/bonus\/casino-cashback\/\",\"url\":\"https:\/\/mostbet.tips\/co\/bonus\/casino-cashback\/\",\"name\":\"Devoluci\u00f3n de dinero en Mostbet Casino: hasta un 10%\",\"isPartOf\":{\"@id\":\"https:\/\/mostbet.tips\/co\/#website\"},\"datePublished\":\"2025-06-30T12:13:32+00:00\",\"dateModified\":\"2025-07-17T17:47:06+00:00\",\"description\":\"\u00bfApuestas desafortunadas? Mostbet Colombia Casino te devolver\u00e1 hasta el 10% de tus p\u00e9rdidas en tragaperras cada semana. Averigua c\u00f3mo conseguir cashback y minimizar tus p\u00e9rdidas. \u00a1Juega sin miedo con Mostbet!\",\"breadcrumb\":{\"@id\":\"https:\/\/mostbet.tips\/co\/bonus\/casino-cashback\/#breadcrumb\"},\"inLanguage\":\"es-CO\",\"potentialAction\":[{\"@type\":\"ReadAction\",\"target\":[\"https:\/\/mostbet.tips\/co\/bonus\/casino-cashback\/\"]}]},{\"@type\":\"BreadcrumbList\",\"@id\":\"https:\/\/mostbet.tips\/co\/bonus\/casino-cashback\/#breadcrumb\",\"itemListElement\":[{\"@type\":\"ListItem\",\"position\":1,\"name\":\"Home\",\"item\":\"https:\/\/mostbet.tips\/co\/\"},{\"@type\":\"ListItem\",\"position\":2,\"name\":\"Bono\",\"item\":\"https:\/\/mostbet.tips\/co\/bonus\/\"},{\"@type\":\"ListItem\",\"position\":3,\"name\":\"Casino Cashback\"}]},{\"@type\":\"WebSite\",\"@id\":\"https:\/\/mostbet.tips\/co\/#website\",\"url\":\"https:\/\/mostbet.tips\/co\/\",\"name\":\"Mostbet CO\",\"description\":\"My WordPress Blog\",\"potentialAction\":[{\"@type\":\"SearchAction\",\"target\":{\"@type\":\"EntryPoint\",\"urlTemplate\":\"https:\/\/mostbet.tips\/co\/?s={search_term_string}\"},\"query-input\":\"required name=search_term_string\"}],\"inLanguage\":\"es-CO\"}]}<\/script>\n<!-- \/ Yoast SEO plugin. -->","yoast_head_json":{"title":"Devoluci\u00f3n de dinero en Mostbet Casino: hasta un 10%","description":"\u00bfApuestas desafortunadas? Mostbet Colombia Casino te devolver\u00e1 hasta el 10% de tus p\u00e9rdidas en tragaperras cada semana. Averigua c\u00f3mo conseguir cashback y minimizar tus p\u00e9rdidas. \u00a1Juega sin miedo con Mostbet!","robots":{"index":"index","follow":"follow","max-snippet":"max-snippet:-1","max-image-preview":"max-image-preview:large","max-video-preview":"max-video-preview:-1"},"og_locale":"es_ES","og_type":"article","og_title":"Devoluci\u00f3n de dinero en Mostbet Casino: hasta un 10%","og_description":"\u00bfApuestas desafortunadas? Mostbet Colombia Casino te devolver\u00e1 hasta el 10% de tus p\u00e9rdidas en tragaperras cada semana. Averigua c\u00f3mo conseguir cashback y minimizar tus p\u00e9rdidas. \u00a1Juega sin miedo con Mostbet!","og_url":"https:\/\/mostbet.tips\/co\/bonus\/casino-cashback\/","og_site_name":"Mostbet CO","article_modified_time":"2025-07-17T17:47:06+00:00","twitter_card":"summary_large_image","schema":{"@context":"https:\/\/schema.org","@graph":[{"@type":"WebPage","@id":"https:\/\/mostbet.tips\/co\/bonus\/casino-cashback\/","url":"https:\/\/mostbet.tips\/co\/bonus\/casino-cashback\/","name":"Devoluci\u00f3n de dinero en Mostbet Casino: hasta un 10%","isPartOf":{"@id":"https:\/\/mostbet.tips\/co\/#website"},"datePublished":"2025-06-30T12:13:32+00:00","dateModified":"2025-07-17T17:47:06+00:00","description":"\u00bfApuestas desafortunadas? Mostbet Colombia Casino te devolver\u00e1 hasta el 10% de tus p\u00e9rdidas en tragaperras cada semana. Averigua c\u00f3mo conseguir cashback y minimizar tus p\u00e9rdidas. \u00a1Juega sin miedo con Mostbet!","breadcrumb":{"@id":"https:\/\/mostbet.tips\/co\/bonus\/casino-cashback\/#breadcrumb"},"inLanguage":"es-CO","potentialAction":[{"@type":"ReadAction","target":["https:\/\/mostbet.tips\/co\/bonus\/casino-cashback\/"]}]},{"@type":"BreadcrumbList","@id":"https:\/\/mostbet.tips\/co\/bonus\/casino-cashback\/#breadcrumb","itemListElement":[{"@type":"ListItem","position":1,"name":"Home","item":"https:\/\/mostbet.tips\/co\/"},{"@type":"ListItem","position":2,"name":"Bono","item":"https:\/\/mostbet.tips\/co\/bonus\/"},{"@type":"ListItem","position":3,"name":"Casino Cashback"}]},{"@type":"WebSite","@id":"https:\/\/mostbet.tips\/co\/#website","url":"https:\/\/mostbet.tips\/co\/","name":"Mostbet CO","description":"My WordPress Blog","potentialAction":[{"@type":"SearchAction","target":{"@type":"EntryPoint","urlTemplate":"https:\/\/mostbet.tips\/co\/?s={search_term_string}"},"query-input":"required name=search_term_string"}],"inLanguage":"es-CO"}]}},"_links":{"self":[{"href":"https:\/\/mostbet.tips\/co\/wp-json\/wp\/v2\/pages\/389"}],"collection":[{"href":"https:\/\/mostbet.tips\/co\/wp-json\/wp\/v2\/pages"}],"about":[{"href":"https:\/\/mostbet.tips\/co\/wp-json\/wp\/v2\/types\/page"}],"author":[{"embeddable":true,"href":"https:\/\/mostbet.tips\/co\/wp-json\/wp\/v2\/users\/1"}],"replies":[{"embeddable":true,"href":"https:\/\/mostbet.tips\/co\/wp-json\/wp\/v2\/comments?post=389"}],"version-history":[{"count":8,"href":"https:\/\/mostbet.tips\/co\/wp-json\/wp\/v2\/pages\/389\/revisions"}],"predecessor-version":[{"id":484,"href":"https:\/\/mostbet.tips\/co\/wp-json\/wp\/v2\/pages\/389\/revisions\/484"}],"up":[{"embeddable":true,"href":"https:\/\/mostbet.tips\/co\/wp-json\/wp\/v2\/pages\/152"}],"wp:attachment":[{"href":"https:\/\/mostbet.tips\/co\/wp-json\/wp\/v2\/media?parent=389"}],"curies":[{"name":"wp","href":"https:\/\/api.w.org\/{rel}","templated":true}]}}