{"id":323,"date":"2025-04-30T05:10:26","date_gmt":"2025-04-30T05:10:26","guid":{"rendered":"https:\/\/mostbet.tips\/br\/?page_id=323"},"modified":"2025-07-06T07:11:49","modified_gmt":"2025-07-06T07:11:49","slug":"registration","status":"publish","type":"page","link":"https:\/\/mostbet.tips\/br\/registration\/","title":{"rendered":"Registro"},"content":{"rendered":"","protected":false},"excerpt":{"rendered":"","protected":false},"author":1,"featured_media":0,"parent":0,"menu_order":0,"comment_status":"closed","ping_status":"closed","template":"","meta":{"footnotes":""},"yoast_head":"<!-- This site is optimized with the Yoast SEO plugin v23.0 - https:\/\/yoast.com\/wordpress\/plugins\/seo\/ -->\n<title>Registro na Mostbet | Um guia passo a passo para novos usu\u00e1rios<\/title>\n<meta name=\"description\" content=\"A Mostbet Brasil tem sido uma das principais plataformas de apostas e cassino on-line. Descubra apostas esportivas, jogos de cassino, b\u00f4nus e torneios. Siga nosso guia de registro f\u00e1cil para come\u00e7ar!\" \/>\n<meta name=\"robots\" content=\"index, follow, max-snippet:-1, max-image-preview:large, max-video-preview:-1\" \/>\n<meta property=\"og:locale\" content=\"pt_BR\" \/>\n<meta property=\"og:type\" content=\"article\" \/>\n<meta property=\"og:title\" content=\"Registro na Mostbet | Um guia passo a passo para novos usu\u00e1rios\" \/>\n<meta property=\"og:description\" content=\"A Mostbet Brasil tem sido uma das principais plataformas de apostas e cassino on-line. Descubra apostas esportivas, jogos de cassino, b\u00f4nus e torneios. Siga nosso guia de registro f\u00e1cil para come\u00e7ar!\" \/>\n<meta property=\"og:url\" content=\"https:\/\/mostbet.tips\/br\/registration\/\" \/>\n<meta property=\"og:site_name\" content=\"Mostbet BR\" \/>\n<meta property=\"article:modified_time\" content=\"2025-07-06T07:11:49+00:00\" \/>\n<meta name=\"twitter:card\" content=\"summary_large_image\" \/>\n<script type=\"application\/ld+json\" class=\"yoast-schema-graph\">{\"@context\":\"https:\/\/schema.org\",\"@graph\":[{\"@type\":\"WebPage\",\"@id\":\"https:\/\/mostbet.tips\/br\/registration\/\",\"url\":\"https:\/\/mostbet.tips\/br\/registration\/\",\"name\":\"Registro na Mostbet | Um guia passo a passo para novos usu\u00e1rios\",\"isPartOf\":{\"@id\":\"https:\/\/mostbet.tips\/br\/#website\"},\"datePublished\":\"2025-04-30T05:10:26+00:00\",\"dateModified\":\"2025-07-06T07:11:49+00:00\",\"description\":\"A Mostbet Brasil tem sido uma das principais plataformas de apostas e cassino on-line. Descubra apostas esportivas, jogos de cassino, b\u00f4nus e torneios. Siga nosso guia de registro f\u00e1cil para come\u00e7ar!\",\"breadcrumb\":{\"@id\":\"https:\/\/mostbet.tips\/br\/registration\/#breadcrumb\"},\"inLanguage\":\"pt-BR\",\"potentialAction\":[{\"@type\":\"ReadAction\",\"target\":[\"https:\/\/mostbet.tips\/br\/registration\/\"]}]},{\"@type\":\"BreadcrumbList\",\"@id\":\"https:\/\/mostbet.tips\/br\/registration\/#breadcrumb\",\"itemListElement\":[{\"@type\":\"ListItem\",\"position\":1,\"name\":\"Home\",\"item\":\"https:\/\/mostbet.tips\/br\/\"},{\"@type\":\"ListItem\",\"position\":2,\"name\":\"Registro\"}]},{\"@type\":\"WebSite\",\"@id\":\"https:\/\/mostbet.tips\/br\/#website\",\"url\":\"https:\/\/mostbet.tips\/br\/\",\"name\":\"Mostbet BR\",\"description\":\"My WordPress Blog\",\"potentialAction\":[{\"@type\":\"SearchAction\",\"target\":{\"@type\":\"EntryPoint\",\"urlTemplate\":\"https:\/\/mostbet.tips\/br\/?s={search_term_string}\"},\"query-input\":\"required name=search_term_string\"}],\"inLanguage\":\"pt-BR\"}]}<\/script>\n<!-- \/ Yoast SEO plugin. -->","yoast_head_json":{"title":"Registro na Mostbet | Um guia passo a passo para novos usu\u00e1rios","description":"A Mostbet Brasil tem sido uma das principais plataformas de apostas e cassino on-line. Descubra apostas esportivas, jogos de cassino, b\u00f4nus e torneios. Siga nosso guia de registro f\u00e1cil para come\u00e7ar!","robots":{"index":"index","follow":"follow","max-snippet":"max-snippet:-1","max-image-preview":"max-image-preview:large","max-video-preview":"max-video-preview:-1"},"og_locale":"pt_BR","og_type":"article","og_title":"Registro na Mostbet | Um guia passo a passo para novos usu\u00e1rios","og_description":"A Mostbet Brasil tem sido uma das principais plataformas de apostas e cassino on-line. Descubra apostas esportivas, jogos de cassino, b\u00f4nus e torneios. Siga nosso guia de registro f\u00e1cil para come\u00e7ar!","og_url":"https:\/\/mostbet.tips\/br\/registration\/","og_site_name":"Mostbet BR","article_modified_time":"2025-07-06T07:11:49+00:00","twitter_card":"summary_large_image","schema":{"@context":"https:\/\/schema.org","@graph":[{"@type":"WebPage","@id":"https:\/\/mostbet.tips\/br\/registration\/","url":"https:\/\/mostbet.tips\/br\/registration\/","name":"Registro na Mostbet | Um guia passo a passo para novos usu\u00e1rios","isPartOf":{"@id":"https:\/\/mostbet.tips\/br\/#website"},"datePublished":"2025-04-30T05:10:26+00:00","dateModified":"2025-07-06T07:11:49+00:00","description":"A Mostbet Brasil tem sido uma das principais plataformas de apostas e cassino on-line. Descubra apostas esportivas, jogos de cassino, b\u00f4nus e torneios. Siga nosso guia de registro f\u00e1cil para come\u00e7ar!","breadcrumb":{"@id":"https:\/\/mostbet.tips\/br\/registration\/#breadcrumb"},"inLanguage":"pt-BR","potentialAction":[{"@type":"ReadAction","target":["https:\/\/mostbet.tips\/br\/registration\/"]}]},{"@type":"BreadcrumbList","@id":"https:\/\/mostbet.tips\/br\/registration\/#breadcrumb","itemListElement":[{"@type":"ListItem","position":1,"name":"Home","item":"https:\/\/mostbet.tips\/br\/"},{"@type":"ListItem","position":2,"name":"Registro"}]},{"@type":"WebSite","@id":"https:\/\/mostbet.tips\/br\/#website","url":"https:\/\/mostbet.tips\/br\/","name":"Mostbet BR","description":"My WordPress Blog","potentialAction":[{"@type":"SearchAction","target":{"@type":"EntryPoint","urlTemplate":"https:\/\/mostbet.tips\/br\/?s={search_term_string}"},"query-input":"required name=search_term_string"}],"inLanguage":"pt-BR"}]}},"_links":{"self":[{"href":"https:\/\/mostbet.tips\/br\/wp-json\/wp\/v2\/pages\/323"}],"collection":[{"href":"https:\/\/mostbet.tips\/br\/wp-json\/wp\/v2\/pages"}],"about":[{"href":"https:\/\/mostbet.tips\/br\/wp-json\/wp\/v2\/types\/page"}],"author":[{"embeddable":true,"href":"https:\/\/mostbet.tips\/br\/wp-json\/wp\/v2\/users\/1"}],"replies":[{"embeddable":true,"href":"https:\/\/mostbet.tips\/br\/wp-json\/wp\/v2\/comments?post=323"}],"version-history":[{"count":9,"href":"https:\/\/mostbet.tips\/br\/wp-json\/wp\/v2\/pages\/323\/revisions"}],"predecessor-version":[{"id":385,"href":"https:\/\/mostbet.tips\/br\/wp-json\/wp\/v2\/pages\/323\/revisions\/385"}],"wp:attachment":[{"href":"https:\/\/mostbet.tips\/br\/wp-json\/wp\/v2\/media?parent=323"}],"curies":[{"name":"wp","href":"https:\/\/api.w.org\/{rel}","templated":true}]}}