{"id":296,"date":"2025-04-28T06:31:42","date_gmt":"2025-04-28T06:31:42","guid":{"rendered":"https:\/\/mostbet.tips\/br\/?page_id=296"},"modified":"2025-07-06T07:09:43","modified_gmt":"2025-07-06T07:09:43","slug":"promo-code","status":"publish","type":"page","link":"https:\/\/mostbet.tips\/br\/promo-code\/","title":{"rendered":"C\u00f3digo promocional"},"content":{"rendered":"","protected":false},"excerpt":{"rendered":"","protected":false},"author":1,"featured_media":0,"parent":0,"menu_order":0,"comment_status":"closed","ping_status":"closed","template":"","meta":{"footnotes":""},"yoast_head":"<!-- This site is optimized with the Yoast SEO plugin v23.0 - https:\/\/yoast.com\/wordpress\/plugins\/seo\/ -->\n<title>Mostbet Brasil C\u00f3digos promocionais | Obtenha b\u00f4nus exclusivos<\/title>\n<meta name=\"description\" content=\"A Mostbet oferece uma grande variedade de b\u00f4nus, mas os verdadeiros tesouros s\u00e3o os c\u00f3digos promocionais! Descubra como acessar as promo\u00e7\u00f5es e aumentar seus ganhos.\" \/>\n<meta name=\"robots\" content=\"index, follow, max-snippet:-1, max-image-preview:large, max-video-preview:-1\" \/>\n<meta property=\"og:locale\" content=\"pt_BR\" \/>\n<meta property=\"og:type\" content=\"article\" \/>\n<meta property=\"og:title\" content=\"Mostbet Brasil C\u00f3digos promocionais | Obtenha b\u00f4nus exclusivos\" \/>\n<meta property=\"og:description\" content=\"A Mostbet oferece uma grande variedade de b\u00f4nus, mas os verdadeiros tesouros s\u00e3o os c\u00f3digos promocionais! Descubra como acessar as promo\u00e7\u00f5es e aumentar seus ganhos.\" \/>\n<meta property=\"og:url\" content=\"https:\/\/mostbet.tips\/br\/promo-code\/\" \/>\n<meta property=\"og:site_name\" content=\"Mostbet BR\" \/>\n<meta property=\"article:modified_time\" content=\"2025-07-06T07:09:43+00:00\" \/>\n<meta name=\"twitter:card\" content=\"summary_large_image\" \/>\n<script type=\"application\/ld+json\" class=\"yoast-schema-graph\">{\"@context\":\"https:\/\/schema.org\",\"@graph\":[{\"@type\":\"WebPage\",\"@id\":\"https:\/\/mostbet.tips\/br\/promo-code\/\",\"url\":\"https:\/\/mostbet.tips\/br\/promo-code\/\",\"name\":\"Mostbet Brasil C\u00f3digos promocionais | Obtenha b\u00f4nus exclusivos\",\"isPartOf\":{\"@id\":\"https:\/\/mostbet.tips\/br\/#website\"},\"datePublished\":\"2025-04-28T06:31:42+00:00\",\"dateModified\":\"2025-07-06T07:09:43+00:00\",\"description\":\"A Mostbet oferece uma grande variedade de b\u00f4nus, mas os verdadeiros tesouros s\u00e3o os c\u00f3digos promocionais! Descubra como acessar as promo\u00e7\u00f5es e aumentar seus ganhos.\",\"breadcrumb\":{\"@id\":\"https:\/\/mostbet.tips\/br\/promo-code\/#breadcrumb\"},\"inLanguage\":\"pt-BR\",\"potentialAction\":[{\"@type\":\"ReadAction\",\"target\":[\"https:\/\/mostbet.tips\/br\/promo-code\/\"]}]},{\"@type\":\"BreadcrumbList\",\"@id\":\"https:\/\/mostbet.tips\/br\/promo-code\/#breadcrumb\",\"itemListElement\":[{\"@type\":\"ListItem\",\"position\":1,\"name\":\"Home\",\"item\":\"https:\/\/mostbet.tips\/br\/\"},{\"@type\":\"ListItem\",\"position\":2,\"name\":\"C\u00f3digo promocional\"}]},{\"@type\":\"WebSite\",\"@id\":\"https:\/\/mostbet.tips\/br\/#website\",\"url\":\"https:\/\/mostbet.tips\/br\/\",\"name\":\"Mostbet BR\",\"description\":\"My WordPress Blog\",\"potentialAction\":[{\"@type\":\"SearchAction\",\"target\":{\"@type\":\"EntryPoint\",\"urlTemplate\":\"https:\/\/mostbet.tips\/br\/?s={search_term_string}\"},\"query-input\":\"required name=search_term_string\"}],\"inLanguage\":\"pt-BR\"}]}<\/script>\n<!-- \/ Yoast SEO plugin. -->","yoast_head_json":{"title":"Mostbet Brasil C\u00f3digos promocionais | Obtenha b\u00f4nus exclusivos","description":"A Mostbet oferece uma grande variedade de b\u00f4nus, mas os verdadeiros tesouros s\u00e3o os c\u00f3digos promocionais! Descubra como acessar as promo\u00e7\u00f5es e aumentar seus ganhos.","robots":{"index":"index","follow":"follow","max-snippet":"max-snippet:-1","max-image-preview":"max-image-preview:large","max-video-preview":"max-video-preview:-1"},"og_locale":"pt_BR","og_type":"article","og_title":"Mostbet Brasil C\u00f3digos promocionais | Obtenha b\u00f4nus exclusivos","og_description":"A Mostbet oferece uma grande variedade de b\u00f4nus, mas os verdadeiros tesouros s\u00e3o os c\u00f3digos promocionais! Descubra como acessar as promo\u00e7\u00f5es e aumentar seus ganhos.","og_url":"https:\/\/mostbet.tips\/br\/promo-code\/","og_site_name":"Mostbet BR","article_modified_time":"2025-07-06T07:09:43+00:00","twitter_card":"summary_large_image","schema":{"@context":"https:\/\/schema.org","@graph":[{"@type":"WebPage","@id":"https:\/\/mostbet.tips\/br\/promo-code\/","url":"https:\/\/mostbet.tips\/br\/promo-code\/","name":"Mostbet Brasil C\u00f3digos promocionais | Obtenha b\u00f4nus exclusivos","isPartOf":{"@id":"https:\/\/mostbet.tips\/br\/#website"},"datePublished":"2025-04-28T06:31:42+00:00","dateModified":"2025-07-06T07:09:43+00:00","description":"A Mostbet oferece uma grande variedade de b\u00f4nus, mas os verdadeiros tesouros s\u00e3o os c\u00f3digos promocionais! Descubra como acessar as promo\u00e7\u00f5es e aumentar seus ganhos.","breadcrumb":{"@id":"https:\/\/mostbet.tips\/br\/promo-code\/#breadcrumb"},"inLanguage":"pt-BR","potentialAction":[{"@type":"ReadAction","target":["https:\/\/mostbet.tips\/br\/promo-code\/"]}]},{"@type":"BreadcrumbList","@id":"https:\/\/mostbet.tips\/br\/promo-code\/#breadcrumb","itemListElement":[{"@type":"ListItem","position":1,"name":"Home","item":"https:\/\/mostbet.tips\/br\/"},{"@type":"ListItem","position":2,"name":"C\u00f3digo promocional"}]},{"@type":"WebSite","@id":"https:\/\/mostbet.tips\/br\/#website","url":"https:\/\/mostbet.tips\/br\/","name":"Mostbet BR","description":"My WordPress Blog","potentialAction":[{"@type":"SearchAction","target":{"@type":"EntryPoint","urlTemplate":"https:\/\/mostbet.tips\/br\/?s={search_term_string}"},"query-input":"required name=search_term_string"}],"inLanguage":"pt-BR"}]}},"_links":{"self":[{"href":"https:\/\/mostbet.tips\/br\/wp-json\/wp\/v2\/pages\/296"}],"collection":[{"href":"https:\/\/mostbet.tips\/br\/wp-json\/wp\/v2\/pages"}],"about":[{"href":"https:\/\/mostbet.tips\/br\/wp-json\/wp\/v2\/types\/page"}],"author":[{"embeddable":true,"href":"https:\/\/mostbet.tips\/br\/wp-json\/wp\/v2\/users\/1"}],"replies":[{"embeddable":true,"href":"https:\/\/mostbet.tips\/br\/wp-json\/wp\/v2\/comments?post=296"}],"version-history":[{"count":9,"href":"https:\/\/mostbet.tips\/br\/wp-json\/wp\/v2\/pages\/296\/revisions"}],"predecessor-version":[{"id":383,"href":"https:\/\/mostbet.tips\/br\/wp-json\/wp\/v2\/pages\/296\/revisions\/383"}],"wp:attachment":[{"href":"https:\/\/mostbet.tips\/br\/wp-json\/wp\/v2\/media?parent=296"}],"curies":[{"name":"wp","href":"https:\/\/api.w.org\/{rel}","templated":true}]}}