{"id":308,"date":"2025-04-28T17:40:04","date_gmt":"2025-04-28T17:40:04","guid":{"rendered":"https:\/\/mostbet.tips\/az\/?page_id=308"},"modified":"2025-05-09T13:35:21","modified_gmt":"2025-05-09T13:35:21","slug":"login","status":"publish","type":"page","link":"https:\/\/mostbet.tips\/az\/login\/","title":{"rendered":"Giri\u015f"},"content":{"rendered":"","protected":false},"excerpt":{"rendered":"","protected":false},"author":1,"featured_media":0,"parent":0,"menu_order":0,"comment_status":"closed","ping_status":"closed","template":"","meta":{"footnotes":""},"yoast_head":"<!-- This site is optimized with the Yoast SEO plugin v23.0 - https:\/\/yoast.com\/wordpress\/plugins\/seo\/ -->\n<title>Mostbet: Onlayn Qumar \u00fc\u00e7\u00fcn 24\/7 Giri\u015f v\u0259 Sad\u0259 Giri\u015f<\/title>\n<meta name=\"description\" content=\"Mostbet bir s\u0131ra onlayn qumar oyunlar\u0131na 24\/7 \u00e7\u0131x\u0131\u015f\u0131 t\u0259min edir. Asan giri\u015f t\u0259limat\u0131 siz\u0259 ist\u0259nil\u0259n cihazdan nec\u0259 daxil olma\u011f\u0131n\u0131z\u0131 g\u00f6st\u0259rir. \u0130ndi qeydiyyatdan ke\u00e7in!\" \/>\n<meta name=\"robots\" content=\"index, follow, max-snippet:-1, max-image-preview:large, max-video-preview:-1\" \/>\n<meta property=\"og:locale\" content=\"az_AZ\" \/>\n<meta property=\"og:type\" content=\"article\" \/>\n<meta property=\"og:title\" content=\"Mostbet: Onlayn Qumar \u00fc\u00e7\u00fcn 24\/7 Giri\u015f v\u0259 Sad\u0259 Giri\u015f\" \/>\n<meta property=\"og:description\" content=\"Mostbet bir s\u0131ra onlayn qumar oyunlar\u0131na 24\/7 \u00e7\u0131x\u0131\u015f\u0131 t\u0259min edir. Asan giri\u015f t\u0259limat\u0131 siz\u0259 ist\u0259nil\u0259n cihazdan nec\u0259 daxil olma\u011f\u0131n\u0131z\u0131 g\u00f6st\u0259rir. \u0130ndi qeydiyyatdan ke\u00e7in!\" \/>\n<meta property=\"og:url\" content=\"https:\/\/mostbet.tips\/az\/login\/\" \/>\n<meta property=\"og:site_name\" content=\"Mostbet AZ\" \/>\n<meta property=\"article:modified_time\" content=\"2025-05-09T13:35:21+00:00\" \/>\n<meta name=\"twitter:card\" content=\"summary_large_image\" \/>\n<script type=\"application\/ld+json\" class=\"yoast-schema-graph\">{\"@context\":\"https:\/\/schema.org\",\"@graph\":[{\"@type\":\"WebPage\",\"@id\":\"https:\/\/mostbet.tips\/az\/login\/\",\"url\":\"https:\/\/mostbet.tips\/az\/login\/\",\"name\":\"Mostbet: Onlayn Qumar \u00fc\u00e7\u00fcn 24\/7 Giri\u015f v\u0259 Sad\u0259 Giri\u015f\",\"isPartOf\":{\"@id\":\"https:\/\/mostbet.tips\/az\/#website\"},\"datePublished\":\"2025-04-28T17:40:04+00:00\",\"dateModified\":\"2025-05-09T13:35:21+00:00\",\"description\":\"Mostbet bir s\u0131ra onlayn qumar oyunlar\u0131na 24\/7 \u00e7\u0131x\u0131\u015f\u0131 t\u0259min edir. Asan giri\u015f t\u0259limat\u0131 siz\u0259 ist\u0259nil\u0259n cihazdan nec\u0259 daxil olma\u011f\u0131n\u0131z\u0131 g\u00f6st\u0259rir. \u0130ndi qeydiyyatdan ke\u00e7in!\",\"breadcrumb\":{\"@id\":\"https:\/\/mostbet.tips\/az\/login\/#breadcrumb\"},\"inLanguage\":\"az\",\"potentialAction\":[{\"@type\":\"ReadAction\",\"target\":[\"https:\/\/mostbet.tips\/az\/login\/\"]}]},{\"@type\":\"BreadcrumbList\",\"@id\":\"https:\/\/mostbet.tips\/az\/login\/#breadcrumb\",\"itemListElement\":[{\"@type\":\"ListItem\",\"position\":1,\"name\":\"Home\",\"item\":\"https:\/\/mostbet.tips\/az\/\"},{\"@type\":\"ListItem\",\"position\":2,\"name\":\"Giri\u015f\"}]},{\"@type\":\"WebSite\",\"@id\":\"https:\/\/mostbet.tips\/az\/#website\",\"url\":\"https:\/\/mostbet.tips\/az\/\",\"name\":\"Mostbet AZ\",\"description\":\"My WordPress Blog\",\"potentialAction\":[{\"@type\":\"SearchAction\",\"target\":{\"@type\":\"EntryPoint\",\"urlTemplate\":\"https:\/\/mostbet.tips\/az\/?s={search_term_string}\"},\"query-input\":\"required name=search_term_string\"}],\"inLanguage\":\"az\"}]}<\/script>\n<!-- \/ Yoast SEO plugin. -->","yoast_head_json":{"title":"Mostbet: Onlayn Qumar \u00fc\u00e7\u00fcn 24\/7 Giri\u015f v\u0259 Sad\u0259 Giri\u015f","description":"Mostbet bir s\u0131ra onlayn qumar oyunlar\u0131na 24\/7 \u00e7\u0131x\u0131\u015f\u0131 t\u0259min edir. Asan giri\u015f t\u0259limat\u0131 siz\u0259 ist\u0259nil\u0259n cihazdan nec\u0259 daxil olma\u011f\u0131n\u0131z\u0131 g\u00f6st\u0259rir. \u0130ndi qeydiyyatdan ke\u00e7in!","robots":{"index":"index","follow":"follow","max-snippet":"max-snippet:-1","max-image-preview":"max-image-preview:large","max-video-preview":"max-video-preview:-1"},"og_locale":"az_AZ","og_type":"article","og_title":"Mostbet: Onlayn Qumar \u00fc\u00e7\u00fcn 24\/7 Giri\u015f v\u0259 Sad\u0259 Giri\u015f","og_description":"Mostbet bir s\u0131ra onlayn qumar oyunlar\u0131na 24\/7 \u00e7\u0131x\u0131\u015f\u0131 t\u0259min edir. Asan giri\u015f t\u0259limat\u0131 siz\u0259 ist\u0259nil\u0259n cihazdan nec\u0259 daxil olma\u011f\u0131n\u0131z\u0131 g\u00f6st\u0259rir. \u0130ndi qeydiyyatdan ke\u00e7in!","og_url":"https:\/\/mostbet.tips\/az\/login\/","og_site_name":"Mostbet AZ","article_modified_time":"2025-05-09T13:35:21+00:00","twitter_card":"summary_large_image","schema":{"@context":"https:\/\/schema.org","@graph":[{"@type":"WebPage","@id":"https:\/\/mostbet.tips\/az\/login\/","url":"https:\/\/mostbet.tips\/az\/login\/","name":"Mostbet: Onlayn Qumar \u00fc\u00e7\u00fcn 24\/7 Giri\u015f v\u0259 Sad\u0259 Giri\u015f","isPartOf":{"@id":"https:\/\/mostbet.tips\/az\/#website"},"datePublished":"2025-04-28T17:40:04+00:00","dateModified":"2025-05-09T13:35:21+00:00","description":"Mostbet bir s\u0131ra onlayn qumar oyunlar\u0131na 24\/7 \u00e7\u0131x\u0131\u015f\u0131 t\u0259min edir. Asan giri\u015f t\u0259limat\u0131 siz\u0259 ist\u0259nil\u0259n cihazdan nec\u0259 daxil olma\u011f\u0131n\u0131z\u0131 g\u00f6st\u0259rir. \u0130ndi qeydiyyatdan ke\u00e7in!","breadcrumb":{"@id":"https:\/\/mostbet.tips\/az\/login\/#breadcrumb"},"inLanguage":"az","potentialAction":[{"@type":"ReadAction","target":["https:\/\/mostbet.tips\/az\/login\/"]}]},{"@type":"BreadcrumbList","@id":"https:\/\/mostbet.tips\/az\/login\/#breadcrumb","itemListElement":[{"@type":"ListItem","position":1,"name":"Home","item":"https:\/\/mostbet.tips\/az\/"},{"@type":"ListItem","position":2,"name":"Giri\u015f"}]},{"@type":"WebSite","@id":"https:\/\/mostbet.tips\/az\/#website","url":"https:\/\/mostbet.tips\/az\/","name":"Mostbet AZ","description":"My WordPress Blog","potentialAction":[{"@type":"SearchAction","target":{"@type":"EntryPoint","urlTemplate":"https:\/\/mostbet.tips\/az\/?s={search_term_string}"},"query-input":"required name=search_term_string"}],"inLanguage":"az"}]}},"_links":{"self":[{"href":"https:\/\/mostbet.tips\/az\/wp-json\/wp\/v2\/pages\/308"}],"collection":[{"href":"https:\/\/mostbet.tips\/az\/wp-json\/wp\/v2\/pages"}],"about":[{"href":"https:\/\/mostbet.tips\/az\/wp-json\/wp\/v2\/types\/page"}],"author":[{"embeddable":true,"href":"https:\/\/mostbet.tips\/az\/wp-json\/wp\/v2\/users\/1"}],"replies":[{"embeddable":true,"href":"https:\/\/mostbet.tips\/az\/wp-json\/wp\/v2\/comments?post=308"}],"version-history":[{"count":12,"href":"https:\/\/mostbet.tips\/az\/wp-json\/wp\/v2\/pages\/308\/revisions"}],"predecessor-version":[{"id":364,"href":"https:\/\/mostbet.tips\/az\/wp-json\/wp\/v2\/pages\/308\/revisions\/364"}],"wp:attachment":[{"href":"https:\/\/mostbet.tips\/az\/wp-json\/wp\/v2\/media?parent=308"}],"curies":[{"name":"wp","href":"https:\/\/api.w.org\/{rel}","templated":true}]}}