{"id":263,"date":"2025-04-26T13:32:34","date_gmt":"2025-04-26T13:32:34","guid":{"rendered":"https:\/\/mostbet.tips\/az\/?page_id=263"},"modified":"2026-01-12T10:10:42","modified_gmt":"2026-01-12T10:10:42","slug":"apk","status":"publish","type":"page","link":"https:\/\/mostbet.tips\/az\/apk\/","title":{"rendered":"Apk"},"content":{"rendered":"","protected":false},"excerpt":{"rendered":"","protected":false},"author":1,"featured_media":0,"parent":0,"menu_order":0,"comment_status":"closed","ping_status":"closed","template":"","meta":{"footnotes":""},"yoast_head":"<!-- This site is optimized with the Yoast SEO plugin v23.0 - https:\/\/yoast.com\/wordpress\/plugins\/seo\/ -->\n<title>Mostbet APK B\u0259l\u0259d\u00e7isi: Y\u00fckl\u0259m\u0259, Qura\u015fd\u0131rma v\u0259 \u0130stifad\u0259 \u0130pucu<\/title>\n<meta name=\"description\" content=\"Bu t\u0259limat Mostbet APK haqq\u0131nda h\u0259r \u015feyi \u0259hat\u0259 edir: t\u0259hl\u00fck\u0259siz endirm\u0259 ke\u00e7idl\u0259ri, sad\u0259 qura\u015fd\u0131rma t\u0259limatlar\u0131 v\u0259 proqramdan istifad\u0259y\u0259 nec\u0259 ba\u015flamaq. Bu g\u00fcn Android cihaz\u0131n\u0131zda Mostbet-d\u0259n maksimum yararlan\u0131n!\" \/>\n<meta name=\"robots\" content=\"index, follow, max-snippet:-1, max-image-preview:large, max-video-preview:-1\" \/>\n<meta property=\"og:locale\" content=\"az_AZ\" \/>\n<meta property=\"og:type\" content=\"article\" \/>\n<meta property=\"og:title\" content=\"Mostbet APK B\u0259l\u0259d\u00e7isi: Y\u00fckl\u0259m\u0259, Qura\u015fd\u0131rma v\u0259 \u0130stifad\u0259 \u0130pucu\" \/>\n<meta property=\"og:description\" content=\"Bu t\u0259limat Mostbet APK haqq\u0131nda h\u0259r \u015feyi \u0259hat\u0259 edir: t\u0259hl\u00fck\u0259siz endirm\u0259 ke\u00e7idl\u0259ri, sad\u0259 qura\u015fd\u0131rma t\u0259limatlar\u0131 v\u0259 proqramdan istifad\u0259y\u0259 nec\u0259 ba\u015flamaq. Bu g\u00fcn Android cihaz\u0131n\u0131zda Mostbet-d\u0259n maksimum yararlan\u0131n!\" \/>\n<meta property=\"og:url\" content=\"https:\/\/mostbet.tips\/az\/apk\/\" \/>\n<meta property=\"og:site_name\" content=\"Mostbet AZ\" \/>\n<meta property=\"article:modified_time\" content=\"2026-01-12T10:10:42+00:00\" \/>\n<meta name=\"twitter:card\" content=\"summary_large_image\" \/>\n<script type=\"application\/ld+json\" class=\"yoast-schema-graph\">{\"@context\":\"https:\/\/schema.org\",\"@graph\":[{\"@type\":\"WebPage\",\"@id\":\"https:\/\/mostbet.tips\/az\/apk\/\",\"url\":\"https:\/\/mostbet.tips\/az\/apk\/\",\"name\":\"Mostbet APK B\u0259l\u0259d\u00e7isi: Y\u00fckl\u0259m\u0259, Qura\u015fd\u0131rma v\u0259 \u0130stifad\u0259 \u0130pucu\",\"isPartOf\":{\"@id\":\"https:\/\/mostbet.tips\/az\/#website\"},\"datePublished\":\"2025-04-26T13:32:34+00:00\",\"dateModified\":\"2026-01-12T10:10:42+00:00\",\"description\":\"Bu t\u0259limat Mostbet APK haqq\u0131nda h\u0259r \u015feyi \u0259hat\u0259 edir: t\u0259hl\u00fck\u0259siz endirm\u0259 ke\u00e7idl\u0259ri, sad\u0259 qura\u015fd\u0131rma t\u0259limatlar\u0131 v\u0259 proqramdan istifad\u0259y\u0259 nec\u0259 ba\u015flamaq. Bu g\u00fcn Android cihaz\u0131n\u0131zda Mostbet-d\u0259n maksimum yararlan\u0131n!\",\"breadcrumb\":{\"@id\":\"https:\/\/mostbet.tips\/az\/apk\/#breadcrumb\"},\"inLanguage\":\"az\",\"potentialAction\":[{\"@type\":\"ReadAction\",\"target\":[\"https:\/\/mostbet.tips\/az\/apk\/\"]}]},{\"@type\":\"BreadcrumbList\",\"@id\":\"https:\/\/mostbet.tips\/az\/apk\/#breadcrumb\",\"itemListElement\":[{\"@type\":\"ListItem\",\"position\":1,\"name\":\"Home\",\"item\":\"https:\/\/mostbet.tips\/az\/\"},{\"@type\":\"ListItem\",\"position\":2,\"name\":\"Apk\"}]},{\"@type\":\"WebSite\",\"@id\":\"https:\/\/mostbet.tips\/az\/#website\",\"url\":\"https:\/\/mostbet.tips\/az\/\",\"name\":\"Mostbet AZ\",\"description\":\"My WordPress Blog\",\"potentialAction\":[{\"@type\":\"SearchAction\",\"target\":{\"@type\":\"EntryPoint\",\"urlTemplate\":\"https:\/\/mostbet.tips\/az\/?s={search_term_string}\"},\"query-input\":\"required name=search_term_string\"}],\"inLanguage\":\"az\"}]}<\/script>\n<!-- \/ Yoast SEO plugin. -->","yoast_head_json":{"title":"Mostbet APK B\u0259l\u0259d\u00e7isi: Y\u00fckl\u0259m\u0259, Qura\u015fd\u0131rma v\u0259 \u0130stifad\u0259 \u0130pucu","description":"Bu t\u0259limat Mostbet APK haqq\u0131nda h\u0259r \u015feyi \u0259hat\u0259 edir: t\u0259hl\u00fck\u0259siz endirm\u0259 ke\u00e7idl\u0259ri, sad\u0259 qura\u015fd\u0131rma t\u0259limatlar\u0131 v\u0259 proqramdan istifad\u0259y\u0259 nec\u0259 ba\u015flamaq. Bu g\u00fcn Android cihaz\u0131n\u0131zda Mostbet-d\u0259n maksimum yararlan\u0131n!","robots":{"index":"index","follow":"follow","max-snippet":"max-snippet:-1","max-image-preview":"max-image-preview:large","max-video-preview":"max-video-preview:-1"},"og_locale":"az_AZ","og_type":"article","og_title":"Mostbet APK B\u0259l\u0259d\u00e7isi: Y\u00fckl\u0259m\u0259, Qura\u015fd\u0131rma v\u0259 \u0130stifad\u0259 \u0130pucu","og_description":"Bu t\u0259limat Mostbet APK haqq\u0131nda h\u0259r \u015feyi \u0259hat\u0259 edir: t\u0259hl\u00fck\u0259siz endirm\u0259 ke\u00e7idl\u0259ri, sad\u0259 qura\u015fd\u0131rma t\u0259limatlar\u0131 v\u0259 proqramdan istifad\u0259y\u0259 nec\u0259 ba\u015flamaq. Bu g\u00fcn Android cihaz\u0131n\u0131zda Mostbet-d\u0259n maksimum yararlan\u0131n!","og_url":"https:\/\/mostbet.tips\/az\/apk\/","og_site_name":"Mostbet AZ","article_modified_time":"2026-01-12T10:10:42+00:00","twitter_card":"summary_large_image","schema":{"@context":"https:\/\/schema.org","@graph":[{"@type":"WebPage","@id":"https:\/\/mostbet.tips\/az\/apk\/","url":"https:\/\/mostbet.tips\/az\/apk\/","name":"Mostbet APK B\u0259l\u0259d\u00e7isi: Y\u00fckl\u0259m\u0259, Qura\u015fd\u0131rma v\u0259 \u0130stifad\u0259 \u0130pucu","isPartOf":{"@id":"https:\/\/mostbet.tips\/az\/#website"},"datePublished":"2025-04-26T13:32:34+00:00","dateModified":"2026-01-12T10:10:42+00:00","description":"Bu t\u0259limat Mostbet APK haqq\u0131nda h\u0259r \u015feyi \u0259hat\u0259 edir: t\u0259hl\u00fck\u0259siz endirm\u0259 ke\u00e7idl\u0259ri, sad\u0259 qura\u015fd\u0131rma t\u0259limatlar\u0131 v\u0259 proqramdan istifad\u0259y\u0259 nec\u0259 ba\u015flamaq. Bu g\u00fcn Android cihaz\u0131n\u0131zda Mostbet-d\u0259n maksimum yararlan\u0131n!","breadcrumb":{"@id":"https:\/\/mostbet.tips\/az\/apk\/#breadcrumb"},"inLanguage":"az","potentialAction":[{"@type":"ReadAction","target":["https:\/\/mostbet.tips\/az\/apk\/"]}]},{"@type":"BreadcrumbList","@id":"https:\/\/mostbet.tips\/az\/apk\/#breadcrumb","itemListElement":[{"@type":"ListItem","position":1,"name":"Home","item":"https:\/\/mostbet.tips\/az\/"},{"@type":"ListItem","position":2,"name":"Apk"}]},{"@type":"WebSite","@id":"https:\/\/mostbet.tips\/az\/#website","url":"https:\/\/mostbet.tips\/az\/","name":"Mostbet AZ","description":"My WordPress Blog","potentialAction":[{"@type":"SearchAction","target":{"@type":"EntryPoint","urlTemplate":"https:\/\/mostbet.tips\/az\/?s={search_term_string}"},"query-input":"required name=search_term_string"}],"inLanguage":"az"}]}},"_links":{"self":[{"href":"https:\/\/mostbet.tips\/az\/wp-json\/wp\/v2\/pages\/263"}],"collection":[{"href":"https:\/\/mostbet.tips\/az\/wp-json\/wp\/v2\/pages"}],"about":[{"href":"https:\/\/mostbet.tips\/az\/wp-json\/wp\/v2\/types\/page"}],"author":[{"embeddable":true,"href":"https:\/\/mostbet.tips\/az\/wp-json\/wp\/v2\/users\/1"}],"replies":[{"embeddable":true,"href":"https:\/\/mostbet.tips\/az\/wp-json\/wp\/v2\/comments?post=263"}],"version-history":[{"count":15,"href":"https:\/\/mostbet.tips\/az\/wp-json\/wp\/v2\/pages\/263\/revisions"}],"predecessor-version":[{"id":376,"href":"https:\/\/mostbet.tips\/az\/wp-json\/wp\/v2\/pages\/263\/revisions\/376"}],"wp:attachment":[{"href":"https:\/\/mostbet.tips\/az\/wp-json\/wp\/v2\/media?parent=263"}],"curies":[{"name":"wp","href":"https:\/\/api.w.org\/{rel}","templated":true}]}}