{"id":2,"date":"2023-05-18T17:18:34","date_gmt":"2023-05-18T17:18:34","guid":{"rendered":"https:\/\/mostbet.tips\/az\/?page_id=2"},"modified":"2025-05-18T09:27:49","modified_gmt":"2025-05-18T09:27:49","slug":"sample-page","status":"publish","type":"page","link":"https:\/\/mostbet.tips\/az\/","title":{"rendered":"Ev"},"content":{"rendered":"","protected":false},"excerpt":{"rendered":"","protected":false},"author":1,"featured_media":0,"parent":0,"menu_order":0,"comment_status":"closed","ping_status":"open","template":"","meta":{"footnotes":""},"yoast_head":"<!-- This site is optimized with the Yoast SEO plugin v23.0 - https:\/\/yoast.com\/wordpress\/plugins\/seo\/ -->\n<title>MostBet m\u0259rc v\u0259 kazino: Etibarl\u0131 t\u0259r\u0259fda\u015f\u0131n\u0131z<\/title>\n<meta name=\"description\" content=\"Mostbet kazinosunda onlayn oyun t\u0259cr\u00fcb\u0259sini ya\u015fay\u0131n \ud83d\udd25 Geni\u015f oyun \u00e7e\u015fidi, idman m\u0259rcl\u0259ri, istifad\u0259\u00e7i dostu interfeysi v\u0259 gec\u0259-g\u00fcnd\u00fcz m\u00fc\u015ft\u0259ri d\u0259st\u0259yind\u0259n h\u0259zz al\u0131n\" \/>\n<meta name=\"robots\" content=\"index, follow, max-snippet:-1, max-image-preview:large, max-video-preview:-1\" \/>\n<meta property=\"og:locale\" content=\"az_AZ\" \/>\n<meta property=\"og:type\" content=\"article\" \/>\n<meta property=\"og:title\" content=\"MostBet m\u0259rc v\u0259 kazino: Etibarl\u0131 t\u0259r\u0259fda\u015f\u0131n\u0131z\" \/>\n<meta property=\"og:description\" content=\"Mostbet kazinosunda onlayn oyun t\u0259cr\u00fcb\u0259sini ya\u015fay\u0131n \ud83d\udd25 Geni\u015f oyun \u00e7e\u015fidi, idman m\u0259rcl\u0259ri, istifad\u0259\u00e7i dostu interfeysi v\u0259 gec\u0259-g\u00fcnd\u00fcz m\u00fc\u015ft\u0259ri d\u0259st\u0259yind\u0259n h\u0259zz al\u0131n\" \/>\n<meta property=\"og:url\" content=\"https:\/\/mostbet.tips\/az\/\" \/>\n<meta property=\"og:site_name\" content=\"Mostbet AZ\" \/>\n<meta property=\"article:modified_time\" content=\"2025-05-18T09:27:49+00:00\" \/>\n<meta name=\"twitter:card\" content=\"summary_large_image\" \/>\n<script type=\"application\/ld+json\" class=\"yoast-schema-graph\">{\"@context\":\"https:\/\/schema.org\",\"@graph\":[{\"@type\":\"WebPage\",\"@id\":\"https:\/\/mostbet.tips\/az\/\",\"url\":\"https:\/\/mostbet.tips\/az\/\",\"name\":\"MostBet m\u0259rc v\u0259 kazino: Etibarl\u0131 t\u0259r\u0259fda\u015f\u0131n\u0131z\",\"isPartOf\":{\"@id\":\"https:\/\/mostbet.tips\/az\/#website\"},\"datePublished\":\"2023-05-18T17:18:34+00:00\",\"dateModified\":\"2025-05-18T09:27:49+00:00\",\"description\":\"Mostbet kazinosunda onlayn oyun t\u0259cr\u00fcb\u0259sini ya\u015fay\u0131n \ud83d\udd25 Geni\u015f oyun \u00e7e\u015fidi, idman m\u0259rcl\u0259ri, istifad\u0259\u00e7i dostu interfeysi v\u0259 gec\u0259-g\u00fcnd\u00fcz m\u00fc\u015ft\u0259ri d\u0259st\u0259yind\u0259n h\u0259zz al\u0131n\",\"breadcrumb\":{\"@id\":\"https:\/\/mostbet.tips\/az\/#breadcrumb\"},\"inLanguage\":\"az\",\"potentialAction\":[{\"@type\":\"ReadAction\",\"target\":[\"https:\/\/mostbet.tips\/az\/\"]}]},{\"@type\":\"BreadcrumbList\",\"@id\":\"https:\/\/mostbet.tips\/az\/#breadcrumb\",\"itemListElement\":[{\"@type\":\"ListItem\",\"position\":1,\"name\":\"Home\",\"item\":\"https:\/\/mostbet.tips\/az\/\"},{\"@type\":\"ListItem\",\"position\":2,\"name\":\"Ev\"}]},{\"@type\":\"WebSite\",\"@id\":\"https:\/\/mostbet.tips\/az\/#website\",\"url\":\"https:\/\/mostbet.tips\/az\/\",\"name\":\"Mostbet AZ\",\"description\":\"My WordPress Blog\",\"potentialAction\":[{\"@type\":\"SearchAction\",\"target\":{\"@type\":\"EntryPoint\",\"urlTemplate\":\"https:\/\/mostbet.tips\/az\/?s={search_term_string}\"},\"query-input\":\"required name=search_term_string\"}],\"inLanguage\":\"az\"}]}<\/script>\n<!-- \/ Yoast SEO plugin. -->","yoast_head_json":{"title":"MostBet m\u0259rc v\u0259 kazino: Etibarl\u0131 t\u0259r\u0259fda\u015f\u0131n\u0131z","description":"Mostbet kazinosunda onlayn oyun t\u0259cr\u00fcb\u0259sini ya\u015fay\u0131n \ud83d\udd25 Geni\u015f oyun \u00e7e\u015fidi, idman m\u0259rcl\u0259ri, istifad\u0259\u00e7i dostu interfeysi v\u0259 gec\u0259-g\u00fcnd\u00fcz m\u00fc\u015ft\u0259ri d\u0259st\u0259yind\u0259n h\u0259zz al\u0131n","robots":{"index":"index","follow":"follow","max-snippet":"max-snippet:-1","max-image-preview":"max-image-preview:large","max-video-preview":"max-video-preview:-1"},"og_locale":"az_AZ","og_type":"article","og_title":"MostBet m\u0259rc v\u0259 kazino: Etibarl\u0131 t\u0259r\u0259fda\u015f\u0131n\u0131z","og_description":"Mostbet kazinosunda onlayn oyun t\u0259cr\u00fcb\u0259sini ya\u015fay\u0131n \ud83d\udd25 Geni\u015f oyun \u00e7e\u015fidi, idman m\u0259rcl\u0259ri, istifad\u0259\u00e7i dostu interfeysi v\u0259 gec\u0259-g\u00fcnd\u00fcz m\u00fc\u015ft\u0259ri d\u0259st\u0259yind\u0259n h\u0259zz al\u0131n","og_url":"https:\/\/mostbet.tips\/az\/","og_site_name":"Mostbet AZ","article_modified_time":"2025-05-18T09:27:49+00:00","twitter_card":"summary_large_image","schema":{"@context":"https:\/\/schema.org","@graph":[{"@type":"WebPage","@id":"https:\/\/mostbet.tips\/az\/","url":"https:\/\/mostbet.tips\/az\/","name":"MostBet m\u0259rc v\u0259 kazino: Etibarl\u0131 t\u0259r\u0259fda\u015f\u0131n\u0131z","isPartOf":{"@id":"https:\/\/mostbet.tips\/az\/#website"},"datePublished":"2023-05-18T17:18:34+00:00","dateModified":"2025-05-18T09:27:49+00:00","description":"Mostbet kazinosunda onlayn oyun t\u0259cr\u00fcb\u0259sini ya\u015fay\u0131n \ud83d\udd25 Geni\u015f oyun \u00e7e\u015fidi, idman m\u0259rcl\u0259ri, istifad\u0259\u00e7i dostu interfeysi v\u0259 gec\u0259-g\u00fcnd\u00fcz m\u00fc\u015ft\u0259ri d\u0259st\u0259yind\u0259n h\u0259zz al\u0131n","breadcrumb":{"@id":"https:\/\/mostbet.tips\/az\/#breadcrumb"},"inLanguage":"az","potentialAction":[{"@type":"ReadAction","target":["https:\/\/mostbet.tips\/az\/"]}]},{"@type":"BreadcrumbList","@id":"https:\/\/mostbet.tips\/az\/#breadcrumb","itemListElement":[{"@type":"ListItem","position":1,"name":"Home","item":"https:\/\/mostbet.tips\/az\/"},{"@type":"ListItem","position":2,"name":"Ev"}]},{"@type":"WebSite","@id":"https:\/\/mostbet.tips\/az\/#website","url":"https:\/\/mostbet.tips\/az\/","name":"Mostbet AZ","description":"My WordPress Blog","potentialAction":[{"@type":"SearchAction","target":{"@type":"EntryPoint","urlTemplate":"https:\/\/mostbet.tips\/az\/?s={search_term_string}"},"query-input":"required name=search_term_string"}],"inLanguage":"az"}]}},"_links":{"self":[{"href":"https:\/\/mostbet.tips\/az\/wp-json\/wp\/v2\/pages\/2"}],"collection":[{"href":"https:\/\/mostbet.tips\/az\/wp-json\/wp\/v2\/pages"}],"about":[{"href":"https:\/\/mostbet.tips\/az\/wp-json\/wp\/v2\/types\/page"}],"author":[{"embeddable":true,"href":"https:\/\/mostbet.tips\/az\/wp-json\/wp\/v2\/users\/1"}],"replies":[{"embeddable":true,"href":"https:\/\/mostbet.tips\/az\/wp-json\/wp\/v2\/comments?post=2"}],"version-history":[{"count":45,"href":"https:\/\/mostbet.tips\/az\/wp-json\/wp\/v2\/pages\/2\/revisions"}],"predecessor-version":[{"id":369,"href":"https:\/\/mostbet.tips\/az\/wp-json\/wp\/v2\/pages\/2\/revisions\/369"}],"wp:attachment":[{"href":"https:\/\/mostbet.tips\/az\/wp-json\/wp\/v2\/media?parent=2"}],"curies":[{"name":"wp","href":"https:\/\/api.w.org\/{rel}","templated":true}]}}